{"id":1017,"date":"2025-08-21T08:12:42","date_gmt":"2025-08-21T08:12:42","guid":{"rendered":"https:\/\/chtnature.com\/?post_type=product&#038;p=1017"},"modified":"2025-08-21T08:13:46","modified_gmt":"2025-08-21T08:13:46","slug":"bio-tigermilchpilz-kapseln-eigenmarke","status":"publish","type":"product","link":"https:\/\/chtnature.com\/de\/product\/bio-tigermilchpilz-kapseln-eigenmarke\/","title":{"rendered":"Tigermilchpilz-Kapseln"},"content":{"rendered":"<h2><strong><span class=\"selected\">Produkt\u00fcbersicht<\/span><\/strong><\/h2>\n<p><span class=\"selected\">Erweitern Sie Ihr Sortiment an Nahrungserg\u00e4nzungsmitteln mit unseren hochwertigen Bio-Tigermilchpilz-Kapseln, die aus dem potenten Sklerotium des Tigerpilzes hergestellt werden. <\/span><em><span class=\"selected\">Lignosus rhinocerus<\/span><\/em><span class=\"selected\">. Anerkannt f\u00fcr seine traditionelle Verwendung zur Unterst\u00fctzung der Gesundheit der Atemwege, ist der Tigermilchpilz eine begehrte Zutat f\u00fcr anspruchsvolle Verbraucher. Als eine spezialisierte <\/span><strong><span class=\"selected\">Hersteller<\/span><\/strong><span class=\"selected\"> Wir bieten eine schl\u00fcsselfertige Komplettl\u00f6sung f\u00fcr Marken, die ein hochwirksames, marktreifes Produkt auf den Markt bringen m\u00f6chten. Unser vertikal integrierter Prozess - von der sorgf\u00e4ltigen Beschaffung bis zur pr\u00e4zisen Verkapselung - ist auf unvergleichliche Qualit\u00e4t, Sicherheit und Markenattraktivit\u00e4t ausgelegt.<\/span><\/p>\n<p><strong><span class=\"selected\">Wichtige Unterscheidungsmerkmale:<\/span><\/strong><\/p>\n<ul>\n<li><strong><span class=\"selected\">Premium Bio Quelle:<\/span><\/strong><span class=\"selected\"> Verwendet 100% zertifizierte organische <\/span><em><span class=\"selected\">Lignosus rhinocerus<\/span><\/em><span class=\"selected\"> Sclerotium f\u00fcr maximale Reinheit und Wirksamkeit.<\/span><\/li>\n<li><strong><span class=\"selected\">Volle Kontrolle \u00fcber die Anpassung:<\/span><\/strong><span class=\"selected\"> Passen Sie alles, von der Dosierung und der Art der Kapseln bis hin zur Anzahl der Flaschen und dem Etikettendesign, an Ihre Markenidentit\u00e4t an.<\/span><\/li>\n<li><strong><span class=\"selected\">GMP-zertifizierte Produktion:<\/span><\/strong><span class=\"selected\"> Hergestellt unter strengen cGMP-Richtlinien (current Good Manufacturing Practice) f\u00fcr h\u00f6chste Sicherheit, Konsistenz und Qualit\u00e4t.<\/span><\/li>\n<li><strong><span class=\"selected\">Schl\u00fcsselfertiger Service:<\/span><\/strong><span class=\"selected\"> Wir rationalisieren Ihre Markteinf\u00fchrung, indem wir Formulierung, Produktion, Abf\u00fcllung und Etikettierung \u00fcbernehmen.<\/span><\/li>\n<li><strong><span class=\"selected\">Direkt aus der Fabrik:<\/span><\/strong><span class=\"selected\"> Unser Modell gew\u00e4hrleistet eine transparente, nachvollziehbare und kosteng\u00fcnstige Lieferkette f\u00fcr unsere Partner.<\/span><\/li>\n<\/ul>\n<h2><strong><span class=\"selected\">Wichtige technische Spezifikationen<\/span><\/strong><\/h2>\n<table>\n<tbody>\n<tr>\n<th><span class=\"selected\">Parameter<\/span><\/th>\n<th><span class=\"selected\">Spezifikation<\/span><\/th>\n<th><span class=\"selected\">Anmerkungen<\/span><\/th>\n<\/tr>\n<tr>\n<td><strong><span class=\"selected\">Produktname<\/span><\/strong><\/td>\n<td><span class=\"selected\">Bio-Tigermilchpilz-Kapseln<\/span><\/td>\n<td><\/td>\n<\/tr>\n<tr>\n<td><strong><span class=\"selected\">Botanischer Name<\/span><\/strong><\/td>\n<td><em><span class=\"selected\">Lignosus rhinocerus<\/span><\/em><\/td>\n<td><\/td>\n<\/tr>\n<tr>\n<td><strong><span class=\"selected\">Wirkstoff Quelle<\/span><\/strong><\/td>\n<td><span class=\"selected\">Zertifizierter Bio-Sklerotium-Extrakt<\/span><\/td>\n<td><span class=\"selected\">Garantiert die Verwendung des wertvollsten Teils des Pilzes.<\/span><\/td>\n<\/tr>\n<tr>\n<td><strong><span class=\"selected\">Standard-Dosierungen<\/span><\/strong><\/td>\n<td><span class=\"selected\">500mg, 600mg, 800mg \/ Kapsel<\/span><\/td>\n<td><span class=\"selected\">Individuelle Dosierungen sind auf Anfrage erh\u00e4ltlich.<\/span><\/td>\n<\/tr>\n<tr>\n<td><strong><span class=\"selected\">Erscheinungsbild<\/span><\/strong><\/td>\n<td><span class=\"selected\">Feines braunes Pulver in klarer oder wei\u00dfer Kapsel<\/span><\/td>\n<td><\/td>\n<\/tr>\n<tr>\n<td><strong><span class=\"selected\">Kapsel Typ<\/span><\/strong><\/td>\n<td><span class=\"selected\">HPMC (Hydroxypropylmethylcellulose) oder Gelatine<\/span><\/td>\n<td><span class=\"selected\">HPMC ist 100% auf pflanzlicher Basis und f\u00fcr vegane Anspr\u00fcche geeignet.<\/span><\/td>\n<\/tr>\n<tr>\n<td><strong><span class=\"selected\">Kapsel Gr\u00f6\u00dfe<\/span><\/strong><\/td>\n<td><span class=\"selected\">#00, #0, oder kundenspezifische Gr\u00f6\u00dfe<\/span><\/td>\n<td><\/td>\n<\/tr>\n<tr>\n<td><strong><span class=\"selected\">Hilfsstoffe<\/span><\/strong><\/td>\n<td><span class=\"selected\">Optionen: Keine Hilfsstoffe, Reismehl, MCC<\/span><\/td>\n<td><span class=\"selected\">Erf\u00fcllt die Anforderungen des \"Clean Label\".<\/span><\/td>\n<\/tr>\n<tr>\n<td><strong><span class=\"selected\">Schwermetalle<\/span><\/strong><\/td>\n<td><span class=\"selected\">Arsen (As) &lt;1 ppm, Cadmium (Cd) &lt;1 ppm, Blei (Pb) &lt;3 ppm, Quecksilber (Hg) &lt;0,1 ppm<\/span><\/td>\n<td><span class=\"selected\">Vollst\u00e4ndig konform mit den USP\/EP-Normen.<\/span><\/td>\n<\/tr>\n<tr>\n<td><strong><span class=\"selected\">Mikrobiologie<\/span><\/strong><\/td>\n<td><span class=\"selected\">Gesamtkeimzahl &lt;1000 cfu\/g, Hefe und Schimmel &lt;100 cfu\/g<\/span><\/td>\n<td><span class=\"selected\">E. Coli, Salmonellen, Staph. Aureus: Negativ.<\/span><\/td>\n<\/tr>\n<\/tbody>\n<\/table>\n<h2><strong><span class=\"selected\">Ihre Anpassungs- und Eigenmarkenoptionen<\/span><\/strong><\/h2>\n<p><span class=\"selected\">Wir wissen, dass ein erfolgreiches Produkt eine einzigartige Markenvision widerspiegelt. Unser Private-Label-Service orientiert sich an Ihren Bed\u00fcrfnissen und bietet umfassende Flexibilit\u00e4t, unterst\u00fctzt durch fachkundige Beratung in jeder Phase.<\/span><\/p>\n<h3><strong><span class=\"selected\">Schritt 1: W\u00e4hlen Sie Ihre Dosierung<\/span><\/strong><\/h3>\n<p><span class=\"selected\">W\u00e4hlen Sie aus unseren standardm\u00e4\u00dfigen, markterprobten Dosierungen von 500 mg, 600 mg oder 800 mg pro Kapsel. Oder arbeiten Sie mit unserem Formulierungsteam zusammen, um eine individuelle Dosierung zu entwickeln, die auf die Positionierung Ihres Produkts und Ihre Zielgruppe zugeschnitten ist.<\/span><\/p>\n<h3><strong><span class=\"selected\">Schritt 2: W\u00e4hlen Sie Ihre Kapsel<\/span><\/strong><\/h3>\n<p><span class=\"selected\">Erf\u00fcllen Sie mit unseren Kapseloptionen die modernen Verbraucherw\u00fcnsche. W\u00e4hlen Sie <\/span><strong><span class=\"selected\">Vegane HPMC-Kapseln<\/span><\/strong><span class=\"selected\"> f\u00fcr ein pflanzliches, vegetarierfreundliches Produkt 100% oder f\u00fcr ein traditionelles <\/span><strong><span class=\"selected\">Gelatinekapseln<\/span><\/strong><span class=\"selected\">. Wir bieten eine Reihe von Gr\u00f6\u00dfen f\u00fcr optimale Lieferung und Benutzerfreundlichkeit.<\/span><\/p>\n<h3><strong><span class=\"selected\">Schritt 3: Gestalten Sie Ihre Verpackung<\/span><\/strong><\/h3>\n<p><span class=\"selected\">Vervollst\u00e4ndigen Sie Ihr Produkt mit einer professionellen Verpackung. Wir bieten eine Vielzahl von Optionen an, darunter die Anzahl der Flaschen (60, 90 oder 120 Kapseln), Flaschenfarben (z. B. bernsteinfarben, wei\u00df, blau), Verschlusstypen und umfassende Unterst\u00fctzung f\u00fcr Ihr Etikettendesign und den Anwendungsprozess.<\/span><\/p>\n<h2><strong><span class=\"selected\">Exzellente Fertigung und Qualit\u00e4tssicherung<\/span><\/strong><\/h2>\n<p><span class=\"selected\">Wie das Original <\/span><strong><span class=\"selected\">Hersteller<\/span><\/strong><span class=\"selected\"> und <\/span><strong><span class=\"selected\">Exporteur<\/span><\/strong><span class=\"selected\">Wir behalten die absolute Kontrolle \u00fcber den Produktionsprozess und gew\u00e4hrleisten, dass jede Flasche den h\u00f6chsten Qualit\u00e4ts- und Sicherheitsstandards entspricht.<\/span><\/p>\n<h3><strong><span class=\"selected\">GMP-zertifizierte Anlage<\/span><\/strong><\/h3>\n<p><span class=\"selected\">Unsere Produktionsst\u00e4tte arbeitet unter strikter Einhaltung der aktuellen Good Manufacturing Practices (cGMP), wie sie in 21 CFR Part 111 beschrieben sind. Die Anlage wird regelm\u00e4\u00dfig von internen und externen Pr\u00fcfern kontrolliert, um die Einhaltung der Sicherheits-, Hygiene- und Qualit\u00e4tskontrollprotokolle zu gew\u00e4hrleisten.<\/span><\/p>\n<h3><strong><span class=\"selected\">Strenges Pr\u00fcfprotokoll<\/span><\/strong><\/h3>\n<p><span class=\"selected\">Die Qualit\u00e4t wird durch ein mehrstufiges Pr\u00fcfverfahren validiert. Alle eingehenden Rohmaterialien werden auf Identit\u00e4t und Reinheit gepr\u00fcft. Inprozesskontrollen \u00fcberwachen die Konsistenz, und jede fertige Charge wird einer abschlie\u00dfenden Analyse auf mikrobielle Verunreinigungen und Schwermetalle unterzogen, um zu best\u00e4tigen, dass sie den Spezifikationen entspricht.<\/span><\/p>\n<h3><strong><span class=\"selected\">Umfassende Dokumentation<\/span><\/strong><\/h3>\n<p><span class=\"selected\">Wir bieten vollst\u00e4ndige Transparenz und Unterst\u00fctzung f\u00fcr Ihre regulatorischen Anforderungen. Jede Sendung wird von einem chargenspezifischen Analysezertifikat (COA) begleitet. Zus\u00e4tzliche Dokumente wie ein Spezifikationsblatt, ein Bio-Zertifikat und eine Allergenerkl\u00e4rung sind verf\u00fcgbar.<\/span><\/p>\n<h2><strong><span class=\"selected\">Verpackung, Lieferung und Logistik<\/span><\/strong><\/h2>\n<p><span class=\"selected\">Wir haben uns verpflichtet, ein zuverl\u00e4ssiger <\/span><strong><span class=\"selected\">Anbieter<\/span><\/strong><span class=\"selected\"> f\u00fcr das Wachstum Ihrer Marke. Gro\u00dfe Mengen sind f\u00fcr den weltweiten Versand direkt von unserem <\/span><strong><span class=\"selected\">Werk<\/span><\/strong><span class=\"selected\">. Wir arbeiten mit zuverl\u00e4ssigen Logistikpartnern zusammen, um sicherzustellen, dass Ihre Bestellung p\u00fcnktlich und in einwandfreiem Zustand ankommt.<\/span><\/p>\n<ul>\n<li><strong><span class=\"selected\">Mindestbestellmenge (MOQ):<\/span><\/strong><span class=\"selected\"> Unsere MOQs sind so strukturiert, dass sie sowohl neue als auch etablierte Marken unterst\u00fctzen. Bitte erkundigen Sie sich nach Einzelheiten zu Ihrem spezifischen Eigenmarkenprojekt.<\/span><\/li>\n<li><strong><span class=\"selected\">Vorlaufzeit:<\/span><\/strong><span class=\"selected\"> Die Standardvorlaufzeit betr\u00e4gt ca. 4-6 Wochen f\u00fcr Erstbestellungen von Eigenmarken, wobei Nachbestellungen schneller bearbeitet werden k\u00f6nnen.<\/span><\/li>\n<li><strong><span class=\"selected\">Verpackung:<\/span><\/strong><span class=\"selected\"> Die Produkte werden in versiegelten, manipulationssicheren Beh\u00e4ltern versandt, die zur vollst\u00e4ndigen R\u00fcckverfolgbarkeit deutlich mit Chargennummern und Produktionsdaten gekennzeichnet sind.<\/span><\/li>\n<\/ul>\n<h2><strong><span class=\"selected\">Partnerschaft mit einem f\u00fchrenden Anbieter von Tigermilchpilzkapseln<\/span><\/strong><\/h2>\n<p><span class=\"selected\">Sind Sie bereit, ein herausragendes Nahrungserg\u00e4nzungsmittel f\u00fcr die Atemwege zu entwickeln? Unsere Kombination aus hochwertigen biologischen Inhaltsstoffen, anpassbaren L\u00f6sungen und einem unersch\u00fctterlichen Engagement f\u00fcr Qualit\u00e4t macht uns zum idealen Partner f\u00fcr Ihre Marke. Kontaktieren Sie uns noch heute, um Ihr Projekt zu besprechen.<\/span><\/p>\n<p><span class=\"selected\"><div class=\"wpforms-container wpforms-container-full contact_form wpforms-render-modern\" id=\"wpforms-253\"><form id=\"wpforms-form-253\" class=\"wpforms-validate wpforms-form wpforms-ajax-form\" data-formid=\"253\" method=\"post\" enctype=\"multipart\/form-data\" action=\"\/de\/wp-json\/wp\/v2\/product\/1017\" data-token=\"c753764b3a1ab842e2286b88d84bae1f\" data-token-time=\"1777098808\" data-trp-original-action=\"\/de\/wp-json\/wp\/v2\/product\/1017\"><noscript class=\"wpforms-error-noscript\">Bitte aktiviere JavaScript in deinem Browser, um dieses Formular fertigzustellen.<\/noscript><div id=\"wpforms-error-noscript\" style=\"display: none;\">Bitte aktiviere JavaScript in deinem Browser, um dieses Formular fertigzustellen.<\/div><div class=\"wpforms-field-container\"><div id=\"wpforms-253-field_17-container\" class=\"wpforms-field wpforms-field-layout\" data-field-id=\"17\"><div class=\"wpforms-field-layout-rows wpforms-field-large\"><div class=\"wpforms-layout-row\"><div class=\"wpforms-layout-column wpforms-layout-column-50\"><div id=\"wpforms-253-field_14-container\" class=\"wpforms-field wpforms-field-text\" data-field-id=\"14\"><label class=\"wpforms-field-label\" for=\"wpforms-253-field_14\">Name <span class=\"wpforms-required-label\" aria-hidden=\"true\">*<\/span><\/label><input type=\"text\" id=\"wpforms-253-field_14\" class=\"wpforms-field-large wpforms-field-required\" name=\"wpforms[fields][14]\" aria-errormessage=\"wpforms-253-field_14-error\" required><\/div><\/div><div class=\"wpforms-layout-column wpforms-layout-column-50\"><div id=\"wpforms-253-field_16-container\" class=\"wpforms-field wpforms-field-text\" data-field-id=\"16\"><label class=\"wpforms-field-label\" for=\"wpforms-253-field_16\">Name des Unternehmens<\/label><input type=\"text\" id=\"wpforms-253-field_16\" class=\"wpforms-field-medium\" name=\"wpforms[fields][16]\" aria-errormessage=\"wpforms-253-field_16-error\" ><\/div><\/div><\/div><\/div><\/div>\t\t<div id=\"wpforms-253-field_1-container\"\n\t\t\tclass=\"wpforms-field wpforms-field-text\"\n\t\t\tdata-field-type=\"text\"\n\t\t\tdata-field-id=\"1\"\n\t\t\t>\n\t\t\t<label class=\"wpforms-field-label\" for=\"wpforms-253-field_1\" >Name (select Interest<\/label>\n\t\t\t<input type=\"text\" id=\"wpforms-253-field_1\" class=\"wpforms-field-medium\" name=\"wpforms[fields][1]\" >\n\t\t<\/div>\n\t\t<div id=\"wpforms-253-field_18-container\" class=\"wpforms-field wpforms-field-phone\" data-field-id=\"18\"><label class=\"wpforms-field-label\" for=\"wpforms-253-field_18\">Telefon <span class=\"wpforms-required-label\" aria-hidden=\"true\">*<\/span><\/label><input type=\"tel\" id=\"wpforms-253-field_18\" class=\"wpforms-field-large wpforms-field-required wpforms-smart-phone-field\" data-rule-smart-phone-field=\"true\" name=\"wpforms[fields][18]\" aria-label=\"Telefon\" aria-errormessage=\"wpforms-253-field_18-error\" required><\/div><div id=\"wpforms-253-field_15-container\" class=\"wpforms-field wpforms-field-email\" data-field-id=\"15\"><label class=\"wpforms-field-label\" for=\"wpforms-253-field_15\">E-Mail \/ WhatsApp <span class=\"wpforms-required-label\" aria-hidden=\"true\">*<\/span><\/label><input type=\"email\" id=\"wpforms-253-field_15\" class=\"wpforms-field-large wpforms-field-required\" name=\"wpforms[fields][15]\" spellcheck=\"false\" aria-errormessage=\"wpforms-253-field_15-error\" required><\/div><div id=\"wpforms-253-field_7-container\" class=\"wpforms-field wpforms-field-checkbox wpforms-list-2-columns\" data-field-id=\"7\"><fieldset><legend class=\"wpforms-field-label\">Produktinteresse (mehrere ausw\u00e4hlen)<\/legend><ul id=\"wpforms-253-field_7\"><li class=\"choice-1 depth-1\"><input type=\"checkbox\" id=\"wpforms-253-field_7_1\" name=\"wpforms[fields][7][]\" value=\"Liquid Supplements\" aria-errormessage=\"wpforms-253-field_7_1-error\"  ><label class=\"wpforms-field-label-inline\" for=\"wpforms-253-field_7_1\">Fl\u00fcssige Erg\u00e4nzungen<\/label><\/li><li class=\"choice-2 depth-1\"><input type=\"checkbox\" id=\"wpforms-253-field_7_2\" name=\"wpforms[fields][7][]\" value=\"Functional Gummies\" aria-errormessage=\"wpforms-253-field_7_2-error\"  ><label class=\"wpforms-field-label-inline\" for=\"wpforms-253-field_7_2\">Funktionelle Gummib\u00e4rchen<\/label><\/li><li class=\"choice-3 depth-1\"><input type=\"checkbox\" id=\"wpforms-253-field_7_3\" name=\"wpforms[fields][7][]\" value=\"Capsules &amp; Softgels\" aria-errormessage=\"wpforms-253-field_7_3-error\"  ><label class=\"wpforms-field-label-inline\" for=\"wpforms-253-field_7_3\">Kapseln &amp; Weichkapseln<\/label><\/li><li class=\"choice-4 depth-1\"><input type=\"checkbox\" id=\"wpforms-253-field_7_4\" name=\"wpforms[fields][7][]\" value=\"Botanical Powders\" aria-errormessage=\"wpforms-253-field_7_4-error\"  ><label class=\"wpforms-field-label-inline\" for=\"wpforms-253-field_7_4\">Botanische Pulver<\/label><\/li><\/ul><\/fieldset><\/div><div id=\"wpforms-253-field_13-container\" class=\"wpforms-field wpforms-field-textarea\" data-field-id=\"13\"><label class=\"wpforms-field-label\" for=\"wpforms-253-field_13\">Gesch\u00e4tzte Menge<\/label><textarea id=\"wpforms-253-field_13\" class=\"wpforms-field-medium\" name=\"wpforms[fields][13]\" aria-errormessage=\"wpforms-253-field_13-error\" ><\/textarea><\/div><script>\n\t\t\t\t( function() {\n\t\t\t\t\tconst style = document.createElement( 'style' );\n\t\t\t\t\tstyle.appendChild( document.createTextNode( '#wpforms-253-field_1-container { position: absolute !important; overflow: hidden !important; display: inline !important; height: 1px !important; width: 1px !important; z-index: -1000 !important; padding: 0 !important; } #wpforms-253-field_1-container input { visibility: hidden; } #wpforms-conversational-form-page #wpforms-253-field_1-container label { counter-increment: none; }' ) );\n\t\t\t\t\tdocument.head.appendChild( style );\n\t\t\t\t\tdocument.currentScript?.remove();\n\t\t\t\t} )();\n\t\t\t<\/script><\/div><!-- .wpforms-field-container --><div class=\"wpforms-submit-container\" ><input type=\"hidden\" name=\"wpforms[id]\" value=\"253\"><input type=\"hidden\" name=\"page_title\" value=\"\"><input type=\"hidden\" name=\"page_url\" value=\"https:\/\/chtnature.com\/de\/wp-json\/wp\/v2\/product\/1017\"><input type=\"hidden\" name=\"url_referer\" value=\"\"><button type=\"submit\" name=\"wpforms[submit]\" id=\"wpforms-submit-253\" class=\"wpforms-submit\" data-alt-text=\"Sending...\" data-submit-text=\"Submit\" aria-live=\"assertive\" value=\"wpforms-submit\">Einreichen<\/button><img decoding=\"async\" src=\"https:\/\/chtnature.com\/wp-content\/plugins\/wpforms\/assets\/images\/submit-spin.svg\" class=\"wpforms-submit-spinner\" style=\"display: none;\" width=\"26\" height=\"26\" alt=\"Wird geladen\" title=\"\"><\/div><input type=\"hidden\" name=\"trp-form-language\" value=\"de\"\/><\/form><\/div>  <!-- .wpforms-container --><\/span><\/p>","protected":false},"excerpt":{"rendered":"<ul>\n<li><b>Produkt:<\/b> Bio-Tigermilchpilz (Lignosus rhinocerus) Kapseln<\/li>\n<li><b>Standard-Dosierungen:<\/b> 500mg, 600mg, 800mg pro Kapsel. Kundenspezifische Dosierungen verf\u00fcgbar.<\/li>\n<li><b>Kapsel-Optionen:<\/b> HPMC (Vegan) oder Gelatine. Verschiedene Gr\u00f6\u00dfen (#0, #00).<\/li>\n<li><b>Die wichtigsten Vorteile:<\/b> Es wird aus zertifiziertem biologischem Lignosus rhinocerus gewonnen, in einer GMP-zertifizierten Anlage hergestellt und ist als schl\u00fcsselfertiges Produkt erh\u00e4ltlich.<\/li>\n<\/ul>","protected":false},"featured_media":1019,"comment_status":"open","ping_status":"closed","template":"","meta":{"_acf_changed":false},"product_brand":[],"product_cat":[19],"product_tag":[],"class_list":{"0":"post-1017","1":"product","2":"type-product","3":"status-publish","4":"has-post-thumbnail","6":"product_cat-capsules-softgels","8":"first","9":"instock","10":"shipping-taxable","11":"product-type-simple"},"acf":[],"_links":{"self":[{"href":"https:\/\/chtnature.com\/de\/wp-json\/wp\/v2\/product\/1017","targetHints":{"allow":["GET"]}}],"collection":[{"href":"https:\/\/chtnature.com\/de\/wp-json\/wp\/v2\/product"}],"about":[{"href":"https:\/\/chtnature.com\/de\/wp-json\/wp\/v2\/types\/product"}],"replies":[{"embeddable":true,"href":"https:\/\/chtnature.com\/de\/wp-json\/wp\/v2\/comments?post=1017"}],"wp:featuredmedia":[{"embeddable":true,"href":"https:\/\/chtnature.com\/de\/wp-json\/wp\/v2\/media\/1019"}],"wp:attachment":[{"href":"https:\/\/chtnature.com\/de\/wp-json\/wp\/v2\/media?parent=1017"}],"wp:term":[{"taxonomy":"product_brand","embeddable":true,"href":"https:\/\/chtnature.com\/de\/wp-json\/wp\/v2\/product_brand?post=1017"},{"taxonomy":"product_cat","embeddable":true,"href":"https:\/\/chtnature.com\/de\/wp-json\/wp\/v2\/product_cat?post=1017"},{"taxonomy":"product_tag","embeddable":true,"href":"https:\/\/chtnature.com\/de\/wp-json\/wp\/v2\/product_tag?post=1017"}],"curies":[{"name":"wp","href":"https:\/\/api.w.org\/{rel}","templated":true}]}}