{"id":292,"date":"2025-07-25T05:54:32","date_gmt":"2025-07-25T05:54:32","guid":{"rendered":"https:\/\/chtnature.com\/?post_type=product&#038;p=292"},"modified":"2025-08-04T04:00:13","modified_gmt":"2025-08-04T04:00:13","slug":"glucosamin-chondroitin-kapseln","status":"publish","type":"product","link":"https:\/\/chtnature.com\/de\/product\/glucosamin-chondroitin-kapseln\/","title":{"rendered":"Glucosamin-Chondroitin-Kapseln"},"content":{"rendered":"<p><span class=\"selected\">Unsere Glucosamin-Chondroitin-Kapseln sind ein Nahrungserg\u00e4nzungsmittel, das fachm\u00e4nnisch hergestellt wurde, um die Gesundheit der Gelenke zu erhalten und die Mobilit\u00e4t zu verbessern. Als einer der f\u00fchrenden <\/span><strong><span class=\"selected\">Hersteller<\/span><\/strong><span class=\"selected\"> und <\/span><strong><span class=\"selected\">Exporteur<\/span><\/strong><span class=\"selected\"> von Nahrungserg\u00e4nzungsmitteln, unsere <\/span><strong><span class=\"selected\">Werk<\/span><\/strong><span class=\"selected\"> hat es sich zur Aufgabe gemacht, Sie auf sichere und wirksame Weise dabei zu unterst\u00fctzen, einen aktiven Lebensstil beizubehalten. Diese fortschrittliche Formel kombiniert die grundlegenden Bausteine des Knorpels - Glucosamin und Chondroitin - mit einer leistungsstarken Mischung aus Kr\u00e4uterextrakten und Verbindungen wie Boswellia, Kurkuma und MSM, um eine umfassende Unterst\u00fctzung zu bieten.<\/span><\/p>\n<p><span class=\"selected\">Dieses Produkt ist besonders f\u00fcr Sportler, \u00e4ltere Menschen und B\u00fcroangestellte geeignet. Mit zunehmendem Alter oder bei sportlicher Bet\u00e4tigung kann sich der Gelenkknorpel abnutzen, was zu Beschwerden und eingeschr\u00e4nkter Beweglichkeit f\u00fchrt. Dieses Produkt bietet eine umfassende Ern\u00e4hrungsunterst\u00fctzung f\u00fcr Ihre Gelenke durch eine wissenschaftliche Mischung aus mehreren synergetischen N\u00e4hrstoffen.<\/span><\/p>","protected":false},"excerpt":{"rendered":"<ul>\n<li><span class=\"selected\">Wissenschaftlich formuliert f\u00fcr eine vielseitige Unterst\u00fctzung der Gelenke<\/span><\/li>\n<li><span class=\"selected\">Hilft, Gelenkbeschwerden zu lindern und die Beweglichkeit zu verbessern<\/span><\/li>\n<li><span class=\"selected\">Unterst\u00fctzt die Gesundheit der Knorpel und verlangsamt die Degeneration<\/span><\/li>\n<li><span class=\"selected\">Hochwertige Inhaltsstoffe f\u00fcr eine bessere Aufnahme<\/span><\/li>\n<\/ul>","protected":false},"featured_media":293,"comment_status":"open","ping_status":"closed","template":"","meta":{"_acf_changed":false},"product_brand":[],"product_cat":[15],"product_tag":[],"class_list":{"0":"post-292","1":"product","2":"type-product","3":"status-publish","4":"has-post-thumbnail","6":"product_cat-liquid-supplements","8":"first","9":"instock","10":"shipping-taxable","11":"product-type-simple"},"acf":[],"_links":{"self":[{"href":"https:\/\/chtnature.com\/de\/wp-json\/wp\/v2\/product\/292","targetHints":{"allow":["GET"]}}],"collection":[{"href":"https:\/\/chtnature.com\/de\/wp-json\/wp\/v2\/product"}],"about":[{"href":"https:\/\/chtnature.com\/de\/wp-json\/wp\/v2\/types\/product"}],"replies":[{"embeddable":true,"href":"https:\/\/chtnature.com\/de\/wp-json\/wp\/v2\/comments?post=292"}],"wp:featuredmedia":[{"embeddable":true,"href":"https:\/\/chtnature.com\/de\/wp-json\/wp\/v2\/media\/293"}],"wp:attachment":[{"href":"https:\/\/chtnature.com\/de\/wp-json\/wp\/v2\/media?parent=292"}],"wp:term":[{"taxonomy":"product_brand","embeddable":true,"href":"https:\/\/chtnature.com\/de\/wp-json\/wp\/v2\/product_brand?post=292"},{"taxonomy":"product_cat","embeddable":true,"href":"https:\/\/chtnature.com\/de\/wp-json\/wp\/v2\/product_cat?post=292"},{"taxonomy":"product_tag","embeddable":true,"href":"https:\/\/chtnature.com\/de\/wp-json\/wp\/v2\/product_tag?post=292"}],"curies":[{"name":"wp","href":"https:\/\/api.w.org\/{rel}","templated":true}]}}