{"id":662,"date":"2025-08-04T05:44:18","date_gmt":"2025-08-04T05:44:18","guid":{"rendered":"https:\/\/chtnature.com\/?post_type=product&#038;p=662"},"modified":"2025-08-04T05:44:18","modified_gmt":"2025-08-04T05:44:18","slug":"pilzkomplex-kapseln","status":"publish","type":"product","link":"https:\/\/chtnature.com\/de\/product\/pilzkomplex-kapseln\/","title":{"rendered":"Pilzkomplex-Kapseln"},"content":{"rendered":"<p><span class=\"selected\">Unsere Pilz-Mix-Kapseln sind ein wirkungsvolles Nahrungserg\u00e4nzungsmittel, das fachm\u00e4nnisch formuliert wurde, um K\u00f6rper und Geist zu unterst\u00fctzen. Als f\u00fchrendes <\/span><strong><span class=\"selected\">Hersteller<\/span><\/strong><span class=\"selected\"> und <\/span><strong><span class=\"selected\">Exporteur<\/span><\/strong><span class=\"selected\"> von adaptogenen Erg\u00e4nzungsmitteln, unsere <\/span><strong><span class=\"selected\">Werk<\/span><\/strong><span class=\"selected\"> macht sich die Kraft der am meisten verehrten Pilze der Natur in einer praktischen Kapsel zunutze. Dieser fortschrittliche Komplex kombiniert begehrte Inhaltsstoffe wie L\u00f6wenm\u00e4hne zur kognitiven Unterst\u00fctzung und Chaga f\u00fcr seine reichhaltigen antioxidativen Eigenschaften, um eine umfassende Wellness-L\u00f6sung zu bieten.<\/span><\/p>\n<p><span class=\"selected\">Dieses Produkt ist ideal f\u00fcr Wellness-Marken, die sich an Berufst\u00e4tige, Studenten, Biohacker und alle Personen richten, die ihre t\u00e4gliche Leistung und Widerstandsf\u00e4higkeit auf nat\u00fcrliche Weise steigern m\u00f6chten. Wir bieten eine leistungsstarke, marktreife Formel, die Ihren Kunden hilft, geistige Klarheit zu erlangen und die nat\u00fcrlichen Abwehrkr\u00e4fte des K\u00f6rpers zu st\u00e4rken.<\/span><\/p>","protected":false},"excerpt":{"rendered":"<ul>\n<li><span class=\"selected\">Synergistische Mischung aus leistungsstarken adaptogenen Pilzen<\/span><\/li>\n<li><span class=\"selected\">Unterst\u00fctzt die kognitive Funktion, den Fokus und die Klarheit<\/span><\/li>\n<li><span class=\"selected\">St\u00e4rkt das Immunsystem und bietet Unterst\u00fctzung durch Antioxidantien<\/span><\/li>\n<li><span class=\"selected\">Aus hochwirksamen, reinen Pilzextrakten gewonnen<\/span><\/li>\n<\/ul>","protected":false},"featured_media":665,"comment_status":"open","ping_status":"closed","template":"","meta":{"_acf_changed":false},"product_brand":[],"product_cat":[19],"product_tag":[],"class_list":{"0":"post-662","1":"product","2":"type-product","3":"status-publish","4":"has-post-thumbnail","6":"product_cat-capsules-softgels","8":"first","9":"instock","10":"shipping-taxable","11":"product-type-simple"},"acf":[],"_links":{"self":[{"href":"https:\/\/chtnature.com\/de\/wp-json\/wp\/v2\/product\/662","targetHints":{"allow":["GET"]}}],"collection":[{"href":"https:\/\/chtnature.com\/de\/wp-json\/wp\/v2\/product"}],"about":[{"href":"https:\/\/chtnature.com\/de\/wp-json\/wp\/v2\/types\/product"}],"replies":[{"embeddable":true,"href":"https:\/\/chtnature.com\/de\/wp-json\/wp\/v2\/comments?post=662"}],"wp:featuredmedia":[{"embeddable":true,"href":"https:\/\/chtnature.com\/de\/wp-json\/wp\/v2\/media\/665"}],"wp:attachment":[{"href":"https:\/\/chtnature.com\/de\/wp-json\/wp\/v2\/media?parent=662"}],"wp:term":[{"taxonomy":"product_brand","embeddable":true,"href":"https:\/\/chtnature.com\/de\/wp-json\/wp\/v2\/product_brand?post=662"},{"taxonomy":"product_cat","embeddable":true,"href":"https:\/\/chtnature.com\/de\/wp-json\/wp\/v2\/product_cat?post=662"},{"taxonomy":"product_tag","embeddable":true,"href":"https:\/\/chtnature.com\/de\/wp-json\/wp\/v2\/product_tag?post=662"}],"curies":[{"name":"wp","href":"https:\/\/api.w.org\/{rel}","templated":true}]}}