{"id":669,"date":"2025-08-04T05:51:48","date_gmt":"2025-08-04T05:51:48","guid":{"rendered":"https:\/\/chtnature.com\/?post_type=product&#038;p=669"},"modified":"2025-08-04T05:52:20","modified_gmt":"2025-08-04T05:52:20","slug":"bio-pilzgummis","status":"publish","type":"product","link":"https:\/\/chtnature.com\/de\/product\/bio-pilzgummis\/","title":{"rendered":"Bio-Pilz-Mix-Extrakt 8 in 1 Gummib\u00e4rchen"},"content":{"rendered":"<p><span class=\"selected\">Unsere Bio-Pilz-Gummis bieten eine k\u00f6stliche und bequeme M\u00f6glichkeit, die synergetischen Vorteile von acht der st\u00e4rksten Pilze der Natur zu erleben. Als ein f\u00fchrendes <\/span><strong><span class=\"selected\">Hersteller<\/span><\/strong><span class=\"selected\"> und <\/span><strong><span class=\"selected\">Exporteur<\/span><\/strong><span class=\"selected\"> von Wellness-Nahrungserg\u00e4nzungen, unser <\/span><strong><span class=\"selected\">Werk<\/span><\/strong><span class=\"selected\"> hat diesen 8-in-1-Komplex entwickelt, um die kognitive Funktion, das Immunsystem und das nat\u00fcrliche Energieniveau umfassend zu unterst\u00fctzen. Mit starken Extrakten wie L\u00f6wenm\u00e4hne, Reishi und Cordyceps sind diese Gummib\u00e4rchen die perfekte t\u00e4gliche Erg\u00e4nzung.<\/span><\/p>\n<p><span class=\"selected\">Dieses Produkt ist ideal f\u00fcr Marken, die auf den wachsenden Markt f\u00fcr nat\u00fcrliche Wellness, Nootropika und Adaptogene abzielen. Das ansprechende Gummiformat und die anpassbaren Formen (B\u00e4r, Herz, Stern usw.) machen es zu einem \u00e4u\u00dferst vermarktungsf\u00e4higen Produkt f\u00fcr eine breite Verbraucherbasis, von vielbesch\u00e4ftigten Berufst\u00e4tigen bis hin zu gesundheitsbewussten Menschen.<\/span><\/p>","protected":false},"excerpt":{"rendered":"<ul>\n<li><span class=\"selected\">Umfassende 8-in-1-Bio-Pilzmischung<\/span><\/li>\n<li><span class=\"selected\">Unterst\u00fctzt die Gehirnfunktion, die Immunit\u00e4t und die Energie<\/span><\/li>\n<li><span class=\"selected\">Leckerer nat\u00fcrlicher Geschmack, erh\u00e4ltlich in individuellen Formen<\/span><\/li>\n<li><span class=\"selected\">Vegane, gentechnikfreie und gelatinefreie Formel<\/span><\/li>\n<\/ul>","protected":false},"featured_media":671,"comment_status":"open","ping_status":"closed","template":"","meta":{"_acf_changed":false},"product_brand":[],"product_cat":[18],"product_tag":[],"class_list":{"0":"post-669","1":"product","2":"type-product","3":"status-publish","4":"has-post-thumbnail","6":"product_cat-functional-gummies","8":"first","9":"instock","10":"shipping-taxable","11":"product-type-simple"},"acf":[],"_links":{"self":[{"href":"https:\/\/chtnature.com\/de\/wp-json\/wp\/v2\/product\/669","targetHints":{"allow":["GET"]}}],"collection":[{"href":"https:\/\/chtnature.com\/de\/wp-json\/wp\/v2\/product"}],"about":[{"href":"https:\/\/chtnature.com\/de\/wp-json\/wp\/v2\/types\/product"}],"replies":[{"embeddable":true,"href":"https:\/\/chtnature.com\/de\/wp-json\/wp\/v2\/comments?post=669"}],"wp:featuredmedia":[{"embeddable":true,"href":"https:\/\/chtnature.com\/de\/wp-json\/wp\/v2\/media\/671"}],"wp:attachment":[{"href":"https:\/\/chtnature.com\/de\/wp-json\/wp\/v2\/media?parent=669"}],"wp:term":[{"taxonomy":"product_brand","embeddable":true,"href":"https:\/\/chtnature.com\/de\/wp-json\/wp\/v2\/product_brand?post=669"},{"taxonomy":"product_cat","embeddable":true,"href":"https:\/\/chtnature.com\/de\/wp-json\/wp\/v2\/product_cat?post=669"},{"taxonomy":"product_tag","embeddable":true,"href":"https:\/\/chtnature.com\/de\/wp-json\/wp\/v2\/product_tag?post=669"}],"curies":[{"name":"wp","href":"https:\/\/api.w.org\/{rel}","templated":true}]}}