{"id":676,"date":"2025-08-04T05:59:09","date_gmt":"2025-08-04T05:59:09","guid":{"rendered":"https:\/\/chtnature.com\/?post_type=product&#038;p=676"},"modified":"2025-08-04T05:59:09","modified_gmt":"2025-08-04T05:59:09","slug":"lowenmahne-kapseln","status":"publish","type":"product","link":"https:\/\/chtnature.com\/de\/product\/lowenmahne-kapseln\/","title":{"rendered":"Lion's Mane Kapseln"},"content":{"rendered":"<p><span class=\"selected\">Unsere L\u00f6wenm\u00e4hne-Kapseln sind ein hochwertiges nootropisches Erg\u00e4nzungsmittel zur Unterst\u00fctzung kognitiver H\u00f6chstleistungen. Als ein spezialisiertes <\/span><strong><span class=\"selected\">Hersteller<\/span><\/strong><span class=\"selected\"> und <\/span><strong><span class=\"selected\">Exporteur<\/span><\/strong><span class=\"selected\"> von pflanzlichen Nahrungserg\u00e4nzungsmitteln, unser <\/span><strong><span class=\"selected\">Werk<\/span><\/strong><span class=\"selected\"> verwendet einen hochwirksamen Extrakt aus reinen L\u00f6wenm\u00e4ulchenpilzen (Hericium erinaceus), um in jeder Kapsel eine kr\u00e4ftige Dosis an gehirnf\u00f6rdernden Eigenschaften zu liefern. Dieses Kraftpaket aus einem einzigen Inhaltsstoff ist bekannt f\u00fcr seine F\u00e4higkeit, den Nervenwachstumsfaktor (NGF), das Ged\u00e4chtnis und die Konzentration zu unterst\u00fctzen.<\/span><\/p>\n<p><span class=\"selected\">Dieses Produkt eignet sich perfekt f\u00fcr Marken, die auf den schnell wachsenden Markt f\u00fcr Nootropika abzielen, darunter Fachleute, Studenten, Senioren und Biohacker. Durch das Angebot eines sauberen, effektiven und sehr gefragten Erg\u00e4nzungsmittels k\u00f6nnen Sie Ihren Kunden eine nat\u00fcrliche M\u00f6glichkeit bieten, ihre geistige Sch\u00e4rfe und allgemeine Gehirngesundheit zu verbessern.<\/span><\/p>","protected":false},"excerpt":{"rendered":"<ul>\n<li><span class=\"selected\">Unterst\u00fctzt das Ged\u00e4chtnis, die Konzentration und die Gesundheit der Nerven<\/span><\/li>\n<li><span class=\"selected\">F\u00f6rdert die geistige Klarheit und die kognitive Funktion<\/span><\/li>\n<li><span class=\"selected\">Hochwirksamer, reiner Extrakt aus dem L\u00f6wenm\u00fctzenpilz<\/span><\/li>\n<li><span class=\"selected\">Ideal f\u00fcr nootropische und Wellness-Marken<\/span><\/li>\n<\/ul>","protected":false},"featured_media":678,"comment_status":"open","ping_status":"closed","template":"","meta":{"_acf_changed":false},"product_brand":[],"product_cat":[19,20],"product_tag":[],"class_list":{"0":"post-676","1":"product","2":"type-product","3":"status-publish","4":"has-post-thumbnail","6":"product_cat-capsules-softgels","7":"product_cat-botanical-extract-powders","9":"first","10":"instock","11":"shipping-taxable","12":"product-type-simple"},"acf":[],"_links":{"self":[{"href":"https:\/\/chtnature.com\/de\/wp-json\/wp\/v2\/product\/676","targetHints":{"allow":["GET"]}}],"collection":[{"href":"https:\/\/chtnature.com\/de\/wp-json\/wp\/v2\/product"}],"about":[{"href":"https:\/\/chtnature.com\/de\/wp-json\/wp\/v2\/types\/product"}],"replies":[{"embeddable":true,"href":"https:\/\/chtnature.com\/de\/wp-json\/wp\/v2\/comments?post=676"}],"wp:featuredmedia":[{"embeddable":true,"href":"https:\/\/chtnature.com\/de\/wp-json\/wp\/v2\/media\/678"}],"wp:attachment":[{"href":"https:\/\/chtnature.com\/de\/wp-json\/wp\/v2\/media?parent=676"}],"wp:term":[{"taxonomy":"product_brand","embeddable":true,"href":"https:\/\/chtnature.com\/de\/wp-json\/wp\/v2\/product_brand?post=676"},{"taxonomy":"product_cat","embeddable":true,"href":"https:\/\/chtnature.com\/de\/wp-json\/wp\/v2\/product_cat?post=676"},{"taxonomy":"product_tag","embeddable":true,"href":"https:\/\/chtnature.com\/de\/wp-json\/wp\/v2\/product_tag?post=676"}],"curies":[{"name":"wp","href":"https:\/\/api.w.org\/{rel}","templated":true}]}}