{"id":682,"date":"2025-08-04T06:07:27","date_gmt":"2025-08-04T06:07:27","guid":{"rendered":"https:\/\/chtnature.com\/?post_type=product&#038;p=682"},"modified":"2025-08-04T06:13:46","modified_gmt":"2025-08-04T06:13:46","slug":"pilzkaffee-oem-hersteller","status":"publish","type":"product","link":"https:\/\/chtnature.com\/de\/product\/pilzkaffee-oem-hersteller\/","title":{"rendered":"6 in 1 Pilz-Kaffee"},"content":{"rendered":"<p>Pilzkaffee ist ein einzigartiger Kaffee, der aus einer Mischung von gemahlenen Pilzen und Kaffeepulver hergestellt wird, um ein Gebr\u00e4u mit einer sanften, dunklen R\u00f6stung und nussigem Geschmack zu erhalten. Die funktionellen Pilze werden getrocknet und extrahiert, um die n\u00fctzlichen Inhaltsstoffe zu extrahieren, die dann dem normalen Kaffeepulver zugesetzt werden. Die am h\u00e4ufigsten verwendeten Pilze in Pilzkaffee sind der Affenkopfpilz, Birkenpilz, Reishi, Cordyceps und andere Pilze.<\/p>\n<p><span class=\"selected\">Erh\u00f6hen Sie das t\u00e4gliche Kaffeeerlebnis mit unserem Pilzkaffee, einem hochwertigen, funktionellen Getr\u00e4nk f\u00fcr den modernen Verbraucher. Als spezialisiertes <\/span><strong><span class=\"selected\">Hersteller<\/span><\/strong><span class=\"selected\"> und <\/span><strong><span class=\"selected\">Exporteur<\/span><\/strong><span class=\"selected\"> von innovativen Wellness-Produkten, unser <\/span><strong><span class=\"selected\">Werk<\/span><\/strong><span class=\"selected\"> mischt gekonnt hochwertigen arabischen Kaffee mit einer wirksamen Mischung aus organischen adaptogenen Pilzen wie Reishi, Chaga und L\u00f6wenm\u00e4hne. Dies ist nicht einfach nur Kaffee, sondern ein Produktivit\u00e4ts- und Wellness-Tool in einer Tasse.<\/span><\/p>\n<p><span class=\"selected\">Dieses Produkt eignet sich perfekt f\u00fcr Marken, die auf den Markt f\u00fcr funktionelle Getr\u00e4nke abzielen, wie z. B. vielbesch\u00e4ftigte Berufst\u00e4tige, Gesundheitsenthusiasten und Kaffeeliebhaber, die ein Upgrade suchen. Wir bieten ein k\u00f6stliches, effektives und hochgradig marktf\u00e4higes Produkt, das die Konzentration f\u00f6rdert, Stress abbaut und das Immunsystem st\u00e4rkt - und das alles ohne das typische Kaffeeget\u00f6se.<\/span><\/p>","protected":false},"excerpt":{"rendered":"<ul>\n<li><span class=\"selected\">Unterst\u00fctzt Konzentration, Immunit\u00e4t und Stressabbau ohne Nervosit\u00e4t<\/span><\/li>\n<li><span class=\"selected\">K\u00f6stlicher, reichhaltiger Kaffeegeschmack mit erdigen, adaptogenen Noten<\/span><\/li>\n<li><span class=\"selected\">Vollst\u00e4ndig anpassbare Geschmacksrichtung und Pilzmischung f\u00fcr Ihre Marke<\/span><\/li>\n<\/ul>","protected":false},"featured_media":683,"comment_status":"open","ping_status":"closed","template":"","meta":{"_acf_changed":false},"product_brand":[],"product_cat":[20],"product_tag":[],"class_list":{"0":"post-682","1":"product","2":"type-product","3":"status-publish","4":"has-post-thumbnail","6":"product_cat-botanical-extract-powders","8":"first","9":"instock","10":"shipping-taxable","11":"product-type-simple"},"acf":[],"_links":{"self":[{"href":"https:\/\/chtnature.com\/de\/wp-json\/wp\/v2\/product\/682","targetHints":{"allow":["GET"]}}],"collection":[{"href":"https:\/\/chtnature.com\/de\/wp-json\/wp\/v2\/product"}],"about":[{"href":"https:\/\/chtnature.com\/de\/wp-json\/wp\/v2\/types\/product"}],"replies":[{"embeddable":true,"href":"https:\/\/chtnature.com\/de\/wp-json\/wp\/v2\/comments?post=682"}],"wp:featuredmedia":[{"embeddable":true,"href":"https:\/\/chtnature.com\/de\/wp-json\/wp\/v2\/media\/683"}],"wp:attachment":[{"href":"https:\/\/chtnature.com\/de\/wp-json\/wp\/v2\/media?parent=682"}],"wp:term":[{"taxonomy":"product_brand","embeddable":true,"href":"https:\/\/chtnature.com\/de\/wp-json\/wp\/v2\/product_brand?post=682"},{"taxonomy":"product_cat","embeddable":true,"href":"https:\/\/chtnature.com\/de\/wp-json\/wp\/v2\/product_cat?post=682"},{"taxonomy":"product_tag","embeddable":true,"href":"https:\/\/chtnature.com\/de\/wp-json\/wp\/v2\/product_tag?post=682"}],"curies":[{"name":"wp","href":"https:\/\/api.w.org\/{rel}","templated":true}]}}