{"id":689,"date":"2025-08-03T19:14:35","date_gmt":"2025-08-03T19:14:35","guid":{"rendered":"https:\/\/chtnature.com\/?post_type=product&#038;p=689"},"modified":"2025-08-04T06:20:20","modified_gmt":"2025-08-04T06:20:20","slug":"reishi-pilz-kapseln-oem-hersteller","status":"publish","type":"product","link":"https:\/\/chtnature.com\/de\/product\/reishi-pilz-kapseln-oem-hersteller\/","title":{"rendered":"Reishi-Pilz-Kapseln"},"content":{"rendered":"<p>Die Reishi-Pilz-Kapsel wird aus Reishi (Ganoderma lucidum) hergestellt. Die Hauptbestandteile der Reishi-Pilz-Kapsel sind Triterpenoide, Polysaccharide und \u03b2-Glucan. Die Triterpenoide im Reishi-Pilz sind haupts\u00e4chlich im peripheren Teil des Fruchtk\u00f6rpers verteilt, und der Gehalt nimmt mit zunehmender Reife des Fruchtk\u00f6rpers zu. Einige Triterpenoide sind bitter und einige haben keinen bitteren Geschmack. Ihr Gehalt variiert je nach Sorte, Kulturbedingungen und Wachstumsstadien. Der Gehalt an Triterpenoiden in bitteren Reishi-Pilzen ist im Allgemeinen hoch.<\/p>\n<p><span class=\"selected\">Unsere Reishi-Kapseln machen sich die Kraft eines der am meisten verehrten Adaptogene im traditionellen Wellness-Bereich zunutze, Ganoderma lucidum. Als ein f\u00fchrendes <\/span><strong><span class=\"selected\">Hersteller<\/span><\/strong><span class=\"selected\"> und <\/span><strong><span class=\"selected\">Exporteur<\/span><\/strong><span class=\"selected\"> von pflanzlichen Nahrungserg\u00e4nzungsmitteln, unser <\/span><strong><span class=\"selected\">Werk<\/span><\/strong><span class=\"selected\"> hat einen hochwirksamen Reishi-Pilzextrakt beschafft, um eine umfassende Unterst\u00fctzung f\u00fcr das Stressmanagement und die Immunfunktion in einer praktischen Kapselform zu liefern.<\/span><\/p>\n<p><span class=\"selected\">Dieses Produkt eignet sich perfekt f\u00fcr Marken aus den Bereichen Wellness, Stressabbau und nat\u00fcrliche Gesundheit. Indem Sie ein reines und wirksames Reishi-Pr\u00e4parat anbieten, geben Sie Ihren Kunden ein bew\u00e4hrtes, nat\u00fcrliches Mittel an die Hand, das ihnen hilft, den Druck des modernen Lebens zu bew\u00e4ltigen, die k\u00f6rpereigenen Abwehrkr\u00e4fte zu unterst\u00fctzen und ein allgemeines Wohlbefinden zu f\u00f6rdern.<\/span><\/p>","protected":false},"excerpt":{"rendered":"<ul>\n<li><span class=\"selected\">F\u00f6rdert den Stressabbau, die Entspannung und einen besseren Schlaf<\/span><\/li>\n<li><span class=\"selected\">Unterst\u00fctzt ein gesundes und ausgeglichenes Immunsystem<\/span><\/li>\n<li><span class=\"selected\">Reich an Antioxidantien zur Bek\u00e4mpfung freier Radikale<\/span><\/li>\n<li><span class=\"selected\">Hochwirksamer, reiner Reishi-Pilzextrakt<\/span><\/li>\n<\/ul>","protected":false},"featured_media":691,"comment_status":"open","ping_status":"closed","template":"","meta":{"_acf_changed":false},"product_brand":[],"product_cat":[19],"product_tag":[],"class_list":{"0":"post-689","1":"product","2":"type-product","3":"status-publish","4":"has-post-thumbnail","6":"product_cat-capsules-softgels","8":"first","9":"instock","10":"shipping-taxable","11":"product-type-simple"},"acf":[],"_links":{"self":[{"href":"https:\/\/chtnature.com\/de\/wp-json\/wp\/v2\/product\/689","targetHints":{"allow":["GET"]}}],"collection":[{"href":"https:\/\/chtnature.com\/de\/wp-json\/wp\/v2\/product"}],"about":[{"href":"https:\/\/chtnature.com\/de\/wp-json\/wp\/v2\/types\/product"}],"replies":[{"embeddable":true,"href":"https:\/\/chtnature.com\/de\/wp-json\/wp\/v2\/comments?post=689"}],"wp:featuredmedia":[{"embeddable":true,"href":"https:\/\/chtnature.com\/de\/wp-json\/wp\/v2\/media\/691"}],"wp:attachment":[{"href":"https:\/\/chtnature.com\/de\/wp-json\/wp\/v2\/media?parent=689"}],"wp:term":[{"taxonomy":"product_brand","embeddable":true,"href":"https:\/\/chtnature.com\/de\/wp-json\/wp\/v2\/product_brand?post=689"},{"taxonomy":"product_cat","embeddable":true,"href":"https:\/\/chtnature.com\/de\/wp-json\/wp\/v2\/product_cat?post=689"},{"taxonomy":"product_tag","embeddable":true,"href":"https:\/\/chtnature.com\/de\/wp-json\/wp\/v2\/product_tag?post=689"}],"curies":[{"name":"wp","href":"https:\/\/api.w.org\/{rel}","templated":true}]}}