{"id":765,"date":"2025-08-06T05:58:21","date_gmt":"2025-08-06T05:58:21","guid":{"rendered":"https:\/\/chtnature.com\/?post_type=product&#038;p=765"},"modified":"2025-08-06T06:07:18","modified_gmt":"2025-08-06T06:07:18","slug":"bio-matcha-pulver","status":"publish","type":"product","link":"https:\/\/chtnature.com\/de\/product\/bio-matcha-pulver\/","title":{"rendered":"Bio-Matcha-Pulver"},"content":{"rendered":"<h2>Produkt\u00fcbersicht: Matcha-Pulver<\/h2>\n<p><strong>Matcha-Pulver<\/strong>, auch bekannt als <strong>Matcha-Gr\u00fcnteepulver<\/strong> oder <strong>Bio-Matcha-Pulver<\/strong>wird fein gemahlen aus Schattengew\u00e4chsen <em>Kamelie (Camellia sinensis)<\/em> Die Bl\u00e4tter werden durch traditionelle Steinmahlung oder moderne Mikronisierungstechniken gemahlen. Unser reiner Matcha 100% beh\u00e4lt seine leuchtend gr\u00fcne Farbe, seine nat\u00fcrliche S\u00fc\u00dfe und seinen hohen Gehalt an Antioxidantien.<\/p>\n<p><img fetchpriority=\"high\" decoding=\"async\" class=\"aligncenter size-full wp-image-766\" src=\"https:\/\/chtnature.com\/wp-content\/uploads\/2025\/08\/3-7.webp\" alt=\"\" width=\"800\" height=\"800\" title=\"\" srcset=\"https:\/\/chtnature.com\/wp-content\/uploads\/2025\/08\/3-7.webp 800w, https:\/\/chtnature.com\/wp-content\/uploads\/2025\/08\/3-7-300x300.webp 300w, https:\/\/chtnature.com\/wp-content\/uploads\/2025\/08\/3-7-150x150.webp 150w, https:\/\/chtnature.com\/wp-content\/uploads\/2025\/08\/3-7-768x768.webp 768w, https:\/\/chtnature.com\/wp-content\/uploads\/2025\/08\/3-7-600x600.webp 600w, https:\/\/chtnature.com\/wp-content\/uploads\/2025\/08\/3-7-100x100.webp 100w\" sizes=\"(max-width: 800px) 100vw, 800px\" \/><\/p>\n<ul>\n<li><strong>Andere Namen<\/strong>: Matcha-Gr\u00fcntee-Pulver, Bio-Matcha-Pulver<\/li>\n<li><strong>Spezifikation<\/strong>: 100% Rein, ohne F\u00fcllstoffe<\/li>\n<li><strong>Grades verf\u00fcgbar<\/strong>: A, AA, AAA, AAAA, AAAAA, AAAAAA (je nach Herkunft, Anbau und Chlorophyllgehalt)<\/li>\n<li><strong>Erscheinungsbild<\/strong>: Hellgr\u00fcnes, ultrafeines Pulver<\/li>\n<li><strong>Partikelgr\u00f6\u00dfe<\/strong>800 Mesh bis 2000 Mesh (ultra mikronisiert f\u00fcr eine glatte Textur)<\/li>\n<\/ul>\n<p>Produziert von einem engagierten <strong>Hersteller und Exporteur von Matcha<\/strong>Unser Matcha unterliegt einer strengen Qualit\u00e4tskontrolle vom Anbau bis zur Verpackung - ideal f\u00fcr Premium-Getr\u00e4nke, Nahrungserg\u00e4nzungsmittel und Lebensmittelzusatzstoffe.<\/p>\n<h2>Technische Daten<\/h2>\n<div>\n<div tabindex=\"-1\">\n<table>\n<thead>\n<tr>\n<th>Artikel<\/th>\n<th>Spezifikation<\/th>\n<\/tr>\n<\/thead>\n<tbody>\n<tr>\n<td>Produktname<\/td>\n<td>Matcha-Pulver<\/td>\n<\/tr>\n<tr>\n<td>Andere Namen<\/td>\n<td>Matcha-Gr\u00fcnteepulver \/ Bio-Matcha-Pulver<\/td>\n<\/tr>\n<tr>\n<td>Grad Verf\u00fcgbarkeit<\/td>\n<td>A, AA, AAA, AAAA, AAAAA, AAAAAA, AAAAAA<\/td>\n<\/tr>\n<tr>\n<td>Partikelgr\u00f6\u00dfe<\/td>\n<td>800 Maschen - 2000 Maschen<\/td>\n<\/tr>\n<tr>\n<td>Spezifikation<\/td>\n<td>100% Reiner Matcha, keine F\u00fcllstoffe oder Tr\u00e4gerstoffe<\/td>\n<\/tr>\n<tr>\n<td>Farbe<\/td>\n<td>Lebendiges Gr\u00fcn<\/td>\n<\/tr>\n<tr>\n<td>L\u00f6slichkeit<\/td>\n<td>Sehr gut in Wasser dispergierbar<\/td>\n<\/tr>\n<tr>\n<td>Geschmacksprofil<\/td>\n<td>S\u00fc\u00df, pflanzlich, leicht umami<\/td>\n<\/tr>\n<tr>\n<td>Verpackungs-Optionen<\/td>\n<td>100g \/ 200g Beutel oder kundenspezifische Verpackung<\/td>\n<\/tr>\n<tr>\n<td>Haltbarkeitsdauer<\/td>\n<td>12-24 Monate bei ordnungsgem\u00e4\u00dfer Lagerung<\/td>\n<\/tr>\n<tr>\n<td>Lagerung<\/td>\n<td>Luftdichtes, lichtbest\u00e4ndiges Beh\u00e4ltnis; k\u00fchler, trockener Ort<\/td>\n<\/tr>\n<tr>\n<td>Verf\u00fcgbarkeit von Proben<\/td>\n<td>Kostenloses Muster zur Bewertung verf\u00fcgbar<\/td>\n<\/tr>\n<tr>\n<td>Herkunft<\/td>\n<td>Geliefert von einer ISO\/HACCP-zertifizierten Fabrik<\/td>\n<\/tr>\n<\/tbody>\n<\/table>\n<div>\n<div><\/div>\n<\/div>\n<\/div>\n<\/div>\n<div style=\"width: 800px;\" class=\"wp-video\"><!--[if lt IE 9]><script>document.createElement('video');<\/script><![endif]-->\n<video class=\"wp-video-shortcode\" id=\"video-765-1\" width=\"800\" height=\"563\" preload=\"metadata\" controls=\"controls\"><source type=\"video\/mp4\" src=\"https:\/\/chtnature.com\/wp-content\/uploads\/2025\/08\/rzb3sl-h264-hd.mp4?_=1\" \/><a href=\"https:\/\/chtnature.com\/wp-content\/uploads\/2025\/08\/rzb3sl-h264-hd.mp4\">https:\/\/chtnature.com\/wp-content\/uploads\/2025\/08\/rzb3sl-h264-hd.mp4<\/a><\/video><\/div>\n<h2>Herstellerprofil &amp; Exportf\u00e4higkeit<\/h2>\n<p>Als Fachmann <strong>Matcha-Pulverfabrik und OEM-Lieferant<\/strong>Wir beziehen hochwertige Teebl\u00e4tter von zertifizierten Plantagen, wenden moderne Mahltechniken an und gew\u00e4hrleisten eine vollst\u00e4ndige R\u00fcckverfolgbarkeit.<\/p>\n<ul>\n<li>Zertifiziert nach <strong>ISO22000<\/strong>, <strong>HACCP<\/strong>und <strong>Bio<\/strong> Normen<\/li>\n<li>Internes QA\/QC-Team mit Farb-, Aroma-, Feuchtigkeits- und mikrobiellen Tests<\/li>\n<li>Exportservice f\u00fcr Nordamerika, die EU, Asien und den Nahen Osten<\/li>\n<li>Unterst\u00fctzung von Eigenmarken und Vertragsverpackungen f\u00fcr Nahrungserg\u00e4nzungs-, Getr\u00e4nke- und Lebensmittelmarken<\/li>\n<\/ul>\n<p>Unser Werk erm\u00f6glicht <strong>flexible Losgr\u00f6\u00dfen<\/strong>, vollst\u00e4ndige Dokumentation und schnelle Lieferung f\u00fcr Unternehmenskunden.<\/p>\n<p><img decoding=\"async\" class=\"aligncenter size-full wp-image-767\" src=\"https:\/\/chtnature.com\/wp-content\/uploads\/2025\/08\/4-7.webp\" alt=\"\" width=\"800\" height=\"800\" title=\"\" srcset=\"https:\/\/chtnature.com\/wp-content\/uploads\/2025\/08\/4-7.webp 800w, https:\/\/chtnature.com\/wp-content\/uploads\/2025\/08\/4-7-300x300.webp 300w, https:\/\/chtnature.com\/wp-content\/uploads\/2025\/08\/4-7-150x150.webp 150w, https:\/\/chtnature.com\/wp-content\/uploads\/2025\/08\/4-7-768x768.webp 768w, https:\/\/chtnature.com\/wp-content\/uploads\/2025\/08\/4-7-600x600.webp 600w, https:\/\/chtnature.com\/wp-content\/uploads\/2025\/08\/4-7-100x100.webp 100w\" sizes=\"(max-width: 800px) 100vw, 800px\" \/><\/p>\n<h2>Anwendungen von Matcha-Pulver<\/h2>\n<p>Matcha-Pulver ist \u00e4u\u00dferst vielseitig und wird in zahlreichen Produktkategorien verwendet:<\/p>\n<p><strong>Getr\u00e4nke und kulinarische Verwendungen<\/strong><\/p>\n<ul>\n<li>Traditionelle Matcha-Tee-Lattes und zeremonielle Getr\u00e4nke<\/li>\n<li>Smoothie-Mischungen, Matcha-Frappes und Eistees<\/li>\n<li>Backen: Kuchen, Kekse, Macarons, Eiscreme und kulinarische Desserts<\/li>\n<\/ul>\n<p><strong>Nahrungserg\u00e4nzungsmittel &amp; funktionelle Lebensmittel<\/strong><\/p>\n<ul>\n<li>Gr\u00fcner Tee Kapseln und Tabletten<\/li>\n<li>Superfood-Mischungen und Antioxidantien-Pulver<\/li>\n<li>Matcha-Sticks in Einzelportionen f\u00fcr die Verwendung unterwegs<\/li>\n<\/ul>\n<p><strong>Kosmetik-, Wellness- und Tee-Sets<\/strong><\/p>\n<ul>\n<li>Entgiftungs-Smoothie-Schalen<\/li>\n<li>Hautpflegeformulierungen (Gesichtsmasken, Peelings) mit den Vorteilen von Matcha<\/li>\n<li>Geschenk- und Teezeremonie-Sets<\/li>\n<\/ul>\n<h2>Verpackung, Lieferung und OEM-Dienstleistungen<\/h2>\n<p>Wir bieten ma\u00dfgeschneiderte Versorgungspl\u00e4ne und Private-Label-L\u00f6sungen:<\/p>\n<p><strong>MOQ:<\/strong><\/p>\n<ul>\n<li>1 kg f\u00fcr Standardsorten, bei Bedarf skalierbar f\u00fcr Gro\u00dfauftr\u00e4ge<\/li>\n<\/ul>\n<p><strong>Verpackungsoptionen:<\/strong><\/p>\n<ul>\n<li>100g\/200g-Beutel (Folie, Standbodenbeutel, Dose)<\/li>\n<li>1 kg gro\u00dfe Eimer in Lebensmittelqualit\u00e4t<\/li>\n<li>Individuell gestaltete Etiketten und Verpackungs\u00e4sthetik<\/li>\n<\/ul>\n<p><strong>Vorlaufzeit:<\/strong><\/p>\n<ul>\n<li>3-7 Tage f\u00fcr Standardsorten und Lagerbest\u00e4nde<\/li>\n<li>10-15 Tage f\u00fcr kundenspezifische oz-Gradierung oder Verpackung<\/li>\n<\/ul>\n<p><strong>Export und Vertrieb:<\/strong><\/p>\n<ul>\n<li>Luft-, See- und Expresszustellung weltweit<\/li>\n<li>Dokumentation einschlie\u00dflich COA, MSDS, Bio-Zertifikat, Ursprungszeugnis<\/li>\n<\/ul>\n<h2>Qualit\u00e4tssicherung und Zertifizierungen<\/h2>\n<p>Wir halten strenge Qualit\u00e4ts- und Sicherheitsprotokolle in unserem <strong>ISO-zertifizierte Matcha-Fabrik<\/strong>:<\/p>\n<ul>\n<li>Tests auf Feuchtigkeit, Farbe, Blei und Pestizidr\u00fcckst\u00e4nde<\/li>\n<li>Gesamtkeimzahl und Abwesenheit von Mikroorganismen best\u00e4tigt<\/li>\n<li>Analyse des Chlorophyll-, Katechin- und Koffeingehalts<\/li>\n<li>Nicht-GMO, vegan-freundlich, frei von Zusatzstoffen<\/li>\n<\/ul>\n<p><strong>Zertifizierungen:<\/strong><\/p>\n<ul>\n<li>ISO22000, HACCP, Bio (USDA \/ EU), KOSHER, HALAL (optional)<\/li>\n<\/ul>","protected":false},"excerpt":{"rendered":"<ul>\n<li><strong>Spezifikation<\/strong>: 100% Rein, ohne F\u00fcllstoffe<\/li>\n<li><strong>Grades verf\u00fcgbar<\/strong>: A, AA, AAA, AAAA, AAAAA, AAAAAA (je nach Herkunft, Anbau und Chlorophyllgehalt)<\/li>\n<li><strong>Erscheinungsbild<\/strong>: Hellgr\u00fcnes, ultrafeines Pulver<\/li>\n<li><strong>Partikelgr\u00f6\u00dfe<\/strong>800 Mesh bis 2000 Mesh (ultra mikronisiert f\u00fcr eine glatte Textur)<\/li>\n<\/ul>","protected":false},"featured_media":768,"comment_status":"open","ping_status":"closed","template":"","meta":{"_acf_changed":false},"product_brand":[],"product_cat":[20],"product_tag":[],"class_list":{"0":"post-765","1":"product","2":"type-product","3":"status-publish","4":"has-post-thumbnail","6":"product_cat-botanical-extract-powders","8":"first","9":"instock","10":"shipping-taxable","11":"product-type-simple"},"acf":[],"_links":{"self":[{"href":"https:\/\/chtnature.com\/de\/wp-json\/wp\/v2\/product\/765","targetHints":{"allow":["GET"]}}],"collection":[{"href":"https:\/\/chtnature.com\/de\/wp-json\/wp\/v2\/product"}],"about":[{"href":"https:\/\/chtnature.com\/de\/wp-json\/wp\/v2\/types\/product"}],"replies":[{"embeddable":true,"href":"https:\/\/chtnature.com\/de\/wp-json\/wp\/v2\/comments?post=765"}],"wp:featuredmedia":[{"embeddable":true,"href":"https:\/\/chtnature.com\/de\/wp-json\/wp\/v2\/media\/768"}],"wp:attachment":[{"href":"https:\/\/chtnature.com\/de\/wp-json\/wp\/v2\/media?parent=765"}],"wp:term":[{"taxonomy":"product_brand","embeddable":true,"href":"https:\/\/chtnature.com\/de\/wp-json\/wp\/v2\/product_brand?post=765"},{"taxonomy":"product_cat","embeddable":true,"href":"https:\/\/chtnature.com\/de\/wp-json\/wp\/v2\/product_cat?post=765"},{"taxonomy":"product_tag","embeddable":true,"href":"https:\/\/chtnature.com\/de\/wp-json\/wp\/v2\/product_tag?post=765"}],"curies":[{"name":"wp","href":"https:\/\/api.w.org\/{rel}","templated":true}]}}