{"id":929,"date":"2025-08-14T07:29:46","date_gmt":"2025-08-14T07:29:46","guid":{"rendered":"https:\/\/chtnature.com\/?post_type=product&#038;p=929"},"modified":"2025-08-14T07:35:07","modified_gmt":"2025-08-14T07:35:07","slug":"eigenmarke-berberin-gummibarchen","status":"publish","type":"product","link":"https:\/\/chtnature.com\/de\/product\/eigenmarke-berberin-gummibarchen\/","title":{"rendered":"Berberin-Gummis"},"content":{"rendered":"<p><span class=\"selected\">Lancieren Sie Ihren n\u00e4chsten Bestseller mit unseren hochwertigen, vollst\u00e4ndig anpassbaren Berberine Gummies. Als f\u00fchrender Auftragshersteller erm\u00f6glichen wir es Gesundheits- und Wellness-Marken, hochwertige, k\u00f6stliche und wirksame Nahrungserg\u00e4nzungsmittel zu liefern, ohne die Komplexit\u00e4t einer eigenen Produktion. Wir k\u00fcmmern uns um die Wissenschaft, die Beschaffung und die Herstellung, damit Sie sich auf den Aufbau Ihrer Marke konzentrieren k\u00f6nnen.<\/span><\/p>\n<p><span class=\"selected\">Unsere OEM Berberin-Gummis sind nicht nur f\u00fcr die Wirksamkeit, sondern auch f\u00fcr ein au\u00dfergew\u00f6hnliches Verbrauchererlebnis formuliert, indem sie die nat\u00fcrliche Bitterkeit von Berberin mit verlockenden Aromen und einer angenehmen Textur effektiv maskieren.<\/span><\/p>\n<h3><strong><span class=\"selected\">Wichtige Vorteile f\u00fcr Ihre Marke<\/span><\/strong><\/h3>\n<ul>\n<li><strong><span class=\"selected\">Schl\u00fcsselfertiger Komplettservice:<\/span><\/strong><span class=\"selected\"> Vom ersten Konzept und der Rezepturentwicklung bis hin zur Abf\u00fcllung, Etikettierung und Einhaltung der Vorschriften bieten wir eine durchg\u00e4ngige L\u00f6sung.<\/span><\/li>\n<li><strong><span class=\"selected\">Erweiterte Geschmacksmaskierung:<\/span><\/strong><span class=\"selected\"> Unsere Lebensmittelwissenschaftler sind darauf spezialisiert, k\u00f6stliche Profile (Zitrone, Himbeere, Erdbeere und mehr) zu entwickeln, die eine hohe Kundenzufriedenheit und Wiederholungsk\u00e4ufe gew\u00e4hrleisten.<\/span><\/li>\n<li><strong><span class=\"selected\">\u00dcberlegene Flexibilit\u00e4t bei der Formulierung:<\/span><\/strong><span class=\"selected\"> Gehen Sie \u00fcber den Standard hinaus. Wir k\u00f6nnen ein einzigartiges Produkt f\u00fcr Sie kreieren, indem wir die Dosierung anpassen, synergetische Inhaltsstoffe hinzuf\u00fcgen und spezielle Ern\u00e4hrungsbed\u00fcrfnisse erf\u00fcllen (zuckerfrei, vegan).<\/span><\/li>\n<li><strong><span class=\"selected\">GMP-zertifizierte Qualit\u00e4t:<\/span><\/strong><span class=\"selected\"> Alle Produkte werden in einer hochmodernen, GMP-zertifizierten Anlage hergestellt, die Sicherheit, Reinheit und Wirksamkeit in jeder Charge gew\u00e4hrleistet.<\/span><\/li>\n<\/ul>\n<h2><strong><span class=\"selected\">Vollst\u00e4ndige Anpassungsoptionen: Bauen Sie Ihr einzigartiges Produkt<\/span><\/strong><\/h2>\n<p><span class=\"selected\">Heben Sie Ihre Marke in einem wettbewerbsintensiven Markt hervor. Wir bieten umfangreiche Anpassungsm\u00f6glichkeiten, um ein Produkt zu schaffen, das wirklich zu Ihnen passt.<\/span><\/p>\n<table>\n<tbody>\n<tr>\n<th><span class=\"selected\">Merkmal<\/span><\/th>\n<th><span class=\"selected\">Standard-Optionen<\/span><\/th>\n<th><span class=\"selected\">Anpassungsm\u00f6glichkeiten<\/span><\/th>\n<\/tr>\n<tr>\n<td><strong><span class=\"selected\">Aktive Formel<\/span><\/strong><\/td>\n<td><span class=\"selected\">Berberin HCl, Ceylon-Zimt, Mariendistel, Inositol<\/span><\/td>\n<td><span class=\"selected\">Passen Sie die Dosierung an, f\u00fcgen Sie Inhaltsstoffe hinzu (z. B. Chrom, Vitamin D) und erstellen Sie eine einzigartige Mischung zur Unterst\u00fctzung des Stoffwechsels.<\/span><\/td>\n<\/tr>\n<tr>\n<td><strong><span class=\"selected\">Gummiboden<\/span><\/strong><\/td>\n<td><span class=\"selected\">Pektin (Veganer-freundlich)<\/span><\/td>\n<td><span class=\"selected\">Gelatine ist auf Anfrage erh\u00e4ltlich.<\/span><\/td>\n<\/tr>\n<tr>\n<td><strong><span class=\"selected\">S\u00fc\u00dfstoff-Profil<\/span><\/strong><\/td>\n<td><span class=\"selected\">Maltitol-Sirup, Isomalt<\/span><\/td>\n<td><span class=\"selected\">Zuckerfrei (Stevia, M\u00f6nchsfrucht, Erythritol), zuckerarm, nat\u00fcrlicher Rohrzucker.<\/span><\/td>\n<\/tr>\n<tr>\n<td><strong><span class=\"selected\">Geschm\u00e4cker<\/span><\/strong><\/td>\n<td><span class=\"selected\">Zitrone, Blaue Himbeere, Erdbeere<\/span><\/td>\n<td><span class=\"selected\">Entwickeln Sie ein charakteristisches Aroma, das nat\u00fcrlich oder k\u00fcnstlich sein kann.<\/span><\/td>\n<\/tr>\n<tr>\n<td><strong><span class=\"selected\">Farben<\/span><\/strong><\/td>\n<td><span class=\"selected\">Nat\u00fcrlich (z. B. aus Obst-\/Gem\u00fcsesaft)<\/span><\/td>\n<td><span class=\"selected\">Gro\u00dfe Auswahl an nat\u00fcrlichen oder synthetischen Farbstoffen, die zu Ihrer Marken\u00e4sthetik passen.<\/span><\/td>\n<\/tr>\n<tr>\n<td><strong><span class=\"selected\">Formen<\/span><\/strong><\/td>\n<td><span class=\"selected\">B\u00e4r, Herz, Stern, W\u00fcrfel<\/span><\/td>\n<td><span class=\"selected\">Individuelle Formen f\u00fcr eine einzigartige Markenidentit\u00e4t (vorbehaltlich der Mindestbestellmenge).<\/span><\/td>\n<\/tr>\n<\/tbody>\n<\/table>\n<p><img fetchpriority=\"high\" decoding=\"async\" class=\"aligncenter size-full wp-image-756\" src=\"https:\/\/chtnature.com\/wp-content\/uploads\/2025\/08\/10001-1.webp\" alt=\"\" width=\"750\" height=\"675\" title=\"\" srcset=\"https:\/\/chtnature.com\/wp-content\/uploads\/2025\/08\/10001-1.webp 750w, https:\/\/chtnature.com\/wp-content\/uploads\/2025\/08\/10001-1-300x270.webp 300w, https:\/\/chtnature.com\/wp-content\/uploads\/2025\/08\/10001-1-600x540.webp 600w\" sizes=\"(max-width: 750px) 100vw, 750px\" \/><\/p>\n<h2><strong><span class=\"selected\">Spezifikationen f\u00fcr das fertige Produkt<\/span><\/strong><\/h2>\n<p><span class=\"selected\">Die folgenden Spezifikationen stellen eine typische Produktionscharge dar. Alle Parameter k\u00f6nnen auf der Grundlage Ihrer individuellen Formulierung angepasst werden. Ein detailliertes Analysezertifikat (COA) wird mit jeder Charge mitgeliefert.<\/span><\/p>\n<table>\n<tbody>\n<tr>\n<th><span class=\"selected\">Parameter<\/span><\/th>\n<th><span class=\"selected\">Spezifikation<\/span><\/th>\n<th><span class=\"selected\">Methode<\/span><\/th>\n<\/tr>\n<tr>\n<td><strong><span class=\"selected\">Berberin HCl pro Gummib\u00e4rchen<\/span><\/strong><\/td>\n<td><span class=\"selected\">250mg - 500mg (anpassbar)<\/span><\/td>\n<td><span class=\"selected\">HPLC<\/span><\/td>\n<\/tr>\n<tr>\n<td><strong><span class=\"selected\">Erscheinungsbild<\/span><\/strong><\/td>\n<td><span class=\"selected\">Feste Gummib\u00e4rchen, einheitlich in Farbe und Form<\/span><\/td>\n<td><span class=\"selected\">Visuell<\/span><\/td>\n<\/tr>\n<tr>\n<td><strong><span class=\"selected\">Geschmack\/Geruch<\/span><\/strong><\/td>\n<td><span class=\"selected\">Merkmal des ausgew\u00e4hlten Geschmacks (z. B. Zitrone)<\/span><\/td>\n<td><span class=\"selected\">Organoleptisch<\/span><\/td>\n<\/tr>\n<tr>\n<td><strong><span class=\"selected\">Gesamtplattenzahl<\/span><\/strong><\/td>\n<td><span class=\"selected\">&lt; 1.000 KBE\/g<\/span><\/td>\n<td><span class=\"selected\">USP<\/span><\/td>\n<\/tr>\n<tr>\n<td><strong><span class=\"selected\">Hefe und Schimmel<\/span><\/strong><\/td>\n<td><span class=\"selected\">&lt; 100 KBE\/g<\/span><\/td>\n<td><span class=\"selected\">USP<\/span><\/td>\n<\/tr>\n<tr>\n<td><strong><span class=\"selected\">E. Coli<\/span><\/strong><\/td>\n<td><span class=\"selected\">Negativ<\/span><\/td>\n<td><span class=\"selected\">USP<\/span><\/td>\n<\/tr>\n<tr>\n<td><strong><span class=\"selected\">Salmonellen<\/span><\/strong><\/td>\n<td><span class=\"selected\">Negativ<\/span><\/td>\n<td><span class=\"selected\">USP<\/span><\/td>\n<\/tr>\n<tr>\n<td><strong><span class=\"selected\">Blei (Pb)<\/span><\/strong><\/td>\n<td><span class=\"selected\">&lt; 0,5 ppm<\/span><\/td>\n<td><span class=\"selected\">ICP-MS<\/span><\/td>\n<\/tr>\n<tr>\n<td><strong><span class=\"selected\">Arsen (As)<\/span><\/strong><\/td>\n<td><span class=\"selected\">&lt; 0,2 ppm<\/span><\/td>\n<td><span class=\"selected\">ICP-MS<\/span><\/td>\n<\/tr>\n<tr>\n<td><strong><span class=\"selected\">Quecksilber (Hg)<\/span><\/strong><\/td>\n<td><span class=\"selected\">&lt; 0,1 ppm<\/span><\/td>\n<td><span class=\"selected\">ICP-MS<\/span><\/td>\n<\/tr>\n<\/tbody>\n<\/table>\n<h2><strong><span class=\"selected\">Unser schl\u00fcsselfertiger OEM-Prozess: Vom Konzept bis zur Lieferung<\/span><\/strong><\/h2>\n<p><span class=\"selected\">Wir haben unseren Prozess gestrafft, um eine schnelle, effiziente und transparente Reise f\u00fcr Ihre Marke zu gew\u00e4hrleisten.<\/span><\/p>\n<ul>\n<li><strong><span class=\"selected\">Schritt 1: Beratung und Angebotserstellung:<\/span><\/strong><span class=\"selected\"> Teilen Sie unseren Spezialisten Ihre Vorstellungen mit. Wir besprechen Ihre Rezeptur, Ihre Verpackung und Ihr Volumen und erstellen ein detailliertes Angebot.<\/span><\/li>\n<li><strong><span class=\"selected\">Schritt 2: Formulierung und Probenahme:<\/span><\/strong><span class=\"selected\"> Unser F&amp;E-Team entwickelt Ihre individuelle Formel. Sie erhalten Muster, um den Geschmack, die Textur und das Aussehen zu pr\u00fcfen.<\/span><\/li>\n<li><strong><span class=\"selected\">Schritt 3: Produktion und Qualit\u00e4tskontrolle:<\/span><\/strong><span class=\"selected\"> Nach der Genehmigung beginnen wir mit der Produktion in vollem Umfang in unserer GMP-zertifizierten Anlage, in der strenge Qualit\u00e4tskontrollen w\u00e4hrend des Prozesses durchgef\u00fchrt werden.<\/span><\/li>\n<li><strong><span class=\"selected\">Schritt 4: Verpackung und Etikettierung:<\/span><\/strong><span class=\"selected\"> Wir verpacken, versiegeln und etikettieren Ihr Produkt nach Ihren Vorgaben und sorgen daf\u00fcr, dass es f\u00fcr den Einzelhandel geeignet ist.<\/span><\/li>\n<li><strong><span class=\"selected\">Schritt 5: Abschlie\u00dfende Pr\u00fcfung und Lieferung:<\/span><\/strong><span class=\"selected\"> Jede fertige Charge wird auf Reinheit und Potenz getestet. Anschlie\u00dfend versenden wir das Endprodukt mit allen erforderlichen Unterlagen an Sie.<\/span><\/li>\n<\/ul>\n<h2><strong><span class=\"selected\">L\u00f6sungen f\u00fcr Verpackung und Etikettierung<\/span><\/strong><\/h2>\n<p><span class=\"selected\">Die Verpackung Ihres Produkts ist sein erster Eindruck. Wir bieten eine breite Palette von L\u00f6sungen, um Ihr Produkt zu sch\u00fctzen und Ihre Marke zu pr\u00e4sentieren.<\/span><\/p>\n<ul>\n<li><strong><span class=\"selected\">Flaschen:<\/span><\/strong><span class=\"selected\"> PET\/HDPE in verschiedenen Gr\u00f6\u00dfen (60, 90, 120, 150 St\u00fcck), Farben (wei\u00df, bernsteinfarben, blau) und Formen.<\/span><\/li>\n<li><strong><span class=\"selected\">Kappen:<\/span><\/strong><span class=\"selected\"> Kindersichere Verschl\u00fcsse (CRC), Flip-Tops, Schraubverschl\u00fcsse.<\/span><\/li>\n<li><strong><span class=\"selected\">Siegel:<\/span><\/strong><span class=\"selected\"> Druckempfindliche und induktiv versiegelte Optionen f\u00fcr Manipulationssicherheit und Frische.<\/span><\/li>\n<li><strong><span class=\"selected\">Kennzeichnung:<\/span><\/strong><span class=\"selected\"> Professionelle Dienstleistungen f\u00fcr die Gestaltung und Anbringung von Etiketten.<\/span><\/li>\n<li><strong><span class=\"selected\">Sekund\u00e4rverpackung:<\/span><\/strong><span class=\"selected\"> Individuell bedruckte Einzelhandelsschachteln und Gro\u00dfverpackungen.<\/span><\/li>\n<\/ul>\n<h2><strong><span class=\"selected\">Bringen Sie gemeinsam mit uns Ihre Berberin-Gummis auf den Markt<\/span><\/strong><\/h2>\n<p><span class=\"selected\">Sind Sie bereit, den n\u00e4chsten Schritt zu tun? Unser Team unterst\u00fctzt Sie gerne bei der Erstellung eines hochwertigen, marktf\u00fchrenden Supplements. Kontaktieren Sie uns noch heute, um Ihr Projekt zu besprechen, ein Muster anzufordern oder ein unverbindliches Angebot zu erhalten.<\/span><\/p>\n<div class=\"wpforms-container wpforms-container-full contact_form wpforms-render-modern\" id=\"wpforms-253\"><form id=\"wpforms-form-253\" class=\"wpforms-validate wpforms-form wpforms-ajax-form\" data-formid=\"253\" method=\"post\" enctype=\"multipart\/form-data\" action=\"\/de\/wp-json\/wp\/v2\/product\/929\" data-token=\"c753764b3a1ab842e2286b88d84bae1f\" data-token-time=\"1777082083\" data-trp-original-action=\"\/de\/wp-json\/wp\/v2\/product\/929\"><noscript class=\"wpforms-error-noscript\">Bitte aktiviere JavaScript in deinem Browser, um dieses Formular fertigzustellen.<\/noscript><div id=\"wpforms-error-noscript\" style=\"display: none;\">Bitte aktiviere JavaScript in deinem Browser, um dieses Formular fertigzustellen.<\/div><div class=\"wpforms-field-container\"><div id=\"wpforms-253-field_17-container\" class=\"wpforms-field wpforms-field-layout\" data-field-id=\"17\"><div class=\"wpforms-field-layout-rows wpforms-field-large\"><div class=\"wpforms-layout-row\"><div class=\"wpforms-layout-column wpforms-layout-column-50\"><div id=\"wpforms-253-field_14-container\" class=\"wpforms-field wpforms-field-text\" data-field-id=\"14\"><label class=\"wpforms-field-label\" for=\"wpforms-253-field_14\">Name <span class=\"wpforms-required-label\" aria-hidden=\"true\">*<\/span><\/label><input type=\"text\" id=\"wpforms-253-field_14\" class=\"wpforms-field-large wpforms-field-required\" name=\"wpforms[fields][14]\" aria-errormessage=\"wpforms-253-field_14-error\" required><\/div><\/div><div class=\"wpforms-layout-column wpforms-layout-column-50\"><div id=\"wpforms-253-field_16-container\" class=\"wpforms-field wpforms-field-text\" data-field-id=\"16\"><label class=\"wpforms-field-label\" for=\"wpforms-253-field_16\">Name des Unternehmens<\/label><input type=\"text\" id=\"wpforms-253-field_16\" class=\"wpforms-field-medium\" name=\"wpforms[fields][16]\" aria-errormessage=\"wpforms-253-field_16-error\" ><\/div><\/div><\/div><\/div><\/div><div id=\"wpforms-253-field_18-container\" class=\"wpforms-field wpforms-field-phone\" data-field-id=\"18\"><label class=\"wpforms-field-label\" for=\"wpforms-253-field_18\">Telefon <span class=\"wpforms-required-label\" aria-hidden=\"true\">*<\/span><\/label><input type=\"tel\" id=\"wpforms-253-field_18\" class=\"wpforms-field-large wpforms-field-required wpforms-smart-phone-field\" data-rule-smart-phone-field=\"true\" name=\"wpforms[fields][18]\" aria-label=\"Telefon\" aria-errormessage=\"wpforms-253-field_18-error\" required><\/div><div id=\"wpforms-253-field_15-container\" class=\"wpforms-field wpforms-field-email\" data-field-id=\"15\"><label class=\"wpforms-field-label\" for=\"wpforms-253-field_15\">E-Mail \/ WhatsApp <span class=\"wpforms-required-label\" aria-hidden=\"true\">*<\/span><\/label><input type=\"email\" id=\"wpforms-253-field_15\" class=\"wpforms-field-large wpforms-field-required\" name=\"wpforms[fields][15]\" spellcheck=\"false\" aria-errormessage=\"wpforms-253-field_15-error\" required><\/div><div id=\"wpforms-253-field_7-container\" class=\"wpforms-field wpforms-field-checkbox wpforms-list-2-columns\" data-field-id=\"7\"><fieldset><legend class=\"wpforms-field-label\">Produktinteresse (mehrere ausw\u00e4hlen)<\/legend><ul id=\"wpforms-253-field_7\"><li class=\"choice-1 depth-1\"><input type=\"checkbox\" id=\"wpforms-253-field_7_1\" name=\"wpforms[fields][7][]\" value=\"Liquid Supplements\" aria-errormessage=\"wpforms-253-field_7_1-error\"  ><label class=\"wpforms-field-label-inline\" for=\"wpforms-253-field_7_1\">Fl\u00fcssige Erg\u00e4nzungen<\/label><\/li><li class=\"choice-2 depth-1\"><input type=\"checkbox\" id=\"wpforms-253-field_7_2\" name=\"wpforms[fields][7][]\" value=\"Functional Gummies\" aria-errormessage=\"wpforms-253-field_7_2-error\"  ><label class=\"wpforms-field-label-inline\" for=\"wpforms-253-field_7_2\">Funktionelle Gummib\u00e4rchen<\/label><\/li><li class=\"choice-3 depth-1\"><input type=\"checkbox\" id=\"wpforms-253-field_7_3\" name=\"wpforms[fields][7][]\" value=\"Capsules &amp; Softgels\" aria-errormessage=\"wpforms-253-field_7_3-error\"  ><label class=\"wpforms-field-label-inline\" for=\"wpforms-253-field_7_3\">Kapseln &amp; Weichkapseln<\/label><\/li><li class=\"choice-4 depth-1\"><input type=\"checkbox\" id=\"wpforms-253-field_7_4\" name=\"wpforms[fields][7][]\" value=\"Botanical Powders\" aria-errormessage=\"wpforms-253-field_7_4-error\"  ><label class=\"wpforms-field-label-inline\" for=\"wpforms-253-field_7_4\">Botanische Pulver<\/label><\/li><\/ul><\/fieldset><\/div>\t\t<div id=\"wpforms-253-field_1-container\"\n\t\t\tclass=\"wpforms-field wpforms-field-text\"\n\t\t\tdata-field-type=\"text\"\n\t\t\tdata-field-id=\"1\"\n\t\t\t>\n\t\t\t<label class=\"wpforms-field-label\" for=\"wpforms-253-field_1\" >Company WhatsApp (select<\/label>\n\t\t\t<input type=\"text\" id=\"wpforms-253-field_1\" class=\"wpforms-field-medium\" name=\"wpforms[fields][1]\" >\n\t\t<\/div>\n\t\t<div id=\"wpforms-253-field_13-container\" class=\"wpforms-field wpforms-field-textarea\" data-field-id=\"13\"><label class=\"wpforms-field-label\" for=\"wpforms-253-field_13\">Gesch\u00e4tzte Menge<\/label><textarea id=\"wpforms-253-field_13\" class=\"wpforms-field-medium\" name=\"wpforms[fields][13]\" aria-errormessage=\"wpforms-253-field_13-error\" ><\/textarea><\/div><script>\n\t\t\t\t( function() {\n\t\t\t\t\tconst style = document.createElement( 'style' );\n\t\t\t\t\tstyle.appendChild( document.createTextNode( '#wpforms-253-field_1-container { position: absolute !important; overflow: hidden !important; display: inline !important; height: 1px !important; width: 1px !important; z-index: -1000 !important; padding: 0 !important; } #wpforms-253-field_1-container input { visibility: hidden; } #wpforms-conversational-form-page #wpforms-253-field_1-container label { counter-increment: none; }' ) );\n\t\t\t\t\tdocument.head.appendChild( style );\n\t\t\t\t\tdocument.currentScript?.remove();\n\t\t\t\t} )();\n\t\t\t<\/script><\/div><!-- .wpforms-field-container --><div class=\"wpforms-submit-container\" ><input type=\"hidden\" name=\"wpforms[id]\" value=\"253\"><input type=\"hidden\" name=\"page_title\" value=\"\"><input type=\"hidden\" name=\"page_url\" value=\"https:\/\/chtnature.com\/de\/wp-json\/wp\/v2\/product\/929\"><input type=\"hidden\" name=\"url_referer\" value=\"\"><button type=\"submit\" name=\"wpforms[submit]\" id=\"wpforms-submit-253\" class=\"wpforms-submit\" data-alt-text=\"Sending...\" data-submit-text=\"Submit\" aria-live=\"assertive\" value=\"wpforms-submit\">Einreichen<\/button><img decoding=\"async\" src=\"https:\/\/chtnature.com\/wp-content\/plugins\/wpforms\/assets\/images\/submit-spin.svg\" class=\"wpforms-submit-spinner\" style=\"display: none;\" width=\"26\" height=\"26\" alt=\"Wird geladen\" title=\"\"><\/div><input type=\"hidden\" name=\"trp-form-language\" value=\"de\"\/><\/form><\/div>  <!-- .wpforms-container -->","protected":false},"excerpt":{"rendered":"<ul>\n<li><b>Hochwirksames Berberin HCl:<\/b> Vollst\u00e4ndig anpassbare Dosierung von 250 mg bis 500 mg pro Gummib\u00e4rchen, gepr\u00fcft durch HPLC auf Reinheit und Genauigkeit.<\/li>\n<li><b>Vegan &amp; \u00dcberlegener Geschmack:<\/b> Pektinbasierte (vegane) Formel mit fortschrittlicher Technologie zur Geschmacksmaskierung, um ein k\u00f6stliches Erg\u00e4nzungsmittel zu schaffen, das die Verbraucher lieben.<\/li>\n<li><b>Schl\u00fcsselfertige Herstellung:<\/b> Eine ideale, marktreife L\u00f6sung f\u00fcr Gesundheitsmarken, die den Stoffwechsel unterst\u00fctzen wollen. Wir \u00fcbernehmen alles von der Formulierung bis zur Abf\u00fcllung.<\/li>\n<li><b>Vollst\u00e4ndig anpassbar und GMP-zertifiziert:<\/b> Passen Sie die Formel, den Geschmack, die Form und die Verpackung an Ihre Marke an. Produziert in einer GMP-zertifizierten Einrichtung mit niedrigen MOQs verf\u00fcgbar.<\/li>\n<\/ul>","protected":false},"featured_media":930,"comment_status":"open","ping_status":"closed","template":"","meta":{"_acf_changed":false},"product_brand":[],"product_cat":[18],"product_tag":[],"class_list":{"0":"post-929","1":"product","2":"type-product","3":"status-publish","4":"has-post-thumbnail","6":"product_cat-functional-gummies","8":"first","9":"instock","10":"shipping-taxable","11":"product-type-simple"},"acf":[],"_links":{"self":[{"href":"https:\/\/chtnature.com\/de\/wp-json\/wp\/v2\/product\/929","targetHints":{"allow":["GET"]}}],"collection":[{"href":"https:\/\/chtnature.com\/de\/wp-json\/wp\/v2\/product"}],"about":[{"href":"https:\/\/chtnature.com\/de\/wp-json\/wp\/v2\/types\/product"}],"replies":[{"embeddable":true,"href":"https:\/\/chtnature.com\/de\/wp-json\/wp\/v2\/comments?post=929"}],"wp:featuredmedia":[{"embeddable":true,"href":"https:\/\/chtnature.com\/de\/wp-json\/wp\/v2\/media\/930"}],"wp:attachment":[{"href":"https:\/\/chtnature.com\/de\/wp-json\/wp\/v2\/media?parent=929"}],"wp:term":[{"taxonomy":"product_brand","embeddable":true,"href":"https:\/\/chtnature.com\/de\/wp-json\/wp\/v2\/product_brand?post=929"},{"taxonomy":"product_cat","embeddable":true,"href":"https:\/\/chtnature.com\/de\/wp-json\/wp\/v2\/product_cat?post=929"},{"taxonomy":"product_tag","embeddable":true,"href":"https:\/\/chtnature.com\/de\/wp-json\/wp\/v2\/product_tag?post=929"}],"curies":[{"name":"wp","href":"https:\/\/api.w.org\/{rel}","templated":true}]}}