{"id":1017,"date":"2025-08-21T08:12:42","date_gmt":"2025-08-21T08:12:42","guid":{"rendered":"https:\/\/chtnature.com\/?post_type=product&#038;p=1017"},"modified":"2025-08-21T08:13:46","modified_gmt":"2025-08-21T08:13:46","slug":"capsulas-de-champinon-tigre-ecologico-marca-blanca","status":"publish","type":"product","link":"https:\/\/chtnature.com\/es\/product\/capsulas-de-champinon-tigre-ecologico-marca-blanca\/","title":{"rendered":"C\u00e1psulas de seta de leche de tigre"},"content":{"rendered":"<h2><strong><span class=\"selected\">Productos<\/span><\/strong><\/h2>\n<p><span class=\"selected\">Aumente su l\u00ednea de suplementos diet\u00e9ticos con nuestras c\u00e1psulas org\u00e1nicas de seta de leche de tigre, formuladas a partir del potente esclerocio de la seta de leche de tigre. <\/span><em><span class=\"selected\">Lignosus rhinocerus<\/span><\/em><span class=\"selected\">. Reconocido por su uso tradicional en el apoyo a la salud respiratoria, el Hongo Lechoso Tigre es un ingrediente codiciado por los consumidores m\u00e1s exigentes. Como ingrediente especializado <\/span><strong><span class=\"selected\">fabricante<\/span><\/strong><span class=\"selected\"> de suplementos de setas, proporcionamos una soluci\u00f3n completa llave en mano para las marcas que buscan lanzar un producto de alta potencia y listo para el mercado. Nuestro proceso verticalmente integrado -desde el abastecimiento meticuloso hasta la encapsulaci\u00f3n precisa- est\u00e1 dise\u00f1ado para ofrecer una calidad, seguridad y atractivo de marca inigualables.<\/span><\/p>\n<p><strong><span class=\"selected\">Diferenciadores clave:<\/span><\/strong><\/p>\n<ul>\n<li><strong><span class=\"selected\">Fuente org\u00e1nica de primera calidad:<\/span><\/strong><span class=\"selected\"> Utiliza 100% certificado org\u00e1nico <\/span><em><span class=\"selected\">Lignosus rhinocerus<\/span><\/em><span class=\"selected\"> esclerotium para obtener la m\u00e1xima pureza y eficacia.<\/span><\/li>\n<li><strong><span class=\"selected\">Control total de la personalizaci\u00f3n:<\/span><\/strong><span class=\"selected\"> Adapte todo, desde la dosis y el tipo de c\u00e1psula hasta el n\u00famero de botellas y el dise\u00f1o de la etiqueta, para que coincida con la identidad de su marca.<\/span><\/li>\n<li><strong><span class=\"selected\">Producci\u00f3n con certificaci\u00f3n GMP:<\/span><\/strong><span class=\"selected\"> Fabricado bajo estrictas directrices de Buenas Pr\u00e1cticas de Fabricaci\u00f3n (cGMP) para garantizar la m\u00e1xima seguridad, consistencia y calidad.<\/span><\/li>\n<li><strong><span class=\"selected\">Servicio llave en mano:<\/span><\/strong><span class=\"selected\"> Agilizamos su lanzamiento encarg\u00e1ndonos de la formulaci\u00f3n, producci\u00f3n, embotellado y etiquetado.<\/span><\/li>\n<li><strong><span class=\"selected\">Directo de f\u00e1brica:<\/span><\/strong><span class=\"selected\"> Nuestro modelo garantiza a nuestros socios una cadena de suministro transparente, trazable y rentable.<\/span><\/li>\n<\/ul>\n<h2><strong><span class=\"selected\">Especificaciones t\u00e9cnicas<\/span><\/strong><\/h2>\n<table>\n<tbody>\n<tr>\n<th><span class=\"selected\">Par\u00e1metro<\/span><\/th>\n<th><span class=\"selected\">Especificaci\u00f3n<\/span><\/th>\n<th><span class=\"selected\">Notas<\/span><\/th>\n<\/tr>\n<tr>\n<td><strong><span class=\"selected\">Nombre del producto<\/span><\/strong><\/td>\n<td><span class=\"selected\">C\u00e1psulas de seta de leche de tigre ecol\u00f3gica<\/span><\/td>\n<td><\/td>\n<\/tr>\n<tr>\n<td><strong><span class=\"selected\">Nombre bot\u00e1nico<\/span><\/strong><\/td>\n<td><em><span class=\"selected\">Lignosus rhinocerus<\/span><\/em><\/td>\n<td><\/td>\n<\/tr>\n<tr>\n<td><strong><span class=\"selected\">Principio activo Fuente<\/span><\/strong><\/td>\n<td><span class=\"selected\">Extracto de esclerocio ecol\u00f3gico certificado<\/span><\/td>\n<td><span class=\"selected\">Garantiza el aprovechamiento de la parte m\u00e1s apreciada de la seta.<\/span><\/td>\n<\/tr>\n<tr>\n<td><strong><span class=\"selected\">Dosis est\u00e1ndar<\/span><\/strong><\/td>\n<td><span class=\"selected\">500 mg, 600 mg, 800 mg \/ c\u00e1psula<\/span><\/td>\n<td><span class=\"selected\">Se pueden solicitar dosis personalizadas.<\/span><\/td>\n<\/tr>\n<tr>\n<td><strong><span class=\"selected\">Apariencia<\/span><\/strong><\/td>\n<td><span class=\"selected\">Polvo fino marr\u00f3n en c\u00e1psula transparente o blanca<\/span><\/td>\n<td><\/td>\n<\/tr>\n<tr>\n<td><strong><span class=\"selected\">Tipo de c\u00e1psula<\/span><\/strong><\/td>\n<td><span class=\"selected\">HPMC (hidroxipropilmetilcelulosa) o gelatina<\/span><\/td>\n<td><span class=\"selected\">HPMC es 100% de origen vegetal y apto para declaraciones veganas.<\/span><\/td>\n<\/tr>\n<tr>\n<td><strong><span class=\"selected\">Tama\u00f1o de la c\u00e1psula<\/span><\/strong><\/td>\n<td><span class=\"selected\">#00, #0, o tama\u00f1o personalizado<\/span><\/td>\n<td><\/td>\n<\/tr>\n<tr>\n<td><strong><span class=\"selected\">Excipientes<\/span><\/strong><\/td>\n<td><span class=\"selected\">Opciones: Sin excipientes, Harina de arroz, MCC<\/span><\/td>\n<td><span class=\"selected\">Formulado para cumplir los requisitos de la \"etiqueta limpia\".<\/span><\/td>\n<\/tr>\n<tr>\n<td><strong><span class=\"selected\">Metales pesados<\/span><\/strong><\/td>\n<td><span class=\"selected\">Ars\u00e9nico (As) &lt;1 ppm, Cadmio (Cd) &lt;1 ppm, Plomo (Pb) &lt;3 ppm, Mercurio (Hg) &lt;0,1 ppm<\/span><\/td>\n<td><span class=\"selected\">Totalmente conforme con las normas USP\/EP.<\/span><\/td>\n<\/tr>\n<tr>\n<td><strong><span class=\"selected\">Microbiolog\u00eda<\/span><\/strong><\/td>\n<td><span class=\"selected\">Recuento total en placa &lt;1000 ufc\/g, levaduras y mohos &lt;100 ufc\/g<\/span><\/td>\n<td><span class=\"selected\">E. Coli, Salmonella, Staph. Aureus: Negativo.<\/span><\/td>\n<\/tr>\n<\/tbody>\n<\/table>\n<h2><strong><span class=\"selected\">Opciones de personalizaci\u00f3n y marca blanca<\/span><\/strong><\/h2>\n<p><span class=\"selected\">Entendemos que un producto de \u00e9xito refleja una visi\u00f3n de marca \u00fanica. Nuestro servicio de marca blanca se adapta a sus necesidades y le ofrece una gran flexibilidad con el apoyo de expertos en cada fase.<\/span><\/p>\n<h3><strong><span class=\"selected\">Paso 1: Elija su dosis<\/span><\/strong><\/h3>\n<p><span class=\"selected\">Elija entre nuestras potencias est\u00e1ndar, probadas en el mercado, de 500 mg, 600 mg u 800 mg por c\u00e1psula. O colabore con nuestro equipo de formulaci\u00f3n para desarrollar una dosis personalizada adaptada al posicionamiento de su producto y a su p\u00fablico objetivo.<\/span><\/p>\n<h3><strong><span class=\"selected\">Paso 2: Seleccione su c\u00e1psula<\/span><\/strong><\/h3>\n<p><span class=\"selected\">Satisfaga las preferencias de los consumidores modernos con nuestras opciones de c\u00e1psulas. Elija <\/span><strong><span class=\"selected\">C\u00e1psulas veganas HPMC<\/span><\/strong><span class=\"selected\"> para un producto 100% a base de plantas y apto para vegetarianos, u opte por el tradicional <\/span><strong><span class=\"selected\">c\u00e1psulas de gelatina<\/span><\/strong><span class=\"selected\">. Ofrecemos una gama de tama\u00f1os para una entrega \u00f3ptima y facilidad de uso.<\/span><\/p>\n<h3><strong><span class=\"selected\">Paso 3: Dise\u00f1e su envase<\/span><\/strong><\/h3>\n<p><span class=\"selected\">Complete su producto con un envase profesional. Ofrecemos una gran variedad de opciones, como el n\u00famero de frascos (60, 90 o 120 c\u00e1psulas), los colores de los frascos (\u00e1mbar, blanco, azul, etc.), los tipos de tap\u00f3n y asistencia completa para el dise\u00f1o de etiquetas y el proceso de aplicaci\u00f3n.<\/span><\/p>\n<h2><strong><span class=\"selected\">Excelencia en la fabricaci\u00f3n y garant\u00eda de calidad<\/span><\/strong><\/h2>\n<p><span class=\"selected\">Como el original <\/span><strong><span class=\"selected\">fabricante<\/span><\/strong><span class=\"selected\"> y <\/span><strong><span class=\"selected\">exportador<\/span><\/strong><span class=\"selected\">Mantenemos un control absoluto sobre el proceso de producci\u00f3n, garantizando que cada botella cumpla las normas m\u00e1s estrictas de calidad y seguridad.<\/span><\/p>\n<h3><strong><span class=\"selected\">Instalaciones con certificaci\u00f3n GMP<\/span><\/strong><\/h3>\n<p><span class=\"selected\">Nuestras instalaciones de producci\u00f3n cumplen estrictamente las Buenas Pr\u00e1cticas de Fabricaci\u00f3n (cGMP) descritas en la norma 21 CFR Parte 111. Las instalaciones se someten a auditor\u00edas internas y externas peri\u00f3dicas para garantizar el cumplimiento de los protocolos de seguridad, higiene y calidad. Las instalaciones se someten peri\u00f3dicamente a auditor\u00edas internas y externas para garantizar el cumplimiento de los protocolos de seguridad, higiene y control de calidad.<\/span><\/p>\n<h3><strong><span class=\"selected\">Riguroso protocolo de pruebas<\/span><\/strong><\/h3>\n<p><span class=\"selected\">La calidad se valida mediante un r\u00e9gimen de pruebas en varias fases. Se comprueba la identidad y pureza de todas las materias primas entrantes. Los controles durante el proceso supervisan la consistencia, y cada lote acabado se somete a un an\u00e1lisis final de contaminantes microbianos y metales pesados para confirmar que cumple las especificaciones.<\/span><\/p>\n<h3><strong><span class=\"selected\">Documentaci\u00f3n exhaustiva<\/span><\/strong><\/h3>\n<p><span class=\"selected\">Ofrecemos total transparencia y apoyo a sus necesidades normativas. Cada env\u00edo va acompa\u00f1ado de un Certificado de An\u00e1lisis (COA) espec\u00edfico del lote. Hay disponibles documentos adicionales, como una hoja de especificaciones, un certificado org\u00e1nico y una declaraci\u00f3n de al\u00e9rgenos.<\/span><\/p>\n<h2><strong><span class=\"selected\">Embalaje, suministro y log\u00edstica<\/span><\/strong><\/h2>\n<p><span class=\"selected\">Nos comprometemos a ser una empresa fiable <\/span><strong><span class=\"selected\">proveedor<\/span><\/strong><span class=\"selected\"> para el crecimiento de su marca. Las cantidades a granel est\u00e1n disponibles para el env\u00edo global directamente desde nuestro <\/span><strong><span class=\"selected\">f\u00e1brica<\/span><\/strong><span class=\"selected\">. Trabajamos con socios log\u00edsticos de confianza para garantizar que su pedido llegue a tiempo y en perfectas condiciones.<\/span><\/p>\n<ul>\n<li><strong><span class=\"selected\">Cantidad m\u00ednima de pedido (MOQ):<\/span><\/strong><span class=\"selected\"> Nuestros MOQ est\u00e1n estructurados para apoyar tanto a las marcas emergentes como a las ya establecidas. Solicite m\u00e1s informaci\u00f3n sobre su proyecto espec\u00edfico de marca blanca.<\/span><\/li>\n<li><strong><span class=\"selected\">Plazo de entrega:<\/span><\/strong><span class=\"selected\"> El plazo de entrega est\u00e1ndar es de aproximadamente 4-6 semanas para los pedidos iniciales de marcas propias, con plazos de entrega m\u00e1s r\u00e1pidos para los nuevos pedidos.<\/span><\/li>\n<li><strong><span class=\"selected\">Embalaje:<\/span><\/strong><span class=\"selected\"> Los productos se env\u00edan en recipientes sellados a prueba de manipulaciones, claramente marcados con los n\u00fameros de lote y las fechas de producci\u00f3n para una trazabilidad completa.<\/span><\/li>\n<\/ul>\n<h2><strong><span class=\"selected\">As\u00f3ciese con un proveedor l\u00edder de c\u00e1psulas de seta de leche de tigre<\/span><\/strong><\/h2>\n<p><span class=\"selected\">\u00bfEst\u00e1 preparado para crear un suplemento para la salud respiratoria que destaque? Nuestra combinaci\u00f3n de ingredientes org\u00e1nicos de primera calidad, soluciones personalizables y un firme compromiso con la calidad nos convierte en el socio ideal para su marca. P\u00f3ngase en contacto con nosotros hoy mismo para hablar de su proyecto.<\/span><\/p>\n<p><span class=\"selected\"><div class=\"wpforms-container wpforms-container-full contact_form wpforms-render-modern\" id=\"wpforms-253\"><form id=\"wpforms-form-253\" class=\"wpforms-validate wpforms-form wpforms-ajax-form\" data-formid=\"253\" method=\"post\" enctype=\"multipart\/form-data\" action=\"\/es\/wp-json\/wp\/v2\/product\/1017\" data-token=\"899d7c442a3c7863952a108b8a1f01d5\" data-token-time=\"1777074031\" data-trp-original-action=\"\/es\/wp-json\/wp\/v2\/product\/1017\"><noscript class=\"wpforms-error-noscript\">Por favor, activa JavaScript en tu navegador para completar este formulario.<\/noscript><div id=\"wpforms-error-noscript\" style=\"display: none;\">Por favor, activa JavaScript en tu navegador para completar este formulario.<\/div><div class=\"wpforms-field-container\">\t\t<div id=\"wpforms-253-field_1-container\"\n\t\t\tclass=\"wpforms-field wpforms-field-text\"\n\t\t\tdata-field-type=\"text\"\n\t\t\tdata-field-id=\"1\"\n\t\t\t>\n\t\t\t<label class=\"wpforms-field-label\" for=\"wpforms-253-field_1\" >Inter\u00e9s estimado de la empresa<\/label>\n\t\t\t<input type=\"text\" id=\"wpforms-253-field_1\" class=\"wpforms-field-medium\" name=\"wpforms[fields][1]\" >\n\t\t<\/div>\n\t\t<div id=\"wpforms-253-field_17-container\" class=\"wpforms-field wpforms-field-layout\" data-field-id=\"17\"><div class=\"wpforms-field-layout-rows wpforms-field-large\"><div class=\"wpforms-layout-row\"><div class=\"wpforms-layout-column wpforms-layout-column-50\"><div id=\"wpforms-253-field_14-container\" class=\"wpforms-field wpforms-field-text\" data-field-id=\"14\"><label class=\"wpforms-field-label\" for=\"wpforms-253-field_14\">Nombre <span class=\"wpforms-required-label\" aria-hidden=\"true\">*<\/span><\/label><input type=\"text\" id=\"wpforms-253-field_14\" class=\"wpforms-field-large wpforms-field-required\" name=\"wpforms[fields][14]\" aria-errormessage=\"wpforms-253-field_14-error\" required><\/div><\/div><div class=\"wpforms-layout-column wpforms-layout-column-50\"><div id=\"wpforms-253-field_16-container\" class=\"wpforms-field wpforms-field-text\" data-field-id=\"16\"><label class=\"wpforms-field-label\" for=\"wpforms-253-field_16\">Nombre de la empresa<\/label><input type=\"text\" id=\"wpforms-253-field_16\" class=\"wpforms-field-medium\" name=\"wpforms[fields][16]\" aria-errormessage=\"wpforms-253-field_16-error\" ><\/div><\/div><\/div><\/div><\/div><div id=\"wpforms-253-field_18-container\" class=\"wpforms-field wpforms-field-phone\" data-field-id=\"18\"><label class=\"wpforms-field-label\" for=\"wpforms-253-field_18\">Tel\u00e9fono <span class=\"wpforms-required-label\" aria-hidden=\"true\">*<\/span><\/label><input type=\"tel\" id=\"wpforms-253-field_18\" class=\"wpforms-field-large wpforms-field-required wpforms-smart-phone-field\" data-rule-smart-phone-field=\"true\" name=\"wpforms[fields][18]\" aria-label=\"Tel\u00e9fono\" aria-errormessage=\"wpforms-253-field_18-error\" required><\/div><div id=\"wpforms-253-field_15-container\" class=\"wpforms-field wpforms-field-email\" data-field-id=\"15\"><label class=\"wpforms-field-label\" for=\"wpforms-253-field_15\">Correo electr\u00f3nico \/ WhatsApp <span class=\"wpforms-required-label\" aria-hidden=\"true\">*<\/span><\/label><input type=\"email\" id=\"wpforms-253-field_15\" class=\"wpforms-field-large wpforms-field-required\" name=\"wpforms[fields][15]\" spellcheck=\"false\" aria-errormessage=\"wpforms-253-field_15-error\" required><\/div><div id=\"wpforms-253-field_7-container\" class=\"wpforms-field wpforms-field-checkbox wpforms-list-2-columns\" data-field-id=\"7\"><fieldset><legend class=\"wpforms-field-label\">Inter\u00e9s del producto (seleccione varios)<\/legend><ul id=\"wpforms-253-field_7\"><li class=\"choice-1 depth-1\"><input type=\"checkbox\" id=\"wpforms-253-field_7_1\" name=\"wpforms[fields][7][]\" value=\"Liquid Supplements\" aria-errormessage=\"wpforms-253-field_7_1-error\"  ><label class=\"wpforms-field-label-inline\" for=\"wpforms-253-field_7_1\">Suplementos l\u00edquidos<\/label><\/li><li class=\"choice-2 depth-1\"><input type=\"checkbox\" id=\"wpforms-253-field_7_2\" name=\"wpforms[fields][7][]\" value=\"Functional Gummies\" aria-errormessage=\"wpforms-253-field_7_2-error\"  ><label class=\"wpforms-field-label-inline\" for=\"wpforms-253-field_7_2\">Gominolas funcionales<\/label><\/li><li class=\"choice-3 depth-1\"><input type=\"checkbox\" id=\"wpforms-253-field_7_3\" name=\"wpforms[fields][7][]\" value=\"Capsules &amp; Softgels\" aria-errormessage=\"wpforms-253-field_7_3-error\"  ><label class=\"wpforms-field-label-inline\" for=\"wpforms-253-field_7_3\">C\u00e1psulas y c\u00e1psulas blandas<\/label><\/li><li class=\"choice-4 depth-1\"><input type=\"checkbox\" id=\"wpforms-253-field_7_4\" name=\"wpforms[fields][7][]\" value=\"Botanical Powders\" aria-errormessage=\"wpforms-253-field_7_4-error\"  ><label class=\"wpforms-field-label-inline\" for=\"wpforms-253-field_7_4\">Polvos bot\u00e1nicos<\/label><\/li><\/ul><\/fieldset><\/div><div id=\"wpforms-253-field_13-container\" class=\"wpforms-field wpforms-field-textarea\" data-field-id=\"13\"><label class=\"wpforms-field-label\" for=\"wpforms-253-field_13\">Cantidad estimada<\/label><textarea id=\"wpforms-253-field_13\" class=\"wpforms-field-medium\" name=\"wpforms[fields][13]\" aria-errormessage=\"wpforms-253-field_13-error\" ><\/textarea><\/div><script>\n\t\t\t\t( function() {\n\t\t\t\t\tconst style = document.createElement( 'style' );\n\t\t\t\t\tstyle.appendChild( document.createTextNode( '#wpforms-253-field_1-container { position: absolute !important; overflow: hidden !important; display: inline !important; height: 1px !important; width: 1px !important; z-index: -1000 !important; padding: 0 !important; } #wpforms-253-field_1-container input { visibility: hidden; } #wpforms-conversational-form-page #wpforms-253-field_1-container label { counter-increment: none; }' ) );\n\t\t\t\t\tdocument.head.appendChild( style );\n\t\t\t\t\tdocument.currentScript?.remove();\n\t\t\t\t} )();\n\t\t\t<\/script><\/div><!-- .wpforms-field-container --><div class=\"wpforms-submit-container\" ><input type=\"hidden\" name=\"wpforms[id]\" value=\"253\"><input type=\"hidden\" name=\"page_title\" value=\"\"><input type=\"hidden\" name=\"page_url\" value=\"https:\/\/chtnature.com\/es\/wp-json\/wp\/v2\/product\/1017\"><input type=\"hidden\" name=\"url_referer\" value=\"\"><button type=\"submit\" name=\"wpforms[submit]\" id=\"wpforms-submit-253\" class=\"wpforms-submit\" data-alt-text=\"Sending...\" data-submit-text=\"Submit\" aria-live=\"assertive\" value=\"wpforms-submit\">Enviar<\/button><img decoding=\"async\" src=\"https:\/\/chtnature.com\/wp-content\/plugins\/wpforms\/assets\/images\/submit-spin.svg\" class=\"wpforms-submit-spinner\" style=\"display: none;\" width=\"26\" height=\"26\" alt=\"Cargando\" title=\"\"><\/div><input type=\"hidden\" name=\"trp-form-language\" value=\"es\"\/><\/form><\/div>  <!-- .wpforms-container --><\/span><\/p>","protected":false},"excerpt":{"rendered":"<ul>\n<li><b>Producto:<\/b> C\u00e1psulas de seta de leche de tigre ecol\u00f3gica (Lignosus rhinocerus)<\/li>\n<li><b>Dosis est\u00e1ndar:<\/b> 500 mg, 600 mg, 800 mg por c\u00e1psula. Dosis personalizadas disponibles.<\/li>\n<li><b>Opciones de c\u00e1psulas:<\/b> HPMC (vegano) o gelatina. Varios tama\u00f1os (#0, #00).<\/li>\n<li><b>Ventajas clave:<\/b> Obtenido a partir de Lignosus rhinocerus org\u00e1nico certificado, fabricado en instalaciones con certificaci\u00f3n GMP y disponible para un servicio completo llave en mano.<\/li>\n<\/ul>","protected":false},"featured_media":1019,"comment_status":"open","ping_status":"closed","template":"","meta":{"_acf_changed":false},"product_brand":[],"product_cat":[19],"product_tag":[],"class_list":{"0":"post-1017","1":"product","2":"type-product","3":"status-publish","4":"has-post-thumbnail","6":"product_cat-capsules-softgels","8":"first","9":"instock","10":"shipping-taxable","11":"product-type-simple"},"acf":[],"_links":{"self":[{"href":"https:\/\/chtnature.com\/es\/wp-json\/wp\/v2\/product\/1017","targetHints":{"allow":["GET"]}}],"collection":[{"href":"https:\/\/chtnature.com\/es\/wp-json\/wp\/v2\/product"}],"about":[{"href":"https:\/\/chtnature.com\/es\/wp-json\/wp\/v2\/types\/product"}],"replies":[{"embeddable":true,"href":"https:\/\/chtnature.com\/es\/wp-json\/wp\/v2\/comments?post=1017"}],"wp:featuredmedia":[{"embeddable":true,"href":"https:\/\/chtnature.com\/es\/wp-json\/wp\/v2\/media\/1019"}],"wp:attachment":[{"href":"https:\/\/chtnature.com\/es\/wp-json\/wp\/v2\/media?parent=1017"}],"wp:term":[{"taxonomy":"product_brand","embeddable":true,"href":"https:\/\/chtnature.com\/es\/wp-json\/wp\/v2\/product_brand?post=1017"},{"taxonomy":"product_cat","embeddable":true,"href":"https:\/\/chtnature.com\/es\/wp-json\/wp\/v2\/product_cat?post=1017"},{"taxonomy":"product_tag","embeddable":true,"href":"https:\/\/chtnature.com\/es\/wp-json\/wp\/v2\/product_tag?post=1017"}],"curies":[{"name":"wp","href":"https:\/\/api.w.org\/{rel}","templated":true}]}}