{"id":292,"date":"2025-07-25T05:54:32","date_gmt":"2025-07-25T05:54:32","guid":{"rendered":"https:\/\/chtnature.com\/?post_type=product&#038;p=292"},"modified":"2025-08-04T04:00:13","modified_gmt":"2025-08-04T04:00:13","slug":"glucosamina-condroitina-capsulas","status":"publish","type":"product","link":"https:\/\/chtnature.com\/es\/product\/glucosamina-condroitina-capsulas\/","title":{"rendered":"Glucosamina Condroitina C\u00e1psulas"},"content":{"rendered":"<p><span class=\"selected\">Nuestras c\u00e1psulas de glucosamina y condroitina son un suplemento diet\u00e9tico elaborado por expertos para mantener la salud de las articulaciones y mejorar la movilidad. Como l\u00edder <\/span><strong><span class=\"selected\">fabricante<\/span><\/strong><span class=\"selected\"> y <\/span><strong><span class=\"selected\">exportador<\/span><\/strong><span class=\"selected\"> de suplementos diet\u00e9ticos, nuestra <\/span><strong><span class=\"selected\">f\u00e1brica<\/span><\/strong><span class=\"selected\"> se ha comprometido a proporcionar una forma segura y eficaz para ayudarle a mantener un estilo de vida activo. Esta f\u00f3rmula avanzada combina los componentes b\u00e1sicos del cart\u00edlago -glucosamina y condroitina- con una potente mezcla de extractos de hierbas y compuestos como la boswellia, la c\u00farcuma y el MSM para ofrecer un apoyo integral.<\/span><\/p>\n<p><span class=\"selected\">Este producto est\u00e1 especialmente indicado para los aficionados al deporte, las personas mayores y los trabajadores de oficina. Con la edad o la actividad deportiva, el cart\u00edlago de las articulaciones puede desgastarse, provocando molestias y reduciendo la flexibilidad. Este producto proporciona un apoyo nutricional completo para sus articulaciones a trav\u00e9s de una mezcla cient\u00edfica de m\u00faltiples nutrientes sin\u00e9rgicos.<\/span><\/p>","protected":false},"excerpt":{"rendered":"<ul>\n<li><span class=\"selected\">Formulado cient\u00edficamente para un apoyo articular multiacci\u00f3n<\/span><\/li>\n<li><span class=\"selected\">Ayuda a aliviar las molestias articulares y a mejorar la flexibilidad<\/span><\/li>\n<li><span class=\"selected\">Favorece la salud de los cart\u00edlagos y retrasa su degeneraci\u00f3n<\/span><\/li>\n<li><span class=\"selected\">Ingredientes de alta calidad para una mejor absorci\u00f3n<\/span><\/li>\n<\/ul>","protected":false},"featured_media":293,"comment_status":"open","ping_status":"closed","template":"","meta":{"_acf_changed":false},"product_brand":[],"product_cat":[15],"product_tag":[],"class_list":{"0":"post-292","1":"product","2":"type-product","3":"status-publish","4":"has-post-thumbnail","6":"product_cat-liquid-supplements","8":"first","9":"instock","10":"shipping-taxable","11":"product-type-simple"},"acf":[],"_links":{"self":[{"href":"https:\/\/chtnature.com\/es\/wp-json\/wp\/v2\/product\/292","targetHints":{"allow":["GET"]}}],"collection":[{"href":"https:\/\/chtnature.com\/es\/wp-json\/wp\/v2\/product"}],"about":[{"href":"https:\/\/chtnature.com\/es\/wp-json\/wp\/v2\/types\/product"}],"replies":[{"embeddable":true,"href":"https:\/\/chtnature.com\/es\/wp-json\/wp\/v2\/comments?post=292"}],"wp:featuredmedia":[{"embeddable":true,"href":"https:\/\/chtnature.com\/es\/wp-json\/wp\/v2\/media\/293"}],"wp:attachment":[{"href":"https:\/\/chtnature.com\/es\/wp-json\/wp\/v2\/media?parent=292"}],"wp:term":[{"taxonomy":"product_brand","embeddable":true,"href":"https:\/\/chtnature.com\/es\/wp-json\/wp\/v2\/product_brand?post=292"},{"taxonomy":"product_cat","embeddable":true,"href":"https:\/\/chtnature.com\/es\/wp-json\/wp\/v2\/product_cat?post=292"},{"taxonomy":"product_tag","embeddable":true,"href":"https:\/\/chtnature.com\/es\/wp-json\/wp\/v2\/product_tag?post=292"}],"curies":[{"name":"wp","href":"https:\/\/api.w.org\/{rel}","templated":true}]}}