{"id":662,"date":"2025-08-04T05:44:18","date_gmt":"2025-08-04T05:44:18","guid":{"rendered":"https:\/\/chtnature.com\/?post_type=product&#038;p=662"},"modified":"2025-08-04T05:44:18","modified_gmt":"2025-08-04T05:44:18","slug":"capsulas-de-complejo-de-setas","status":"publish","type":"product","link":"https:\/\/chtnature.com\/es\/product\/capsulas-de-complejo-de-setas\/","title":{"rendered":"C\u00e1psulas de complejo de setas"},"content":{"rendered":"<p><span class=\"selected\">Nuestras C\u00e1psulas de Mezcla de Setas son un potente suplemento diet\u00e9tico formulado por expertos para apoyar tanto la mente como el cuerpo. Como <\/span><strong><span class=\"selected\">fabricante<\/span><\/strong><span class=\"selected\"> y <\/span><strong><span class=\"selected\">exportador<\/span><\/strong><span class=\"selected\"> de suplementos adaptog\u00e9nicos, nuestro <\/span><strong><span class=\"selected\">f\u00e1brica<\/span><\/strong><span class=\"selected\"> aprovecha el poder de los hongos m\u00e1s venerados de la naturaleza en una pr\u00e1ctica c\u00e1psula. Este complejo avanzado combina ingredientes tan codiciados como la Melena de Le\u00f3n para el apoyo cognitivo y Chaga por sus ricas propiedades antioxidantes para ofrecer una soluci\u00f3n de bienestar integral.<\/span><\/p>\n<p><span class=\"selected\">Este producto es ideal para marcas de bienestar dirigidas a profesionales, estudiantes, biohackers y cualquier persona que busque mejorar su rendimiento diario y su resistencia de forma natural. Proporcionamos una f\u00f3rmula potente y lista para el mercado que ayuda a sus clientes a lograr claridad mental y reforzar las defensas naturales de su organismo.<\/span><\/p>","protected":false},"excerpt":{"rendered":"<ul>\n<li><span class=\"selected\">Mezcla sin\u00e9rgica de potentes hongos adapt\u00f3genos<\/span><\/li>\n<li><span class=\"selected\">Favorece la funci\u00f3n cognitiva, la concentraci\u00f3n y la claridad<\/span><\/li>\n<li><span class=\"selected\">Refuerza el sistema inmunitario y aporta antioxidantes<\/span><\/li>\n<li><span class=\"selected\">Extractos puros de hongos de alta potencia<\/span><\/li>\n<\/ul>","protected":false},"featured_media":665,"comment_status":"open","ping_status":"closed","template":"","meta":{"_acf_changed":false},"product_brand":[],"product_cat":[19],"product_tag":[],"class_list":{"0":"post-662","1":"product","2":"type-product","3":"status-publish","4":"has-post-thumbnail","6":"product_cat-capsules-softgels","8":"first","9":"instock","10":"shipping-taxable","11":"product-type-simple"},"acf":[],"_links":{"self":[{"href":"https:\/\/chtnature.com\/es\/wp-json\/wp\/v2\/product\/662","targetHints":{"allow":["GET"]}}],"collection":[{"href":"https:\/\/chtnature.com\/es\/wp-json\/wp\/v2\/product"}],"about":[{"href":"https:\/\/chtnature.com\/es\/wp-json\/wp\/v2\/types\/product"}],"replies":[{"embeddable":true,"href":"https:\/\/chtnature.com\/es\/wp-json\/wp\/v2\/comments?post=662"}],"wp:featuredmedia":[{"embeddable":true,"href":"https:\/\/chtnature.com\/es\/wp-json\/wp\/v2\/media\/665"}],"wp:attachment":[{"href":"https:\/\/chtnature.com\/es\/wp-json\/wp\/v2\/media?parent=662"}],"wp:term":[{"taxonomy":"product_brand","embeddable":true,"href":"https:\/\/chtnature.com\/es\/wp-json\/wp\/v2\/product_brand?post=662"},{"taxonomy":"product_cat","embeddable":true,"href":"https:\/\/chtnature.com\/es\/wp-json\/wp\/v2\/product_cat?post=662"},{"taxonomy":"product_tag","embeddable":true,"href":"https:\/\/chtnature.com\/es\/wp-json\/wp\/v2\/product_tag?post=662"}],"curies":[{"name":"wp","href":"https:\/\/api.w.org\/{rel}","templated":true}]}}