{"id":669,"date":"2025-08-04T05:51:48","date_gmt":"2025-08-04T05:51:48","guid":{"rendered":"https:\/\/chtnature.com\/?post_type=product&#038;p=669"},"modified":"2025-08-04T05:52:20","modified_gmt":"2025-08-04T05:52:20","slug":"gominolas-de-setas-ecologicas","status":"publish","type":"product","link":"https:\/\/chtnature.com\/es\/product\/gominolas-de-setas-ecologicas\/","title":{"rendered":"Mezcla de Extracto de Setas Ecol\u00f3gicas 8 en 1 Gummies"},"content":{"rendered":"<p><span class=\"selected\">Nuestras gominolas de setas org\u00e1nicas ofrecen una forma deliciosa y c\u00f3moda de experimentar los beneficios sin\u00e9rgicos de ocho de las setas m\u00e1s poderosas de la naturaleza. Como <\/span><strong><span class=\"selected\">fabricante<\/span><\/strong><span class=\"selected\"> y <\/span><strong><span class=\"selected\">exportador<\/span><\/strong><span class=\"selected\"> de suplementos de bienestar, nuestra <\/span><strong><span class=\"selected\">f\u00e1brica<\/span><\/strong><span class=\"selected\"> ha elaborado este complejo 8 en 1 para proporcionar un apoyo integral a la funci\u00f3n cognitiva, la respuesta inmunitaria y los niveles naturales de energ\u00eda. Con potentes extractos como Melena de Le\u00f3n, Reishi y Cordyceps, estas gominolas son el suplemento diario perfecto.<\/span><\/p>\n<p><span class=\"selected\">Este producto es ideal para las marcas que se dirigen al creciente mercado del bienestar natural, los nootr\u00f3picos y los adapt\u00f3genos. Su atractivo formato de gominola y sus formas personalizables (oso, coraz\u00f3n, estrella, etc.) lo convierten en un producto muy comercializable para una amplia base de consumidores, desde profesionales ocupados hasta personas preocupadas por su salud.<\/span><\/p>","protected":false},"excerpt":{"rendered":"<ul>\n<li><span class=\"selected\">Completa mezcla de setas ecol\u00f3gicas 8 en 1<\/span><\/li>\n<li><span class=\"selected\">Favorece la funci\u00f3n cerebral, la inmunidad y la energ\u00eda<\/span><\/li>\n<li><span class=\"selected\">Delicioso sabor natural, disponible en formas personalizadas<\/span><\/li>\n<li><span class=\"selected\">F\u00f3rmula vegana, sin OGM y sin gelatina<\/span><\/li>\n<\/ul>","protected":false},"featured_media":671,"comment_status":"open","ping_status":"closed","template":"","meta":{"_acf_changed":false},"product_brand":[],"product_cat":[18],"product_tag":[],"class_list":{"0":"post-669","1":"product","2":"type-product","3":"status-publish","4":"has-post-thumbnail","6":"product_cat-functional-gummies","8":"first","9":"instock","10":"shipping-taxable","11":"product-type-simple"},"acf":[],"_links":{"self":[{"href":"https:\/\/chtnature.com\/es\/wp-json\/wp\/v2\/product\/669","targetHints":{"allow":["GET"]}}],"collection":[{"href":"https:\/\/chtnature.com\/es\/wp-json\/wp\/v2\/product"}],"about":[{"href":"https:\/\/chtnature.com\/es\/wp-json\/wp\/v2\/types\/product"}],"replies":[{"embeddable":true,"href":"https:\/\/chtnature.com\/es\/wp-json\/wp\/v2\/comments?post=669"}],"wp:featuredmedia":[{"embeddable":true,"href":"https:\/\/chtnature.com\/es\/wp-json\/wp\/v2\/media\/671"}],"wp:attachment":[{"href":"https:\/\/chtnature.com\/es\/wp-json\/wp\/v2\/media?parent=669"}],"wp:term":[{"taxonomy":"product_brand","embeddable":true,"href":"https:\/\/chtnature.com\/es\/wp-json\/wp\/v2\/product_brand?post=669"},{"taxonomy":"product_cat","embeddable":true,"href":"https:\/\/chtnature.com\/es\/wp-json\/wp\/v2\/product_cat?post=669"},{"taxonomy":"product_tag","embeddable":true,"href":"https:\/\/chtnature.com\/es\/wp-json\/wp\/v2\/product_tag?post=669"}],"curies":[{"name":"wp","href":"https:\/\/api.w.org\/{rel}","templated":true}]}}