{"id":676,"date":"2025-08-04T05:59:09","date_gmt":"2025-08-04T05:59:09","guid":{"rendered":"https:\/\/chtnature.com\/?post_type=product&#038;p=676"},"modified":"2025-08-04T05:59:09","modified_gmt":"2025-08-04T05:59:09","slug":"capsulas-de-melena-de-leon","status":"publish","type":"product","link":"https:\/\/chtnature.com\/es\/product\/capsulas-de-melena-de-leon\/","title":{"rendered":"C\u00e1psulas de Melena de Le\u00f3n"},"content":{"rendered":"<p><span class=\"selected\">Nuestras C\u00e1psulas de Melena de Le\u00f3n son un suplemento nootr\u00f3pico de primera calidad dise\u00f1ado para favorecer el m\u00e1ximo rendimiento cognitivo. Como <\/span><strong><span class=\"selected\">fabricante<\/span><\/strong><span class=\"selected\"> y <\/span><strong><span class=\"selected\">exportador<\/span><\/strong><span class=\"selected\"> de suplementos a base de hierbas, nuestro <\/span><strong><span class=\"selected\">f\u00e1brica<\/span><\/strong><span class=\"selected\"> utiliza un extracto de alta potencia de hongos de melena de le\u00f3n puros (Hericium erinaceus) para proporcionar una potente dosis de beneficios para el cerebro en cada c\u00e1psula. Este potente ingrediente \u00fanico es famoso por su capacidad para estimular el factor de crecimiento nervioso (NGF), la memoria y la concentraci\u00f3n.<\/span><\/p>\n<p><span class=\"selected\">Este producto es perfecto para las marcas que se dirigen al mercado nootr\u00f3pico en r\u00e1pido crecimiento, incluidos profesionales, estudiantes, personas mayores y biohackers. Al ofrecer un suplemento limpio, eficaz y muy solicitado, puede proporcionar a sus clientes una forma natural de mejorar su agudeza mental y la salud general del cerebro.<\/span><\/p>","protected":false},"excerpt":{"rendered":"<ul>\n<li><span class=\"selected\">Favorece la memoria, la concentraci\u00f3n y la salud nerviosa<\/span><\/li>\n<li><span class=\"selected\">Favorece la claridad mental y la funci\u00f3n cognitiva<\/span><\/li>\n<li><span class=\"selected\">Extracto puro de seta melena de le\u00f3n de alta potencia<\/span><\/li>\n<li><span class=\"selected\">Ideal para marcas de nootr\u00f3picos y bienestar<\/span><\/li>\n<\/ul>","protected":false},"featured_media":678,"comment_status":"open","ping_status":"closed","template":"","meta":{"_acf_changed":false},"product_brand":[],"product_cat":[19,20],"product_tag":[],"class_list":{"0":"post-676","1":"product","2":"type-product","3":"status-publish","4":"has-post-thumbnail","6":"product_cat-capsules-softgels","7":"product_cat-botanical-extract-powders","9":"first","10":"instock","11":"shipping-taxable","12":"product-type-simple"},"acf":[],"_links":{"self":[{"href":"https:\/\/chtnature.com\/es\/wp-json\/wp\/v2\/product\/676","targetHints":{"allow":["GET"]}}],"collection":[{"href":"https:\/\/chtnature.com\/es\/wp-json\/wp\/v2\/product"}],"about":[{"href":"https:\/\/chtnature.com\/es\/wp-json\/wp\/v2\/types\/product"}],"replies":[{"embeddable":true,"href":"https:\/\/chtnature.com\/es\/wp-json\/wp\/v2\/comments?post=676"}],"wp:featuredmedia":[{"embeddable":true,"href":"https:\/\/chtnature.com\/es\/wp-json\/wp\/v2\/media\/678"}],"wp:attachment":[{"href":"https:\/\/chtnature.com\/es\/wp-json\/wp\/v2\/media?parent=676"}],"wp:term":[{"taxonomy":"product_brand","embeddable":true,"href":"https:\/\/chtnature.com\/es\/wp-json\/wp\/v2\/product_brand?post=676"},{"taxonomy":"product_cat","embeddable":true,"href":"https:\/\/chtnature.com\/es\/wp-json\/wp\/v2\/product_cat?post=676"},{"taxonomy":"product_tag","embeddable":true,"href":"https:\/\/chtnature.com\/es\/wp-json\/wp\/v2\/product_tag?post=676"}],"curies":[{"name":"wp","href":"https:\/\/api.w.org\/{rel}","templated":true}]}}