{"id":682,"date":"2025-08-04T06:07:27","date_gmt":"2025-08-04T06:07:27","guid":{"rendered":"https:\/\/chtnature.com\/?post_type=product&#038;p=682"},"modified":"2025-08-04T06:13:46","modified_gmt":"2025-08-04T06:13:46","slug":"cafe-de-setas-fabricante-oem","status":"publish","type":"product","link":"https:\/\/chtnature.com\/es\/product\/cafe-de-setas-fabricante-oem\/","title":{"rendered":"Caf\u00e9 con setas 6 en 1"},"content":{"rendered":"<p>El Mushroom Coffee es un caf\u00e9 \u00fanico elaborado a partir de una mezcla de setas convenientemente molidas y caf\u00e9 en polvo para crear una infusi\u00f3n con un tueste suave y oscuro y sabor a nuez. Las setas funcionales se someten a un proceso de secado y extracci\u00f3n para extraer los compuestos beneficiosos que luego se a\u00f1aden al caf\u00e9 en polvo normal. Las setas m\u00e1s utilizadas en el caf\u00e9 de setas son la seta cabeza de mono, la seta de abedul, el reishi, el cordyceps y otras setas.<\/p>\n<p><span class=\"selected\">Eleve la experiencia diaria del caf\u00e9 con nuestro Mushroom Coffee, una bebida funcional de primera calidad dise\u00f1ada para el consumidor moderno. Como bebida <\/span><strong><span class=\"selected\">fabricante<\/span><\/strong><span class=\"selected\"> y <\/span><strong><span class=\"selected\">exportador<\/span><\/strong><span class=\"selected\"> de productos innovadores para el bienestar, nuestra <\/span><strong><span class=\"selected\">f\u00e1brica<\/span><\/strong><span class=\"selected\"> combina de forma experta caf\u00e9 ar\u00e1bica de alta calidad con una potente mezcla de setas adapt\u00f3genas org\u00e1nicas como Reishi, Chaga y Melena de Le\u00f3n. Esto no es solo caf\u00e9; es una herramienta de productividad y bienestar en una taza.<\/span><\/p>\n<p><span class=\"selected\">Este producto es perfecto para las marcas que se dirigen al mercado de las bebidas funcionales, incluidos los profesionales ocupados, los entusiastas de la salud y los amantes del caf\u00e9 que buscan una mejora. Proporcionamos un producto delicioso, eficaz y altamente comercializable que favorece la concentraci\u00f3n, reduce el estr\u00e9s y refuerza la inmunidad, todo ello sin los t\u00edpicos nervios del caf\u00e9.<\/span><\/p>","protected":false},"excerpt":{"rendered":"<ul>\n<li><span class=\"selected\">Favorece la concentraci\u00f3n, la inmunidad y el alivio del estr\u00e9s sin nerviosismo<\/span><\/li>\n<li><span class=\"selected\">Delicioso y rico sabor a caf\u00e9 con notas terrosas y adapt\u00f3genas<\/span><\/li>\n<li><span class=\"selected\">Sabor y mezcla de setas totalmente personalizables para su marca<\/span><\/li>\n<\/ul>","protected":false},"featured_media":683,"comment_status":"open","ping_status":"closed","template":"","meta":{"_acf_changed":false},"product_brand":[],"product_cat":[20],"product_tag":[],"class_list":{"0":"post-682","1":"product","2":"type-product","3":"status-publish","4":"has-post-thumbnail","6":"product_cat-botanical-extract-powders","8":"first","9":"instock","10":"shipping-taxable","11":"product-type-simple"},"acf":[],"_links":{"self":[{"href":"https:\/\/chtnature.com\/es\/wp-json\/wp\/v2\/product\/682","targetHints":{"allow":["GET"]}}],"collection":[{"href":"https:\/\/chtnature.com\/es\/wp-json\/wp\/v2\/product"}],"about":[{"href":"https:\/\/chtnature.com\/es\/wp-json\/wp\/v2\/types\/product"}],"replies":[{"embeddable":true,"href":"https:\/\/chtnature.com\/es\/wp-json\/wp\/v2\/comments?post=682"}],"wp:featuredmedia":[{"embeddable":true,"href":"https:\/\/chtnature.com\/es\/wp-json\/wp\/v2\/media\/683"}],"wp:attachment":[{"href":"https:\/\/chtnature.com\/es\/wp-json\/wp\/v2\/media?parent=682"}],"wp:term":[{"taxonomy":"product_brand","embeddable":true,"href":"https:\/\/chtnature.com\/es\/wp-json\/wp\/v2\/product_brand?post=682"},{"taxonomy":"product_cat","embeddable":true,"href":"https:\/\/chtnature.com\/es\/wp-json\/wp\/v2\/product_cat?post=682"},{"taxonomy":"product_tag","embeddable":true,"href":"https:\/\/chtnature.com\/es\/wp-json\/wp\/v2\/product_tag?post=682"}],"curies":[{"name":"wp","href":"https:\/\/api.w.org\/{rel}","templated":true}]}}