{"id":689,"date":"2025-08-03T19:14:35","date_gmt":"2025-08-03T19:14:35","guid":{"rendered":"https:\/\/chtnature.com\/?post_type=product&#038;p=689"},"modified":"2025-08-04T06:20:20","modified_gmt":"2025-08-04T06:20:20","slug":"reishi-mushroom-capsules-oem-manufacturer","status":"publish","type":"product","link":"https:\/\/chtnature.com\/es\/product\/reishi-mushroom-capsules-oem-manufacturer\/","title":{"rendered":"C\u00e1psulas de hongo reishi"},"content":{"rendered":"<p>Reishi Mushroom Capsule est\u00e1 hecho de Reishi (Ganoderma lucidum). Los principales componentes de la c\u00e1psula son triterpenoides, polisac\u00e1ridos y \u03b2-glucano. Los triterpenoides del hongo Reishi se distribuyen principalmente en la parte perif\u00e9rica del cuerpo fruct\u00edfero, y su contenido aumenta con el incremento de la madurez del cuerpo fruct\u00edfero. Algunos triterpenoides son amargos y otros no tienen sabor amargo. Su contenido var\u00eda seg\u00fan las variedades, las condiciones de cultivo y las distintas fases de crecimiento. El contenido de triterpenoides en los hongos Reishi amargos suele ser elevado.<\/p>\n<p><span class=\"selected\">Nuestras c\u00e1psulas de Reishi aprovechan el poder de uno de los adapt\u00f3genos m\u00e1s venerados en el bienestar tradicional, el Ganoderma lucidum. Como <\/span><strong><span class=\"selected\">fabricante<\/span><\/strong><span class=\"selected\"> y <\/span><strong><span class=\"selected\">exportador<\/span><\/strong><span class=\"selected\"> de suplementos a base de hierbas, nuestro <\/span><strong><span class=\"selected\">f\u00e1brica<\/span><\/strong><span class=\"selected\"> ha obtenido un extracto de hongo Reishi de alta potencia para proporcionar un apoyo integral para el manejo del estr\u00e9s y la funci\u00f3n inmune en una forma de c\u00e1psula conveniente.<\/span><\/p>\n<p><span class=\"selected\">Este producto es perfecto para marcas de los mercados del bienestar, el alivio del estr\u00e9s y la salud natural. Al ofrecer un suplemento de Reishi puro y potente, proporcionar\u00e1 a sus clientes una herramienta natural probada con el tiempo para ayudarles a superar las presiones de la vida moderna, reforzar las defensas de su organismo y promover una sensaci\u00f3n de bienestar general.<\/span><\/p>","protected":false},"excerpt":{"rendered":"<ul>\n<li><span class=\"selected\">Favorece la reducci\u00f3n del estr\u00e9s, la relajaci\u00f3n y un mejor sue\u00f1o<\/span><\/li>\n<li><span class=\"selected\">Favorece un sistema inmunitario sano y equilibrado<\/span><\/li>\n<li><span class=\"selected\">Rico en antioxidantes para combatir los radicales libres<\/span><\/li>\n<li><span class=\"selected\">Extracto puro de hongo Reishi de alta potencia<\/span><\/li>\n<\/ul>","protected":false},"featured_media":691,"comment_status":"open","ping_status":"closed","template":"","meta":{"_acf_changed":false},"product_brand":[],"product_cat":[19],"product_tag":[],"class_list":{"0":"post-689","1":"product","2":"type-product","3":"status-publish","4":"has-post-thumbnail","6":"product_cat-capsules-softgels","8":"first","9":"instock","10":"shipping-taxable","11":"product-type-simple"},"acf":[],"_links":{"self":[{"href":"https:\/\/chtnature.com\/es\/wp-json\/wp\/v2\/product\/689","targetHints":{"allow":["GET"]}}],"collection":[{"href":"https:\/\/chtnature.com\/es\/wp-json\/wp\/v2\/product"}],"about":[{"href":"https:\/\/chtnature.com\/es\/wp-json\/wp\/v2\/types\/product"}],"replies":[{"embeddable":true,"href":"https:\/\/chtnature.com\/es\/wp-json\/wp\/v2\/comments?post=689"}],"wp:featuredmedia":[{"embeddable":true,"href":"https:\/\/chtnature.com\/es\/wp-json\/wp\/v2\/media\/691"}],"wp:attachment":[{"href":"https:\/\/chtnature.com\/es\/wp-json\/wp\/v2\/media?parent=689"}],"wp:term":[{"taxonomy":"product_brand","embeddable":true,"href":"https:\/\/chtnature.com\/es\/wp-json\/wp\/v2\/product_brand?post=689"},{"taxonomy":"product_cat","embeddable":true,"href":"https:\/\/chtnature.com\/es\/wp-json\/wp\/v2\/product_cat?post=689"},{"taxonomy":"product_tag","embeddable":true,"href":"https:\/\/chtnature.com\/es\/wp-json\/wp\/v2\/product_tag?post=689"}],"curies":[{"name":"wp","href":"https:\/\/api.w.org\/{rel}","templated":true}]}}