{"id":757,"date":"2025-08-06T03:36:05","date_gmt":"2025-08-06T03:36:05","guid":{"rendered":"https:\/\/chtnature.com\/?post_type=product&#038;p=757"},"modified":"2025-08-06T03:46:23","modified_gmt":"2025-08-06T03:46:23","slug":"luteina-zeaxantina-gominolas-oem-odm","status":"publish","type":"product","link":"https:\/\/chtnature.com\/es\/product\/luteina-zeaxantina-gominolas-oem-odm\/","title":{"rendered":"Gominolas de lute\u00edna y zeaxantina"},"content":{"rendered":"<h2>Resumen del producto: Gominolas de Lute\u00edna Zeaxantina OEM<\/h2>\n<p><strong>Gominolas de lute\u00edna y zeaxantina<\/strong> son un delicioso suplemento masticable dise\u00f1ado para <strong>apoyo a la visi\u00f3n<\/strong>, <strong>protecci\u00f3n contra la luz azul<\/strong>y <strong>mantenimiento de la salud ocular relacionada con la edad<\/strong>. Fabricado con <strong>extracto de flor de cal\u00e9ndula<\/strong>cada gominola aporta una mezcla cl\u00ednicamente relevante de <strong>Lute\u00edna<\/strong>, <strong>Zeaxantina<\/strong>, <strong>\u00c1cidos grasos omega-3<\/strong>y opcional <strong>Astaxantina<\/strong> para obtener beneficios sin\u00e9rgicos.<\/p>\n<p><img fetchpriority=\"high\" decoding=\"async\" class=\"aligncenter size-full wp-image-762\" src=\"https:\/\/chtnature.com\/wp-content\/uploads\/2025\/08\/5-6.webp\" alt=\"\" width=\"800\" height=\"800\" title=\"\" srcset=\"https:\/\/chtnature.com\/wp-content\/uploads\/2025\/08\/5-6.webp 800w, https:\/\/chtnature.com\/wp-content\/uploads\/2025\/08\/5-6-300x300.webp 300w, https:\/\/chtnature.com\/wp-content\/uploads\/2025\/08\/5-6-150x150.webp 150w, https:\/\/chtnature.com\/wp-content\/uploads\/2025\/08\/5-6-768x768.webp 768w, https:\/\/chtnature.com\/wp-content\/uploads\/2025\/08\/5-6-600x600.webp 600w, https:\/\/chtnature.com\/wp-content\/uploads\/2025\/08\/5-6-100x100.webp 100w\" sizes=\"(max-width: 800px) 100vw, 800px\" \/><\/p>\n<p>Producido por un <strong>fabricante de suplementos de gominola<\/strong>esta formulaci\u00f3n est\u00e1 disponible para <strong>Personalizaci\u00f3n OEM\/ODM<\/strong> con m\u00faltiples opciones de sabores, formas y envases para clientes de marcas blancas.<\/p>\n<ul>\n<li><strong>Fuente<\/strong>: Extracto de flor de cal\u00e9ndula<\/li>\n<li><strong>Activos principales<\/strong>: Lute\u00edna, Zeaxantina, Astaxantina, Omega-3 (DHA\/EPA opcional)<\/li>\n<li><strong>Opciones de sabor<\/strong>: Mango, Fresa, Frambuesa azul o personalizado<\/li>\n<li><strong>Opciones de forma<\/strong>: Oso, Coraz\u00f3n, Estrella, Bloque o moldes personalizados<\/li>\n<li><strong>Apariencia<\/strong>: Gominolas blandas de color amarillo brillante<\/li>\n<li><strong>Edulcorante<\/strong>: Natural o sin az\u00facar<\/li>\n<li><strong>Etiqueta<\/strong>: Salud ocular, claridad visual, apoyo macular, protecci\u00f3n frente a la luz azul<\/li>\n<\/ul>\n<h2>Especificaciones t\u00e9cnicas<\/h2>\n<div>\n<div tabindex=\"-1\">\n<table>\n<thead>\n<tr>\n<th>Art\u00edculo<\/th>\n<th>Especificaci\u00f3n<\/th>\n<\/tr>\n<\/thead>\n<tbody>\n<tr>\n<td>Nombre del producto<\/td>\n<td>Gominolas de lute\u00edna y zeaxantina OEM<\/td>\n<\/tr>\n<tr>\n<td>Fuente<\/td>\n<td>Extracto de flor de cal\u00e9ndula<\/td>\n<\/tr>\n<tr>\n<td>Ingredientes activos<\/td>\n<td>Lute\u00edna, Zeaxantina, Omega-3, Astaxantina (personalizable)<\/td>\n<\/tr>\n<tr>\n<td>Apariencia<\/td>\n<td>Gominolas amarillas<\/td>\n<\/tr>\n<tr>\n<td>Opciones de sabor<\/td>\n<td>Mango, fresa, frambuesa azul o personalizado<\/td>\n<\/tr>\n<tr>\n<td>Opciones de forma<\/td>\n<td>Oso, coraz\u00f3n, estrella, bloque o moldes personalizados<\/td>\n<\/tr>\n<tr>\n<td>Especificaci\u00f3n<\/td>\n<td>60 gominolas\/botella (90\/120\/150 opciones disponibles)<\/td>\n<\/tr>\n<tr>\n<td>Opciones de envasado<\/td>\n<td>Botellas, bolsas, latas, tarros o envases personalizados<\/td>\n<\/tr>\n<tr>\n<td>Vida \u00fatil<\/td>\n<td>24 meses<\/td>\n<\/tr>\n<tr>\n<td>Almacenamiento<\/td>\n<td>Recipiente fresco, seco y cerrado; evitar la luz solar y el calor<\/td>\n<\/tr>\n<tr>\n<td>Origen de la fabricaci\u00f3n<\/td>\n<td>China (f\u00e1brica con certificaci\u00f3n GMP, ISO, HACCP)<\/td>\n<\/tr>\n<tr>\n<td>Disponibilidad de muestras<\/td>\n<td>Muestras gratuitas disponibles previa solicitud<\/td>\n<\/tr>\n<\/tbody>\n<\/table>\n<\/div>\n<div><\/div>\n<\/div>\n<h2>Perfil del fabricante y capacidades OEM<\/h2>\n<p>Somos l\u00edderes <strong>fabricante de gominolas funcionales<\/strong> con amplia experiencia en <strong>f\u00f3rmulas personalizadas para la salud ocular<\/strong>produciendo para <strong>marcas blancas, distribuidores y vendedores de suplementos en l\u00ednea<\/strong>. Nuestras instalaciones cumplen <strong>GMP, ISO22000, HACCP, HALAL y KOSHER<\/strong> y est\u00e1 equipada para gestionar pedidos de peque\u00f1a y gran envergadura.<\/p>\n<p><strong>Los servicios OEM\/ODM incluyen:<\/strong><\/p>\n<ul>\n<li>Formulaci\u00f3n personalizada de las dosis de Lute\u00edna\/Zeaxantina (5mg-20mg por gominola)<\/li>\n<li>Desarrollo de sabores en funci\u00f3n de los mercados destinatarios<\/li>\n<li>Moldes personalizados y soporte de marca<\/li>\n<li>Servicios completos de marca propia, incluido el envasado, el etiquetado y la conformidad<\/li>\n<\/ul>\n<p><strong>Capacidades de f\u00e1brica:<\/strong><\/p>\n<ul>\n<li>Capacidad diaria: m\u00e1s de 100.000 botellas<\/li>\n<li>Equipos internos de I+D y QA\/QC<\/li>\n<li>Experiencia en exportaci\u00f3n a m\u00e1s de 60 pa\u00edses<\/li>\n<li>Apoyo normativo para el registro de productos (EE.UU., UE, Asia, Oriente Medio)<\/li>\n<\/ul>\n<h2>Beneficios funcionales de las gominolas de lute\u00edna y zeaxantina<\/h2>\n<p>La lute\u00edna y la zeaxantina son <strong>carotenoides<\/strong> que se acumulan en la retina y act\u00faan como <strong>filtros naturales de luz azul<\/strong>especialmente de las pantallas, la iluminaci\u00f3n LED y la luz solar.<\/p>\n<p><strong>Principales beneficios para la salud:<\/strong><\/p>\n<ul>\n<li>Promueve <strong>densidad pigmentaria macular<\/strong> para una visi\u00f3n m\u00e1s n\u00edtida<\/li>\n<li>Reduce <strong>fatiga ocular digital<\/strong><\/li>\n<li>Admite <strong>salud macular asociada a la edad<\/strong><\/li>\n<li>Sin\u00e9rgico con <strong>Omega-3 y astaxantina<\/strong> para el apoyo antioxidante y antiinflamatorio<\/li>\n<\/ul>\n<p><strong>Ideal para:<\/strong><\/p>\n<ul>\n<li>Profesionales y jugadores expuestos a la pantalla<\/li>\n<li>Adultos mayores de 40 a\u00f1os con riesgo de DMAE (Degeneraci\u00f3n Macular Asociada a la Edad)<\/li>\n<li>Ni\u00f1os y estudiantes que necesitan protecci\u00f3n visual<\/li>\n<\/ul>\n<h2>Opciones de envasado y marca blanca<\/h2>\n<p><strong>MOQ:<\/strong><\/p>\n<ul>\n<li>3.000 botellas para formulaciones personalizadas<\/li>\n<li>Opciones de stock de marca blanca disponibles con entrega r\u00e1pida<\/li>\n<\/ul>\n<p><strong>Formatos de envasado:<\/strong><\/p>\n<ul>\n<li>60\/90\/120\/150 gominolas por frasco<\/li>\n<li>Botellas de pl\u00e1stico, tarros de cristal, bolsas resellables o formatos a granel<\/li>\n<li>Etiquetas personalizadas, insertos de embalaje y dise\u00f1os de cajas a todo color<\/li>\n<\/ul>\n<p><strong>Plazo de entrega:<\/strong><\/p>\n<ul>\n<li>Muestras: 5-7 d\u00edas laborables<\/li>\n<li>Producci\u00f3n a granel: 15-25 d\u00edas laborables tras la aprobaci\u00f3n del dise\u00f1o<\/li>\n<\/ul>\n<p><strong>M\u00e9todos de env\u00edo:<\/strong><\/p>\n<ul>\n<li>Transporte a\u00e9reo y mar\u00edtimo mundial<\/li>\n<li>Soporte y documentaci\u00f3n completos para la exportaci\u00f3n (COA, MSDS, CFS, Free Sales Cert)<\/li>\n<\/ul>\n<h2>Garant\u00eda de calidad y certificaciones<\/h2>\n<p>Cada lote de nuestras Gominolas de Lute\u00edna Zeaxantina se somete a <strong>rigurosas pruebas de calidad<\/strong>asegurando:<\/p>\n<ul>\n<li>Dosificaci\u00f3n verificada mediante HPLC<\/li>\n<li>L\u00edmites microbianos y pruebas de metales pesados<\/li>\n<li>Sin gluten, sin OMG, apto para veganos (opci\u00f3n sin gelatina disponible)<\/li>\n<\/ul>\n<p><strong>Certificaciones pose\u00eddas:<\/strong><\/p>\n<ul>\n<li>GMP \/ ISO22000 \/ HACCP<\/li>\n<li>HALAL \/ KOSHER<\/li>\n<li>Certificaci\u00f3n ecol\u00f3gica de la materia prima de cal\u00e9ndula (previa solicitud)<\/li>\n<li>Instalaci\u00f3n registrada por la FDA<\/li>\n<\/ul>","protected":false},"excerpt":{"rendered":"<ul>\n<li><strong>Opciones de sabor<\/strong>: Mango, Fresa, Frambuesa azul o personalizado<\/li>\n<li><strong>Opciones de forma<\/strong>: Oso, Coraz\u00f3n, Estrella, Bloque o moldes personalizados<\/li>\n<li><strong>Apariencia<\/strong>: Gominolas blandas de color amarillo brillante<\/li>\n<li><strong>Edulcorante<\/strong>: Natural o sin az\u00facar<\/li>\n<li><strong>Etiqueta<\/strong>: Salud ocular, claridad visual, apoyo macular, protecci\u00f3n frente a la luz azul<\/li>\n<\/ul>","protected":false},"featured_media":758,"comment_status":"open","ping_status":"closed","template":"","meta":{"_acf_changed":false},"product_brand":[],"product_cat":[18],"product_tag":[],"class_list":{"0":"post-757","1":"product","2":"type-product","3":"status-publish","4":"has-post-thumbnail","6":"product_cat-functional-gummies","8":"first","9":"instock","10":"shipping-taxable","11":"product-type-simple"},"acf":[],"_links":{"self":[{"href":"https:\/\/chtnature.com\/es\/wp-json\/wp\/v2\/product\/757","targetHints":{"allow":["GET"]}}],"collection":[{"href":"https:\/\/chtnature.com\/es\/wp-json\/wp\/v2\/product"}],"about":[{"href":"https:\/\/chtnature.com\/es\/wp-json\/wp\/v2\/types\/product"}],"replies":[{"embeddable":true,"href":"https:\/\/chtnature.com\/es\/wp-json\/wp\/v2\/comments?post=757"}],"wp:featuredmedia":[{"embeddable":true,"href":"https:\/\/chtnature.com\/es\/wp-json\/wp\/v2\/media\/758"}],"wp:attachment":[{"href":"https:\/\/chtnature.com\/es\/wp-json\/wp\/v2\/media?parent=757"}],"wp:term":[{"taxonomy":"product_brand","embeddable":true,"href":"https:\/\/chtnature.com\/es\/wp-json\/wp\/v2\/product_brand?post=757"},{"taxonomy":"product_cat","embeddable":true,"href":"https:\/\/chtnature.com\/es\/wp-json\/wp\/v2\/product_cat?post=757"},{"taxonomy":"product_tag","embeddable":true,"href":"https:\/\/chtnature.com\/es\/wp-json\/wp\/v2\/product_tag?post=757"}],"curies":[{"name":"wp","href":"https:\/\/api.w.org\/{rel}","templated":true}]}}