{"id":906,"date":"2025-08-12T06:04:14","date_gmt":"2025-08-12T06:04:14","guid":{"rendered":"https:\/\/chtnature.com\/?post_type=product&#038;p=906"},"modified":"2025-08-12T06:04:40","modified_gmt":"2025-08-12T06:04:40","slug":"capsulas-de-hongo-chaga","status":"publish","type":"product","link":"https:\/\/chtnature.com\/es\/product\/capsulas-de-hongo-chaga\/","title":{"rendered":"C\u00e1psulas de hongo Chaga"},"content":{"rendered":"<h2><strong>Productos<\/strong><\/h2>\n<p><strong>C\u00e1psulas de hongo Chaga<\/strong> son suplementos diet\u00e9ticos de primera calidad elaborados con <strong>Extracto de hongo Chaga (<em>Inonotus obliquus<\/em>)<\/strong>conocido por sus excepcionales propiedades antioxidantes, inmunitarias y antiinflamatorias.<br \/>\nCosechado en <strong>bosques de abedules silvestres<\/strong>Nuestro extracto de Chaga se procesa cuidadosamente para preservar sus compuestos bioactivos, tales como <strong>betaglucanos, polifenoles y melanina<\/strong>.<\/p>\n<p>Estas c\u00e1psulas son ideales para <strong>f\u00f3rmulas de apoyo inmunol\u00f3gico, suplementos antienvejecimiento y productos de bienestar general<\/strong>. Ofrecemos flexibilidad <strong>dosis y envases<\/strong> para satisfacer sus necesidades espec\u00edficas.<\/p>\n<p><strong>Ventajas \u00fanicas de nuestras c\u00e1psulas de hongo Chaga:<\/strong><\/p>\n<ul>\n<li>Potentes propiedades antioxidantes e inmunoestimulantes<\/li>\n<li>Disponible en varias dosis: <strong>500 mg \/ 600 mg \/ 800 mg<\/strong><\/li>\n<li>Fabricado en <strong>Instalaciones con certificaci\u00f3n GMP<\/strong> con un estricto control de calidad<\/li>\n<li>Marca blanca y servicio OEM para clientes de todo el mundo<\/li>\n<\/ul>\n<h2><strong>\u00a0Especificaciones t\u00e9cnicas<\/strong><\/h2>\n<div>\n<div tabindex=\"-1\">\n<table>\n<thead>\n<tr>\n<th>Art\u00edculo<\/th>\n<th>Especificaci\u00f3n<\/th>\n<\/tr>\n<\/thead>\n<tbody>\n<tr>\n<td>Nombre del producto<\/td>\n<td>C\u00e1psulas de hongo Chaga<\/td>\n<\/tr>\n<tr>\n<td>Otro nombre<\/td>\n<td>C\u00e1psulas de Chaga<\/td>\n<\/tr>\n<tr>\n<td>Principio activo<\/td>\n<td>Extracto de hongo Chaga (<em>Inonotus obliquus<\/em>)<\/td>\n<\/tr>\n<tr>\n<td>Apariencia<\/td>\n<td>C\u00e1psulas marrones rojas<\/td>\n<\/tr>\n<tr>\n<td>Especificaci\u00f3n<\/td>\n<td>500 mg \/ 600 mg \/ 800 mg por c\u00e1psula (personalizable)<\/td>\n<\/tr>\n<tr>\n<td>Tipo de c\u00e1psula<\/td>\n<td>C\u00e1psula vegetal \/ C\u00e1psula de gelatina<\/td>\n<\/tr>\n<tr>\n<td>Embalaje<\/td>\n<td>60 \/ 90 \/ 120 c\u00e1psulas por frasco (a granel, bolsa, lata, tarro, botella o personalizado)<\/td>\n<\/tr>\n<tr>\n<td>Vida \u00fatil<\/td>\n<td>24 meses en condiciones frescas, secas y selladas<\/td>\n<\/tr>\n<tr>\n<td>Almacenamiento<\/td>\n<td>Conservar en un lugar fresco y seco, protegido de la luz solar directa<\/td>\n<\/tr>\n<tr>\n<td>M\u00e9todo de ensayo<\/td>\n<td>HPLC \/ UV<\/td>\n<\/tr>\n<\/tbody>\n<\/table>\n<div>\n<div><\/div>\n<\/div>\n<\/div>\n<\/div>\n<h2><strong>Principales caracter\u00edsticas y ventajas<\/strong><\/h2>\n<ul>\n<li><strong>Alta potencia<\/strong> - Rico en antioxidantes y betaglucanos<\/li>\n<li><strong>Apoyo al sistema inmunitario<\/strong> - Refuerza las defensas naturales del organismo<\/li>\n<li><strong>Antiinflamatorio<\/strong> - Ayuda a reducir el estr\u00e9s oxidativo y la inflamaci\u00f3n<\/li>\n<li><strong>Formulaci\u00f3n personalizable<\/strong> - Posibilidad de adaptar la dosis y el tipo de c\u00e1psula<\/li>\n<li><strong>Envases flexibles<\/strong> - M\u00faltiples tama\u00f1os y formatos para el suministro al por menor o a granel<\/li>\n<\/ul>\n<h2><strong>Aplicaciones<\/strong><\/h2>\n<ul>\n<li><strong>Suplementos diet\u00e9ticos<\/strong> - Apoyo inmunol\u00f3gico diario, f\u00f3rmulas antienvejecimiento<\/li>\n<li><strong>Nutrici\u00f3n deportiva<\/strong> - Mezclas que potencian la recuperaci\u00f3n y la resistencia<\/li>\n<li><strong>Productos funcionales para la salud<\/strong> - Kits de bienestar y l\u00edneas de suplementos a base de plantas<\/li>\n<li><strong>Marca blanca y OEM<\/strong> - Personalizaci\u00f3n de la marca para la distribuci\u00f3n mundial<\/li>\n<\/ul>\n<h2><strong>Calidad y conformidad<\/strong><\/h2>\n<p>Nuestras c\u00e1psulas de seta Chaga se fabrican en un <strong>Instalaciones con certificaci\u00f3n GMP, ISO9001 y HACCP<\/strong>.<br \/>\nGarantizamos un estricto control de calidad desde el abastecimiento de materias primas hasta el envasado del producto final.<br \/>\nCertificados disponibles previa solicitud: <strong>COA, MSDS, TDS, Halal, Kosher<\/strong>.<br \/>\nPruebas de laboratorio realizadas por terceros para <strong>metales pesados, plaguicidas y seguridad microbiol\u00f3gica<\/strong> garantiza el cumplimiento de las normas internacionales.<\/p>\n<h2><strong>Embalaje y entrega<\/strong><\/h2>\n<ul>\n<li><strong>Embalaje est\u00e1ndar<\/strong>: 60 \/ 90 \/ 120 c\u00e1psulas por frasco, o envase a granel<\/li>\n<li><strong>MOQ<\/strong>: 5.000 botellas o negociable para pedidos al por mayor<\/li>\n<li><strong>Plazos de entrega<\/strong>7-15 d\u00edas laborables tras la confirmaci\u00f3n del pedido<\/li>\n<li><strong>Opciones de env\u00edo<\/strong>: DHL, FedEx, UPS, carga a\u00e9rea, carga mar\u00edtima<\/li>\n<\/ul>","protected":false},"excerpt":{"rendered":"<ul>\n<li>Potentes propiedades antioxidantes e inmunoestimulantes<\/li>\n<li>Disponible en varias dosis: <strong>500 mg \/ 600 mg \/ 800 mg<\/strong><\/li>\n<li>Fabricado en <strong>Instalaciones con certificaci\u00f3n GMP<\/strong> con un estricto control de calidad<\/li>\n<li>Marca blanca y servicio OEM para clientes de todo el mundo<\/li>\n<\/ul>","protected":false},"featured_media":908,"comment_status":"open","ping_status":"closed","template":"","meta":{"_acf_changed":false},"product_brand":[],"product_cat":[19],"product_tag":[],"class_list":{"0":"post-906","1":"product","2":"type-product","3":"status-publish","4":"has-post-thumbnail","6":"product_cat-capsules-softgels","8":"first","9":"instock","10":"shipping-taxable","11":"product-type-simple"},"acf":[],"_links":{"self":[{"href":"https:\/\/chtnature.com\/es\/wp-json\/wp\/v2\/product\/906","targetHints":{"allow":["GET"]}}],"collection":[{"href":"https:\/\/chtnature.com\/es\/wp-json\/wp\/v2\/product"}],"about":[{"href":"https:\/\/chtnature.com\/es\/wp-json\/wp\/v2\/types\/product"}],"replies":[{"embeddable":true,"href":"https:\/\/chtnature.com\/es\/wp-json\/wp\/v2\/comments?post=906"}],"wp:featuredmedia":[{"embeddable":true,"href":"https:\/\/chtnature.com\/es\/wp-json\/wp\/v2\/media\/908"}],"wp:attachment":[{"href":"https:\/\/chtnature.com\/es\/wp-json\/wp\/v2\/media?parent=906"}],"wp:term":[{"taxonomy":"product_brand","embeddable":true,"href":"https:\/\/chtnature.com\/es\/wp-json\/wp\/v2\/product_brand?post=906"},{"taxonomy":"product_cat","embeddable":true,"href":"https:\/\/chtnature.com\/es\/wp-json\/wp\/v2\/product_cat?post=906"},{"taxonomy":"product_tag","embeddable":true,"href":"https:\/\/chtnature.com\/es\/wp-json\/wp\/v2\/product_tag?post=906"}],"curies":[{"name":"wp","href":"https:\/\/api.w.org\/{rel}","templated":true}]}}