{"id":929,"date":"2025-08-14T07:29:46","date_gmt":"2025-08-14T07:29:46","guid":{"rendered":"https:\/\/chtnature.com\/?post_type=product&#038;p=929"},"modified":"2025-08-14T07:35:07","modified_gmt":"2025-08-14T07:35:07","slug":"gominolas-de-berberina-de-marca-blanca","status":"publish","type":"product","link":"https:\/\/chtnature.com\/es\/product\/gominolas-de-berberina-de-marca-blanca\/","title":{"rendered":"Gominolas de berberina"},"content":{"rendered":"<p><span class=\"selected\">Lance su pr\u00f3ximo superventas con nuestras gominolas de berberina premium totalmente personalizables. Como fabricante l\u00edder por contrato, ayudamos a las marcas de salud y bienestar a ofrecer suplementos de alta calidad, deliciosos y eficaces sin las complejidades de la producci\u00f3n interna. Nosotros nos encargamos de la ciencia, el abastecimiento y la fabricaci\u00f3n, para que usted pueda centrarse en desarrollar su marca.<\/span><\/p>\n<p><span class=\"selected\">Nuestras gominolas de berberina OEM est\u00e1n formuladas no s\u00f3lo para ser eficaces, sino tambi\u00e9n para ofrecer una experiencia excepcional al consumidor, enmascarando eficazmente el amargor natural de la berberina con sabores seductores y una textura agradable.<\/span><\/p>\n<h3><strong><span class=\"selected\">Ventajas clave para su marca<\/span><\/strong><\/h3>\n<ul>\n<li><strong><span class=\"selected\">Servicio completo llave en mano:<\/span><\/strong><span class=\"selected\"> Desde el concepto inicial y el desarrollo de la f\u00f3rmula hasta el embotellado, el etiquetado y el cumplimiento de la normativa, ofrecemos una soluci\u00f3n integral.<\/span><\/li>\n<li><strong><span class=\"selected\">Enmascaramiento avanzado del sabor:<\/span><\/strong><span class=\"selected\"> Nuestros cient\u00edficos alimentarios est\u00e1n especializados en la creaci\u00f3n de deliciosos perfiles (lim\u00f3n, frambuesa, fresa, etc.) que garantizan un alto grado de aceptaci\u00f3n por parte de los consumidores y la repetici\u00f3n de las compras.<\/span><\/li>\n<li><strong><span class=\"selected\">Flexibilidad de formulaci\u00f3n superior:<\/span><\/strong><span class=\"selected\"> Vaya m\u00e1s all\u00e1 de lo est\u00e1ndar. Podemos crear un producto \u00fanico para usted ajustando la dosis, a\u00f1adiendo ingredientes sin\u00e9rgicos y satisfaciendo necesidades diet\u00e9ticas espec\u00edficas (sin az\u00facar, vegano).<\/span><\/li>\n<li><strong><span class=\"selected\">Calidad certificada GMP:<\/span><\/strong><span class=\"selected\"> Todos los productos se fabrican en unas instalaciones de vanguardia con certificaci\u00f3n GMP, lo que garantiza la seguridad, pureza y potencia de cada lote.<\/span><\/li>\n<\/ul>\n<h2><strong><span class=\"selected\">Opciones de personalizaci\u00f3n total: Construya su producto \u00fanico<\/span><\/strong><\/h2>\n<p><span class=\"selected\">Diferencie su marca en un mercado competitivo. Ofrecemos amplias opciones de personalizaci\u00f3n para crear un producto que sea verdaderamente suyo.<\/span><\/p>\n<table>\n<tbody>\n<tr>\n<th><span class=\"selected\">Caracter\u00edstica<\/span><\/th>\n<th><span class=\"selected\">Opciones est\u00e1ndar<\/span><\/th>\n<th><span class=\"selected\">Potencial de personalizaci\u00f3n<\/span><\/th>\n<\/tr>\n<tr>\n<td><strong><span class=\"selected\">F\u00f3rmula activa<\/span><\/strong><\/td>\n<td><span class=\"selected\">HCl de berberina, canela de Ceil\u00e1n, cardo mariano, inositol<\/span><\/td>\n<td><span class=\"selected\">Ajuste las dosis, a\u00f1ada ingredientes (por ejemplo, cromo, vitamina D), cree una mezcla \u00fanica de apoyo metab\u00f3lico.<\/span><\/td>\n<\/tr>\n<tr>\n<td><strong><span class=\"selected\">Base de goma<\/span><\/strong><\/td>\n<td><span class=\"selected\">Pectina (apta para veganos)<\/span><\/td>\n<td><span class=\"selected\">Gelatina disponible previa petici\u00f3n.<\/span><\/td>\n<\/tr>\n<tr>\n<td><strong><span class=\"selected\">Perfil del edulcorante<\/span><\/strong><\/td>\n<td><span class=\"selected\">Jarabe de maltitol, Isomalt<\/span><\/td>\n<td><span class=\"selected\">Sin az\u00facar (Stevia, Fruta Monje, Eritritol), Bajo en az\u00facar, Az\u00facar de ca\u00f1a totalmente natural.<\/span><\/td>\n<\/tr>\n<tr>\n<td><strong><span class=\"selected\">Sabores<\/span><\/strong><\/td>\n<td><span class=\"selected\">Lim\u00f3n, Frambuesa azul, Fresa<\/span><\/td>\n<td><span class=\"selected\">Desarrollar un sabor caracter\u00edstico, con opciones naturales o artificiales.<\/span><\/td>\n<\/tr>\n<tr>\n<td><strong><span class=\"selected\">Colores<\/span><\/strong><\/td>\n<td><span class=\"selected\">Natural (por ejemplo, de zumo de frutas o verduras)<\/span><\/td>\n<td><span class=\"selected\">Amplia gama de colorantes naturales o sint\u00e9ticos para adaptarse a la est\u00e9tica de su marca.<\/span><\/td>\n<\/tr>\n<tr>\n<td><strong><span class=\"selected\">Formas<\/span><\/strong><\/td>\n<td><span class=\"selected\">Oso, Coraz\u00f3n, Estrella, Cubo<\/span><\/td>\n<td><span class=\"selected\">Creaci\u00f3n de moldes personalizados para una identidad de marca \u00fanica (sujeto a MOQ).<\/span><\/td>\n<\/tr>\n<\/tbody>\n<\/table>\n<p><img fetchpriority=\"high\" decoding=\"async\" class=\"aligncenter size-full wp-image-756\" src=\"https:\/\/chtnature.com\/wp-content\/uploads\/2025\/08\/10001-1.webp\" alt=\"\" width=\"750\" height=\"675\" title=\"\" srcset=\"https:\/\/chtnature.com\/wp-content\/uploads\/2025\/08\/10001-1.webp 750w, https:\/\/chtnature.com\/wp-content\/uploads\/2025\/08\/10001-1-300x270.webp 300w, https:\/\/chtnature.com\/wp-content\/uploads\/2025\/08\/10001-1-600x540.webp 600w\" sizes=\"(max-width: 750px) 100vw, 750px\" \/><\/p>\n<h2><strong><span class=\"selected\">Especificaciones del producto acabado<\/span><\/strong><\/h2>\n<p><span class=\"selected\">Las siguientes especificaciones representan un lote de producci\u00f3n t\u00edpico. Todos los par\u00e1metros pueden ajustarse en funci\u00f3n de su formulaci\u00f3n personalizada. Con cada lote se suministra un Certificado de An\u00e1lisis (COA) detallado.<\/span><\/p>\n<table>\n<tbody>\n<tr>\n<th><span class=\"selected\">Par\u00e1metro<\/span><\/th>\n<th><span class=\"selected\">Especificaci\u00f3n<\/span><\/th>\n<th><span class=\"selected\">M\u00e9todo<\/span><\/th>\n<\/tr>\n<tr>\n<td><strong><span class=\"selected\">HCl de berberina por gominola<\/span><\/strong><\/td>\n<td><span class=\"selected\">250 mg - 500 mg (personalizable)<\/span><\/td>\n<td><span class=\"selected\">HPLC<\/span><\/td>\n<\/tr>\n<tr>\n<td><strong><span class=\"selected\">Apariencia<\/span><\/strong><\/td>\n<td><span class=\"selected\">Gominolas s\u00f3lidas, uniformes en color y forma<\/span><\/td>\n<td><span class=\"selected\">Visual<\/span><\/td>\n<\/tr>\n<tr>\n<td><strong><span class=\"selected\">Sabor\/Olor<\/span><\/strong><\/td>\n<td><span class=\"selected\">Caracter\u00edstica del sabor seleccionado (por ejemplo, lim\u00f3n)<\/span><\/td>\n<td><span class=\"selected\">Organol\u00e9ptico<\/span><\/td>\n<\/tr>\n<tr>\n<td><strong><span class=\"selected\">Recuento total de placas<\/span><\/strong><\/td>\n<td><span class=\"selected\">&lt; 1.000 ufc\/g<\/span><\/td>\n<td><span class=\"selected\">USP<\/span><\/td>\n<\/tr>\n<tr>\n<td><strong><span class=\"selected\">Levaduras y moho<\/span><\/strong><\/td>\n<td><span class=\"selected\">&lt; 100 ufc\/g<\/span><\/td>\n<td><span class=\"selected\">USP<\/span><\/td>\n<\/tr>\n<tr>\n<td><strong><span class=\"selected\">E. Coli<\/span><\/strong><\/td>\n<td><span class=\"selected\">Negativo<\/span><\/td>\n<td><span class=\"selected\">USP<\/span><\/td>\n<\/tr>\n<tr>\n<td><strong><span class=\"selected\">Salmonella<\/span><\/strong><\/td>\n<td><span class=\"selected\">Negativo<\/span><\/td>\n<td><span class=\"selected\">USP<\/span><\/td>\n<\/tr>\n<tr>\n<td><strong><span class=\"selected\">Plomo (Pb)<\/span><\/strong><\/td>\n<td><span class=\"selected\">&lt; 0,5 ppm<\/span><\/td>\n<td><span class=\"selected\">ICP-MS<\/span><\/td>\n<\/tr>\n<tr>\n<td><strong><span class=\"selected\">Ars\u00e9nico (As)<\/span><\/strong><\/td>\n<td><span class=\"selected\">&lt; 0,2 ppm<\/span><\/td>\n<td><span class=\"selected\">ICP-MS<\/span><\/td>\n<\/tr>\n<tr>\n<td><strong><span class=\"selected\">Mercurio (Hg)<\/span><\/strong><\/td>\n<td><span class=\"selected\">&lt; 0,1 ppm<\/span><\/td>\n<td><span class=\"selected\">ICP-MS<\/span><\/td>\n<\/tr>\n<\/tbody>\n<\/table>\n<h2><strong><span class=\"selected\">Nuestro proceso OEM llave en mano: Del concepto a la entrega<\/span><\/strong><\/h2>\n<p><span class=\"selected\">Hemos racionalizado nuestro proceso para garantizar un viaje r\u00e1pido, eficaz y transparente para su marca.<\/span><\/p>\n<ul>\n<li><strong><span class=\"selected\">Paso 1: Consulta y presupuesto:<\/span><\/strong><span class=\"selected\"> Comparta su visi\u00f3n con nuestros especialistas. Analizaremos su f\u00f3rmula, envasado y volumen para ofrecerle un presupuesto detallado.<\/span><\/li>\n<li><strong><span class=\"selected\">Paso 2: Formulaci\u00f3n y muestreo:<\/span><\/strong><span class=\"selected\"> Nuestro equipo de I+D desarrolla su f\u00f3rmula personalizada. Recibir\u00e1 muestras para aprobar el sabor, la textura y el aspecto.<\/span><\/li>\n<li><strong><span class=\"selected\">Paso 3: Producci\u00f3n y control de calidad:<\/span><\/strong><span class=\"selected\"> Tras la aprobaci\u00f3n, comenzamos la producci\u00f3n a gran escala en nuestras instalaciones con certificaci\u00f3n GMP, con rigurosos controles de calidad durante el proceso.<\/span><\/li>\n<li><strong><span class=\"selected\">Paso 4: Envasado y etiquetado:<\/span><\/strong><span class=\"selected\"> Embotellamos, precintamos y etiquetamos su producto seg\u00fan sus especificaciones, garantizando que est\u00e9 listo para la venta al por menor.<\/span><\/li>\n<li><strong><span class=\"selected\">Paso 5: Pruebas finales y entrega:<\/span><\/strong><span class=\"selected\"> Cada lote final se somete a pruebas de pureza y potencia. A continuaci\u00f3n, le enviamos el producto final con toda la documentaci\u00f3n necesaria.<\/span><\/li>\n<\/ul>\n<h2><strong><span class=\"selected\">Soluciones de envasado y etiquetado<\/span><\/strong><\/h2>\n<p><span class=\"selected\">El envase de su producto es su primera impresi\u00f3n. Ofrecemos una amplia gama de soluciones para proteger su producto y mostrar su marca.<\/span><\/p>\n<ul>\n<li><strong><span class=\"selected\">Botellas:<\/span><\/strong><span class=\"selected\"> PET\/HDPE en varios tama\u00f1os (60, 90, 120, 150 unidades), colores (blanco, \u00e1mbar, azul) y formas.<\/span><\/li>\n<li><strong><span class=\"selected\">Tapones:<\/span><\/strong><span class=\"selected\"> Tapones de seguridad para ni\u00f1os (CRC), flip-tops, tapones de rosca.<\/span><\/li>\n<li><strong><span class=\"selected\">Sellos:<\/span><\/strong><span class=\"selected\"> Opciones de sellado por presi\u00f3n y por inducci\u00f3n para garantizar la seguridad y la frescura.<\/span><\/li>\n<li><strong><span class=\"selected\">Etiquetado:<\/span><\/strong><span class=\"selected\"> Servicios profesionales de dise\u00f1o y aplicaci\u00f3n de etiquetas.<\/span><\/li>\n<li><strong><span class=\"selected\">Embalaje secundario:<\/span><\/strong><span class=\"selected\"> Cajas de venta al por menor y envases a granel impresos a medida.<\/span><\/li>\n<\/ul>\n<h2><strong><span class=\"selected\">As\u00f3ciese con nosotros para lanzar sus gominolas de berberina<\/span><\/strong><\/h2>\n<p><span class=\"selected\">\u00bfListo para dar el siguiente paso? Nuestro equipo est\u00e1 aqu\u00ed para ayudarle a crear un suplemento de alta calidad l\u00edder en el mercado. P\u00f3ngase en contacto con nosotros hoy mismo para hablar de su proyecto, solicitar una muestra u obtener un presupuesto sin compromiso.<\/span><\/p>\n<div class=\"wpforms-container wpforms-container-full contact_form wpforms-render-modern\" id=\"wpforms-253\"><form id=\"wpforms-form-253\" class=\"wpforms-validate wpforms-form wpforms-ajax-form\" data-formid=\"253\" method=\"post\" enctype=\"multipart\/form-data\" action=\"\/es\/wp-json\/wp\/v2\/product\/929\" data-token=\"efacb3a6e7fb8572c8fcbe8248d62532\" data-token-time=\"1777719694\" data-trp-original-action=\"\/es\/wp-json\/wp\/v2\/product\/929\"><noscript class=\"wpforms-error-noscript\">Por favor, activa JavaScript en tu navegador para completar este formulario.<\/noscript><div id=\"wpforms-error-noscript\" style=\"display: none;\">Por favor, activa JavaScript en tu navegador para completar este formulario.<\/div><div class=\"wpforms-field-container\"><div id=\"wpforms-253-field_17-container\" class=\"wpforms-field wpforms-field-layout\" data-field-id=\"17\"><div class=\"wpforms-field-layout-rows wpforms-field-large\"><div class=\"wpforms-layout-row\"><div class=\"wpforms-layout-column wpforms-layout-column-50\"><div id=\"wpforms-253-field_14-container\" class=\"wpforms-field wpforms-field-text\" data-field-id=\"14\"><label class=\"wpforms-field-label\" for=\"wpforms-253-field_14\">Nombre <span class=\"wpforms-required-label\" aria-hidden=\"true\">*<\/span><\/label><input type=\"text\" id=\"wpforms-253-field_14\" class=\"wpforms-field-large wpforms-field-required\" name=\"wpforms[fields][14]\" aria-errormessage=\"wpforms-253-field_14-error\" required><\/div><\/div><div class=\"wpforms-layout-column wpforms-layout-column-50\"><div id=\"wpforms-253-field_16-container\" class=\"wpforms-field wpforms-field-text\" data-field-id=\"16\"><label class=\"wpforms-field-label\" for=\"wpforms-253-field_16\">Nombre de la empresa<\/label><input type=\"text\" id=\"wpforms-253-field_16\" class=\"wpforms-field-medium\" name=\"wpforms[fields][16]\" aria-errormessage=\"wpforms-253-field_16-error\" ><\/div><\/div><\/div><\/div><\/div><div id=\"wpforms-253-field_18-container\" class=\"wpforms-field wpforms-field-phone\" data-field-id=\"18\"><label class=\"wpforms-field-label\" for=\"wpforms-253-field_18\">Tel\u00e9fono <span class=\"wpforms-required-label\" aria-hidden=\"true\">*<\/span><\/label><input type=\"tel\" id=\"wpforms-253-field_18\" class=\"wpforms-field-large wpforms-field-required wpforms-smart-phone-field\" data-rule-smart-phone-field=\"true\" name=\"wpforms[fields][18]\" aria-label=\"Tel\u00e9fono\" aria-errormessage=\"wpforms-253-field_18-error\" required><\/div>\t\t<div id=\"wpforms-253-field_1-container\"\n\t\t\tclass=\"wpforms-field wpforms-field-text\"\n\t\t\tdata-field-type=\"text\"\n\t\t\tdata-field-id=\"1\"\n\t\t\t>\n\t\t\t<label class=\"wpforms-field-label\" for=\"wpforms-253-field_1\" >Disposici\u00f3n Email \/<\/label>\n\t\t\t<input type=\"text\" id=\"wpforms-253-field_1\" class=\"wpforms-field-medium\" name=\"wpforms[fields][1]\" >\n\t\t<\/div>\n\t\t<div id=\"wpforms-253-field_15-container\" class=\"wpforms-field wpforms-field-email\" data-field-id=\"15\"><label class=\"wpforms-field-label\" for=\"wpforms-253-field_15\">Correo electr\u00f3nico \/ WhatsApp <span class=\"wpforms-required-label\" aria-hidden=\"true\">*<\/span><\/label><input type=\"email\" id=\"wpforms-253-field_15\" class=\"wpforms-field-large wpforms-field-required\" name=\"wpforms[fields][15]\" spellcheck=\"false\" aria-errormessage=\"wpforms-253-field_15-error\" required><\/div><div id=\"wpforms-253-field_7-container\" class=\"wpforms-field wpforms-field-checkbox wpforms-list-2-columns\" data-field-id=\"7\"><fieldset><legend class=\"wpforms-field-label\">Inter\u00e9s del producto (seleccione varios)<\/legend><ul id=\"wpforms-253-field_7\"><li class=\"choice-1 depth-1\"><input type=\"checkbox\" id=\"wpforms-253-field_7_1\" name=\"wpforms[fields][7][]\" value=\"Liquid Supplements\" aria-errormessage=\"wpforms-253-field_7_1-error\"  ><label class=\"wpforms-field-label-inline\" for=\"wpforms-253-field_7_1\">Suplementos l\u00edquidos<\/label><\/li><li class=\"choice-2 depth-1\"><input type=\"checkbox\" id=\"wpforms-253-field_7_2\" name=\"wpforms[fields][7][]\" value=\"Functional Gummies\" aria-errormessage=\"wpforms-253-field_7_2-error\"  ><label class=\"wpforms-field-label-inline\" for=\"wpforms-253-field_7_2\">Gominolas funcionales<\/label><\/li><li class=\"choice-3 depth-1\"><input type=\"checkbox\" id=\"wpforms-253-field_7_3\" name=\"wpforms[fields][7][]\" value=\"Capsules &amp; Softgels\" aria-errormessage=\"wpforms-253-field_7_3-error\"  ><label class=\"wpforms-field-label-inline\" for=\"wpforms-253-field_7_3\">C\u00e1psulas y c\u00e1psulas blandas<\/label><\/li><li class=\"choice-4 depth-1\"><input type=\"checkbox\" id=\"wpforms-253-field_7_4\" name=\"wpforms[fields][7][]\" value=\"Botanical Powders\" aria-errormessage=\"wpforms-253-field_7_4-error\"  ><label class=\"wpforms-field-label-inline\" for=\"wpforms-253-field_7_4\">Polvos bot\u00e1nicos<\/label><\/li><\/ul><\/fieldset><\/div><div id=\"wpforms-253-field_13-container\" class=\"wpforms-field wpforms-field-textarea\" data-field-id=\"13\"><label class=\"wpforms-field-label\" for=\"wpforms-253-field_13\">Cantidad estimada<\/label><textarea id=\"wpforms-253-field_13\" class=\"wpforms-field-medium\" name=\"wpforms[fields][13]\" aria-errormessage=\"wpforms-253-field_13-error\" ><\/textarea><\/div><script>\n\t\t\t\t( function() {\n\t\t\t\t\tconst style = document.createElement( 'style' );\n\t\t\t\t\tstyle.appendChild( document.createTextNode( '#wpforms-253-field_1-container { position: absolute !important; overflow: hidden !important; display: inline !important; height: 1px !important; width: 1px !important; z-index: -1000 !important; padding: 0 !important; } #wpforms-253-field_1-container input { visibility: hidden; } #wpforms-conversational-form-page #wpforms-253-field_1-container label { counter-increment: none; }' ) );\n\t\t\t\t\tdocument.head.appendChild( style );\n\t\t\t\t\tdocument.currentScript?.remove();\n\t\t\t\t} )();\n\t\t\t<\/script><\/div><!-- .wpforms-field-container --><div class=\"wpforms-submit-container\" ><input type=\"hidden\" name=\"wpforms[id]\" value=\"253\"><input type=\"hidden\" name=\"page_title\" value=\"\"><input type=\"hidden\" name=\"page_url\" value=\"https:\/\/chtnature.com\/es\/wp-json\/wp\/v2\/product\/929\"><input type=\"hidden\" name=\"url_referer\" value=\"\"><button type=\"submit\" name=\"wpforms[submit]\" id=\"wpforms-submit-253\" class=\"wpforms-submit\" data-alt-text=\"Sending...\" data-submit-text=\"Submit\" aria-live=\"assertive\" value=\"wpforms-submit\">Enviar<\/button><img decoding=\"async\" src=\"https:\/\/chtnature.com\/wp-content\/plugins\/wpforms\/assets\/images\/submit-spin.svg\" class=\"wpforms-submit-spinner\" style=\"display: none;\" width=\"26\" height=\"26\" alt=\"Cargando\" title=\"\"><\/div><input type=\"hidden\" name=\"trp-form-language\" value=\"es\"\/><\/form><\/div>  <!-- .wpforms-container -->","protected":false},"excerpt":{"rendered":"<ul>\n<li><b>HCl de berberina de alta potencia:<\/b> Dosis totalmente personalizable de 250mg a 500mg por gominola, verificada por HPLC para pureza y exactitud.<\/li>\n<li><b>Vegano y de sabor superior:<\/b> F\u00f3rmula a base de pectina (apta para veganos) con tecnolog\u00eda avanzada de enmascaramiento del sabor para crear un suplemento delicioso que encanta a los consumidores.<\/li>\n<li><b>Fabricaci\u00f3n llave en mano:<\/b> Una soluci\u00f3n ideal, lista para el mercado, para las marcas de salud dirigidas al apoyo metab\u00f3lico. Nos encargamos de todo, desde la formulaci\u00f3n hasta el embotellado.<\/li>\n<li><b>Totalmente personalizable y con certificaci\u00f3n GMP:<\/b> Adapte la f\u00f3rmula, el sabor, la forma y el envase a su marca. Producidos en instalaciones con certificaci\u00f3n GMP y con cantidades m\u00ednimas disponibles.<\/li>\n<\/ul>","protected":false},"featured_media":930,"comment_status":"open","ping_status":"closed","template":"","meta":{"_acf_changed":false},"product_brand":[],"product_cat":[18],"product_tag":[],"class_list":{"0":"post-929","1":"product","2":"type-product","3":"status-publish","4":"has-post-thumbnail","6":"product_cat-functional-gummies","8":"first","9":"instock","10":"shipping-taxable","11":"product-type-simple"},"acf":[],"_links":{"self":[{"href":"https:\/\/chtnature.com\/es\/wp-json\/wp\/v2\/product\/929","targetHints":{"allow":["GET"]}}],"collection":[{"href":"https:\/\/chtnature.com\/es\/wp-json\/wp\/v2\/product"}],"about":[{"href":"https:\/\/chtnature.com\/es\/wp-json\/wp\/v2\/types\/product"}],"replies":[{"embeddable":true,"href":"https:\/\/chtnature.com\/es\/wp-json\/wp\/v2\/comments?post=929"}],"wp:featuredmedia":[{"embeddable":true,"href":"https:\/\/chtnature.com\/es\/wp-json\/wp\/v2\/media\/930"}],"wp:attachment":[{"href":"https:\/\/chtnature.com\/es\/wp-json\/wp\/v2\/media?parent=929"}],"wp:term":[{"taxonomy":"product_brand","embeddable":true,"href":"https:\/\/chtnature.com\/es\/wp-json\/wp\/v2\/product_brand?post=929"},{"taxonomy":"product_cat","embeddable":true,"href":"https:\/\/chtnature.com\/es\/wp-json\/wp\/v2\/product_cat?post=929"},{"taxonomy":"product_tag","embeddable":true,"href":"https:\/\/chtnature.com\/es\/wp-json\/wp\/v2\/product_tag?post=929"}],"curies":[{"name":"wp","href":"https:\/\/api.w.org\/{rel}","templated":true}]}}