{"id":1017,"date":"2025-08-21T08:12:42","date_gmt":"2025-08-21T08:12:42","guid":{"rendered":"https:\/\/chtnature.com\/?post_type=product&#038;p=1017"},"modified":"2025-08-21T08:13:46","modified_gmt":"2025-08-21T08:13:46","slug":"gelules-de-champignon-tigre-biologique-marque-de-distributeur","status":"publish","type":"product","link":"https:\/\/chtnature.com\/fr\/product\/gelules-de-champignon-tigre-biologique-marque-de-distributeur\/","title":{"rendered":"Capsules de Champignon Lait de Tigre"},"content":{"rendered":"<h2><strong><span class=\"selected\">Aper\u00e7u du produit<\/span><\/strong><\/h2>\n<p><span class=\"selected\">Am\u00e9liorez votre gamme de compl\u00e9ments alimentaires avec nos g\u00e9lules de champignon de lait tigr\u00e9 biologique de premi\u00e8re qualit\u00e9, formul\u00e9es \u00e0 partir du puissant scl\u00e9rotium du champignon de lait tigr\u00e9 biologique. <\/span><em><span class=\"selected\">Lignosus rhinocerus<\/span><\/em><span class=\"selected\">. Reconnu pour son utilisation traditionnelle en faveur de la sant\u00e9 respiratoire, le champignon \"Tiger Milk\" est un ingr\u00e9dient recherch\u00e9 par les consommateurs les plus exigeants. En tant qu'ingr\u00e9dient <\/span><strong><span class=\"selected\">fabricant<\/span><\/strong><span class=\"selected\"> En tant que leader dans le domaine des compl\u00e9ments alimentaires \u00e0 base de champignons, nous proposons une solution compl\u00e8te cl\u00e9 en main aux marques qui souhaitent lancer un produit puissant et pr\u00eat \u00e0 \u00eatre commercialis\u00e9. Notre processus verticalement int\u00e9gr\u00e9 - de l'approvisionnement m\u00e9ticuleux \u00e0 l'encapsulation pr\u00e9cise - est con\u00e7u pour une qualit\u00e9, une s\u00e9curit\u00e9 et un attrait de marque in\u00e9gal\u00e9s.<\/span><\/p>\n<p><strong><span class=\"selected\">Principaux facteurs de diff\u00e9renciation :<\/span><\/strong><\/p>\n<ul>\n<li><strong><span class=\"selected\">Source biologique de premi\u00e8re qualit\u00e9 :<\/span><\/strong><span class=\"selected\"> Utilisation de produits biologiques certifi\u00e9s 100% <\/span><em><span class=\"selected\">Lignosus rhinocerus<\/span><\/em><span class=\"selected\"> sclerotium pour une puret\u00e9 et une efficacit\u00e9 maximales.<\/span><\/li>\n<li><strong><span class=\"selected\">Contr\u00f4le total de la personnalisation :<\/span><\/strong><span class=\"selected\"> Adaptez tout, du dosage et du type de g\u00e9lule au nombre de bouteilles et \u00e0 la conception de l'\u00e9tiquette, pour qu'elle corresponde \u00e0 l'identit\u00e9 de votre marque.<\/span><\/li>\n<li><strong><span class=\"selected\">Production certifi\u00e9e GMP :<\/span><\/strong><span class=\"selected\"> Fabriqu\u00e9 selon les directives strictes des bonnes pratiques de fabrication (cGMP) pour une s\u00e9curit\u00e9, une coh\u00e9rence et une qualit\u00e9 optimales.<\/span><\/li>\n<li><strong><span class=\"selected\">Service cl\u00e9 en main :<\/span><\/strong><span class=\"selected\"> Nous rationalisons votre lancement en nous chargeant de la formulation, de la production, de l'embouteillage et de l'\u00e9tiquetage.<\/span><\/li>\n<li><strong><span class=\"selected\">Directement de l'usine :<\/span><\/strong><span class=\"selected\"> Notre mod\u00e8le garantit \u00e0 nos partenaires une cha\u00eene d'approvisionnement transparente, tra\u00e7able et rentable.<\/span><\/li>\n<\/ul>\n<h2><strong><span class=\"selected\">Principales sp\u00e9cifications techniques<\/span><\/strong><\/h2>\n<table>\n<tbody>\n<tr>\n<th><span class=\"selected\">Param\u00e8tres<\/span><\/th>\n<th><span class=\"selected\">Sp\u00e9cifications<\/span><\/th>\n<th><span class=\"selected\">Notes<\/span><\/th>\n<\/tr>\n<tr>\n<td><strong><span class=\"selected\">Nom du produit<\/span><\/strong><\/td>\n<td><span class=\"selected\">Organic Tiger Milk Mushroom Capsules<\/span><\/td>\n<td><\/td>\n<\/tr>\n<tr>\n<td><strong><span class=\"selected\">Nom botanique<\/span><\/strong><\/td>\n<td><em><span class=\"selected\">Lignosus rhinocerus<\/span><\/em><\/td>\n<td><\/td>\n<\/tr>\n<tr>\n<td><strong><span class=\"selected\">Source de l'ingr\u00e9dient actif<\/span><\/strong><\/td>\n<td><span class=\"selected\">Extrait de scl\u00e9rote certifi\u00e9 biologique<\/span><\/td>\n<td><span class=\"selected\">Assure l'utilisation de la partie la plus pr\u00e9cieuse du champignon.<\/span><\/td>\n<\/tr>\n<tr>\n<td><strong><span class=\"selected\">Dosages standard<\/span><\/strong><\/td>\n<td><span class=\"selected\">500mg, 600mg, 800mg \/ g\u00e9lule<\/span><\/td>\n<td><span class=\"selected\">Des dosages personnalis\u00e9s sont disponibles sur demande.<\/span><\/td>\n<\/tr>\n<tr>\n<td><strong><span class=\"selected\">Apparence<\/span><\/strong><\/td>\n<td><span class=\"selected\">Fine poudre brune dans une capsule claire ou blanche<\/span><\/td>\n<td><\/td>\n<\/tr>\n<tr>\n<td><strong><span class=\"selected\">Type de capsule<\/span><\/strong><\/td>\n<td><span class=\"selected\">HPMC (hydroxypropylm\u00e9thylcellulose) ou g\u00e9latine<\/span><\/td>\n<td><span class=\"selected\">HPMC est 100% d'origine v\u00e9g\u00e9tale et convient aux all\u00e9gations v\u00e9g\u00e9taliennes.<\/span><\/td>\n<\/tr>\n<tr>\n<td><strong><span class=\"selected\">Taille de la capsule<\/span><\/strong><\/td>\n<td><span class=\"selected\">#00, #0, ou taille personnalis\u00e9e<\/span><\/td>\n<td><\/td>\n<\/tr>\n<tr>\n<td><strong><span class=\"selected\">Excipients<\/span><\/strong><\/td>\n<td><span class=\"selected\">Options : Sans excipients, Farine de riz, MCC<\/span><\/td>\n<td><span class=\"selected\">Formul\u00e9 pour r\u00e9pondre aux exigences du \"Clean Label\".<\/span><\/td>\n<\/tr>\n<tr>\n<td><strong><span class=\"selected\">M\u00e9taux lourds<\/span><\/strong><\/td>\n<td><span class=\"selected\">Arsenic (As) &lt;1 ppm, Cadmium (Cd) &lt;1 ppm, Plomb (Pb) &lt;3 ppm, Mercure (Hg) &lt;0,1 ppm<\/span><\/td>\n<td><span class=\"selected\">Enti\u00e8rement conforme aux normes USP\/EP.<\/span><\/td>\n<\/tr>\n<tr>\n<td><strong><span class=\"selected\">Microbiologie<\/span><\/strong><\/td>\n<td><span class=\"selected\">Nombre total de bact\u00e9ries &lt;1000 cfu\/g, levures et moisissures &lt;100 cfu\/g<\/span><\/td>\n<td><span class=\"selected\">E. Coli, Salmonella, Staph. Aureus : N\u00e9gatif.<\/span><\/td>\n<\/tr>\n<\/tbody>\n<\/table>\n<h2><strong><span class=\"selected\">Vos options de personnalisation et de label priv\u00e9<\/span><\/strong><\/h2>\n<p><span class=\"selected\">Nous savons qu'un produit r\u00e9ussi refl\u00e8te une vision unique de la marque. Notre service de marque priv\u00e9e est con\u00e7u en fonction de vos besoins, offrant une grande flexibilit\u00e9 et des conseils d'experts \u00e0 chaque \u00e9tape.<\/span><\/p>\n<h3><strong><span class=\"selected\">\u00c9tape 1 : Choisissez votre dosage<\/span><\/strong><\/h3>\n<p><span class=\"selected\">Choisissez parmi nos dosages standard, test\u00e9s sur le march\u00e9, de 500 mg, 600 mg ou 800 mg par g\u00e9lule. Ou bien, collaborez avec notre \u00e9quipe de formulation pour d\u00e9velopper un dosage personnalis\u00e9 adapt\u00e9 au positionnement de votre produit et \u00e0 votre public cible.<\/span><\/p>\n<h3><strong><span class=\"selected\">\u00c9tape 2 : S\u00e9lectionnez votre capsule<\/span><\/strong><\/h3>\n<p><span class=\"selected\">Nos options de capsules r\u00e9pondent aux pr\u00e9f\u00e9rences des consommateurs d'aujourd'hui. Choisissez <\/span><strong><span class=\"selected\">Capsules v\u00e9g\u00e9taliennes HPMC<\/span><\/strong><span class=\"selected\"> pour un produit 100% \u00e0 base de plantes et respectueux de l'environnement, ou opter pour un produit traditionnel \u00e0 base de plantes et respectueux de l'environnement. <\/span><strong><span class=\"selected\">capsules de g\u00e9latine<\/span><\/strong><span class=\"selected\">. Nous proposons une gamme de tailles pour une livraison optimale et une facilit\u00e9 d'utilisation.<\/span><\/p>\n<h3><strong><span class=\"selected\">\u00c9tape 3 : Conception de l'emballage<\/span><\/strong><\/h3>\n<p><span class=\"selected\">Compl\u00e9tez votre produit avec un emballage professionnel. Nous proposons une vari\u00e9t\u00e9 d'options, y compris le nombre de bouteilles (60, 90 ou 120 capsules), les couleurs des bouteilles (par exemple, ambre, blanc, bleu), les types de bouchons et une assistance compl\u00e8te pour votre processus de conception et d'application d'\u00e9tiquettes.<\/span><\/p>\n<h2><strong><span class=\"selected\">Excellence en mati\u00e8re de fabrication et assurance qualit\u00e9<\/span><\/strong><\/h2>\n<p><span class=\"selected\">Comme l'original <\/span><strong><span class=\"selected\">fabricant<\/span><\/strong><span class=\"selected\"> et <\/span><strong><span class=\"selected\">exportateur<\/span><\/strong><span class=\"selected\">En outre, nous gardons un contr\u00f4le absolu sur le processus de production, ce qui garantit que chaque bouteille r\u00e9pond aux normes les plus strictes en mati\u00e8re de qualit\u00e9 et de s\u00e9curit\u00e9.<\/span><\/p>\n<h3><strong><span class=\"selected\">Installation certifi\u00e9e BPF<\/span><\/strong><\/h3>\n<p><span class=\"selected\">Notre site de production fonctionne dans le strict respect des bonnes pratiques de fabrication actuelles (cGMP), telles qu'elles sont d\u00e9finies dans le document 21 CFR Part 111. Il fait l'objet d'audits internes et externes r\u00e9guliers afin de garantir le respect des protocoles de s\u00e9curit\u00e9, d'hygi\u00e8ne et de contr\u00f4le de la qualit\u00e9.<\/span><\/p>\n<h3><strong><span class=\"selected\">Protocole d'essai rigoureux<\/span><\/strong><\/h3>\n<p><span class=\"selected\">La qualit\u00e9 est valid\u00e9e par un r\u00e9gime de tests en plusieurs \u00e9tapes. L'identit\u00e9 et la puret\u00e9 de toutes les mati\u00e8res premi\u00e8res entrantes sont test\u00e9es. Des contr\u00f4les en cours de fabrication v\u00e9rifient la coh\u00e9rence, et chaque lot fini est soumis \u00e0 une analyse finale des contaminants microbiens et des m\u00e9taux lourds pour confirmer qu'il est conforme aux sp\u00e9cifications.<\/span><\/p>\n<h3><strong><span class=\"selected\">Documentation compl\u00e8te<\/span><\/strong><\/h3>\n<p><span class=\"selected\">Nous assurons une transparence et un soutien complets pour vos besoins r\u00e9glementaires. Chaque exp\u00e9dition est accompagn\u00e9e d'un certificat d'analyse (COA) sp\u00e9cifique au lot. D'autres documents sont disponibles, notamment une fiche de sp\u00e9cification, un certificat biologique et une d\u00e9claration d'allerg\u00e8nes.<\/span><\/p>\n<h2><strong><span class=\"selected\">Emballage, approvisionnement et logistique<\/span><\/strong><\/h2>\n<p><span class=\"selected\">Nous nous engageons \u00e0 \u00eatre un partenaire fiable <\/span><strong><span class=\"selected\">fournisseur<\/span><\/strong><span class=\"selected\"> pour la croissance de votre marque. Des quantit\u00e9s importantes sont disponibles pour une exp\u00e9dition mondiale directement \u00e0 partir de notre site web. <\/span><strong><span class=\"selected\">usine<\/span><\/strong><span class=\"selected\">. Nous travaillons avec des partenaires logistiques de confiance pour garantir que votre commande arrive \u00e0 temps et en parfait \u00e9tat.<\/span><\/p>\n<ul>\n<li><strong><span class=\"selected\">Quantit\u00e9 minimale de commande (MOQ) :<\/span><\/strong><span class=\"selected\"> Nos QMo sont structur\u00e9s de mani\u00e8re \u00e0 soutenir \u00e0 la fois les marques \u00e9mergentes et les marques \u00e9tablies. N'h\u00e9sitez pas \u00e0 nous demander des d\u00e9tails sur votre projet sp\u00e9cifique de marque priv\u00e9e.<\/span><\/li>\n<li><strong><span class=\"selected\">D\u00e9lai d'ex\u00e9cution :<\/span><\/strong><span class=\"selected\"> Le d\u00e9lai de livraison standard est d'environ 4 \u00e0 6 semaines pour les commandes initiales de marques priv\u00e9es, avec des d\u00e9lais plus courts pour les commandes ult\u00e9rieures.<\/span><\/li>\n<li><strong><span class=\"selected\">Emballage :<\/span><\/strong><span class=\"selected\"> Les produits sont exp\u00e9di\u00e9s dans des conteneurs scell\u00e9s et inviolables, portant clairement les num\u00e9ros de lots et les dates de production pour une tra\u00e7abilit\u00e9 totale.<\/span><\/li>\n<\/ul>\n<h2><strong><span class=\"selected\">Partenariat avec un important fournisseur de g\u00e9lules de champignon au lait de tigre<\/span><\/strong><\/h2>\n<p><span class=\"selected\">Pr\u00eat \u00e0 cr\u00e9er un suppl\u00e9ment de sant\u00e9 respiratoire qui se d\u00e9marque ? Notre combinaison d'ingr\u00e9dients biologiques de premi\u00e8re qualit\u00e9, de solutions personnalisables et d'un engagement ind\u00e9fectible envers la qualit\u00e9 fait de nous le partenaire id\u00e9al pour votre marque. Contactez-nous d\u00e8s aujourd'hui pour discuter de votre projet.<\/span><\/p>\n<p><span class=\"selected\"><div class=\"wpforms-container wpforms-container-full contact_form wpforms-render-modern\" id=\"wpforms-253\"><form id=\"wpforms-form-253\" class=\"wpforms-validate wpforms-form wpforms-ajax-form\" data-formid=\"253\" method=\"post\" enctype=\"multipart\/form-data\" action=\"\/fr\/wp-json\/wp\/v2\/product\/1017\" data-token=\"c753764b3a1ab842e2286b88d84bae1f\" data-token-time=\"1777092359\" data-trp-original-action=\"\/fr\/wp-json\/wp\/v2\/product\/1017\"><noscript class=\"wpforms-error-noscript\">Veuillez activer JavaScript dans votre navigateur pour remplir ce formulaire.<\/noscript><div id=\"wpforms-error-noscript\" style=\"display: none;\">Veuillez activer JavaScript dans votre navigateur pour remplir ce formulaire.<\/div><div class=\"wpforms-field-container\"><div id=\"wpforms-253-field_17-container\" class=\"wpforms-field wpforms-field-layout\" data-field-id=\"17\"><div class=\"wpforms-field-layout-rows wpforms-field-large\"><div class=\"wpforms-layout-row\"><div class=\"wpforms-layout-column wpforms-layout-column-50\"><div id=\"wpforms-253-field_14-container\" class=\"wpforms-field wpforms-field-text\" data-field-id=\"14\"><label class=\"wpforms-field-label\" for=\"wpforms-253-field_14\">Nom <span class=\"wpforms-required-label\" aria-hidden=\"true\">*<\/span><\/label><input type=\"text\" id=\"wpforms-253-field_14\" class=\"wpforms-field-large wpforms-field-required\" name=\"wpforms[fields][14]\" aria-errormessage=\"wpforms-253-field_14-error\" required><\/div><\/div><div class=\"wpforms-layout-column wpforms-layout-column-50\"><div id=\"wpforms-253-field_16-container\" class=\"wpforms-field wpforms-field-text\" data-field-id=\"16\"><label class=\"wpforms-field-label\" for=\"wpforms-253-field_16\">Nom de l'entreprise<\/label><input type=\"text\" id=\"wpforms-253-field_16\" class=\"wpforms-field-medium\" name=\"wpforms[fields][16]\" aria-errormessage=\"wpforms-253-field_16-error\" ><\/div><\/div><\/div><\/div><\/div><div id=\"wpforms-253-field_18-container\" class=\"wpforms-field wpforms-field-phone\" data-field-id=\"18\"><label class=\"wpforms-field-label\" for=\"wpforms-253-field_18\">T\u00e9l\u00e9phone <span class=\"wpforms-required-label\" aria-hidden=\"true\">*<\/span><\/label><input type=\"tel\" id=\"wpforms-253-field_18\" class=\"wpforms-field-large wpforms-field-required wpforms-smart-phone-field\" data-rule-smart-phone-field=\"true\" name=\"wpforms[fields][18]\" aria-label=\"T\u00e9l\u00e9phone\" aria-errormessage=\"wpforms-253-field_18-error\" required><\/div><div id=\"wpforms-253-field_15-container\" class=\"wpforms-field wpforms-field-email\" data-field-id=\"15\"><label class=\"wpforms-field-label\" for=\"wpforms-253-field_15\">Courriel \/ WhatsApp <span class=\"wpforms-required-label\" aria-hidden=\"true\">*<\/span><\/label><input type=\"email\" id=\"wpforms-253-field_15\" class=\"wpforms-field-large wpforms-field-required\" name=\"wpforms[fields][15]\" spellcheck=\"false\" aria-errormessage=\"wpforms-253-field_15-error\" required><\/div>\t\t<div id=\"wpforms-253-field_1-container\"\n\t\t\tclass=\"wpforms-field wpforms-field-text\"\n\t\t\tdata-field-type=\"text\"\n\t\t\tdata-field-id=\"1\"\n\t\t\t>\n\t\t\t<label class=\"wpforms-field-label\" for=\"wpforms-253-field_1\" >Name Interest WhatsApp<\/label>\n\t\t\t<input type=\"text\" id=\"wpforms-253-field_1\" class=\"wpforms-field-medium\" name=\"wpforms[fields][1]\" >\n\t\t<\/div>\n\t\t<div id=\"wpforms-253-field_7-container\" class=\"wpforms-field wpforms-field-checkbox wpforms-list-2-columns\" data-field-id=\"7\"><fieldset><legend class=\"wpforms-field-label\">Int\u00e9r\u00eat pour le produit (s\u00e9lectionner plusieurs)<\/legend><ul id=\"wpforms-253-field_7\"><li class=\"choice-1 depth-1\"><input type=\"checkbox\" id=\"wpforms-253-field_7_1\" name=\"wpforms[fields][7][]\" value=\"Liquid Supplements\" aria-errormessage=\"wpforms-253-field_7_1-error\"  ><label class=\"wpforms-field-label-inline\" for=\"wpforms-253-field_7_1\">Suppl\u00e9ments liquides<\/label><\/li><li class=\"choice-2 depth-1\"><input type=\"checkbox\" id=\"wpforms-253-field_7_2\" name=\"wpforms[fields][7][]\" value=\"Functional Gummies\" aria-errormessage=\"wpforms-253-field_7_2-error\"  ><label class=\"wpforms-field-label-inline\" for=\"wpforms-253-field_7_2\">Gummies fonctionnels<\/label><\/li><li class=\"choice-3 depth-1\"><input type=\"checkbox\" id=\"wpforms-253-field_7_3\" name=\"wpforms[fields][7][]\" value=\"Capsules &amp; Softgels\" aria-errormessage=\"wpforms-253-field_7_3-error\"  ><label class=\"wpforms-field-label-inline\" for=\"wpforms-253-field_7_3\">Capsules et capsules molles<\/label><\/li><li class=\"choice-4 depth-1\"><input type=\"checkbox\" id=\"wpforms-253-field_7_4\" name=\"wpforms[fields][7][]\" value=\"Botanical Powders\" aria-errormessage=\"wpforms-253-field_7_4-error\"  ><label class=\"wpforms-field-label-inline\" for=\"wpforms-253-field_7_4\">Poudres botaniques<\/label><\/li><\/ul><\/fieldset><\/div><div id=\"wpforms-253-field_13-container\" class=\"wpforms-field wpforms-field-textarea\" data-field-id=\"13\"><label class=\"wpforms-field-label\" for=\"wpforms-253-field_13\">Quantit\u00e9 estim\u00e9e<\/label><textarea id=\"wpforms-253-field_13\" class=\"wpforms-field-medium\" name=\"wpforms[fields][13]\" aria-errormessage=\"wpforms-253-field_13-error\" ><\/textarea><\/div><script>\n\t\t\t\t( function() {\n\t\t\t\t\tconst style = document.createElement( 'style' );\n\t\t\t\t\tstyle.appendChild( document.createTextNode( '#wpforms-253-field_1-container { position: absolute !important; overflow: hidden !important; display: inline !important; height: 1px !important; width: 1px !important; z-index: -1000 !important; padding: 0 !important; } #wpforms-253-field_1-container input { visibility: hidden; } #wpforms-conversational-form-page #wpforms-253-field_1-container label { counter-increment: none; }' ) );\n\t\t\t\t\tdocument.head.appendChild( style );\n\t\t\t\t\tdocument.currentScript?.remove();\n\t\t\t\t} )();\n\t\t\t<\/script><\/div><!-- .wpforms-field-container --><div class=\"wpforms-submit-container\" ><input type=\"hidden\" name=\"wpforms[id]\" value=\"253\"><input type=\"hidden\" name=\"page_title\" value=\"\"><input type=\"hidden\" name=\"page_url\" value=\"https:\/\/chtnature.com\/fr\/wp-json\/wp\/v2\/product\/1017\"><input type=\"hidden\" name=\"url_referer\" value=\"\"><button type=\"submit\" name=\"wpforms[submit]\" id=\"wpforms-submit-253\" class=\"wpforms-submit\" data-alt-text=\"Sending...\" data-submit-text=\"Submit\" aria-live=\"assertive\" value=\"wpforms-submit\">Soumettre<\/button><img decoding=\"async\" src=\"https:\/\/chtnature.com\/wp-content\/plugins\/wpforms\/assets\/images\/submit-spin.svg\" class=\"wpforms-submit-spinner\" style=\"display: none;\" width=\"26\" height=\"26\" alt=\"Chargement en cours\" title=\"\"><\/div><input type=\"hidden\" name=\"trp-form-language\" value=\"fr\"\/><\/form><\/div>  <!-- .wpforms-container --><\/span><\/p>","protected":false},"excerpt":{"rendered":"<ul>\n<li><b>Produit :<\/b> Organic Tiger Milk Mushroom (Lignosus rhinocerus) Capsules<\/li>\n<li><b>Dosages standard :<\/b> 500 mg, 600 mg, 800 mg par g\u00e9lule. Dosages personnalis\u00e9s disponibles.<\/li>\n<li><b>Options de capsules :<\/b> HPMC (v\u00e9g\u00e9talien) ou g\u00e9latine. Diff\u00e9rentes tailles (#0, #00).<\/li>\n<li><b>Principaux avantages :<\/b> Issu du Lignosus rhinocerus certifi\u00e9 biologique, fabriqu\u00e9 dans une usine certifi\u00e9e GMP, et disponible pour un service complet cl\u00e9 en main.<\/li>\n<\/ul>","protected":false},"featured_media":1019,"comment_status":"open","ping_status":"closed","template":"","meta":{"_acf_changed":false},"product_brand":[],"product_cat":[19],"product_tag":[],"class_list":{"0":"post-1017","1":"product","2":"type-product","3":"status-publish","4":"has-post-thumbnail","6":"product_cat-capsules-softgels","8":"first","9":"instock","10":"shipping-taxable","11":"product-type-simple"},"acf":[],"_links":{"self":[{"href":"https:\/\/chtnature.com\/fr\/wp-json\/wp\/v2\/product\/1017","targetHints":{"allow":["GET"]}}],"collection":[{"href":"https:\/\/chtnature.com\/fr\/wp-json\/wp\/v2\/product"}],"about":[{"href":"https:\/\/chtnature.com\/fr\/wp-json\/wp\/v2\/types\/product"}],"replies":[{"embeddable":true,"href":"https:\/\/chtnature.com\/fr\/wp-json\/wp\/v2\/comments?post=1017"}],"wp:featuredmedia":[{"embeddable":true,"href":"https:\/\/chtnature.com\/fr\/wp-json\/wp\/v2\/media\/1019"}],"wp:attachment":[{"href":"https:\/\/chtnature.com\/fr\/wp-json\/wp\/v2\/media?parent=1017"}],"wp:term":[{"taxonomy":"product_brand","embeddable":true,"href":"https:\/\/chtnature.com\/fr\/wp-json\/wp\/v2\/product_brand?post=1017"},{"taxonomy":"product_cat","embeddable":true,"href":"https:\/\/chtnature.com\/fr\/wp-json\/wp\/v2\/product_cat?post=1017"},{"taxonomy":"product_tag","embeddable":true,"href":"https:\/\/chtnature.com\/fr\/wp-json\/wp\/v2\/product_tag?post=1017"}],"curies":[{"name":"wp","href":"https:\/\/api.w.org\/{rel}","templated":true}]}}