{"id":1061,"date":"2025-09-04T02:17:43","date_gmt":"2025-09-04T02:17:43","guid":{"rendered":"https:\/\/chtnature.com\/?post_type=product&#038;p=1061"},"modified":"2025-09-04T02:17:43","modified_gmt":"2025-09-04T02:17:43","slug":"fournisseur-de-gouttes-liquides-de-shilajit-de-lhimalaya","status":"publish","type":"product","link":"https:\/\/chtnature.com\/fr\/product\/fournisseur-de-gouttes-liquides-de-shilajit-de-lhimalaya\/","title":{"rendered":"Gouttes liquides de Shilajit de l'Himalaya"},"content":{"rendered":"<h2><span class=\"selected\">Aper\u00e7u du produit<\/span><\/h2>\n<p><span class=\"selected\">Provenant des r\u00e9gions vierges de haute altitude de l'Himalaya, nos gouttes liquides de Shilajit offrent un extrait hydrosoluble hautement purifi\u00e9 d'une qualit\u00e9 in\u00e9gal\u00e9e. Cette solution pr\u00eate \u00e0 l'emploi est d\u00e9riv\u00e9e d'une poix min\u00e9rale r\u00e9colt\u00e9e de mani\u00e8re \u00e9thique et sauvage et subit un processus de purification aqueux exclusif \u00e0 basse temp\u00e9rature. Cette m\u00e9thode avanc\u00e9e garantit la pr\u00e9servation de l'acide fulvique naturel et du complexe d'oligo-\u00e9l\u00e9ments tout en \u00e9liminant efficacement les impuret\u00e9s, les polym\u00e8res et les m\u00e9taux lourds.<\/span><\/p>\n<p><span class=\"selected\">Con\u00e7u pour les marques \u00e0 la recherche d'un ingr\u00e9dient fiable, conforme et puissant, notre shilajit liquide ne contient pas de conservateurs, d'alcool, de glyc\u00e9rine ou d'autres excipients. Il s'agit d'un extrait fid\u00e8le \u00e0 la source, id\u00e9al pour les formulations \"clean label\", qui constitue une base puissante pour votre prochain compl\u00e9ment alimentaire ou boisson fonctionnelle \u00e0 succ\u00e8s.<\/span><\/p>\n<h3><span class=\"selected\">Des avantages uniques :<\/span><\/h3>\n<ul>\n<li><strong><span class=\"selected\">Teneur normalis\u00e9e en acide fulvique :<\/span><\/strong><span class=\"selected\"> Garantit une efficacit\u00e9 et une puissance constantes du produit dans chaque lot.<\/span><\/li>\n<li><strong><span class=\"selected\">Puret\u00e9 exceptionnelle :<\/span><\/strong><span class=\"selected\"> Les niveaux de m\u00e9taux lourds sont bien inf\u00e9rieurs aux limites strictes de l'USP et de la Proposition 65 de la Californie.<\/span><\/li>\n<li><strong><span class=\"selected\">Excellente solubilit\u00e9 dans l'eau et stabilit\u00e9 :<\/span><\/strong><span class=\"selected\"> Garantit une int\u00e9gration facile et une dur\u00e9e de conservation stable dans une large gamme de formulations liquides.<\/span><\/li>\n<li><strong><span class=\"selected\">Tra\u00e7abilit\u00e9 compl\u00e8te :<\/span><\/strong><span class=\"selected\"> Une cha\u00eene d'approvisionnement transparente, de la r\u00e9colte des mati\u00e8res premi\u00e8res au produit fini et test\u00e9.<\/span><\/li>\n<li><strong><span class=\"selected\">Fourniture directe par le fabricant :<\/span><\/strong><span class=\"selected\"> Disponible directement aupr\u00e8s de l <\/span><strong><span class=\"selected\">fabricant<\/span><\/strong><span class=\"selected\"> pour une qualit\u00e9 constante, des prix comp\u00e9titifs et une cha\u00eene d'approvisionnement fiable.<\/span><\/li>\n<\/ul>\n<h2><span class=\"selected\">Principaux param\u00e8tres techniques<\/span><\/h2>\n<table>\n<tbody>\n<tr>\n<th><span class=\"selected\">Param\u00e8tres<\/span><\/th>\n<th><span class=\"selected\">Sp\u00e9cifications<\/span><\/th>\n<th><span class=\"selected\">M\u00e9thode d'essai<\/span><\/th>\n<\/tr>\n<tr>\n<td><strong><span class=\"selected\">Physique et chimique<\/span><\/strong><\/td>\n<td><\/td>\n<td><\/td>\n<\/tr>\n<tr>\n<td><span class=\"selected\">Apparence<\/span><\/td>\n<td><span class=\"selected\">Liquide visqueux brun fonc\u00e9 \u00e0 noir<\/span><\/td>\n<td><span class=\"selected\">Visuel<\/span><\/td>\n<\/tr>\n<tr>\n<td><span class=\"selected\">Odeur<\/span><\/td>\n<td><span class=\"selected\">Caract\u00e9ristique<\/span><\/td>\n<td><span class=\"selected\">Organoleptique<\/span><\/td>\n<\/tr>\n<tr>\n<td><span class=\"selected\">Solubilit\u00e9<\/span><\/td>\n<td><span class=\"selected\">Enti\u00e8rement soluble dans l'eau<\/span><\/td>\n<td><span class=\"selected\">Visuel<\/span><\/td>\n<\/tr>\n<tr>\n<td><span class=\"selected\">pH (tel quel)<\/span><\/td>\n<td><span class=\"selected\">4.0 &#8211; 6.0<\/span><\/td>\n<td><span class=\"selected\">pH-m\u00e8tre<\/span><\/td>\n<\/tr>\n<tr>\n<td><span class=\"selected\">Gravit\u00e9 sp\u00e9cifique<\/span><\/td>\n<td><span class=\"selected\">1,05 - 1,15 g\/mL<\/span><\/td>\n<td><span class=\"selected\">Gravim\u00e9trie<\/span><\/td>\n<\/tr>\n<tr>\n<td><strong><span class=\"selected\">Compos\u00e9 actif<\/span><\/strong><\/td>\n<td><\/td>\n<td><\/td>\n<\/tr>\n<tr>\n<td><span class=\"selected\">Acide fulvique<\/span><\/td>\n<td><span class=\"selected\">\u2265 20.0%<\/span><\/td>\n<td><span class=\"selected\">UV-Vis<\/span><\/td>\n<\/tr>\n<tr>\n<td><strong><span class=\"selected\">Analyse des m\u00e9taux lourds<\/span><\/strong><\/td>\n<td><\/td>\n<td><\/td>\n<\/tr>\n<tr>\n<td><span class=\"selected\">Plomb (Pb)<\/span><\/td>\n<td><span class=\"selected\">\u2264 0,5 ppm<\/span><\/td>\n<td><span class=\"selected\">ICP-MS<\/span><\/td>\n<\/tr>\n<tr>\n<td><span class=\"selected\">Arsenic (As)<\/span><\/td>\n<td><span class=\"selected\">\u2264 0,5 ppm<\/span><\/td>\n<td><span class=\"selected\">ICP-MS<\/span><\/td>\n<\/tr>\n<tr>\n<td><span class=\"selected\">Cadmium (Cd)<\/span><\/td>\n<td><span class=\"selected\">\u2264 0,2 ppm<\/span><\/td>\n<td><span class=\"selected\">ICP-MS<\/span><\/td>\n<\/tr>\n<tr>\n<td><span class=\"selected\">Mercure (Hg)<\/span><\/td>\n<td><span class=\"selected\">\u2264 0,1 ppm<\/span><\/td>\n<td><span class=\"selected\">ICP-MS<\/span><\/td>\n<\/tr>\n<tr>\n<td><strong><span class=\"selected\">Limites microbiologiques<\/span><\/strong><\/td>\n<td><\/td>\n<td><\/td>\n<\/tr>\n<tr>\n<td><span class=\"selected\">Nombre total de plaques<\/span><\/td>\n<td><span class=\"selected\">&lt; 1 000 ufc\/g<\/span><\/td>\n<td><span class=\"selected\">USP<\/span><\/td>\n<\/tr>\n<tr>\n<td><span class=\"selected\">Levures et moisissures<\/span><\/td>\n<td><span class=\"selected\">&lt; 100 cfu\/g<\/span><\/td>\n<td><span class=\"selected\">USP<\/span><\/td>\n<\/tr>\n<tr>\n<td><span class=\"selected\">E. Coli<\/span><\/td>\n<td><span class=\"selected\">Absent \/ N\u00e9gatif<\/span><\/td>\n<td><span class=\"selected\">USP<\/span><\/td>\n<\/tr>\n<tr>\n<td><span class=\"selected\">Salmonelle<\/span><\/td>\n<td><span class=\"selected\">Absent \/ N\u00e9gatif<\/span><\/td>\n<td><span class=\"selected\">USP<\/span><\/td>\n<\/tr>\n<tr>\n<td><strong><span class=\"selected\">Profil de puret\u00e9<\/span><\/strong><\/td>\n<td><\/td>\n<td><\/td>\n<\/tr>\n<tr>\n<td><span class=\"selected\">Solvants r\u00e9siduels<\/span><\/td>\n<td><span class=\"selected\">Conforme \u00e0 la norme USP  (extraction \u00e0 l'eau uniquement)<\/span><\/td>\n<td><span class=\"selected\">N\/A<\/span><\/td>\n<\/tr>\n<tr>\n<td><span class=\"selected\">Additifs \/ Excipients<\/span><\/td>\n<td><span class=\"selected\">Aucun<\/span><\/td>\n<td><span class=\"selected\">N\/A<\/span><\/td>\n<\/tr>\n<\/tbody>\n<\/table>\n<h2><span class=\"selected\">Essais et assurance qualit\u00e9<\/span><\/h2>\n<p><span class=\"selected\">Notre engagement en faveur de la qualit\u00e9 est \u00e9tay\u00e9 par des tests analytiques rigoureux. Nous utilisons la spectrom\u00e9trie de masse \u00e0 plasma inductif (ICP-MS) pour l'analyse des m\u00e9taux lourds, une m\u00e9thode sup\u00e9rieure qui garantit le plus haut niveau de pr\u00e9cision et de d\u00e9tection \u00e0 des niveaux de parties par milliard (ppb). La transparence de notre m\u00e9thodologie garantit la s\u00e9curit\u00e9 des produits et simplifie votre documentation r\u00e9glementaire.<\/span><\/p>\n<p><span class=\"selected\">Chaque lot est fabriqu\u00e9 conform\u00e9ment aux directives strictes des BPF (bonnes pratiques de fabrication) et est test\u00e9 en fonction de nos sp\u00e9cifications d\u00e9taill\u00e9es. Un certificat d'analyse (COA) sp\u00e9cifique \u00e0 chaque lot est fourni avec chaque exp\u00e9dition, garantissant une transparence totale et la coh\u00e9rence d'un lot \u00e0 l'autre dont votre marque d\u00e9pend.<\/span><\/p>\n<p><strong><span class=\"selected\">Documentation disponible :<\/span><\/strong><\/p>\n<ul>\n<li><span class=\"selected\">Certificat d'analyse (COA)<\/span><\/li>\n<li><span class=\"selected\">Fiche de donn\u00e9es de s\u00e9curit\u00e9 (FDS)<\/span><\/li>\n<li><span class=\"selected\">D\u00e9claration sur les allerg\u00e8nes<\/span><\/li>\n<li><span class=\"selected\">Certificat d'origine<\/span><\/li>\n<li><span class=\"selected\">Certification BPF<\/span><\/li>\n<\/ul>\n<h2><span class=\"selected\">Conseils en mati\u00e8re d'application et de formulation<\/span><\/h2>\n<p><span class=\"selected\">Nos gouttes liquides de Shilajit sont con\u00e7ues pour s'int\u00e9grer de mani\u00e8re transparente dans une vari\u00e9t\u00e9 de formats de produits, notamment :<\/span><\/p>\n<ul>\n<li><span class=\"selected\">Compl\u00e9ments alimentaires en gouttes et teintures<\/span><\/li>\n<li><span class=\"selected\">Eaux fonctionnelles et shots de bien-\u00eatre<\/span><\/li>\n<li><span class=\"selected\">Boissons nutraceutiques<\/span><\/li>\n<\/ul>\n<p><strong><span class=\"selected\">Dosage sugg\u00e9r\u00e9 :<\/span><\/strong><span class=\"selected\"> La dose type recommand\u00e9e pour les produits finis se situe entre 200 mg et 500 mg de gouttes liquides par jour. Nous conseillons d'effectuer des tests sp\u00e9cifiques \u00e0 la formulation afin de d\u00e9terminer le dosage id\u00e9al pour votre public cible et l'effet d\u00e9sir\u00e9 du produit.<\/span><\/p>\n<p><strong><span class=\"selected\">Consid\u00e9rations relatives \u00e0 la formulation :<\/span><\/strong><\/p>\n<ul>\n<li><strong><span class=\"selected\">Dispersibilit\u00e9 :<\/span><\/strong><span class=\"selected\"> Se disperse facilement dans les solutions aqueuses, cr\u00e9ant un m\u00e9lange homog\u00e8ne.<\/span><\/li>\n<li><strong><span class=\"selected\">Traitement :<\/span><\/strong><span class=\"selected\"> Pour les boissons commerciales, nous recommandons d'ajouter les gouttes liquides apr\u00e8s la pasteurisation afin de prot\u00e9ger au mieux l'int\u00e9grit\u00e9 des compos\u00e9s actifs.<\/span><\/li>\n<li><strong><span class=\"selected\">Pr\u00e9caution :<\/span><\/strong><span class=\"selected\"> \u00c9viter le m\u00e9lange direct avec de l'eau chlor\u00e9e du robinet, car le chlore libre peut r\u00e9agir avec le complexe d'acide fulvique.<\/span><\/li>\n<\/ul>\n<h2><span class=\"selected\">Compatibilit\u00e9 et synergies<\/span><\/h2>\n<p><span class=\"selected\">Cet extrait pr\u00e9sente une excellente compatibilit\u00e9 avec la plupart des vitamines (par exemple, la vitamine C, les vitamines B), des min\u00e9raux et des acides amin\u00e9s. Il pr\u00e9sente un potentiel synergique lorsqu'il est formul\u00e9 avec des antioxydants tels que la coenzyme Q10 et la PQQ, o\u00f9 il peut favoriser l'absorption et la biodisponibilit\u00e9 des nutriments. Pour les formulations complexes, un test de compatibilit\u00e9 \u00e0 l'\u00e9chelle pilote est toujours recommand\u00e9.<\/span><\/p>\n<h2><span class=\"selected\">Stabilit\u00e9 et stockage<\/span><\/h2>\n<ul>\n<li><strong><span class=\"selected\">Dur\u00e9e de conservation :<\/span><\/strong><span class=\"selected\"> 24 mois \u00e0 compter de la date de fabrication si le produit est stock\u00e9 dans les conditions recommand\u00e9es.<\/span><\/li>\n<li><strong><span class=\"selected\">Conditions de stockage :<\/span><\/strong><span class=\"selected\"> Conserver dans les r\u00e9cipients originaux et herm\u00e9tiques, dans un endroit frais, sombre et sec (15-25\u00b0C), \u00e0 l'abri de la lumi\u00e8re directe du soleil et de l'humidit\u00e9.<\/span><\/li>\n<\/ul>\n<h2><span class=\"selected\">Informations sur la s\u00e9curit\u00e9 et la conformit\u00e9<\/span><\/h2>\n<ul>\n<li><strong><span class=\"selected\">Statut r\u00e9glementaire :<\/span><\/strong><span class=\"selected\"> Commercialis\u00e9 comme ingr\u00e9dient di\u00e9t\u00e9tique aux \u00c9tats-Unis, conform\u00e9ment \u00e0 la r\u00e9glementation DSHEA.<\/span><\/li>\n<li><strong><span class=\"selected\">Statut allerg\u00e8ne :<\/span><\/strong><span class=\"selected\"> Ce produit est exempt d'allerg\u00e8nes courants tels que d\u00e9finis par la FALCPA, notamment le gluten, le soja, les produits laitiers, les fruits \u00e0 coque, les arachides et les crustac\u00e9s. Il est sans OGM et convient aux formulations v\u00e9g\u00e9taliennes.<\/span><\/li>\n<li><strong><span class=\"selected\">Proposition 65 de la Californie :<\/span><\/strong><span class=\"selected\"> Notre produit est rigoureusement test\u00e9 pour s'assurer que les niveaux de m\u00e9taux lourds sont conformes aux limites de s\u00e9curit\u00e9 \u00e9tablies par la Proposition 65 de la Californie, offrant ainsi une tranquillit\u00e9 d'esprit r\u00e9glementaire aux marques qui vendent sur ce march\u00e9.<\/span><\/li>\n<\/ul>\n<h2><span class=\"selected\">Emballage et approvisionnement pour les march\u00e9s mondiaux<\/span><\/h2>\n<p><span class=\"selected\">En tant que premier <\/span><strong><span class=\"selected\">exportateur<\/span><\/strong><span class=\"selected\"> En tant que fournisseur et fabricant, nous proposons des emballages flexibles et des solutions d'approvisionnement globales adapt\u00e9es aux besoins de votre entreprise. Les options d'emballage standard comprennent des flacons compte-gouttes en verre ambr\u00e9 de 50 ml et 60 ml. Les quantit\u00e9s en vrac sont exp\u00e9di\u00e9es directement depuis notre <\/span><strong><span class=\"selected\">usine<\/span><\/strong><span class=\"selected\"> dans des contenants s\u00e9curis\u00e9s de qualit\u00e9 alimentaire. Des solutions d'emballage personnalis\u00e9es sont disponibles sur demande pour r\u00e9pondre aux exigences esth\u00e9tiques et fonctionnelles sp\u00e9cifiques de votre marque.<\/span><\/p>\n<h2><span class=\"selected\">Demande d'\u00e9chantillon ou de devis en gros<\/span><\/h2>\n<p><span class=\"selected\">Passez \u00e0 l'\u00e9tape suivante en d\u00e9veloppant un produit de shilajit de haute qualit\u00e9 et de grande puret\u00e9. Notre \u00e9quipe est pr\u00eate \u00e0 soutenir votre projet avec des donn\u00e9es techniques, des \u00e9chantillons d'\u00e9valuation et des prix comp\u00e9titifs. Contactez-nous d\u00e8s aujourd'hui pour demander un \u00e9chantillon, recevoir un devis sans engagement ou t\u00e9l\u00e9charger notre dossier technique complet.<\/span><\/p>","protected":false},"excerpt":{"rendered":"<ul>\n<li><strong><span class=\"selected\">Produit :<\/span><\/strong><span class=\"selected\"> Himalayan Shilajit Liquid Drops, standardis\u00e9 \u00e0 \u226520% Fulvic Acid (par UV-Vis).<\/span><\/li>\n<li><strong><span class=\"selected\">Source :<\/span><\/strong><span class=\"selected\"> Purifi\u00e9 \u00e0 partir de poix min\u00e9rale de l'Himalaya r\u00e9colt\u00e9e de mani\u00e8re \u00e9thique et sauvage. Liquide sombre et enti\u00e8rement soluble dans l'eau.<\/span><\/li>\n<li><strong><span class=\"selected\">Applications :<\/span><\/strong><span class=\"selected\"> Id\u00e9al pour les compl\u00e9ments alimentaires, les boissons fonctionnelles et les teintures de bien-\u00eatre sous marque de distributeur.<\/span><\/li>\n<li><strong><span class=\"selected\">Principaux avantages :<\/span><\/strong><span class=\"selected\"> La teneur en m\u00e9taux lourds est tr\u00e8s faible (conforme \u00e0 la norme Prop 65), la stabilit\u00e9 est excellente et le produit provient directement d'une usine certifi\u00e9e GMP. <\/span><strong><span class=\"selected\">fabricant<\/span><\/strong><span class=\"selected\">.<\/span><\/li>\n<\/ul>","protected":false},"featured_media":1063,"comment_status":"open","ping_status":"closed","template":"","meta":{"_acf_changed":false},"product_brand":[],"product_cat":[15],"product_tag":[],"class_list":{"0":"post-1061","1":"product","2":"type-product","3":"status-publish","4":"has-post-thumbnail","6":"product_cat-liquid-supplements","8":"first","9":"instock","10":"shipping-taxable","11":"product-type-simple"},"acf":[],"_links":{"self":[{"href":"https:\/\/chtnature.com\/fr\/wp-json\/wp\/v2\/product\/1061","targetHints":{"allow":["GET"]}}],"collection":[{"href":"https:\/\/chtnature.com\/fr\/wp-json\/wp\/v2\/product"}],"about":[{"href":"https:\/\/chtnature.com\/fr\/wp-json\/wp\/v2\/types\/product"}],"replies":[{"embeddable":true,"href":"https:\/\/chtnature.com\/fr\/wp-json\/wp\/v2\/comments?post=1061"}],"wp:featuredmedia":[{"embeddable":true,"href":"https:\/\/chtnature.com\/fr\/wp-json\/wp\/v2\/media\/1063"}],"wp:attachment":[{"href":"https:\/\/chtnature.com\/fr\/wp-json\/wp\/v2\/media?parent=1061"}],"wp:term":[{"taxonomy":"product_brand","embeddable":true,"href":"https:\/\/chtnature.com\/fr\/wp-json\/wp\/v2\/product_brand?post=1061"},{"taxonomy":"product_cat","embeddable":true,"href":"https:\/\/chtnature.com\/fr\/wp-json\/wp\/v2\/product_cat?post=1061"},{"taxonomy":"product_tag","embeddable":true,"href":"https:\/\/chtnature.com\/fr\/wp-json\/wp\/v2\/product_tag?post=1061"}],"curies":[{"name":"wp","href":"https:\/\/api.w.org\/{rel}","templated":true}]}}