{"id":1106,"date":"2025-11-21T02:35:43","date_gmt":"2025-11-21T02:35:43","guid":{"rendered":"https:\/\/chtnature.com\/?post_type=product&#038;p=1106"},"modified":"2025-11-21T02:35:43","modified_gmt":"2025-11-21T02:35:43","slug":"extrait-de-germe-de-ble-spermidine-0-2-poudre","status":"publish","type":"product","link":"https:\/\/chtnature.com\/fr\/product\/extrait-de-germe-de-ble-spermidine-0-2-poudre\/","title":{"rendered":"Extrait de germe de bl\u00e9 en poudre"},"content":{"rendered":"<h2 data-pm-slice=\"1 1 []\">Aper\u00e7u du produit<\/h2>\n<p>Notre extrait de germe de bl\u00e9 est une source de polyamine de premi\u00e8re qualit\u00e9, d'origine v\u00e9g\u00e9tale, extraite strictement du germe de bl\u00e9. <em>Triticum aestivum<\/em> (sans OGM). Contrairement aux alternatives synth\u00e9tiques (Spermidine 3HCl), qui offrent un seul compos\u00e9 isol\u00e9, cet extrait fournit de la spermidine dans sa matrice naturelle d'aliment entier, soutenant un positionnement clean-label pour les formulations de sant\u00e9 cellulaire et de long\u00e9vit\u00e9.<\/p>\n<p>La caract\u00e9ristique d\u00e9terminante de cet ingr\u00e9dient est sa puissance valid\u00e9e. Alors que de nombreuses alternatives sur le march\u00e9 utilisent des m\u00e9thodes de test UV non sp\u00e9cifiques qui peuvent produire des faux positifs \u00e0 partir d'autres compos\u00e9s azot\u00e9s, nous normalisons notre extrait pour <strong>\u22650,2% Spermidine par chromatographie en phase gazeuse (GC)<\/strong>. Cela garantit l'authenticit\u00e9, la sp\u00e9cificit\u00e9 et la tra\u00e7abilit\u00e9 du contenu bioactif.<\/p>\n<p>Produite dans un environnement conforme aux BPF, la poudre pr\u00e9sente une excellente stabilit\u00e9 physique avec des niveaux d'humidit\u00e9 nettement inf\u00e9rieurs aux limites de l'industrie (2,45% par rapport \u00e0 la norme \u22647%). Cette faible activit\u00e9 de l'eau la rend tr\u00e8s compatible avec les ingr\u00e9dients sensibles \u00e0 l'humidit\u00e9 dans les m\u00e9langes complexes, tels que les probiotiques ou les vitamines hygroscopiques.<\/p>\n<p><strong>Avantages uniques du produit :<\/strong><\/p>\n<ul>\n<li><strong>Source naturelle authentique :<\/strong> D\u00e9riv\u00e9 100% de <em>Triticum aestivum<\/em> germe ; exempt d'adult\u00e9rants synth\u00e9tiques.<\/li>\n<li><strong>Puissance v\u00e9rifi\u00e9e par GC :<\/strong> Dosage garanti \u22650,2% par chromatographie en phase gazeuse (GC), offrant une sp\u00e9cificit\u00e9 sup\u00e9rieure \u00e0 celle des m\u00e9thodes UV.<\/li>\n<li><strong>Profil de stabilit\u00e9 \u00e9lev\u00e9 :<\/strong> La perte mesur\u00e9e au s\u00e9chage de 2.45% (lot BH250120CH) garantit une stabilit\u00e9 \u00e0 long terme et un risque r\u00e9duit de mottage.<\/li>\n<li><strong>Contr\u00f4le strict de la s\u00e9curit\u00e9 :<\/strong> Les m\u00e9taux lourds sont rigoureusement contr\u00f4l\u00e9s (Pb &lt;2ppm, As &lt;2ppm) avec un profil pathog\u00e8ne n\u00e9gatif, d\u00e9passant les exigences de qualit\u00e9 alimentaire standard.<\/li>\n<li><strong>Direct du fabricant :<\/strong> Tra\u00e7abilit\u00e9 compl\u00e8te des lots et approvisionnement constant directement aupr\u00e8s de l'usine d'origine.<\/li>\n<\/ul>\n<h2>Principales sp\u00e9cifications techniques<\/h2>\n<p>Les sp\u00e9cifications suivantes repr\u00e9sentent l'analyse typique de notre extrait de germe de bl\u00e9 (BH250120CH). Cet extrait naturel repr\u00e9sente un \u00e9quilibre entre la puissance bioactive et la puret\u00e9 physique.<\/p>\n<table>\n<tbody>\n<tr>\n<th>\u00c9l\u00e9ment de test<\/th>\n<th>Sp\u00e9cification standard<\/th>\n<th>R\u00e9sultat typique (lot BH250120CH)<\/th>\n<th>M\u00e9thode d'essai<\/th>\n<\/tr>\n<tr>\n<td><strong>Ingr\u00e9dient actif<\/strong><\/td>\n<td>&nbsp;<\/td>\n<td>&nbsp;<\/td>\n<td>&nbsp;<\/td>\n<\/tr>\n<tr>\n<td>Teneur en spermidine<\/td>\n<td>\u00a0\u22650.2%<\/td>\n<td><strong>0.23%<\/strong><\/td>\n<td><strong>GC<\/strong><\/td>\n<\/tr>\n<tr>\n<td><strong>Analyse physique<\/strong><\/td>\n<td>&nbsp;<\/td>\n<td>&nbsp;<\/td>\n<td>&nbsp;<\/td>\n<\/tr>\n<tr>\n<td>Apparence<\/td>\n<td>Poudre jaune clair<\/td>\n<td>Conforme<\/td>\n<td>Visuel<\/td>\n<\/tr>\n<tr>\n<td>Taille des particules<\/td>\n<td>100% pass 80 mesh<\/td>\n<td>Conforme<\/td>\n<td>USP<\/td>\n<\/tr>\n<tr>\n<td>Perte au s\u00e9chage<\/td>\n<td>\u00a0\u22647.0%<\/td>\n<td><strong>2.45%<\/strong><\/td>\n<td>USP<\/td>\n<\/tr>\n<tr>\n<td>Teneur en cendres<\/td>\n<td>\u00a0\u2264 5.0%<\/td>\n<td>3.23%<\/td>\n<td>USP<\/td>\n<\/tr>\n<tr>\n<td>Densit\u00e9 en vrac<\/td>\n<td>0,4 - 0,6 g\/cm\u00b3<\/td>\n<td>0,52 g\/cm\u00b3<\/td>\n<td>USP<\/td>\n<\/tr>\n<tr>\n<td>Densit\u00e9 de pr\u00e9l\u00e8vement<\/td>\n<td>0,7 - 0,9 g\/cm\u00b3<\/td>\n<td>0,83 g\/cm\u00b3<\/td>\n<td>USP<\/td>\n<\/tr>\n<tr>\n<td><strong>S\u00e9curit\u00e9 chimique<\/strong><\/td>\n<td>&nbsp;<\/td>\n<td>&nbsp;<\/td>\n<td>&nbsp;<\/td>\n<\/tr>\n<tr>\n<td>M\u00e9taux lourds (Pb)<\/td>\n<td>\u00a0\u2264 2 ppm<\/td>\n<td>&lt; 2 ppm<\/td>\n<td>ICP-MS<\/td>\n<\/tr>\n<tr>\n<td>Arsenic (As)<\/td>\n<td>&nbsp;<\/p>\n<p>\u2264 2 ppm<\/td>\n<td>&lt; 2 ppm<\/td>\n<td>ICP-MS<\/td>\n<\/tr>\n<tr>\n<td>Mercure (Hg)<\/td>\n<td>&nbsp;<\/p>\n<p>\u2264 0,1 ppm<\/td>\n<td>&lt; 0,1 ppm<\/td>\n<td>ICP-MS<\/td>\n<\/tr>\n<tr>\n<td>Cadmium (Cd)<\/td>\n<td>&nbsp;<\/p>\n<p>\u2264 1 ppm<\/td>\n<td>&lt; 1 ppm<\/td>\n<td>ICP-MS<\/td>\n<\/tr>\n<tr>\n<td><strong>Microbiologie<\/strong><\/td>\n<td>&nbsp;<\/td>\n<td>&nbsp;<\/td>\n<td>&nbsp;<\/td>\n<\/tr>\n<tr>\n<td>Nombre total de plaques<\/td>\n<td>&nbsp;<\/p>\n<p>\u2264 1000 cfu\/g<\/td>\n<td>Conforme<\/td>\n<td>USP<\/td>\n<\/tr>\n<tr>\n<td>Levures et moisissures<\/td>\n<td>&nbsp;<\/p>\n<p>\u2264 100 cfu\/g<\/td>\n<td>Conforme<\/td>\n<td>USP<\/td>\n<\/tr>\n<tr>\n<td>Pathog\u00e8nes (E.coli, Salmonella)<\/td>\n<td>N\u00e9gatif<\/td>\n<td>N\u00e9gatif<\/td>\n<td>USP<\/td>\n<\/tr>\n<\/tbody>\n<\/table>\n<h3>Caract\u00e9risation physique et aptitude \u00e0 la transformation<\/h3>\n<p>Pour les formulateurs qui \u00e9valuent l'aptitude au traitement, nous fournissons un aper\u00e7u plus approfondi des caract\u00e9ristiques physiques sur la base des donn\u00e9es du lot actuel :<\/p>\n<p><strong>Densit\u00e9 et profil d'\u00e9coulement<\/strong> Avec une densit\u00e9 apparente de <strong>0,52 g\/cm\u00b3<\/strong> et une densit\u00e9 de <strong>0,83 g\/cm\u00b3<\/strong>la poudre pr\u00e9sente un rapport de Hausner d'environ <strong>1.60<\/strong>. Cela indique une poudre coh\u00e9sive, ce qui est typique des extraits naturels de germes de bl\u00e9 contenant des lipides r\u00e9siduels.<\/p>\n<ul>\n<li><em>Recommandation de traitement :<\/em> Bien que la poudre pr\u00e9sente une excellente compressibilit\u00e9 pour la duret\u00e9 des comprim\u00e9s, nous recommandons l'ajout d'agents de glissement (par exemple, 0,5-1% Silicon Dioxide) pour am\u00e9liorer la fluidit\u00e9 pendant les op\u00e9rations de remplissage de g\u00e9lules \u00e0 grande vitesse ou de mise en comprim\u00e9s.<\/li>\n<\/ul>\n<p><strong>Contr\u00f4le de l'humidit\u00e9<\/strong> La perte au s\u00e9chage (PDS) mesur\u00e9e est la suivante <strong>2.45%<\/strong>La teneur en eau de l'huile de palme est tr\u00e8s faible, nettement inf\u00e9rieure \u00e0 la limite standard de 7%. Cette faible teneur en humidit\u00e9 assure une stabilit\u00e9 exceptionnelle, minimisant le risque d'hydrolyse ou de d\u00e9veloppement microbien. Elle garantit la compatibilit\u00e9 avec les ingr\u00e9dients sensibles \u00e0 l'humidit\u00e9 dans les formulations complexes.<\/p>\n<p><strong>Uniformit\u00e9 des particules<\/strong> La sp\u00e9cification de <strong>100%<\/strong> passer<strong> 80 mailles<\/strong> garantit une taille de particule fine et constante. Cela facilite le m\u00e9lange homog\u00e8ne avec d'autres poudres fines (telles que les pr\u00e9m\u00e9langes vitamin\u00e9s ou le zinc) sans qu'il soit n\u00e9cessaire de proc\u00e9der \u00e0 des \u00e9tapes de broyage suppl\u00e9mentaires.<\/p>\n<h2>Contr\u00f4le de la qualit\u00e9 : L'importance des tests GC<\/h2>\n<p>Sur le march\u00e9 des polyamines, la m\u00e9thode d'essai d\u00e9finit l'authenticit\u00e9 du produit.<\/p>\n<ul>\n<li><strong>L'avantage GC (chromatographie en phase gazeuse) :<\/strong> Nous utilisons l'analyse GC pour s\u00e9parer et quantifier sp\u00e9cifiquement la mol\u00e9cule de spermidine.<\/li>\n<li><strong>Le risque des UV :<\/strong> De nombreux fournisseurs de produits g\u00e9n\u00e9riques utilisent la spectrophotom\u00e9trie UV. Cependant, les UV ne sont pas sp\u00e9cifiques et peuvent d\u00e9tecter d'autres compos\u00e9s contenant de l'azote ou des prot\u00e9ines dans le germe de bl\u00e9 comme \u00e9tant de la \"spermidine\", ce qui conduit \u00e0 des r\u00e9sultats gonfl\u00e9s et faussement positifs.<\/li>\n<li><strong>Notre engagement :<\/strong> En adh\u00e9rant au test GC, nous garantissons que l'all\u00e9gation \u22650,2% repr\u00e9sente la v\u00e9ritable teneur en spermidine bioactive, ce qui permet des calculs de dosage fiables pour votre produit fini.<\/li>\n<\/ul>\n<h2>Lignes directrices pour la formulation et l'application<\/h2>\n<p>Con\u00e7u pour \u00eatre polyvalent, notre extrait de germe de bl\u00e9 (0.2% Spermidine) est optimis\u00e9 pour les formats de compl\u00e9ments alimentaires. Vous trouverez ci-dessous des donn\u00e9es de formulation sp\u00e9cifiques pour vous aider dans le d\u00e9veloppement de vos produits.<\/p>\n<h3>Calculs de dosage et syst\u00e8mes d'administration<\/h3>\n<ul>\n<li><strong>L'objectif \"1mg\" :<\/strong> Pour obtenir une all\u00e9gation d'\u00e9tiquetage de <strong>1mg Spermidine<\/strong> par portion, une dose de <strong>500 mg<\/strong> de cet extrait est n\u00e9cessaire.\n<ul>\n<li><em>Calcul :<\/em> 1mg (cible) \/ 0,002 (dosage) = 500mg.<\/li>\n<\/ul>\n<\/li>\n<li><strong>Analyse de l'adaptation de la capsule :<\/strong> Sur la base de la densit\u00e9 de <strong>0,83 g\/cm\u00b3<\/strong>une dose de 500 mg occupe environ <strong>0,60 ml<\/strong> de volume.\n<ul>\n<li><strong>G\u00e9lule de taille 0 (volume ~0,68 ml) :<\/strong> S'adapte confortablement avec un espace de t\u00eate minimal (taux de remplissage d'environ 88%), id\u00e9al pour un produit autonome pur.<\/li>\n<li><strong>Taille 00 Capsule (Vol ~0.95ml) :<\/strong> Laisse beaucoup d'espace pour m\u00e9langer des ingr\u00e9dients synergiques comme le zinc, le magn\u00e9sium ou les vitamines du complexe B.<\/li>\n<\/ul>\n<\/li>\n<li><strong>Compressibilit\u00e9 des comprim\u00e9s :<\/strong> Le profil de densit\u00e9 de l'extrait sugg\u00e8re une bonne compressibilit\u00e9. Cependant, \u00e9tant donn\u00e9 la teneur naturelle en lipides du germe de bl\u00e9, nous recommandons d'utiliser une force de compression plus \u00e9lev\u00e9e et des liants appropri\u00e9s pour garantir la duret\u00e9 des comprim\u00e9s et le respect du temps de d\u00e9sint\u00e9gration.<\/li>\n<\/ul>\n<h3>M\u00e9langes recommand\u00e9s<\/h3>\n<ul>\n<li><strong>Complexe de sant\u00e9 cellulaire :<\/strong> Combiner avec <strong>Resv\u00e9ratrol<\/strong> ou <strong>Querc\u00e9tine<\/strong> pour cr\u00e9er une formule de long\u00e9vit\u00e9 \u00e0 voies multiples.<\/li>\n<li><strong>Soutien immunitaire :<\/strong> L'extrait se marie bien avec <strong>Zinc<\/strong> (cofacteur de la division cellulaire) et la vitamine D3.<\/li>\n<\/ul>\n<h2>Stabilit\u00e9 et stockage<\/h2>\n<ul>\n<li><strong>Conditions de stockage :<\/strong> Conserver dans un endroit frais et sec, \u00e0 l'abri de la lumi\u00e8re et de la chaleur. La faible teneur en humidit\u00e9 (2.45%) assure une excellente stabilit\u00e9 intrins\u00e8que, mais le produit doit \u00eatre conserv\u00e9 dans son emballage d'origine pour \u00e9viter l'hygroscopicit\u00e9.<\/li>\n<li><strong>Dur\u00e9e de conservation :<\/strong> 24 mois dans des conditions de stockage correctes.<\/li>\n<li><strong>Donn\u00e9es de stabilit\u00e9 :<\/strong> L'extrait maintient l'int\u00e9grit\u00e9 de la spermidine dans des plages de pH allant de 3,0 \u00e0 8,0, ce qui le rend adapt\u00e9 \u00e0 la plupart des formes de dosage solides et \u00e0 certaines boissons fonctionnelles en poudre.<\/li>\n<\/ul>\n<h2>Foire aux questions (FAQ)<\/h2>\n<p><strong>Q :<\/strong> La spermidine est-elle naturelle ou synth\u00e9tique ?<\/p>\n<p>R : Il s'agit d'un extrait naturel 100% d\u00e9riv\u00e9 du germe de l'orme. <em>Triticum aestivum<\/em>. Contrairement au trihydrochlorure de spermidine (3HCl) synth\u00e9tique, notre produit conserve la matrice naturelle du germe de bl\u00e9.<\/p>\n<p><strong>Q : Ce produit contient-il du gluten ?<\/strong><\/p>\n<p>R : Oui, en tant qu'ingr\u00e9dient d\u00e9riv\u00e9 du bl\u00e9, il contient naturellement du gluten. Il est g\u00e9n\u00e9ralement utilis\u00e9 dans les compl\u00e9ments alimentaires o\u00f9 le \"bl\u00e9\" est d\u00e9clar\u00e9 comme allerg\u00e8ne. Pour des exigences sp\u00e9cifiques \"sans gluten\", veuillez contacter notre \u00e9quipe technique pour obtenir des d\u00e9tails sur le traitement sp\u00e9cifique \u00e0 chaque lot.<\/p>\n<p><strong>Q : Quelle est la diff\u00e9rence entre les tests UV et GC pour la spermidine ?<\/strong><\/p>\n<p>R : Les m\u00e9thodes UV d\u00e9tectent les compos\u00e9s azot\u00e9s totaux et peuvent donner lieu \u00e0 des faux positifs (lecture plus \u00e9lev\u00e9e que la r\u00e9alit\u00e9). <strong>Nous utilisons la chromatographie en phase gazeuse (GC)<\/strong> pour s\u00e9parer et quantifier la mol\u00e9cule sp\u00e9cifique de spermidine, garantissant ainsi que vous obtenez exactement ce pour quoi vous payez.<\/p>\n<p><strong>Q : Fournissez-vous des produits en provenance directe de l'usine ?<\/strong><\/p>\n<p>R : Oui, nous sommes le fabricant. Le fait de s'approvisionner directement garantit une tra\u00e7abilit\u00e9 compl\u00e8te des lots, des stocks plus frais (date de fabrication : janvier 2025 pour le lot actuel) et des prix comp\u00e9titifs en sortie d'usine.<\/p>\n<p><strong>Q : Quel est l'emballage standard ?<\/strong><\/p>\n<p>R : Le produit est emball\u00e9 dans <strong>F\u00fbts en fibre de 25 kg<\/strong> avec des sacs int\u00e9rieurs en PE \u00e0 double couche pour assurer la protection contre l'humidit\u00e9 et la contamination pendant le transport.<\/p>\n<h2>Pr\u00eat \u00e0 formuler ?<\/h2>\n<p><strong>Spermidine naturelle authentique et v\u00e9rifi\u00e9e par GC.<\/strong><\/p>\n<p>Acc\u00e9dez au dossier technique complet, y compris l'original de l'ACO, l'organigramme et les tarifs.<\/p>\n<div class=\"wpforms-container wpforms-container-full contact_form wpforms-render-modern\" id=\"wpforms-253\"><form id=\"wpforms-form-253\" class=\"wpforms-validate wpforms-form wpforms-ajax-form\" data-formid=\"253\" method=\"post\" enctype=\"multipart\/form-data\" action=\"\/fr\/wp-json\/wp\/v2\/product\/1106\" data-token=\"899d7c442a3c7863952a108b8a1f01d5\" data-token-time=\"1777062755\" data-trp-original-action=\"\/fr\/wp-json\/wp\/v2\/product\/1106\"><noscript class=\"wpforms-error-noscript\">Veuillez activer JavaScript dans votre navigateur pour remplir ce formulaire.<\/noscript><div id=\"wpforms-error-noscript\" style=\"display: none;\">Veuillez activer JavaScript dans votre navigateur pour remplir ce formulaire.<\/div><div class=\"wpforms-field-container\"><div id=\"wpforms-253-field_17-container\" class=\"wpforms-field wpforms-field-layout\" data-field-id=\"17\"><div class=\"wpforms-field-layout-rows wpforms-field-large\"><div class=\"wpforms-layout-row\"><div class=\"wpforms-layout-column wpforms-layout-column-50\"><div id=\"wpforms-253-field_14-container\" class=\"wpforms-field wpforms-field-text\" data-field-id=\"14\"><label class=\"wpforms-field-label\" for=\"wpforms-253-field_14\">Nom <span class=\"wpforms-required-label\" aria-hidden=\"true\">*<\/span><\/label><input type=\"text\" id=\"wpforms-253-field_14\" class=\"wpforms-field-large wpforms-field-required\" name=\"wpforms[fields][14]\" aria-errormessage=\"wpforms-253-field_14-error\" required><\/div><\/div><div class=\"wpforms-layout-column wpforms-layout-column-50\"><div id=\"wpforms-253-field_16-container\" class=\"wpforms-field wpforms-field-text\" data-field-id=\"16\"><label class=\"wpforms-field-label\" for=\"wpforms-253-field_16\">Nom de l'entreprise<\/label><input type=\"text\" id=\"wpforms-253-field_16\" class=\"wpforms-field-medium\" name=\"wpforms[fields][16]\" aria-errormessage=\"wpforms-253-field_16-error\" ><\/div><\/div><\/div><\/div><\/div>\t\t<div id=\"wpforms-253-field_1-container\"\n\t\t\tclass=\"wpforms-field wpforms-field-text\"\n\t\t\tdata-field-type=\"text\"\n\t\t\tdata-field-id=\"1\"\n\t\t\t>\n\t\t\t<label class=\"wpforms-field-label\" for=\"wpforms-253-field_1\" >Email Estim\u00e9 (s\u00e9lectionnez<\/label>\n\t\t\t<input type=\"text\" id=\"wpforms-253-field_1\" class=\"wpforms-field-medium\" name=\"wpforms[fields][1]\" >\n\t\t<\/div>\n\t\t<div id=\"wpforms-253-field_18-container\" class=\"wpforms-field wpforms-field-phone\" data-field-id=\"18\"><label class=\"wpforms-field-label\" for=\"wpforms-253-field_18\">T\u00e9l\u00e9phone <span class=\"wpforms-required-label\" aria-hidden=\"true\">*<\/span><\/label><input type=\"tel\" id=\"wpforms-253-field_18\" class=\"wpforms-field-large wpforms-field-required wpforms-smart-phone-field\" data-rule-smart-phone-field=\"true\" name=\"wpforms[fields][18]\" aria-label=\"T\u00e9l\u00e9phone\" aria-errormessage=\"wpforms-253-field_18-error\" required><\/div><div id=\"wpforms-253-field_15-container\" class=\"wpforms-field wpforms-field-email\" data-field-id=\"15\"><label class=\"wpforms-field-label\" for=\"wpforms-253-field_15\">Courriel \/ WhatsApp <span class=\"wpforms-required-label\" aria-hidden=\"true\">*<\/span><\/label><input type=\"email\" id=\"wpforms-253-field_15\" class=\"wpforms-field-large wpforms-field-required\" name=\"wpforms[fields][15]\" spellcheck=\"false\" aria-errormessage=\"wpforms-253-field_15-error\" required><\/div><div id=\"wpforms-253-field_7-container\" class=\"wpforms-field wpforms-field-checkbox wpforms-list-2-columns\" data-field-id=\"7\"><fieldset><legend class=\"wpforms-field-label\">Int\u00e9r\u00eat pour le produit (s\u00e9lectionner plusieurs)<\/legend><ul id=\"wpforms-253-field_7\"><li class=\"choice-1 depth-1\"><input type=\"checkbox\" id=\"wpforms-253-field_7_1\" name=\"wpforms[fields][7][]\" value=\"Liquid Supplements\" aria-errormessage=\"wpforms-253-field_7_1-error\"  ><label class=\"wpforms-field-label-inline\" for=\"wpforms-253-field_7_1\">Suppl\u00e9ments liquides<\/label><\/li><li class=\"choice-2 depth-1\"><input type=\"checkbox\" id=\"wpforms-253-field_7_2\" name=\"wpforms[fields][7][]\" value=\"Functional Gummies\" aria-errormessage=\"wpforms-253-field_7_2-error\"  ><label class=\"wpforms-field-label-inline\" for=\"wpforms-253-field_7_2\">Gummies fonctionnels<\/label><\/li><li class=\"choice-3 depth-1\"><input type=\"checkbox\" id=\"wpforms-253-field_7_3\" name=\"wpforms[fields][7][]\" value=\"Capsules &amp; Softgels\" aria-errormessage=\"wpforms-253-field_7_3-error\"  ><label class=\"wpforms-field-label-inline\" for=\"wpforms-253-field_7_3\">Capsules et capsules molles<\/label><\/li><li class=\"choice-4 depth-1\"><input type=\"checkbox\" id=\"wpforms-253-field_7_4\" name=\"wpforms[fields][7][]\" value=\"Botanical Powders\" aria-errormessage=\"wpforms-253-field_7_4-error\"  ><label class=\"wpforms-field-label-inline\" for=\"wpforms-253-field_7_4\">Poudres botaniques<\/label><\/li><\/ul><\/fieldset><\/div><div id=\"wpforms-253-field_13-container\" class=\"wpforms-field wpforms-field-textarea\" data-field-id=\"13\"><label class=\"wpforms-field-label\" for=\"wpforms-253-field_13\">Quantit\u00e9 estim\u00e9e<\/label><textarea id=\"wpforms-253-field_13\" class=\"wpforms-field-medium\" name=\"wpforms[fields][13]\" aria-errormessage=\"wpforms-253-field_13-error\" ><\/textarea><\/div><script>\n\t\t\t\t( function() {\n\t\t\t\t\tconst style = document.createElement( 'style' );\n\t\t\t\t\tstyle.appendChild( document.createTextNode( '#wpforms-253-field_1-container { position: absolute !important; overflow: hidden !important; display: inline !important; height: 1px !important; width: 1px !important; z-index: -1000 !important; padding: 0 !important; } #wpforms-253-field_1-container input { visibility: hidden; } #wpforms-conversational-form-page #wpforms-253-field_1-container label { counter-increment: none; }' ) );\n\t\t\t\t\tdocument.head.appendChild( style );\n\t\t\t\t\tdocument.currentScript?.remove();\n\t\t\t\t} )();\n\t\t\t<\/script><\/div><!-- .wpforms-field-container --><div class=\"wpforms-submit-container\" ><input type=\"hidden\" name=\"wpforms[id]\" value=\"253\"><input type=\"hidden\" name=\"page_title\" value=\"\"><input type=\"hidden\" name=\"page_url\" value=\"https:\/\/chtnature.com\/fr\/wp-json\/wp\/v2\/product\/1106\"><input type=\"hidden\" name=\"url_referer\" value=\"\"><button type=\"submit\" name=\"wpforms[submit]\" id=\"wpforms-submit-253\" class=\"wpforms-submit\" data-alt-text=\"Sending...\" data-submit-text=\"Submit\" aria-live=\"assertive\" value=\"wpforms-submit\">Soumettre<\/button><img decoding=\"async\" src=\"https:\/\/chtnature.com\/wp-content\/plugins\/wpforms\/assets\/images\/submit-spin.svg\" class=\"wpforms-submit-spinner\" style=\"display: none;\" width=\"26\" height=\"26\" alt=\"Chargement en cours\" title=\"\"><\/div><input type=\"hidden\" name=\"trp-form-language\" value=\"fr\"\/><\/form><\/div>  <!-- .wpforms-container -->","protected":false},"excerpt":{"rendered":"<ul>\n<li>\n<p data-path-to-node=\"9,0,0\"><b>Nom du produit :<\/b> Extrait de germe de bl\u00e9 (standardis\u00e9)<\/p>\n<\/li>\n<li>\n<p data-path-to-node=\"9,1,0\"><b>Ingr\u00e9dient actif :<\/b> Spermidine \u2265 0,2% (dosage par GC)<\/p>\n<\/li>\n<li>\n<p data-path-to-node=\"9,2,0\"><b>Source botanique :<\/b> <i>Triticum aestivum<\/i> (Allemagne)<\/p>\n<\/li>\n<li>\n<p data-path-to-node=\"9,3,0\"><b>Apparence :<\/b> Poudre jaune clair, odeur caract\u00e9ristique<\/p>\n<\/li>\n<li>\n<p data-path-to-node=\"9,4,0\"><b>Taille des particules :<\/b> 100% pass 80 mesh<\/p>\n<\/li>\n<li>\n<p data-path-to-node=\"9,5,0\"><b>Profil de densit\u00e9 :<\/b> Vrac : 0,52 g\/cm\u00b3 | Taraud\u00e9 : 0,83 g\/cm\u00b3<\/p>\n<\/li>\n<li>\n<p data-path-to-node=\"9,6,0\"><b>Normes de qualit\u00e9 :<\/b> Sans OGM, M\u00e9taux lourds &lt;2ppm, Faible taux d&#039;humidit\u00e9<\/p>\n<\/li>\n<li>\n<p data-path-to-node=\"9,7,0\"><b>Application :<\/b> Compl\u00e9ments alimentaires (g\u00e9lules), Aliments fonctionnels<\/p>\n<\/li>\n<\/ul>","protected":false},"featured_media":1107,"comment_status":"open","ping_status":"closed","template":"","meta":{"_acf_changed":false},"product_brand":[],"product_cat":[41],"product_tag":[],"class_list":{"0":"post-1106","1":"product","2":"type-product","3":"status-publish","4":"has-post-thumbnail","6":"product_cat-plant-extract","8":"first","9":"instock","10":"shipping-taxable","11":"product-type-simple"},"acf":[],"_links":{"self":[{"href":"https:\/\/chtnature.com\/fr\/wp-json\/wp\/v2\/product\/1106","targetHints":{"allow":["GET"]}}],"collection":[{"href":"https:\/\/chtnature.com\/fr\/wp-json\/wp\/v2\/product"}],"about":[{"href":"https:\/\/chtnature.com\/fr\/wp-json\/wp\/v2\/types\/product"}],"replies":[{"embeddable":true,"href":"https:\/\/chtnature.com\/fr\/wp-json\/wp\/v2\/comments?post=1106"}],"wp:featuredmedia":[{"embeddable":true,"href":"https:\/\/chtnature.com\/fr\/wp-json\/wp\/v2\/media\/1107"}],"wp:attachment":[{"href":"https:\/\/chtnature.com\/fr\/wp-json\/wp\/v2\/media?parent=1106"}],"wp:term":[{"taxonomy":"product_brand","embeddable":true,"href":"https:\/\/chtnature.com\/fr\/wp-json\/wp\/v2\/product_brand?post=1106"},{"taxonomy":"product_cat","embeddable":true,"href":"https:\/\/chtnature.com\/fr\/wp-json\/wp\/v2\/product_cat?post=1106"},{"taxonomy":"product_tag","embeddable":true,"href":"https:\/\/chtnature.com\/fr\/wp-json\/wp\/v2\/product_tag?post=1106"}],"curies":[{"name":"wp","href":"https:\/\/api.w.org\/{rel}","templated":true}]}}