{"id":292,"date":"2025-07-25T05:54:32","date_gmt":"2025-07-25T05:54:32","guid":{"rendered":"https:\/\/chtnature.com\/?post_type=product&#038;p=292"},"modified":"2025-08-04T04:00:13","modified_gmt":"2025-08-04T04:00:13","slug":"gelules-de-glucosamine-et-de-chondroitine","status":"publish","type":"product","link":"https:\/\/chtnature.com\/fr\/product\/gelules-de-glucosamine-et-de-chondroitine\/","title":{"rendered":"Glucosamine Chondro\u00eftine G\u00e9lules"},"content":{"rendered":"<p><span class=\"selected\">Nos g\u00e9lules de glucosamine et de chondro\u00eftine sont un compl\u00e9ment alimentaire con\u00e7u pour pr\u00e9server la sant\u00e9 des articulations et am\u00e9liorer la mobilit\u00e9. En tant que leader dans le domaine de la <\/span><strong><span class=\"selected\">fabricant<\/span><\/strong><span class=\"selected\"> et <\/span><strong><span class=\"selected\">exportateur<\/span><\/strong><span class=\"selected\"> des compl\u00e9ments alimentaires, notre <\/span><strong><span class=\"selected\">usine<\/span><\/strong><span class=\"selected\"> s'engage \u00e0 fournir un moyen s\u00fbr et efficace pour vous aider \u00e0 maintenir un mode de vie actif. Cette formule avanc\u00e9e associe les \u00e9l\u00e9ments fondamentaux du cartilage - la glucosamine et la chondro\u00eftine - \u00e0 un puissant m\u00e9lange d'extraits de plantes et de compos\u00e9s tels que le boswellia, le curcuma et le MSM, afin d'offrir un soutien complet.<\/span><\/p>\n<p><span class=\"selected\">Ce produit convient particuli\u00e8rement aux sportifs, aux personnes \u00e2g\u00e9es et aux employ\u00e9s de bureau. Avec l'\u00e2ge ou l'activit\u00e9 sportive, le cartilage articulaire peut s'user, entra\u00eenant une g\u00eane et une perte de souplesse. Ce produit apporte un soutien nutritionnel complet \u00e0 vos articulations gr\u00e2ce \u00e0 un m\u00e9lange scientifique de plusieurs nutriments synergiques.<\/span><\/p>","protected":false},"excerpt":{"rendered":"<ul>\n<li><span class=\"selected\">Formul\u00e9 scientifiquement pour un soutien articulaire multi-actions<\/span><\/li>\n<li><span class=\"selected\">Aide \u00e0 soulager l'inconfort des articulations et \u00e0 am\u00e9liorer la flexibilit\u00e9<\/span><\/li>\n<li><span class=\"selected\">Favorise la sant\u00e9 du cartilage et ralentit la d\u00e9g\u00e9n\u00e9rescence<\/span><\/li>\n<li><span class=\"selected\">Ingr\u00e9dients de haute qualit\u00e9 pour une meilleure absorption<\/span><\/li>\n<\/ul>","protected":false},"featured_media":293,"comment_status":"open","ping_status":"closed","template":"","meta":{"_acf_changed":false},"product_brand":[],"product_cat":[15],"product_tag":[],"class_list":{"0":"post-292","1":"product","2":"type-product","3":"status-publish","4":"has-post-thumbnail","6":"product_cat-liquid-supplements","8":"first","9":"instock","10":"shipping-taxable","11":"product-type-simple"},"acf":[],"_links":{"self":[{"href":"https:\/\/chtnature.com\/fr\/wp-json\/wp\/v2\/product\/292","targetHints":{"allow":["GET"]}}],"collection":[{"href":"https:\/\/chtnature.com\/fr\/wp-json\/wp\/v2\/product"}],"about":[{"href":"https:\/\/chtnature.com\/fr\/wp-json\/wp\/v2\/types\/product"}],"replies":[{"embeddable":true,"href":"https:\/\/chtnature.com\/fr\/wp-json\/wp\/v2\/comments?post=292"}],"wp:featuredmedia":[{"embeddable":true,"href":"https:\/\/chtnature.com\/fr\/wp-json\/wp\/v2\/media\/293"}],"wp:attachment":[{"href":"https:\/\/chtnature.com\/fr\/wp-json\/wp\/v2\/media?parent=292"}],"wp:term":[{"taxonomy":"product_brand","embeddable":true,"href":"https:\/\/chtnature.com\/fr\/wp-json\/wp\/v2\/product_brand?post=292"},{"taxonomy":"product_cat","embeddable":true,"href":"https:\/\/chtnature.com\/fr\/wp-json\/wp\/v2\/product_cat?post=292"},{"taxonomy":"product_tag","embeddable":true,"href":"https:\/\/chtnature.com\/fr\/wp-json\/wp\/v2\/product_tag?post=292"}],"curies":[{"name":"wp","href":"https:\/\/api.w.org\/{rel}","templated":true}]}}