{"id":669,"date":"2025-08-04T05:51:48","date_gmt":"2025-08-04T05:51:48","guid":{"rendered":"https:\/\/chtnature.com\/?post_type=product&#038;p=669"},"modified":"2025-08-04T05:52:20","modified_gmt":"2025-08-04T05:52:20","slug":"gommes-aux-champignons-biologiques","status":"publish","type":"product","link":"https:\/\/chtnature.com\/fr\/product\/gommes-aux-champignons-biologiques\/","title":{"rendered":"Extrait de m\u00e9lange de champignons bio 8 en 1 Gummies"},"content":{"rendered":"<p><span class=\"selected\">Nos gommes aux champignons biologiques sont un moyen d\u00e9licieux et pratique de profiter des bienfaits synergiques de huit des champignons les plus puissants de la nature. En tant que premier <\/span><strong><span class=\"selected\">fabricant<\/span><\/strong><span class=\"selected\"> et <\/span><strong><span class=\"selected\">exportateur<\/span><\/strong><span class=\"selected\"> des suppl\u00e9ments de bien-\u00eatre, notre <\/span><strong><span class=\"selected\">usine<\/span><\/strong><span class=\"selected\"> a con\u00e7u ce complexe 8-en-1 pour apporter un soutien complet aux fonctions cognitives, \u00e0 la r\u00e9ponse immunitaire et aux niveaux d'\u00e9nergie naturels. Avec des extraits puissants comme le crin de lion, le Reishi et le Cordyceps, ces gommes sont le compl\u00e9ment quotidien id\u00e9al.<\/span><\/p>\n<p><span class=\"selected\">Ce produit est id\u00e9al pour les marques qui ciblent le march\u00e9 croissant du bien-\u00eatre naturel, des nootropiques et des adaptog\u00e8nes. Son format gommeux attrayant et ses formes personnalisables (ours, c\u0153ur, \u00e9toile, etc.) en font un produit tr\u00e8s commercialisable pour une large base de consommateurs, des professionnels occup\u00e9s aux personnes soucieuses de leur sant\u00e9.<\/span><\/p>","protected":false},"excerpt":{"rendered":"<ul>\n<li><span class=\"selected\">M\u00e9lange complet de champignons biologiques 8 en 1<\/span><\/li>\n<li><span class=\"selected\">Favorise les fonctions c\u00e9r\u00e9brales, l'immunit\u00e9 et l'\u00e9nergie<\/span><\/li>\n<li><span class=\"selected\">D\u00e9licieuse saveur naturelle, disponible dans des formes personnalis\u00e9es<\/span><\/li>\n<li><span class=\"selected\">Formule v\u00e9g\u00e9talienne, sans OGM et sans g\u00e9latine<\/span><\/li>\n<\/ul>","protected":false},"featured_media":671,"comment_status":"open","ping_status":"closed","template":"","meta":{"_acf_changed":false},"product_brand":[],"product_cat":[18],"product_tag":[],"class_list":{"0":"post-669","1":"product","2":"type-product","3":"status-publish","4":"has-post-thumbnail","6":"product_cat-functional-gummies","8":"first","9":"instock","10":"shipping-taxable","11":"product-type-simple"},"acf":[],"_links":{"self":[{"href":"https:\/\/chtnature.com\/fr\/wp-json\/wp\/v2\/product\/669","targetHints":{"allow":["GET"]}}],"collection":[{"href":"https:\/\/chtnature.com\/fr\/wp-json\/wp\/v2\/product"}],"about":[{"href":"https:\/\/chtnature.com\/fr\/wp-json\/wp\/v2\/types\/product"}],"replies":[{"embeddable":true,"href":"https:\/\/chtnature.com\/fr\/wp-json\/wp\/v2\/comments?post=669"}],"wp:featuredmedia":[{"embeddable":true,"href":"https:\/\/chtnature.com\/fr\/wp-json\/wp\/v2\/media\/671"}],"wp:attachment":[{"href":"https:\/\/chtnature.com\/fr\/wp-json\/wp\/v2\/media?parent=669"}],"wp:term":[{"taxonomy":"product_brand","embeddable":true,"href":"https:\/\/chtnature.com\/fr\/wp-json\/wp\/v2\/product_brand?post=669"},{"taxonomy":"product_cat","embeddable":true,"href":"https:\/\/chtnature.com\/fr\/wp-json\/wp\/v2\/product_cat?post=669"},{"taxonomy":"product_tag","embeddable":true,"href":"https:\/\/chtnature.com\/fr\/wp-json\/wp\/v2\/product_tag?post=669"}],"curies":[{"name":"wp","href":"https:\/\/api.w.org\/{rel}","templated":true}]}}