{"id":676,"date":"2025-08-04T05:59:09","date_gmt":"2025-08-04T05:59:09","guid":{"rendered":"https:\/\/chtnature.com\/?post_type=product&#038;p=676"},"modified":"2025-08-04T05:59:09","modified_gmt":"2025-08-04T05:59:09","slug":"gelules-de-criniere-de-lion","status":"publish","type":"product","link":"https:\/\/chtnature.com\/fr\/product\/gelules-de-criniere-de-lion\/","title":{"rendered":"Capsules de crini\u00e8re de lion"},"content":{"rendered":"<p><span class=\"selected\">Nos g\u00e9lules de crini\u00e8re de lion sont un suppl\u00e9ment nootropique de premi\u00e8re qualit\u00e9 con\u00e7u pour soutenir des performances cognitives de pointe. En tant que produit sp\u00e9cialis\u00e9 <\/span><strong><span class=\"selected\">fabricant<\/span><\/strong><span class=\"selected\"> et <\/span><strong><span class=\"selected\">exportateur<\/span><\/strong><span class=\"selected\"> des compl\u00e9ments alimentaires \u00e0 base de plantes, notre <\/span><strong><span class=\"selected\">usine<\/span><\/strong><span class=\"selected\"> utilise un extrait tr\u00e8s puissant de champignons \u00e0 crini\u00e8re de lion purs (Hericium erinaceus) pour fournir une dose puissante de bienfaits stimulants pour le cerveau dans chaque g\u00e9lule. Cet ingr\u00e9dient unique est reconnu pour sa capacit\u00e9 \u00e0 soutenir le facteur de croissance des nerfs (NGF), la m\u00e9moire et la concentration.<\/span><\/p>\n<p><span class=\"selected\">Ce produit convient parfaitement aux marques qui ciblent le march\u00e9 en pleine croissance des nootropes, notamment les professionnels, les \u00e9tudiants, les personnes \u00e2g\u00e9es et les biohackers. En proposant un suppl\u00e9ment propre, efficace et tr\u00e8s recherch\u00e9, vous pouvez offrir \u00e0 vos clients un moyen naturel d'am\u00e9liorer leur acuit\u00e9 mentale et leur sant\u00e9 c\u00e9r\u00e9brale en g\u00e9n\u00e9ral.<\/span><\/p>","protected":false},"excerpt":{"rendered":"<ul>\n<li><span class=\"selected\">Favorise la m\u00e9moire, la concentration et la sant\u00e9 nerveuse<\/span><\/li>\n<li><span class=\"selected\">Favorise la clart\u00e9 mentale et les fonctions cognitives<\/span><\/li>\n<li><span class=\"selected\">Extrait de champignon \u00e0 crini\u00e8re de lion pur et tr\u00e8s puissant<\/span><\/li>\n<li><span class=\"selected\">Id\u00e9al pour les marques de nootropie et de bien-\u00eatre<\/span><\/li>\n<\/ul>","protected":false},"featured_media":678,"comment_status":"open","ping_status":"closed","template":"","meta":{"_acf_changed":false},"product_brand":[],"product_cat":[19,20],"product_tag":[],"class_list":{"0":"post-676","1":"product","2":"type-product","3":"status-publish","4":"has-post-thumbnail","6":"product_cat-capsules-softgels","7":"product_cat-botanical-extract-powders","9":"first","10":"instock","11":"shipping-taxable","12":"product-type-simple"},"acf":[],"_links":{"self":[{"href":"https:\/\/chtnature.com\/fr\/wp-json\/wp\/v2\/product\/676","targetHints":{"allow":["GET"]}}],"collection":[{"href":"https:\/\/chtnature.com\/fr\/wp-json\/wp\/v2\/product"}],"about":[{"href":"https:\/\/chtnature.com\/fr\/wp-json\/wp\/v2\/types\/product"}],"replies":[{"embeddable":true,"href":"https:\/\/chtnature.com\/fr\/wp-json\/wp\/v2\/comments?post=676"}],"wp:featuredmedia":[{"embeddable":true,"href":"https:\/\/chtnature.com\/fr\/wp-json\/wp\/v2\/media\/678"}],"wp:attachment":[{"href":"https:\/\/chtnature.com\/fr\/wp-json\/wp\/v2\/media?parent=676"}],"wp:term":[{"taxonomy":"product_brand","embeddable":true,"href":"https:\/\/chtnature.com\/fr\/wp-json\/wp\/v2\/product_brand?post=676"},{"taxonomy":"product_cat","embeddable":true,"href":"https:\/\/chtnature.com\/fr\/wp-json\/wp\/v2\/product_cat?post=676"},{"taxonomy":"product_tag","embeddable":true,"href":"https:\/\/chtnature.com\/fr\/wp-json\/wp\/v2\/product_tag?post=676"}],"curies":[{"name":"wp","href":"https:\/\/api.w.org\/{rel}","templated":true}]}}