{"id":682,"date":"2025-08-04T06:07:27","date_gmt":"2025-08-04T06:07:27","guid":{"rendered":"https:\/\/chtnature.com\/?post_type=product&#038;p=682"},"modified":"2025-08-04T06:13:46","modified_gmt":"2025-08-04T06:13:46","slug":"cafe-aux-champignons-fabricant-oem","status":"publish","type":"product","link":"https:\/\/chtnature.com\/fr\/product\/cafe-aux-champignons-fabricant-oem\/","title":{"rendered":"Caf\u00e9 aux champignons 6 en 1"},"content":{"rendered":"<p>Le caf\u00e9 aux champignons est un caf\u00e9 unique fabriqu\u00e9 \u00e0 partir d'un m\u00e9lange de champignons moulus de mani\u00e8re appropri\u00e9e et de poudre de caf\u00e9 pour cr\u00e9er une infusion \u00e0 la torr\u00e9faction douce et fonc\u00e9e et \u00e0 la saveur de noisette. Les champignons fonctionnels subissent un processus de s\u00e9chage et d'extraction pour en extraire les compos\u00e9s b\u00e9n\u00e9fiques, qui sont ensuite ajout\u00e9s \u00e0 la poudre de caf\u00e9 ordinaire. Les champignons les plus couramment utilis\u00e9s dans le caf\u00e9 aux champignons sont le champignon \u00e0 t\u00eate de singe, le champignon de bouleau, le reishi, le cordyceps et d'autres champignons.<\/p>\n<p><span class=\"selected\">Am\u00e9liorez votre exp\u00e9rience quotidienne du caf\u00e9 avec notre caf\u00e9 champignon, une boisson fonctionnelle de qualit\u00e9 sup\u00e9rieure con\u00e7ue pour le consommateur moderne. En tant que boisson <\/span><strong><span class=\"selected\">fabricant<\/span><\/strong><span class=\"selected\"> et <\/span><strong><span class=\"selected\">exportateur<\/span><\/strong><span class=\"selected\"> de produits de bien-\u00eatre innovants, notre <\/span><strong><span class=\"selected\">usine<\/span><\/strong><span class=\"selected\"> m\u00e9lange de mani\u00e8re experte du caf\u00e9 arabe de haute qualit\u00e9 avec un puissant m\u00e9lange de champignons adaptog\u00e8nes biologiques tels que le Reishi, le Chaga et le crin de lion. Il ne s'agit pas d'un simple caf\u00e9, mais d'un outil de productivit\u00e9 et de bien-\u00eatre dans une tasse.<\/span><\/p>\n<p><span class=\"selected\">Ce produit est parfait pour les marques ciblant le march\u00e9 des boissons fonctionnelles, y compris les professionnels occup\u00e9s, les amateurs de sant\u00e9 et les amateurs de caf\u00e9 \u00e0 la recherche d'une am\u00e9lioration. Nous proposons un produit d\u00e9licieux, efficace et tr\u00e8s commercialisable qui favorise la concentration, r\u00e9duit le stress et renforce l'immunit\u00e9, le tout sans les effets de surprise typiques du caf\u00e9.<\/span><\/p>","protected":false},"excerpt":{"rendered":"<ul>\n<li><span class=\"selected\">Favorise la concentration, l'immunit\u00e9 et le soulagement du stress sans les effets de l'excitation.<\/span><\/li>\n<li><span class=\"selected\">D\u00e9licieuse saveur de caf\u00e9 riche avec des notes terreuses et adaptog\u00e8nes.<\/span><\/li>\n<li><span class=\"selected\">Saveur et m\u00e9lange de champignons enti\u00e8rement personnalisables pour votre marque<\/span><\/li>\n<\/ul>","protected":false},"featured_media":683,"comment_status":"open","ping_status":"closed","template":"","meta":{"_acf_changed":false},"product_brand":[],"product_cat":[20],"product_tag":[],"class_list":{"0":"post-682","1":"product","2":"type-product","3":"status-publish","4":"has-post-thumbnail","6":"product_cat-botanical-extract-powders","8":"first","9":"instock","10":"shipping-taxable","11":"product-type-simple"},"acf":[],"_links":{"self":[{"href":"https:\/\/chtnature.com\/fr\/wp-json\/wp\/v2\/product\/682","targetHints":{"allow":["GET"]}}],"collection":[{"href":"https:\/\/chtnature.com\/fr\/wp-json\/wp\/v2\/product"}],"about":[{"href":"https:\/\/chtnature.com\/fr\/wp-json\/wp\/v2\/types\/product"}],"replies":[{"embeddable":true,"href":"https:\/\/chtnature.com\/fr\/wp-json\/wp\/v2\/comments?post=682"}],"wp:featuredmedia":[{"embeddable":true,"href":"https:\/\/chtnature.com\/fr\/wp-json\/wp\/v2\/media\/683"}],"wp:attachment":[{"href":"https:\/\/chtnature.com\/fr\/wp-json\/wp\/v2\/media?parent=682"}],"wp:term":[{"taxonomy":"product_brand","embeddable":true,"href":"https:\/\/chtnature.com\/fr\/wp-json\/wp\/v2\/product_brand?post=682"},{"taxonomy":"product_cat","embeddable":true,"href":"https:\/\/chtnature.com\/fr\/wp-json\/wp\/v2\/product_cat?post=682"},{"taxonomy":"product_tag","embeddable":true,"href":"https:\/\/chtnature.com\/fr\/wp-json\/wp\/v2\/product_tag?post=682"}],"curies":[{"name":"wp","href":"https:\/\/api.w.org\/{rel}","templated":true}]}}