{"id":689,"date":"2025-08-03T19:14:35","date_gmt":"2025-08-03T19:14:35","guid":{"rendered":"https:\/\/chtnature.com\/?post_type=product&#038;p=689"},"modified":"2025-08-04T06:20:20","modified_gmt":"2025-08-04T06:20:20","slug":"gelules-de-champignons-reishi-fabricant-oem","status":"publish","type":"product","link":"https:\/\/chtnature.com\/fr\/product\/gelules-de-champignons-reishi-fabricant-oem\/","title":{"rendered":"Capsules de champignon Reishi"},"content":{"rendered":"<p>Reishi Mushroom Capsule est fabriqu\u00e9 \u00e0 partir de Reishi (Ganoderma lucidum). Les principaux composants de la capsule de champignon Reishi sont les triterp\u00e9no\u00efdes, les polysaccharides et le \u03b2-glucane. Les triterp\u00e9no\u00efdes du champignon Reishi sont principalement r\u00e9partis dans la partie p\u00e9riph\u00e9rique du corps fructif\u00e8re, et leur teneur augmente avec la maturit\u00e9 du corps fructif\u00e8re. Certains triterp\u00e9no\u00efdes sont amers et d'autres n'ont pas de go\u00fbt amer. Leur teneur varie en fonction des vari\u00e9t\u00e9s, des conditions de culture et des diff\u00e9rents stades de croissance. La teneur en triterp\u00e9no\u00efdes des champignons Reishi amers est g\u00e9n\u00e9ralement \u00e9lev\u00e9e.<\/p>\n<p><span class=\"selected\">Nos g\u00e9lules de Reishi exploitent le pouvoir de l'un des adaptog\u00e8nes les plus v\u00e9n\u00e9r\u00e9s du bien-\u00eatre traditionnel, le Ganoderma lucidum. En tant que premier <\/span><strong><span class=\"selected\">fabricant<\/span><\/strong><span class=\"selected\"> et <\/span><strong><span class=\"selected\">exportateur<\/span><\/strong><span class=\"selected\"> des compl\u00e9ments alimentaires \u00e0 base de plantes, notre <\/span><strong><span class=\"selected\">usine<\/span><\/strong><span class=\"selected\"> s'est procur\u00e9 un extrait de champignon Reishi tr\u00e8s puissant pour offrir un soutien complet \u00e0 la gestion du stress et \u00e0 la fonction immunitaire sous forme de g\u00e9lules pratiques.<\/span><\/p>\n<p><span class=\"selected\">Ce produit convient parfaitement aux marques des march\u00e9s du bien-\u00eatre, du soulagement du stress et de la sant\u00e9 naturelle. En proposant un suppl\u00e9ment de Reishi pur et puissant, vous offrez \u00e0 vos clients un outil naturel qui a fait ses preuves pour les aider \u00e0 faire face aux pressions de la vie moderne, \u00e0 soutenir les d\u00e9fenses de leur corps et \u00e0 promouvoir un sentiment de bien-\u00eatre g\u00e9n\u00e9ral.<\/span><\/p>","protected":false},"excerpt":{"rendered":"<ul>\n<li><span class=\"selected\">Favorise la r\u00e9duction du stress, la relaxation et un meilleur sommeil<\/span><\/li>\n<li><span class=\"selected\">Favorise un syst\u00e8me immunitaire sain et \u00e9quilibr\u00e9<\/span><\/li>\n<li><span class=\"selected\">Riche en antioxydants pour combattre les radicaux libres<\/span><\/li>\n<li><span class=\"selected\">Extrait de champignon Reishi pur et tr\u00e8s puissant<\/span><\/li>\n<\/ul>","protected":false},"featured_media":691,"comment_status":"open","ping_status":"closed","template":"","meta":{"_acf_changed":false},"product_brand":[],"product_cat":[19],"product_tag":[],"class_list":{"0":"post-689","1":"product","2":"type-product","3":"status-publish","4":"has-post-thumbnail","6":"product_cat-capsules-softgels","8":"first","9":"instock","10":"shipping-taxable","11":"product-type-simple"},"acf":[],"_links":{"self":[{"href":"https:\/\/chtnature.com\/fr\/wp-json\/wp\/v2\/product\/689","targetHints":{"allow":["GET"]}}],"collection":[{"href":"https:\/\/chtnature.com\/fr\/wp-json\/wp\/v2\/product"}],"about":[{"href":"https:\/\/chtnature.com\/fr\/wp-json\/wp\/v2\/types\/product"}],"replies":[{"embeddable":true,"href":"https:\/\/chtnature.com\/fr\/wp-json\/wp\/v2\/comments?post=689"}],"wp:featuredmedia":[{"embeddable":true,"href":"https:\/\/chtnature.com\/fr\/wp-json\/wp\/v2\/media\/691"}],"wp:attachment":[{"href":"https:\/\/chtnature.com\/fr\/wp-json\/wp\/v2\/media?parent=689"}],"wp:term":[{"taxonomy":"product_brand","embeddable":true,"href":"https:\/\/chtnature.com\/fr\/wp-json\/wp\/v2\/product_brand?post=689"},{"taxonomy":"product_cat","embeddable":true,"href":"https:\/\/chtnature.com\/fr\/wp-json\/wp\/v2\/product_cat?post=689"},{"taxonomy":"product_tag","embeddable":true,"href":"https:\/\/chtnature.com\/fr\/wp-json\/wp\/v2\/product_tag?post=689"}],"curies":[{"name":"wp","href":"https:\/\/api.w.org\/{rel}","templated":true}]}}