{"id":929,"date":"2025-08-14T07:29:46","date_gmt":"2025-08-14T07:29:46","guid":{"rendered":"https:\/\/chtnature.com\/?post_type=product&#038;p=929"},"modified":"2025-08-14T07:35:07","modified_gmt":"2025-08-14T07:35:07","slug":"gommes-de-berberine-sous-marque-de-distributeur","status":"publish","type":"product","link":"https:\/\/chtnature.com\/fr\/product\/gommes-de-berberine-sous-marque-de-distributeur\/","title":{"rendered":"Berb\u00e9rine Gummies"},"content":{"rendered":"<p><span class=\"selected\">Lancez votre prochain best-seller avec nos gommes de berb\u00e9rine de qualit\u00e9 sup\u00e9rieure, enti\u00e8rement personnalisables. En tant que fabricant \u00e0 fa\u00e7on de premier plan, nous permettons aux marques de sant\u00e9 et de bien-\u00eatre de fournir des suppl\u00e9ments de haute qualit\u00e9, d\u00e9licieux et efficaces sans les complexit\u00e9s d'une production en interne. Nous nous occupons de la science, de l'approvisionnement et de la fabrication, afin que vous puissiez vous concentrer sur le d\u00e9veloppement de votre marque.<\/span><\/p>\n<p><span class=\"selected\">Nos gommes \u00e0 la berb\u00e9rine OEM sont formul\u00e9es non seulement pour \u00eatre efficaces, mais aussi pour offrir une exp\u00e9rience exceptionnelle au consommateur, en masquant efficacement l'amertume naturelle de la berb\u00e9rine par des saveurs attrayantes et une texture agr\u00e9able.<\/span><\/p>\n<h3><strong><span class=\"selected\">Principaux avantages pour votre marque<\/span><\/strong><\/h3>\n<ul>\n<li><strong><span class=\"selected\">Service complet cl\u00e9 en main :<\/span><\/strong><span class=\"selected\"> Du concept initial et du d\u00e9veloppement de la formule \u00e0 la mise en bouteille, \u00e0 l'\u00e9tiquetage et \u00e0 la conformit\u00e9, nous fournissons une solution de bout en bout.<\/span><\/li>\n<li><strong><span class=\"selected\">Masquage avanc\u00e9 des ar\u00f4mes :<\/span><\/strong><span class=\"selected\"> Nos scientifiques alimentaires sont sp\u00e9cialis\u00e9s dans la cr\u00e9ation de profils d\u00e9licieux (citron, framboise, fraise, etc.) qui garantissent une forte adh\u00e9sion des consommateurs et des achats r\u00e9p\u00e9t\u00e9s.<\/span><\/li>\n<li><strong><span class=\"selected\">Flexibilit\u00e9 sup\u00e9rieure de la formulation :<\/span><\/strong><span class=\"selected\"> Allez au-del\u00e0 de la norme. Nous pouvons cr\u00e9er un produit unique pour vous en ajustant le dosage, en ajoutant des ingr\u00e9dients synergiques et en r\u00e9pondant \u00e0 des besoins alimentaires sp\u00e9cifiques (sans sucre, v\u00e9g\u00e9talien).<\/span><\/li>\n<li><strong><span class=\"selected\">Qualit\u00e9 certifi\u00e9e GMP :<\/span><\/strong><span class=\"selected\"> Tous les produits sont fabriqu\u00e9s dans une usine de pointe certifi\u00e9e GMP, ce qui garantit la s\u00e9curit\u00e9, la puret\u00e9 et l'efficacit\u00e9 de chaque lot.<\/span><\/li>\n<\/ul>\n<h2><strong><span class=\"selected\">Options de personnalisation compl\u00e8tes : Cr\u00e9ez votre produit unique<\/span><\/strong><\/h2>\n<p><span class=\"selected\">Diff\u00e9renciez votre marque sur un march\u00e9 concurrentiel. Nous proposons de nombreuses options de personnalisation pour cr\u00e9er un produit qui vous ressemble.<\/span><\/p>\n<table>\n<tbody>\n<tr>\n<th><span class=\"selected\">Fonctionnalit\u00e9<\/span><\/th>\n<th><span class=\"selected\">Options standard<\/span><\/th>\n<th><span class=\"selected\">Potentiel de personnalisation<\/span><\/th>\n<\/tr>\n<tr>\n<td><strong><span class=\"selected\">Formule active<\/span><\/strong><\/td>\n<td><span class=\"selected\">Berb\u00e9rine HCl, Cannelle de Ceylan, Chardon Marie, Inositol<\/span><\/td>\n<td><span class=\"selected\">Ajustez les dosages, ajoutez des ingr\u00e9dients (par exemple, le chrome, la vitamine D), cr\u00e9ez un m\u00e9lange unique de soutien m\u00e9tabolique.<\/span><\/td>\n<\/tr>\n<tr>\n<td><strong><span class=\"selected\">Base gommeuse<\/span><\/strong><\/td>\n<td><span class=\"selected\">Pectine (v\u00e9g\u00e9talienne)<\/span><\/td>\n<td><span class=\"selected\">G\u00e9latine disponible sur demande.<\/span><\/td>\n<\/tr>\n<tr>\n<td><strong><span class=\"selected\">Profil de l'\u00e9dulcorant<\/span><\/strong><\/td>\n<td><span class=\"selected\">Sirop de maltitol, Isomalt<\/span><\/td>\n<td><span class=\"selected\">Sans sucre (st\u00e9via, fruit du monk, \u00e9rythritol), \u00e0 faible teneur en sucre, sucre de canne enti\u00e8rement naturel.<\/span><\/td>\n<\/tr>\n<tr>\n<td><strong><span class=\"selected\">Saveurs<\/span><\/strong><\/td>\n<td><span class=\"selected\">Citron, framboise bleue, fraise<\/span><\/td>\n<td><span class=\"selected\">D\u00e9velopper une saveur particuli\u00e8re, avec des options naturelles ou artificielles.<\/span><\/td>\n<\/tr>\n<tr>\n<td><strong><span class=\"selected\">Couleurs<\/span><\/strong><\/td>\n<td><span class=\"selected\">Naturels (par exemple, \u00e0 partir de jus de fruits ou de l\u00e9gumes)<\/span><\/td>\n<td><span class=\"selected\">Large gamme de colorants naturels ou synth\u00e9tiques pour r\u00e9pondre \u00e0 l'esth\u00e9tique de votre marque.<\/span><\/td>\n<\/tr>\n<tr>\n<td><strong><span class=\"selected\">Formes<\/span><\/strong><\/td>\n<td><span class=\"selected\">Ours, c\u0153ur, \u00e9toile, cube<\/span><\/td>\n<td><span class=\"selected\">Cr\u00e9ation de moules sur mesure pour une identit\u00e9 de marque unique (sous r\u00e9serve de la QMOS).<\/span><\/td>\n<\/tr>\n<\/tbody>\n<\/table>\n<p><img fetchpriority=\"high\" decoding=\"async\" class=\"aligncenter size-full wp-image-756\" src=\"https:\/\/chtnature.com\/wp-content\/uploads\/2025\/08\/10001-1.webp\" alt=\"\" width=\"750\" height=\"675\" title=\"\" srcset=\"https:\/\/chtnature.com\/wp-content\/uploads\/2025\/08\/10001-1.webp 750w, https:\/\/chtnature.com\/wp-content\/uploads\/2025\/08\/10001-1-300x270.webp 300w, https:\/\/chtnature.com\/wp-content\/uploads\/2025\/08\/10001-1-600x540.webp 600w\" sizes=\"(max-width: 750px) 100vw, 750px\" \/><\/p>\n<h2><strong><span class=\"selected\">Sp\u00e9cifications du produit fini<\/span><\/strong><\/h2>\n<p><span class=\"selected\">Les sp\u00e9cifications suivantes repr\u00e9sentent un lot de production typique. Tous les param\u00e8tres peuvent \u00eatre ajust\u00e9s en fonction de votre formulation personnalis\u00e9e. Un certificat d'analyse d\u00e9taill\u00e9 est fourni avec chaque lot.<\/span><\/p>\n<table>\n<tbody>\n<tr>\n<th><span class=\"selected\">Param\u00e8tres<\/span><\/th>\n<th><span class=\"selected\">Sp\u00e9cifications<\/span><\/th>\n<th><span class=\"selected\">M\u00e9thode<\/span><\/th>\n<\/tr>\n<tr>\n<td><strong><span class=\"selected\">Berberine HCl par gomme<\/span><\/strong><\/td>\n<td><span class=\"selected\">250mg - 500mg (personnalisable)<\/span><\/td>\n<td><span class=\"selected\">HPLC<\/span><\/td>\n<\/tr>\n<tr>\n<td><strong><span class=\"selected\">Apparence<\/span><\/strong><\/td>\n<td><span class=\"selected\">Gommes solides, de couleur et de forme uniformes<\/span><\/td>\n<td><span class=\"selected\">Visuel<\/span><\/td>\n<\/tr>\n<tr>\n<td><strong><span class=\"selected\">Saveur\/odeur<\/span><\/strong><\/td>\n<td><span class=\"selected\">Caract\u00e9ristique de l'ar\u00f4me s\u00e9lectionn\u00e9 (par exemple, citron)<\/span><\/td>\n<td><span class=\"selected\">Organoleptique<\/span><\/td>\n<\/tr>\n<tr>\n<td><strong><span class=\"selected\">Nombre total de plaques<\/span><\/strong><\/td>\n<td><span class=\"selected\">&lt; 1 000 ufc\/g<\/span><\/td>\n<td><span class=\"selected\">USP<\/span><\/td>\n<\/tr>\n<tr>\n<td><strong><span class=\"selected\">Levures et moisissures<\/span><\/strong><\/td>\n<td><span class=\"selected\">&lt; 100 cfu\/g<\/span><\/td>\n<td><span class=\"selected\">USP<\/span><\/td>\n<\/tr>\n<tr>\n<td><strong><span class=\"selected\">E. Coli<\/span><\/strong><\/td>\n<td><span class=\"selected\">N\u00e9gatif<\/span><\/td>\n<td><span class=\"selected\">USP<\/span><\/td>\n<\/tr>\n<tr>\n<td><strong><span class=\"selected\">Salmonelle<\/span><\/strong><\/td>\n<td><span class=\"selected\">N\u00e9gatif<\/span><\/td>\n<td><span class=\"selected\">USP<\/span><\/td>\n<\/tr>\n<tr>\n<td><strong><span class=\"selected\">Plomb (Pb)<\/span><\/strong><\/td>\n<td><span class=\"selected\">&lt; 0,5 ppm<\/span><\/td>\n<td><span class=\"selected\">ICP-MS<\/span><\/td>\n<\/tr>\n<tr>\n<td><strong><span class=\"selected\">Arsenic (As)<\/span><\/strong><\/td>\n<td><span class=\"selected\">&lt; 0,2 ppm<\/span><\/td>\n<td><span class=\"selected\">ICP-MS<\/span><\/td>\n<\/tr>\n<tr>\n<td><strong><span class=\"selected\">Mercure (Hg)<\/span><\/strong><\/td>\n<td><span class=\"selected\">&lt; 0,1 ppm<\/span><\/td>\n<td><span class=\"selected\">ICP-MS<\/span><\/td>\n<\/tr>\n<\/tbody>\n<\/table>\n<h2><strong><span class=\"selected\">Notre processus OEM cl\u00e9 en main : Du concept \u00e0 la livraison<\/span><\/strong><\/h2>\n<p><span class=\"selected\">Nous avons rationalis\u00e9 notre processus afin de garantir un parcours rapide, efficace et transparent pour votre marque.<\/span><\/p>\n<ul>\n<li><strong><span class=\"selected\">\u00c9tape 1 : Consultation et devis :<\/span><\/strong><span class=\"selected\"> Faites part de votre vision \u00e0 nos sp\u00e9cialistes. Nous discuterons de votre formule, de votre emballage et de votre volume pour vous fournir un devis d\u00e9taill\u00e9.<\/span><\/li>\n<li><strong><span class=\"selected\">\u00c9tape 2 : Formulation et \u00e9chantillonnage :<\/span><\/strong><span class=\"selected\"> Notre \u00e9quipe de recherche et d\u00e9veloppement met au point votre formule personnalis\u00e9e. Vous recevrez des \u00e9chantillons pour approuver le go\u00fbt, la texture et l'apparence.<\/span><\/li>\n<li><strong><span class=\"selected\">\u00c9tape 3 : Production et contr\u00f4le de la qualit\u00e9 :<\/span><\/strong><span class=\"selected\"> Apr\u00e8s approbation, nous commen\u00e7ons la production \u00e0 grande \u00e9chelle dans nos installations certifi\u00e9es BPF, avec des contr\u00f4les de qualit\u00e9 rigoureux en cours de processus.<\/span><\/li>\n<li><strong><span class=\"selected\">\u00c9tape 4 : Emballage et \u00e9tiquetage :<\/span><\/strong><span class=\"selected\"> Nous embouteillons, scellons et \u00e9tiquetons votre produit selon vos sp\u00e9cifications, afin qu'il soit pr\u00eat pour la vente au d\u00e9tail.<\/span><\/li>\n<li><strong><span class=\"selected\">\u00c9tape 5 : Essais finaux et livraison :<\/span><\/strong><span class=\"selected\"> Chaque lot fini est test\u00e9 pour en v\u00e9rifier la puret\u00e9 et l'efficacit\u00e9. Nous vous envoyons ensuite le produit final, accompagn\u00e9 de toute la documentation n\u00e9cessaire.<\/span><\/li>\n<\/ul>\n<h2><strong><span class=\"selected\">Solutions d'emballage et d'\u00e9tiquetage<\/span><\/strong><\/h2>\n<p><span class=\"selected\">L'emballage de votre produit est sa premi\u00e8re impression. Nous proposons une large gamme de solutions pour prot\u00e9ger votre produit et mettre en valeur votre marque.<\/span><\/p>\n<ul>\n<li><strong><span class=\"selected\">Bouteilles :<\/span><\/strong><span class=\"selected\"> PET\/HDPE en diff\u00e9rentes tailles (60, 90, 120, 150 pi\u00e8ces), couleurs (blanc, ambre, bleu) et formes.<\/span><\/li>\n<li><strong><span class=\"selected\">Casquettes :<\/span><\/strong><span class=\"selected\"> Bouchons \u00e0 l'\u00e9preuve des enfants (CRC), flip-tops, bouchons \u00e0 vis.<\/span><\/li>\n<li><strong><span class=\"selected\">Joints :<\/span><\/strong><span class=\"selected\"> Options de scellage par pression et par induction pour garantir l'inviolabilit\u00e9 et la fra\u00eecheur.<\/span><\/li>\n<li><strong><span class=\"selected\">\u00c9tiquetage :<\/span><\/strong><span class=\"selected\"> Services professionnels de conception et d'application d'\u00e9tiquettes.<\/span><\/li>\n<li><strong><span class=\"selected\">Emballage secondaire :<\/span><\/strong><span class=\"selected\"> Bo\u00eetes de vente au d\u00e9tail et emballages en vrac imprim\u00e9s sur mesure.<\/span><\/li>\n<\/ul>\n<h2><strong><span class=\"selected\">Partenariat avec nous pour lancer vos gommes \u00e0 la berb\u00e9rine<\/span><\/strong><\/h2>\n<p><span class=\"selected\">Pr\u00eat \u00e0 passer \u00e0 l'\u00e9tape suivante ? Notre \u00e9quipe est l\u00e0 pour vous aider \u00e0 cr\u00e9er un suppl\u00e9ment de haute qualit\u00e9, leader sur le march\u00e9. Contactez-nous d\u00e8s aujourd'hui pour discuter de votre projet, demander un \u00e9chantillon ou obtenir un devis sans engagement.<\/span><\/p>\n<div class=\"wpforms-container wpforms-container-full contact_form wpforms-render-modern\" id=\"wpforms-253\"><form id=\"wpforms-form-253\" class=\"wpforms-validate wpforms-form wpforms-ajax-form\" data-formid=\"253\" method=\"post\" enctype=\"multipart\/form-data\" action=\"\/fr\/wp-json\/wp\/v2\/product\/929\" data-token=\"dac16b7bffd58e716b4326699cbf1fbc\" data-token-time=\"1777220129\" data-trp-original-action=\"\/fr\/wp-json\/wp\/v2\/product\/929\"><noscript class=\"wpforms-error-noscript\">Veuillez activer JavaScript dans votre navigateur pour remplir ce formulaire.<\/noscript><div id=\"wpforms-error-noscript\" style=\"display: none;\">Veuillez activer JavaScript dans votre navigateur pour remplir ce formulaire.<\/div><div class=\"wpforms-field-container\"><div id=\"wpforms-253-field_17-container\" class=\"wpforms-field wpforms-field-layout\" data-field-id=\"17\"><div class=\"wpforms-field-layout-rows wpforms-field-large\"><div class=\"wpforms-layout-row\"><div class=\"wpforms-layout-column wpforms-layout-column-50\"><div id=\"wpforms-253-field_14-container\" class=\"wpforms-field wpforms-field-text\" data-field-id=\"14\"><label class=\"wpforms-field-label\" for=\"wpforms-253-field_14\">Nom <span class=\"wpforms-required-label\" aria-hidden=\"true\">*<\/span><\/label><input type=\"text\" id=\"wpforms-253-field_14\" class=\"wpforms-field-large wpforms-field-required\" name=\"wpforms[fields][14]\" aria-errormessage=\"wpforms-253-field_14-error\" required><\/div><\/div><div class=\"wpforms-layout-column wpforms-layout-column-50\"><div id=\"wpforms-253-field_16-container\" class=\"wpforms-field wpforms-field-text\" data-field-id=\"16\"><label class=\"wpforms-field-label\" for=\"wpforms-253-field_16\">Nom de l'entreprise<\/label><input type=\"text\" id=\"wpforms-253-field_16\" class=\"wpforms-field-medium\" name=\"wpforms[fields][16]\" aria-errormessage=\"wpforms-253-field_16-error\" ><\/div><\/div><\/div><\/div><\/div><div id=\"wpforms-253-field_18-container\" class=\"wpforms-field wpforms-field-phone\" data-field-id=\"18\"><label class=\"wpforms-field-label\" for=\"wpforms-253-field_18\">T\u00e9l\u00e9phone <span class=\"wpforms-required-label\" aria-hidden=\"true\">*<\/span><\/label><input type=\"tel\" id=\"wpforms-253-field_18\" class=\"wpforms-field-large wpforms-field-required wpforms-smart-phone-field\" data-rule-smart-phone-field=\"true\" name=\"wpforms[fields][18]\" aria-label=\"T\u00e9l\u00e9phone\" aria-errormessage=\"wpforms-253-field_18-error\" required><\/div><div id=\"wpforms-253-field_15-container\" class=\"wpforms-field wpforms-field-email\" data-field-id=\"15\"><label class=\"wpforms-field-label\" for=\"wpforms-253-field_15\">Courriel \/ WhatsApp <span class=\"wpforms-required-label\" aria-hidden=\"true\">*<\/span><\/label><input type=\"email\" id=\"wpforms-253-field_15\" class=\"wpforms-field-large wpforms-field-required\" name=\"wpforms[fields][15]\" spellcheck=\"false\" aria-errormessage=\"wpforms-253-field_15-error\" required><\/div>\t\t<div id=\"wpforms-253-field_1-container\"\n\t\t\tclass=\"wpforms-field wpforms-field-text\"\n\t\t\tdata-field-type=\"text\"\n\t\t\tdata-field-id=\"1\"\n\t\t\t>\n\t\t\t<label class=\"wpforms-field-label\" for=\"wpforms-253-field_1\" >\/ WhatsApp Phone<\/label>\n\t\t\t<input type=\"text\" id=\"wpforms-253-field_1\" class=\"wpforms-field-medium\" name=\"wpforms[fields][1]\" >\n\t\t<\/div>\n\t\t<div id=\"wpforms-253-field_7-container\" class=\"wpforms-field wpforms-field-checkbox wpforms-list-2-columns\" data-field-id=\"7\"><fieldset><legend class=\"wpforms-field-label\">Int\u00e9r\u00eat pour le produit (s\u00e9lectionner plusieurs)<\/legend><ul id=\"wpforms-253-field_7\"><li class=\"choice-1 depth-1\"><input type=\"checkbox\" id=\"wpforms-253-field_7_1\" name=\"wpforms[fields][7][]\" value=\"Liquid Supplements\" aria-errormessage=\"wpforms-253-field_7_1-error\"  ><label class=\"wpforms-field-label-inline\" for=\"wpforms-253-field_7_1\">Suppl\u00e9ments liquides<\/label><\/li><li class=\"choice-2 depth-1\"><input type=\"checkbox\" id=\"wpforms-253-field_7_2\" name=\"wpforms[fields][7][]\" value=\"Functional Gummies\" aria-errormessage=\"wpforms-253-field_7_2-error\"  ><label class=\"wpforms-field-label-inline\" for=\"wpforms-253-field_7_2\">Gummies fonctionnels<\/label><\/li><li class=\"choice-3 depth-1\"><input type=\"checkbox\" id=\"wpforms-253-field_7_3\" name=\"wpforms[fields][7][]\" value=\"Capsules &amp; Softgels\" aria-errormessage=\"wpforms-253-field_7_3-error\"  ><label class=\"wpforms-field-label-inline\" for=\"wpforms-253-field_7_3\">Capsules et capsules molles<\/label><\/li><li class=\"choice-4 depth-1\"><input type=\"checkbox\" id=\"wpforms-253-field_7_4\" name=\"wpforms[fields][7][]\" value=\"Botanical Powders\" aria-errormessage=\"wpforms-253-field_7_4-error\"  ><label class=\"wpforms-field-label-inline\" for=\"wpforms-253-field_7_4\">Poudres botaniques<\/label><\/li><\/ul><\/fieldset><\/div><div id=\"wpforms-253-field_13-container\" class=\"wpforms-field wpforms-field-textarea\" data-field-id=\"13\"><label class=\"wpforms-field-label\" for=\"wpforms-253-field_13\">Quantit\u00e9 estim\u00e9e<\/label><textarea id=\"wpforms-253-field_13\" class=\"wpforms-field-medium\" name=\"wpforms[fields][13]\" aria-errormessage=\"wpforms-253-field_13-error\" ><\/textarea><\/div><script>\n\t\t\t\t( function() {\n\t\t\t\t\tconst style = document.createElement( 'style' );\n\t\t\t\t\tstyle.appendChild( document.createTextNode( '#wpforms-253-field_1-container { position: absolute !important; overflow: hidden !important; display: inline !important; height: 1px !important; width: 1px !important; z-index: -1000 !important; padding: 0 !important; } #wpforms-253-field_1-container input { visibility: hidden; } #wpforms-conversational-form-page #wpforms-253-field_1-container label { counter-increment: none; }' ) );\n\t\t\t\t\tdocument.head.appendChild( style );\n\t\t\t\t\tdocument.currentScript?.remove();\n\t\t\t\t} )();\n\t\t\t<\/script><\/div><!-- .wpforms-field-container --><div class=\"wpforms-submit-container\" ><input type=\"hidden\" name=\"wpforms[id]\" value=\"253\"><input type=\"hidden\" name=\"page_title\" value=\"\"><input type=\"hidden\" name=\"page_url\" value=\"https:\/\/chtnature.com\/fr\/wp-json\/wp\/v2\/product\/929\"><input type=\"hidden\" name=\"url_referer\" value=\"\"><button type=\"submit\" name=\"wpforms[submit]\" id=\"wpforms-submit-253\" class=\"wpforms-submit\" data-alt-text=\"Sending...\" data-submit-text=\"Submit\" aria-live=\"assertive\" value=\"wpforms-submit\">Soumettre<\/button><img decoding=\"async\" src=\"https:\/\/chtnature.com\/wp-content\/plugins\/wpforms\/assets\/images\/submit-spin.svg\" class=\"wpforms-submit-spinner\" style=\"display: none;\" width=\"26\" height=\"26\" alt=\"Chargement en cours\" title=\"\"><\/div><input type=\"hidden\" name=\"trp-form-language\" value=\"fr\"\/><\/form><\/div>  <!-- .wpforms-container -->","protected":false},"excerpt":{"rendered":"<ul>\n<li><b>Berberine HCl \u00e0 haute puissance :<\/b> Dosage enti\u00e8rement personnalisable de 250mg \u00e0 500mg par gomme, v\u00e9rifi\u00e9 par HPLC pour la puret\u00e9 et la pr\u00e9cision.<\/li>\n<li><b>Vegan et go\u00fbt sup\u00e9rieur :<\/b> Formule \u00e0 base de pectine (v\u00e9g\u00e9talienne) avec une technologie avanc\u00e9e de masquage des ar\u00f4mes pour cr\u00e9er un compl\u00e9ment d\u00e9licieux que les consommateurs adorent.<\/li>\n<li><b>Fabrication cl\u00e9 en main :<\/b> Une solution id\u00e9ale, pr\u00eate \u00e0 \u00eatre commercialis\u00e9e, pour les marques de produits de sant\u00e9 ciblant le soutien m\u00e9tabolique. Nous nous occupons de tout, de la formulation \u00e0 la mise en bouteille.<\/li>\n<li><b>Enti\u00e8rement personnalisable et certifi\u00e9 GMP :<\/b> Adaptez la formule, l'ar\u00f4me, la forme et l'emballage \u00e0 votre marque. Fabriqu\u00e9s dans une usine certifi\u00e9e GMP, les produits sont disponibles en petites quantit\u00e9s.<\/li>\n<\/ul>","protected":false},"featured_media":930,"comment_status":"open","ping_status":"closed","template":"","meta":{"_acf_changed":false},"product_brand":[],"product_cat":[18],"product_tag":[],"class_list":{"0":"post-929","1":"product","2":"type-product","3":"status-publish","4":"has-post-thumbnail","6":"product_cat-functional-gummies","8":"first","9":"instock","10":"shipping-taxable","11":"product-type-simple"},"acf":[],"_links":{"self":[{"href":"https:\/\/chtnature.com\/fr\/wp-json\/wp\/v2\/product\/929","targetHints":{"allow":["GET"]}}],"collection":[{"href":"https:\/\/chtnature.com\/fr\/wp-json\/wp\/v2\/product"}],"about":[{"href":"https:\/\/chtnature.com\/fr\/wp-json\/wp\/v2\/types\/product"}],"replies":[{"embeddable":true,"href":"https:\/\/chtnature.com\/fr\/wp-json\/wp\/v2\/comments?post=929"}],"wp:featuredmedia":[{"embeddable":true,"href":"https:\/\/chtnature.com\/fr\/wp-json\/wp\/v2\/media\/930"}],"wp:attachment":[{"href":"https:\/\/chtnature.com\/fr\/wp-json\/wp\/v2\/media?parent=929"}],"wp:term":[{"taxonomy":"product_brand","embeddable":true,"href":"https:\/\/chtnature.com\/fr\/wp-json\/wp\/v2\/product_brand?post=929"},{"taxonomy":"product_cat","embeddable":true,"href":"https:\/\/chtnature.com\/fr\/wp-json\/wp\/v2\/product_cat?post=929"},{"taxonomy":"product_tag","embeddable":true,"href":"https:\/\/chtnature.com\/fr\/wp-json\/wp\/v2\/product_tag?post=929"}],"curies":[{"name":"wp","href":"https:\/\/api.w.org\/{rel}","templated":true}]}}