{"id":1017,"date":"2025-08-21T08:12:42","date_gmt":"2025-08-21T08:12:42","guid":{"rendered":"https:\/\/chtnature.com\/?post_type=product&#038;p=1017"},"modified":"2025-08-21T08:13:46","modified_gmt":"2025-08-21T08:13:46","slug":"capsule-di-fungo-tigrato-biologico-a-marchio-privato","status":"publish","type":"product","link":"https:\/\/chtnature.com\/it\/product\/capsule-di-fungo-tigrato-biologico-a-marchio-privato\/","title":{"rendered":"Capsule di fungo del latte di tigre"},"content":{"rendered":"<h2><strong><span class=\"selected\">Panoramica del prodotto<\/span><\/strong><\/h2>\n<p><span class=\"selected\">Elevate la vostra linea di integratori alimentari con le nostre capsule di latte di tigre biologico di prima qualit\u00e0, formulate a partire dal potente sclerozio di <\/span><em><span class=\"selected\">Lignosus rhinocerus<\/span><\/em><span class=\"selected\">. Riconosciuto per il suo uso tradizionale a sostegno della salute delle vie respiratorie, il fungo del latte di tigre \u00e8 un ingrediente ricercato dai consumatori pi\u00f9 esigenti. Come prodotto specializzato <\/span><strong><span class=\"selected\">produttore<\/span><\/strong><span class=\"selected\"> di integratori a base di funghi, forniamo una soluzione completa \"chiavi in mano\" per i marchi che desiderano lanciare un prodotto ad alta potenza e pronto per il mercato. Il nostro processo integrato verticalmente, dall'approvvigionamento meticoloso all'incapsulamento preciso, \u00e8 progettato per garantire una qualit\u00e0, una sicurezza e un appeal del marchio senza pari.<\/span><\/p>\n<p><strong><span class=\"selected\">Differenziatori chiave:<\/span><\/strong><\/p>\n<ul>\n<li><strong><span class=\"selected\">Fonte organica premium:<\/span><\/strong><span class=\"selected\"> Utilizza la certificazione biologica 100% <\/span><em><span class=\"selected\">Lignosus rhinocerus<\/span><\/em><span class=\"selected\"> sclerotium per la massima purezza ed efficacia.<\/span><\/li>\n<li><strong><span class=\"selected\">Controllo completo della personalizzazione:<\/span><\/strong><span class=\"selected\"> Personalizzate tutto, dal dosaggio al tipo di capsula, dal numero di flaconi al design dell'etichetta, per adattarlo all'identit\u00e0 del vostro marchio.<\/span><\/li>\n<li><strong><span class=\"selected\">Produzione certificata GMP:<\/span><\/strong><span class=\"selected\"> Prodotto secondo le severe linee guida cGMP (Current Good Manufacturing Practice) per garantire sicurezza, coerenza e qualit\u00e0.<\/span><\/li>\n<li><strong><span class=\"selected\">Servizio chiavi in mano:<\/span><\/strong><span class=\"selected\"> Semplifichiamo il vostro lancio gestendo la formulazione, la produzione, l'imbottigliamento e l'etichettatura.<\/span><\/li>\n<li><strong><span class=\"selected\">Direttamente dalla fabbrica:<\/span><\/strong><span class=\"selected\"> Il nostro modello garantisce ai nostri partner una catena di approvvigionamento trasparente, tracciabile ed economicamente vantaggiosa.<\/span><\/li>\n<\/ul>\n<h2><strong><span class=\"selected\">Caratteristiche tecniche principali<\/span><\/strong><\/h2>\n<table>\n<tbody>\n<tr>\n<th><span class=\"selected\">Parametro<\/span><\/th>\n<th><span class=\"selected\">Specifiche<\/span><\/th>\n<th><span class=\"selected\">Note<\/span><\/th>\n<\/tr>\n<tr>\n<td><strong><span class=\"selected\">Nome del prodotto<\/span><\/strong><\/td>\n<td><span class=\"selected\">Capsule di fungo tigre biologico<\/span><\/td>\n<td><\/td>\n<\/tr>\n<tr>\n<td><strong><span class=\"selected\">Nome botanico<\/span><\/strong><\/td>\n<td><em><span class=\"selected\">Lignosus rhinocerus<\/span><\/em><\/td>\n<td><\/td>\n<\/tr>\n<tr>\n<td><strong><span class=\"selected\">Fonte del principio attivo<\/span><\/strong><\/td>\n<td><span class=\"selected\">Estratto di sclerotium biologico certificato<\/span><\/td>\n<td><span class=\"selected\">Assicura l'utilizzo della parte pi\u00f9 pregiata del fungo.<\/span><\/td>\n<\/tr>\n<tr>\n<td><strong><span class=\"selected\">Dosaggi standard<\/span><\/strong><\/td>\n<td><span class=\"selected\">500mg, 600mg, 800mg \/ capsula<\/span><\/td>\n<td><span class=\"selected\">I dosaggi personalizzati sono disponibili su richiesta.<\/span><\/td>\n<\/tr>\n<tr>\n<td><strong><span class=\"selected\">Aspetto<\/span><\/strong><\/td>\n<td><span class=\"selected\">Polvere fine marrone in capsula trasparente o bianca<\/span><\/td>\n<td><\/td>\n<\/tr>\n<tr>\n<td><strong><span class=\"selected\">Tipo di capsula<\/span><\/strong><\/td>\n<td><span class=\"selected\">HPMC (Idrossipropilmetilcellulosa) o gelatina<\/span><\/td>\n<td><span class=\"selected\">L'HPMC \u00e8 100% a base vegetale ed \u00e8 adatto alle indicazioni vegane.<\/span><\/td>\n<\/tr>\n<tr>\n<td><strong><span class=\"selected\">Dimensione della capsula<\/span><\/strong><\/td>\n<td><span class=\"selected\">#00, #0 o misura personalizzata<\/span><\/td>\n<td><\/td>\n<\/tr>\n<tr>\n<td><strong><span class=\"selected\">Eccipienti<\/span><\/strong><\/td>\n<td><span class=\"selected\">Opzioni: Senza eccipienti, Farina di riso, MCC<\/span><\/td>\n<td><span class=\"selected\">Formulato per soddisfare i requisiti \"Clean Label\".<\/span><\/td>\n<\/tr>\n<tr>\n<td><strong><span class=\"selected\">Metalli pesanti<\/span><\/strong><\/td>\n<td><span class=\"selected\">Arsenico (As) &lt;1 ppm, Cadmio (Cd) &lt;1 ppm, Piombo (Pb) &lt;3 ppm, Mercurio (Hg) &lt;0,1 ppm<\/span><\/td>\n<td><span class=\"selected\">Completamente conforme agli standard USP\/EP.<\/span><\/td>\n<\/tr>\n<tr>\n<td><strong><span class=\"selected\">Microbiologia<\/span><\/strong><\/td>\n<td><span class=\"selected\">Conta totale delle piastre &lt;1000 ufc\/g, lieviti e muffe &lt;100 ufc\/g<\/span><\/td>\n<td><span class=\"selected\">E. Coli, Salmonella, Staph. Aureus: Negativo.<\/span><\/td>\n<\/tr>\n<\/tbody>\n<\/table>\n<h2><strong><span class=\"selected\">Opzioni di personalizzazione e marchio privato<\/span><\/strong><\/h2>\n<p><span class=\"selected\">Siamo consapevoli che un prodotto di successo riflette una visione unica del marchio. Il nostro servizio di private label \u00e8 costruito intorno alle vostre esigenze, offrendo una flessibilit\u00e0 completa supportata da una guida esperta in ogni fase.<\/span><\/p>\n<h3><strong><span class=\"selected\">Fase 1: scegliere il dosaggio<\/span><\/strong><\/h3>\n<p><span class=\"selected\">Scegliete tra i nostri dosaggi standard, testati dal mercato, di 500 mg, 600 mg o 800 mg per capsula. Oppure, collaborate con il nostro team di formulazione per sviluppare un dosaggio personalizzato in base al posizionamento e al target del vostro prodotto.<\/span><\/p>\n<h3><strong><span class=\"selected\">Fase 2: Selezionare la capsula<\/span><\/strong><\/h3>\n<p><span class=\"selected\">Rispondete alle preferenze dei consumatori moderni con le nostre opzioni a capsula. Scegliere <\/span><strong><span class=\"selected\">Capsule vegane HPMC<\/span><\/strong><span class=\"selected\"> per un prodotto 100% a base vegetale e vegetariano, oppure optare per un prodotto tradizionale. <\/span><strong><span class=\"selected\">capsule di gelatina<\/span><\/strong><span class=\"selected\">. Offriamo una gamma di dimensioni per una consegna ottimale e una maggiore facilit\u00e0 d'uso.<\/span><\/p>\n<h3><strong><span class=\"selected\">Fase 3: progettazione dell'imballaggio<\/span><\/strong><\/h3>\n<p><span class=\"selected\">Completate il vostro prodotto con un packaging professionale. Offriamo una variet\u00e0 di opzioni, tra cui il numero di flaconi (60, 90 o 120 capsule), i colori dei flaconi (ad esempio, ambra, bianco, blu), i tipi di tappi e il supporto completo per il processo di progettazione e applicazione delle etichette.<\/span><\/p>\n<h2><strong><span class=\"selected\">Eccellenza produttiva e garanzia di qualit\u00e0<\/span><\/strong><\/h2>\n<p><span class=\"selected\">Come l'originale <\/span><strong><span class=\"selected\">produttore<\/span><\/strong><span class=\"selected\"> e <\/span><strong><span class=\"selected\">esportatore<\/span><\/strong><span class=\"selected\">Manteniamo un controllo assoluto sul processo di produzione, assicurando che ogni bottiglia soddisfi i pi\u00f9 alti standard di qualit\u00e0 e sicurezza.<\/span><\/p>\n<h3><strong><span class=\"selected\">Struttura certificata GMP<\/span><\/strong><\/h3>\n<p><span class=\"selected\">Il nostro impianto di produzione opera in stretta conformit\u00e0 con le attuali Buone Pratiche di Fabbricazione (cGMP), come indicato nella norma 21 CFR Part 111. Lo stabilimento \u00e8 sottoposto a regolari controlli interni e di terzi per garantire l'aderenza ai protocolli di sicurezza, sanificazione e controllo della qualit\u00e0.<\/span><\/p>\n<h3><strong><span class=\"selected\">Protocollo di test rigoroso<\/span><\/strong><\/h3>\n<p><span class=\"selected\">La qualit\u00e0 viene convalidata attraverso un regime di test in pi\u00f9 fasi. Tutte le materie prime in entrata vengono testate per verificarne l'identit\u00e0 e la purezza. I controlli in corso d'opera monitorano la consistenza e ogni lotto finito viene sottoposto a un'analisi finale per verificare la presenza di contaminanti microbici e metalli pesanti, per confermare la conformit\u00e0 alle specifiche.<\/span><\/p>\n<h3><strong><span class=\"selected\">Documentazione completa<\/span><\/strong><\/h3>\n<p><span class=\"selected\">Forniamo trasparenza e supporto completi per le vostre esigenze normative. Ogni spedizione \u00e8 accompagnata da un Certificato di Analisi (COA) specifico per il lotto. Sono disponibili ulteriori documenti, tra cui una scheda tecnica, un certificato biologico e una dichiarazione sugli allergeni.<\/span><\/p>\n<h2><strong><span class=\"selected\">Imballaggio, fornitura e logistica<\/span><\/strong><\/h2>\n<p><span class=\"selected\">Ci impegniamo ad essere un'azienda affidabile <\/span><strong><span class=\"selected\">fornitore<\/span><\/strong><span class=\"selected\"> per la crescita del vostro marchio. Sono disponibili quantit\u00e0 massicce per la spedizione globale direttamente dalla nostra <\/span><strong><span class=\"selected\">fabbrica<\/span><\/strong><span class=\"selected\">. Collaboriamo con partner logistici di fiducia per garantire che il vostro ordine arrivi in tempo e in perfette condizioni.<\/span><\/p>\n<ul>\n<li><strong><span class=\"selected\">Quantit\u00e0 minima d'ordine (MOQ):<\/span><\/strong><span class=\"selected\"> I nostri MOQ sono strutturati per supportare sia i marchi emergenti che quelli affermati. Vi invitiamo a informarvi sui dettagli del vostro progetto specifico di private label.<\/span><\/li>\n<li><strong><span class=\"selected\">Tempi di consegna:<\/span><\/strong><span class=\"selected\"> I tempi di consegna standard sono di circa 4-6 settimane per gli ordini iniziali a marchio privato, con tempi pi\u00f9 rapidi per i riordini.<\/span><\/li>\n<li><strong><span class=\"selected\">Imballaggio:<\/span><\/strong><span class=\"selected\"> I prodotti vengono spediti in contenitori sigillati, a prova di manomissione, chiaramente contrassegnati con i numeri di lotto e le date di produzione per una completa tracciabilit\u00e0.<\/span><\/li>\n<\/ul>\n<h2><strong><span class=\"selected\">Collaborate con un fornitore leader di capsule di fungo del latte di tigre<\/span><\/strong><\/h2>\n<p><span class=\"selected\">Siete pronti a creare un integratore per la salute delle vie respiratorie? La nostra combinazione di ingredienti biologici di prima qualit\u00e0, soluzioni personalizzabili e un impegno costante per la qualit\u00e0 ci rende il partner ideale per il vostro marchio. Contattateci oggi stesso per discutere del vostro progetto.<\/span><\/p>\n<p><span class=\"selected\"><div class=\"wpforms-container wpforms-container-full contact_form wpforms-render-modern\" id=\"wpforms-253\"><form id=\"wpforms-form-253\" class=\"wpforms-validate wpforms-form wpforms-ajax-form\" data-formid=\"253\" method=\"post\" enctype=\"multipart\/form-data\" action=\"\/it\/wp-json\/wp\/v2\/product\/1017\" data-token=\"899d7c442a3c7863952a108b8a1f01d5\" data-token-time=\"1777074747\" data-trp-original-action=\"\/it\/wp-json\/wp\/v2\/product\/1017\"><noscript class=\"wpforms-error-noscript\">Abilita JavaScript nel browser per completare questo modulo.<\/noscript><div id=\"wpforms-error-noscript\" style=\"display: none;\">Abilita JavaScript nel browser per completare questo modulo.<\/div><div class=\"wpforms-field-container\"><div id=\"wpforms-253-field_17-container\" class=\"wpforms-field wpforms-field-layout\" data-field-id=\"17\"><div class=\"wpforms-field-layout-rows wpforms-field-large\"><div class=\"wpforms-layout-row\"><div class=\"wpforms-layout-column wpforms-layout-column-50\"><div id=\"wpforms-253-field_14-container\" class=\"wpforms-field wpforms-field-text\" data-field-id=\"14\"><label class=\"wpforms-field-label\" for=\"wpforms-253-field_14\">Nome <span class=\"wpforms-required-label\" aria-hidden=\"true\">*<\/span><\/label><input type=\"text\" id=\"wpforms-253-field_14\" class=\"wpforms-field-large wpforms-field-required\" name=\"wpforms[fields][14]\" aria-errormessage=\"wpforms-253-field_14-error\" required><\/div><\/div><div class=\"wpforms-layout-column wpforms-layout-column-50\"><div id=\"wpforms-253-field_16-container\" class=\"wpforms-field wpforms-field-text\" data-field-id=\"16\"><label class=\"wpforms-field-label\" for=\"wpforms-253-field_16\">Nome della societ\u00e0<\/label><input type=\"text\" id=\"wpforms-253-field_16\" class=\"wpforms-field-medium\" name=\"wpforms[fields][16]\" aria-errormessage=\"wpforms-253-field_16-error\" ><\/div><\/div><\/div><\/div><\/div><div id=\"wpforms-253-field_18-container\" class=\"wpforms-field wpforms-field-phone\" data-field-id=\"18\"><label class=\"wpforms-field-label\" for=\"wpforms-253-field_18\">Telefono <span class=\"wpforms-required-label\" aria-hidden=\"true\">*<\/span><\/label><input type=\"tel\" id=\"wpforms-253-field_18\" class=\"wpforms-field-large wpforms-field-required wpforms-smart-phone-field\" data-rule-smart-phone-field=\"true\" name=\"wpforms[fields][18]\" aria-label=\"Telefono\" aria-errormessage=\"wpforms-253-field_18-error\" required><\/div><div id=\"wpforms-253-field_15-container\" class=\"wpforms-field wpforms-field-email\" data-field-id=\"15\"><label class=\"wpforms-field-label\" for=\"wpforms-253-field_15\">Email \/ WhatsApp <span class=\"wpforms-required-label\" aria-hidden=\"true\">*<\/span><\/label><input type=\"email\" id=\"wpforms-253-field_15\" class=\"wpforms-field-large wpforms-field-required\" name=\"wpforms[fields][15]\" spellcheck=\"false\" aria-errormessage=\"wpforms-253-field_15-error\" required><\/div><div id=\"wpforms-253-field_7-container\" class=\"wpforms-field wpforms-field-checkbox wpforms-list-2-columns\" data-field-id=\"7\"><fieldset><legend class=\"wpforms-field-label\">Interesse per il prodotto (selezionare pi\u00f9 di uno)<\/legend><ul id=\"wpforms-253-field_7\"><li class=\"choice-1 depth-1\"><input type=\"checkbox\" id=\"wpforms-253-field_7_1\" name=\"wpforms[fields][7][]\" value=\"Liquid Supplements\" aria-errormessage=\"wpforms-253-field_7_1-error\"  ><label class=\"wpforms-field-label-inline\" for=\"wpforms-253-field_7_1\">Integratori liquidi<\/label><\/li><li class=\"choice-2 depth-1\"><input type=\"checkbox\" id=\"wpforms-253-field_7_2\" name=\"wpforms[fields][7][]\" value=\"Functional Gummies\" aria-errormessage=\"wpforms-253-field_7_2-error\"  ><label class=\"wpforms-field-label-inline\" for=\"wpforms-253-field_7_2\">Gomme funzionali<\/label><\/li><li class=\"choice-3 depth-1\"><input type=\"checkbox\" id=\"wpforms-253-field_7_3\" name=\"wpforms[fields][7][]\" value=\"Capsules &amp; Softgels\" aria-errormessage=\"wpforms-253-field_7_3-error\"  ><label class=\"wpforms-field-label-inline\" for=\"wpforms-253-field_7_3\">Capsule e capsule molli<\/label><\/li><li class=\"choice-4 depth-1\"><input type=\"checkbox\" id=\"wpforms-253-field_7_4\" name=\"wpforms[fields][7][]\" value=\"Botanical Powders\" aria-errormessage=\"wpforms-253-field_7_4-error\"  ><label class=\"wpforms-field-label-inline\" for=\"wpforms-253-field_7_4\">Polveri botaniche<\/label><\/li><\/ul><\/fieldset><\/div>\t\t<div id=\"wpforms-253-field_1-container\"\n\t\t\tclass=\"wpforms-field wpforms-field-text\"\n\t\t\tdata-field-type=\"text\"\n\t\t\tdata-field-id=\"1\"\n\t\t\t>\n\t\t\t<label class=\"wpforms-field-label\" for=\"wpforms-253-field_1\" >Name Name multiple)<\/label>\n\t\t\t<input type=\"text\" id=\"wpforms-253-field_1\" class=\"wpforms-field-medium\" name=\"wpforms[fields][1]\" >\n\t\t<\/div>\n\t\t<div id=\"wpforms-253-field_13-container\" class=\"wpforms-field wpforms-field-textarea\" data-field-id=\"13\"><label class=\"wpforms-field-label\" for=\"wpforms-253-field_13\">Quantit\u00e0 stimata<\/label><textarea id=\"wpforms-253-field_13\" class=\"wpforms-field-medium\" name=\"wpforms[fields][13]\" aria-errormessage=\"wpforms-253-field_13-error\" ><\/textarea><\/div><script>\n\t\t\t\t( function() {\n\t\t\t\t\tconst style = document.createElement( 'style' );\n\t\t\t\t\tstyle.appendChild( document.createTextNode( '#wpforms-253-field_1-container { position: absolute !important; overflow: hidden !important; display: inline !important; height: 1px !important; width: 1px !important; z-index: -1000 !important; padding: 0 !important; } #wpforms-253-field_1-container input { visibility: hidden; } #wpforms-conversational-form-page #wpforms-253-field_1-container label { counter-increment: none; }' ) );\n\t\t\t\t\tdocument.head.appendChild( style );\n\t\t\t\t\tdocument.currentScript?.remove();\n\t\t\t\t} )();\n\t\t\t<\/script><\/div><!-- .wpforms-field-container --><div class=\"wpforms-submit-container\" ><input type=\"hidden\" name=\"wpforms[id]\" value=\"253\"><input type=\"hidden\" name=\"page_title\" value=\"\"><input type=\"hidden\" name=\"page_url\" value=\"https:\/\/chtnature.com\/it\/wp-json\/wp\/v2\/product\/1017\"><input type=\"hidden\" name=\"url_referer\" value=\"\"><button type=\"submit\" name=\"wpforms[submit]\" id=\"wpforms-submit-253\" class=\"wpforms-submit\" data-alt-text=\"Sending...\" data-submit-text=\"Submit\" aria-live=\"assertive\" value=\"wpforms-submit\">Invia<\/button><img decoding=\"async\" src=\"https:\/\/chtnature.com\/wp-content\/plugins\/wpforms\/assets\/images\/submit-spin.svg\" class=\"wpforms-submit-spinner\" style=\"display: none;\" width=\"26\" height=\"26\" alt=\"Caricamento\" title=\"\"><\/div><input type=\"hidden\" name=\"trp-form-language\" value=\"it\"\/><\/form><\/div>  <!-- .wpforms-container --><\/span><\/p>","protected":false},"excerpt":{"rendered":"<ul>\n<li><b>Prodotto:<\/b> Fungo del latte di tigre biologico (Lignosus rhinocerus) Capsule<\/li>\n<li><b>Dosaggi standard:<\/b> 500 mg, 600 mg e 800 mg per capsula. Sono disponibili dosaggi personalizzati.<\/li>\n<li><b>Opzioni della capsula:<\/b> HPMC (vegano) o gelatina. Vari formati (#0, #00).<\/li>\n<li><b>Vantaggi principali:<\/b> Proveniente da Lignosus rhinocerus biologico certificato, prodotto in uno stabilimento certificato GMP e disponibile per un servizio completo chiavi in mano.<\/li>\n<\/ul>","protected":false},"featured_media":1019,"comment_status":"open","ping_status":"closed","template":"","meta":{"_acf_changed":false},"product_brand":[],"product_cat":[19],"product_tag":[],"class_list":{"0":"post-1017","1":"product","2":"type-product","3":"status-publish","4":"has-post-thumbnail","6":"product_cat-capsules-softgels","8":"first","9":"instock","10":"shipping-taxable","11":"product-type-simple"},"acf":[],"_links":{"self":[{"href":"https:\/\/chtnature.com\/it\/wp-json\/wp\/v2\/product\/1017","targetHints":{"allow":["GET"]}}],"collection":[{"href":"https:\/\/chtnature.com\/it\/wp-json\/wp\/v2\/product"}],"about":[{"href":"https:\/\/chtnature.com\/it\/wp-json\/wp\/v2\/types\/product"}],"replies":[{"embeddable":true,"href":"https:\/\/chtnature.com\/it\/wp-json\/wp\/v2\/comments?post=1017"}],"wp:featuredmedia":[{"embeddable":true,"href":"https:\/\/chtnature.com\/it\/wp-json\/wp\/v2\/media\/1019"}],"wp:attachment":[{"href":"https:\/\/chtnature.com\/it\/wp-json\/wp\/v2\/media?parent=1017"}],"wp:term":[{"taxonomy":"product_brand","embeddable":true,"href":"https:\/\/chtnature.com\/it\/wp-json\/wp\/v2\/product_brand?post=1017"},{"taxonomy":"product_cat","embeddable":true,"href":"https:\/\/chtnature.com\/it\/wp-json\/wp\/v2\/product_cat?post=1017"},{"taxonomy":"product_tag","embeddable":true,"href":"https:\/\/chtnature.com\/it\/wp-json\/wp\/v2\/product_tag?post=1017"}],"curies":[{"name":"wp","href":"https:\/\/api.w.org\/{rel}","templated":true}]}}