{"id":1106,"date":"2025-11-21T02:35:43","date_gmt":"2025-11-21T02:35:43","guid":{"rendered":"https:\/\/chtnature.com\/?post_type=product&#038;p=1106"},"modified":"2025-11-21T02:35:43","modified_gmt":"2025-11-21T02:35:43","slug":"estratto-di-germe-di-grano-spermidina-0-2-polvere","status":"publish","type":"product","link":"https:\/\/chtnature.com\/it\/product\/estratto-di-germe-di-grano-spermidina-0-2-polvere\/","title":{"rendered":"Estratto di germe di grano in polvere"},"content":{"rendered":"<h2 data-pm-slice=\"1 1 []\">Panoramica del prodotto<\/h2>\n<p>Il nostro estratto di germe di grano \u00e8 una fonte di poliammine di prima qualit\u00e0, di origine vegetale, estratta rigorosamente dal germe di grano. <em>Triticum aestivum<\/em> (non OGM). A differenza delle alternative sintetiche (Spermidina 3HCl), che offrono un singolo composto isolato, questo estratto fornisce la Spermidina all'interno della sua matrice naturale di cibo intero, favorendo il posizionamento clean-label nelle formulazioni per la salute cellulare e la longevit\u00e0.<\/p>\n<p>La caratteristica distintiva di questo ingrediente \u00e8 la sua potenza convalidata. Mentre molte alternative di mercato utilizzano metodi di analisi UV non specifici che possono produrre falsi positivi da altri composti azotati, noi standardizziamo il nostro estratto per <strong>\u22650,2% Spermidina mediante gascromatografia (GC)<\/strong>. Ci\u00f2 garantisce che il contenuto bioattivo sia autentico, specifico e tracciabile.<\/p>\n<p>Prodotta in un ambiente conforme alle GMP, la polvere presenta un'eccellente stabilit\u00e0 fisica con livelli di umidit\u00e0 significativamente inferiori ai limiti del settore (2,45% rispetto allo standard \u22647%). Questa bassa attivit\u00e0 dell'acqua la rende altamente compatibile con ingredienti sensibili all'umidit\u00e0 in miscele complesse, come i probiotici o le vitamine igroscopiche.<\/p>\n<p><strong>Vantaggi unici del prodotto:<\/strong><\/p>\n<ul>\n<li><strong>Fonte naturale autentica:<\/strong> Derivato 100% da <em>Triticum aestivum<\/em> germe; privo di adulteranti sintetici.<\/li>\n<li><strong>Potenzialit\u00e0 verificata da GC:<\/strong> Il test ha garantito \u22650,2% mediante gascromatografia (GC), offrendo una specificit\u00e0 superiore rispetto ai metodi UV.<\/li>\n<li><strong>Profilo di alta stabilit\u00e0:<\/strong> La perdita misurata all'essiccazione di 2,45% (lotto BH250120CH) garantisce una stabilit\u00e0 a lungo termine e un rischio ridotto di caking.<\/li>\n<li><strong>Controllo di sicurezza rigoroso:<\/strong> I metalli pesanti sono rigorosamente controllati (Pb &lt;2ppm, As &lt;2ppm) con un profilo patogeno negativo, superiore ai requisiti standard di qualit\u00e0 alimentare.<\/li>\n<li><strong>Prodotto diretto dal produttore:<\/strong> Tracciabilit\u00e0 completa dei lotti e fornitura costante disponibile direttamente dalla fabbrica di origine.<\/li>\n<\/ul>\n<h2>Caratteristiche tecniche principali<\/h2>\n<p>Le seguenti specifiche rappresentano l'analisi tipica del nostro estratto di germe di grano (lotto rif. BH250120CH). Questo estratto naturale rappresenta un equilibrio tra potenza bioattiva e purezza fisica.<\/p>\n<table>\n<tbody>\n<tr>\n<th>Articolo di prova<\/th>\n<th>Specifiche standard<\/th>\n<th>Risultato tipico (lotto BH250120CH)<\/th>\n<th>Metodo di prova<\/th>\n<\/tr>\n<tr>\n<td><strong>Principio attivo<\/strong><\/td>\n<td>&nbsp;<\/td>\n<td>&nbsp;<\/td>\n<td>&nbsp;<\/td>\n<\/tr>\n<tr>\n<td>Contenuto di spermidina<\/td>\n<td>\u00a0\u22650,2%<\/td>\n<td><strong>0.23%<\/strong><\/td>\n<td><strong>GC<\/strong><\/td>\n<\/tr>\n<tr>\n<td><strong>Analisi fisica<\/strong><\/td>\n<td>&nbsp;<\/td>\n<td>&nbsp;<\/td>\n<td>&nbsp;<\/td>\n<\/tr>\n<tr>\n<td>Aspetto<\/td>\n<td>Polvere giallo chiaro<\/td>\n<td>Conforme<\/td>\n<td>Visivo<\/td>\n<\/tr>\n<tr>\n<td>Dimensione delle particelle<\/td>\n<td>100% pass 80 mesh<\/td>\n<td>Conforme<\/td>\n<td>USP<\/td>\n<\/tr>\n<tr>\n<td>Perdita all'essiccazione<\/td>\n<td>\u00a0\u22647.0%<\/td>\n<td><strong>2.45%<\/strong><\/td>\n<td>USP<\/td>\n<\/tr>\n<tr>\n<td>Contenuto di cenere<\/td>\n<td>\u00a0\u2264 5.0%<\/td>\n<td>3.23%<\/td>\n<td>USP<\/td>\n<\/tr>\n<tr>\n<td>Densit\u00e0 della massa<\/td>\n<td>0,4 - 0,6 g\/cm\u00b3<\/td>\n<td>0,52 g\/cm\u00b3<\/td>\n<td>USP<\/td>\n<\/tr>\n<tr>\n<td>Densit\u00e0 picchiettata<\/td>\n<td>0,7-0,9 g\/cm\u00b3<\/td>\n<td>0,83 g\/cm\u00b3<\/td>\n<td>USP<\/td>\n<\/tr>\n<tr>\n<td><strong>Sicurezza chimica<\/strong><\/td>\n<td>&nbsp;<\/td>\n<td>&nbsp;<\/td>\n<td>&nbsp;<\/td>\n<\/tr>\n<tr>\n<td>Metalli pesanti (Pb)<\/td>\n<td>\u00a0\u2264 2 ppm<\/td>\n<td>&lt; 2 ppm<\/td>\n<td>ICP-MS<\/td>\n<\/tr>\n<tr>\n<td>Arsenico (As)<\/td>\n<td>&nbsp;<\/p>\n<p>\u2264 2 ppm<\/td>\n<td>&lt; 2 ppm<\/td>\n<td>ICP-MS<\/td>\n<\/tr>\n<tr>\n<td>Mercurio (Hg)<\/td>\n<td>&nbsp;<\/p>\n<p>\u2264 0,1 ppm<\/td>\n<td>&lt; 0,1 ppm<\/td>\n<td>ICP-MS<\/td>\n<\/tr>\n<tr>\n<td>Cadmio (Cd)<\/td>\n<td>&nbsp;<\/p>\n<p>\u2264 1 ppm<\/td>\n<td>&lt; 1 ppm<\/td>\n<td>ICP-MS<\/td>\n<\/tr>\n<tr>\n<td><strong>Microbiologia<\/strong><\/td>\n<td>&nbsp;<\/td>\n<td>&nbsp;<\/td>\n<td>&nbsp;<\/td>\n<\/tr>\n<tr>\n<td>Conteggio totale delle piastre<\/td>\n<td>&nbsp;<\/p>\n<p>\u2264 1000 ufc\/g<\/td>\n<td>Conforme<\/td>\n<td>USP<\/td>\n<\/tr>\n<tr>\n<td>Lievito e muffa<\/td>\n<td>&nbsp;<\/p>\n<p>\u2264 100 ufc\/g<\/td>\n<td>Conforme<\/td>\n<td>USP<\/td>\n<\/tr>\n<tr>\n<td>Agenti patogeni (E.coli, Salmonella)<\/td>\n<td>Negativo<\/td>\n<td>Negativo<\/td>\n<td>USP<\/td>\n<\/tr>\n<\/tbody>\n<\/table>\n<h3>Caratterizzazione fisica e idoneit\u00e0 alla lavorazione<\/h3>\n<p>Per i formulatori che valutano la lavorabilit\u00e0, forniamo uno sguardo pi\u00f9 approfondito sulle caratteristiche fisiche in base ai dati del lotto attuale:<\/p>\n<p><strong>Profilo di densit\u00e0 e flusso<\/strong> Con una densit\u00e0 di massa di <strong>0,52 g\/cm\u00b3<\/strong> e la densit\u00e0 di taglio di <strong>0,83 g\/cm\u00b3<\/strong>, la polvere presenta un rapporto di Hausner pari a circa <strong>1.60<\/strong>. Ci\u00f2 indica una polvere coesa, tipica degli estratti naturali di germe di grano contenenti lipidi residui.<\/p>\n<ul>\n<li><em>Raccomandazione di elaborazione:<\/em> Sebbene la polvere mostri un'eccellente comprimibilit\u00e0 per la durezza delle compresse, si consiglia l'aggiunta di glidanti (ad esempio, 0,5-1% Biossido di silicio) per migliorare la fluidit\u00e0 durante le operazioni di riempimento delle capsule ad alta velocit\u00e0 o di compattazione.<\/li>\n<\/ul>\n<p><strong>Controllo dell'umidit\u00e0<\/strong> La perdita all'essiccazione (LOD) misurata \u00e8 <strong>2.45%<\/strong>, significativamente inferiore al limite standard di 7%. Questo basso contenuto di umidit\u00e0 garantisce un'eccezionale stabilit\u00e0, riducendo al minimo il rischio di idrolisi o di crescita microbica. Garantisce la compatibilit\u00e0 con ingredienti sensibili all'umidit\u00e0 in formulazioni complesse.<\/p>\n<p><strong>Uniformit\u00e0 delle particelle<\/strong> La specifica di <strong>100%<\/strong> passaggio<strong> 80 maglie<\/strong> garantisce una granulometria fine e costante. Ci\u00f2 facilita la miscelazione omogenea con altre polveri fini (come le premiscele vitaminiche o lo zinco) senza la necessit\u00e0 di ulteriori fasi di macinazione.<\/p>\n<h2>Controllo di qualit\u00e0: Perch\u00e9 i test GC sono importanti<\/h2>\n<p>Nel mercato delle poliammine, il metodo di analisi definisce l'autenticit\u00e0 del prodotto.<\/p>\n<ul>\n<li><strong>Il vantaggio della GC (gascromatografia):<\/strong> Utilizziamo l'analisi GC per separare e quantificare in modo specifico la molecola di Spermidina.<\/li>\n<li><strong>Il rischio dei raggi UV:<\/strong> Molti fornitori generici utilizzano la spettrofotometria UV. Tuttavia, l'UV \u00e8 aspecifico e pu\u00f2 rilevare altri composti contenenti azoto o proteine nel germe di grano come \"Spermidina\", portando a risultati gonfiati e falsi positivi.<\/li>\n<li><strong>Il nostro impegno:<\/strong> Attenendoci ai test GC, garantiamo che l'indicazione \u22650,2% rappresenti il vero contenuto di Spermidina bioattiva, fornendo calcoli di dosaggio affidabili per il vostro prodotto finito.<\/li>\n<\/ul>\n<h2>Linee guida per la formulazione e l'applicazione<\/h2>\n<p>Progettato per la versatilit\u00e0, il nostro estratto di germe di grano (0,2% Spermidina) \u00e8 ottimizzato per i formati degli integratori alimentari. Di seguito sono riportati i dati specifici della formulazione per aiutarvi nello sviluppo dei vostri prodotti.<\/p>\n<h3>Calcoli del dosaggio e sistemi di somministrazione<\/h3>\n<ul>\n<li><strong>L'obiettivo \"1mg\":<\/strong> Per ottenere un'etichetta di <strong>1 mg di Spermidina<\/strong> per porzione, un dosaggio di <strong>500 mg<\/strong> di questo estratto \u00e8 necessario.\n<ul>\n<li><em>Calcolo:<\/em> 1mg(Target) \/ 0,002(Test) = 500mg.<\/li>\n<\/ul>\n<\/li>\n<li><strong>Analisi dell'adattamento della capsula:<\/strong> In base alla densit\u00e0 di spillatura di <strong>0,83 g\/cm\u00b3<\/strong>Una dose da 500 mg occupa circa <strong>0,60 ml<\/strong> di volume.\n<ul>\n<li><strong>Capsula di dimensione 0 (volume ~0,68 ml):<\/strong> Si adatta comodamente con uno spazio minimo (circa 88% di riempimento), ideale per un prodotto puro e indipendente.<\/li>\n<li><strong>Formato 00 Capsula (volume ~0,95ml):<\/strong> Lascia ampio spazio alla miscelazione con ingredienti sinergici come lo zinco, il magnesio o le vitamine del complesso B.<\/li>\n<\/ul>\n<\/li>\n<li><strong>Comprimibilit\u00e0 della compressa:<\/strong> Il profilo di densit\u00e0 dell'estratto suggerisce una buona comprimibilit\u00e0. Tuttavia, dato il contenuto naturale di lipidi del germe di grano, si consiglia di utilizzare una forza di compressione maggiore e leganti adeguati per garantire la durezza della compressa e il rispetto del tempo di disintegrazione.<\/li>\n<\/ul>\n<h3>Miscele consigliate<\/h3>\n<ul>\n<li><strong>Complesso per la salute cellulare:<\/strong> Combinare con <strong>Resveratrolo<\/strong> o <strong>Quercetina<\/strong> per creare una formula di longevit\u00e0 a pi\u00f9 vie.<\/li>\n<li><strong>Supporto immunitario:<\/strong> L'estratto si abbina bene con <strong>Zinco<\/strong> (un cofattore per la divisione cellulare) e la vitamina D3.<\/li>\n<\/ul>\n<h2>Stabilit\u00e0 e conservazione<\/h2>\n<ul>\n<li><strong>Condizioni di conservazione:<\/strong> Conservare in un luogo fresco e asciutto, lontano da luce forte e calore. Il basso contenuto di umidit\u00e0 (2,45%) garantisce un'eccellente stabilit\u00e0 intrinseca, ma il prodotto deve essere conservato nella confezione originale per evitare l'igroscopia.<\/li>\n<li><strong>Durata di conservazione:<\/strong> 24 mesi in condizioni di corretta conservazione.<\/li>\n<li><strong>Dati di stabilit\u00e0:<\/strong> L'estratto mantiene l'integrit\u00e0 della Spermidina in intervalli di pH compresi tra 3,0 e 8,0, rendendolo adatto alla maggior parte delle forme di dosaggio solide e a selezionate polveri per bevande funzionali.<\/li>\n<\/ul>\n<h2>Domande frequenti (FAQ)<\/h2>\n<p><strong>Q:<\/strong> La Spermidina \u00e8 naturale o sintetica?<\/p>\n<p>A: Si tratta di un estratto naturale 100% derivato dal germe di <em>Triticum aestivum<\/em>. A differenza della Spermidina Triidrocloruro (3HCl) sintetica, il nostro prodotto conserva la matrice naturale integrale del germe di grano.<\/p>\n<p><strong>D: Questo prodotto contiene glutine?<\/strong><\/p>\n<p>R: S\u00ec, essendo un ingrediente derivato dal grano, contiene naturalmente glutine. Viene solitamente utilizzato negli integratori alimentari in cui il \"Frumento\" \u00e8 dichiarato come allergene. Per esigenze specifiche di \"assenza di glutine\", si prega di contattare il nostro team tecnico per i dettagli di lavorazione specifici del lotto.<\/p>\n<p><strong>D: Qual \u00e8 la differenza tra i test UV e GC per la Spermidina?<\/strong><\/p>\n<p>R: I metodi UV rilevano i composti azotati totali e possono dare luogo a falsi positivi (lettura superiore a quella reale). <strong>Utilizziamo la gascromatografia (GC)<\/strong> per separare e quantificare la specifica molecola di Spermidina, assicurandovi di ottenere esattamente ci\u00f2 per cui pagate.<\/p>\n<p><strong>D: Fornite direttamente dalla fabbrica?<\/strong><\/p>\n<p>R: S\u00ec, siamo noi il produttore. L'approvvigionamento diretto garantisce la completa tracciabilit\u00e0 dei lotti, scorte pi\u00f9 fresche (data di produzione: gennaio 2025 per il lotto attuale) e prezzi di fabbrica competitivi.<\/p>\n<p><strong>D: Qual \u00e8 l'imballaggio standard?<\/strong><\/p>\n<p>R: Il prodotto \u00e8 confezionato in <strong>Fusti in fibra da 25 kg<\/strong> con sacchetti interni in PE a doppio strato per garantire la protezione dall'umidit\u00e0 e dalla contaminazione durante il trasporto.<\/p>\n<h2>Pronti a formulare?<\/h2>\n<p><strong>Assicura la Spermidina naturale autentica e verificata con GC.<\/strong><\/p>\n<p>Ottenete l'accesso al pacchetto tecnico completo, compresi il COA originale, il diagramma di flusso e i prezzi.<\/p>\n<div class=\"wpforms-container wpforms-container-full contact_form wpforms-render-modern\" id=\"wpforms-253\"><form id=\"wpforms-form-253\" class=\"wpforms-validate wpforms-form wpforms-ajax-form\" data-formid=\"253\" method=\"post\" enctype=\"multipart\/form-data\" action=\"\/it\/wp-json\/wp\/v2\/product\/1106\" data-token=\"899d7c442a3c7863952a108b8a1f01d5\" data-token-time=\"1777062735\" data-trp-original-action=\"\/it\/wp-json\/wp\/v2\/product\/1106\"><noscript class=\"wpforms-error-noscript\">Abilita JavaScript nel browser per completare questo modulo.<\/noscript><div id=\"wpforms-error-noscript\" style=\"display: none;\">Abilita JavaScript nel browser per completare questo modulo.<\/div><div class=\"wpforms-field-container\"><div id=\"wpforms-253-field_17-container\" class=\"wpforms-field wpforms-field-layout\" data-field-id=\"17\"><div class=\"wpforms-field-layout-rows wpforms-field-large\"><div class=\"wpforms-layout-row\"><div class=\"wpforms-layout-column wpforms-layout-column-50\"><div id=\"wpforms-253-field_14-container\" class=\"wpforms-field wpforms-field-text\" data-field-id=\"14\"><label class=\"wpforms-field-label\" for=\"wpforms-253-field_14\">Nome <span class=\"wpforms-required-label\" aria-hidden=\"true\">*<\/span><\/label><input type=\"text\" id=\"wpforms-253-field_14\" class=\"wpforms-field-large wpforms-field-required\" name=\"wpforms[fields][14]\" aria-errormessage=\"wpforms-253-field_14-error\" required><\/div><\/div><div class=\"wpforms-layout-column wpforms-layout-column-50\"><div id=\"wpforms-253-field_16-container\" class=\"wpforms-field wpforms-field-text\" data-field-id=\"16\"><label class=\"wpforms-field-label\" for=\"wpforms-253-field_16\">Nome della societ\u00e0<\/label><input type=\"text\" id=\"wpforms-253-field_16\" class=\"wpforms-field-medium\" name=\"wpforms[fields][16]\" aria-errormessage=\"wpforms-253-field_16-error\" ><\/div><\/div><\/div><\/div><\/div><div id=\"wpforms-253-field_18-container\" class=\"wpforms-field wpforms-field-phone\" data-field-id=\"18\"><label class=\"wpforms-field-label\" for=\"wpforms-253-field_18\">Telefono <span class=\"wpforms-required-label\" aria-hidden=\"true\">*<\/span><\/label><input type=\"tel\" id=\"wpforms-253-field_18\" class=\"wpforms-field-large wpforms-field-required wpforms-smart-phone-field\" data-rule-smart-phone-field=\"true\" name=\"wpforms[fields][18]\" aria-label=\"Telefono\" aria-errormessage=\"wpforms-253-field_18-error\" required><\/div><div id=\"wpforms-253-field_15-container\" class=\"wpforms-field wpforms-field-email\" data-field-id=\"15\"><label class=\"wpforms-field-label\" for=\"wpforms-253-field_15\">Email \/ WhatsApp <span class=\"wpforms-required-label\" aria-hidden=\"true\">*<\/span><\/label><input type=\"email\" id=\"wpforms-253-field_15\" class=\"wpforms-field-large wpforms-field-required\" name=\"wpforms[fields][15]\" spellcheck=\"false\" aria-errormessage=\"wpforms-253-field_15-error\" required><\/div><div id=\"wpforms-253-field_7-container\" class=\"wpforms-field wpforms-field-checkbox wpforms-list-2-columns\" data-field-id=\"7\"><fieldset><legend class=\"wpforms-field-label\">Interesse per il prodotto (selezionare pi\u00f9 di uno)<\/legend><ul id=\"wpforms-253-field_7\"><li class=\"choice-1 depth-1\"><input type=\"checkbox\" id=\"wpforms-253-field_7_1\" name=\"wpforms[fields][7][]\" value=\"Liquid Supplements\" aria-errormessage=\"wpforms-253-field_7_1-error\"  ><label class=\"wpforms-field-label-inline\" for=\"wpforms-253-field_7_1\">Integratori liquidi<\/label><\/li><li class=\"choice-2 depth-1\"><input type=\"checkbox\" id=\"wpforms-253-field_7_2\" name=\"wpforms[fields][7][]\" value=\"Functional Gummies\" aria-errormessage=\"wpforms-253-field_7_2-error\"  ><label class=\"wpforms-field-label-inline\" for=\"wpforms-253-field_7_2\">Gomme funzionali<\/label><\/li><li class=\"choice-3 depth-1\"><input type=\"checkbox\" id=\"wpforms-253-field_7_3\" name=\"wpforms[fields][7][]\" value=\"Capsules &amp; Softgels\" aria-errormessage=\"wpforms-253-field_7_3-error\"  ><label class=\"wpforms-field-label-inline\" for=\"wpforms-253-field_7_3\">Capsule e capsule molli<\/label><\/li><li class=\"choice-4 depth-1\"><input type=\"checkbox\" id=\"wpforms-253-field_7_4\" name=\"wpforms[fields][7][]\" value=\"Botanical Powders\" aria-errormessage=\"wpforms-253-field_7_4-error\"  ><label class=\"wpforms-field-label-inline\" for=\"wpforms-253-field_7_4\">Polveri botaniche<\/label><\/li><\/ul><\/fieldset><\/div>\t\t<div id=\"wpforms-253-field_1-container\"\n\t\t\tclass=\"wpforms-field wpforms-field-text\"\n\t\t\tdata-field-type=\"text\"\n\t\t\tdata-field-id=\"1\"\n\t\t\t>\n\t\t\t<label class=\"wpforms-field-label\" for=\"wpforms-253-field_1\" >Email Interest Quantity<\/label>\n\t\t\t<input type=\"text\" id=\"wpforms-253-field_1\" class=\"wpforms-field-medium\" name=\"wpforms[fields][1]\" >\n\t\t<\/div>\n\t\t<div id=\"wpforms-253-field_13-container\" class=\"wpforms-field wpforms-field-textarea\" data-field-id=\"13\"><label class=\"wpforms-field-label\" for=\"wpforms-253-field_13\">Quantit\u00e0 stimata<\/label><textarea id=\"wpforms-253-field_13\" class=\"wpforms-field-medium\" name=\"wpforms[fields][13]\" aria-errormessage=\"wpforms-253-field_13-error\" ><\/textarea><\/div><script>\n\t\t\t\t( function() {\n\t\t\t\t\tconst style = document.createElement( 'style' );\n\t\t\t\t\tstyle.appendChild( document.createTextNode( '#wpforms-253-field_1-container { position: absolute !important; overflow: hidden !important; display: inline !important; height: 1px !important; width: 1px !important; z-index: -1000 !important; padding: 0 !important; } #wpforms-253-field_1-container input { visibility: hidden; } #wpforms-conversational-form-page #wpforms-253-field_1-container label { counter-increment: none; }' ) );\n\t\t\t\t\tdocument.head.appendChild( style );\n\t\t\t\t\tdocument.currentScript?.remove();\n\t\t\t\t} )();\n\t\t\t<\/script><\/div><!-- .wpforms-field-container --><div class=\"wpforms-submit-container\" ><input type=\"hidden\" name=\"wpforms[id]\" value=\"253\"><input type=\"hidden\" name=\"page_title\" value=\"\"><input type=\"hidden\" name=\"page_url\" value=\"https:\/\/chtnature.com\/it\/wp-json\/wp\/v2\/product\/1106\"><input type=\"hidden\" name=\"url_referer\" value=\"\"><button type=\"submit\" name=\"wpforms[submit]\" id=\"wpforms-submit-253\" class=\"wpforms-submit\" data-alt-text=\"Sending...\" data-submit-text=\"Submit\" aria-live=\"assertive\" value=\"wpforms-submit\">Invia<\/button><img decoding=\"async\" src=\"https:\/\/chtnature.com\/wp-content\/plugins\/wpforms\/assets\/images\/submit-spin.svg\" class=\"wpforms-submit-spinner\" style=\"display: none;\" width=\"26\" height=\"26\" alt=\"Caricamento\" title=\"\"><\/div><input type=\"hidden\" name=\"trp-form-language\" value=\"it\"\/><\/form><\/div>  <!-- .wpforms-container -->","protected":false},"excerpt":{"rendered":"<ul>\n<li>\n<p data-path-to-node=\"9,0,0\"><b>Nome del prodotto:<\/b> Estratto di germe di grano (standardizzato)<\/p>\n<\/li>\n<li>\n<p data-path-to-node=\"9,1,0\"><b>Principio attivo:<\/b> Spermidina \u2265 0,2% (Test mediante GC)<\/p>\n<\/li>\n<li>\n<p data-path-to-node=\"9,2,0\"><b>Fonte botanica:<\/b> <i>Triticum aestivum<\/i> (Germ)<\/p>\n<\/li>\n<li>\n<p data-path-to-node=\"9,3,0\"><b>Aspetto:<\/b> Polvere giallo chiaro, odore caratteristico<\/p>\n<\/li>\n<li>\n<p data-path-to-node=\"9,4,0\"><b>Dimensione delle particelle:<\/b> 100% pass 80 mesh<\/p>\n<\/li>\n<li>\n<p data-path-to-node=\"9,5,0\"><b>Profilo di densit\u00e0:<\/b> Sfuso: 0,52 g\/cm\u00b3 | Maschiato: 0,83 g\/cm\u00b3<\/p>\n<\/li>\n<li>\n<p data-path-to-node=\"9,6,0\"><b>Standard di qualit\u00e0:<\/b> Non OGM, Metalli pesanti &lt;2ppm, Bassa umidit\u00e0<\/p>\n<\/li>\n<li>\n<p data-path-to-node=\"9,7,0\"><b>Applicazione:<\/b> Integratori alimentari (capsule), alimenti funzionali<\/p>\n<\/li>\n<\/ul>","protected":false},"featured_media":1107,"comment_status":"open","ping_status":"closed","template":"","meta":{"_acf_changed":false},"product_brand":[],"product_cat":[41],"product_tag":[],"class_list":{"0":"post-1106","1":"product","2":"type-product","3":"status-publish","4":"has-post-thumbnail","6":"product_cat-plant-extract","8":"first","9":"instock","10":"shipping-taxable","11":"product-type-simple"},"acf":[],"_links":{"self":[{"href":"https:\/\/chtnature.com\/it\/wp-json\/wp\/v2\/product\/1106","targetHints":{"allow":["GET"]}}],"collection":[{"href":"https:\/\/chtnature.com\/it\/wp-json\/wp\/v2\/product"}],"about":[{"href":"https:\/\/chtnature.com\/it\/wp-json\/wp\/v2\/types\/product"}],"replies":[{"embeddable":true,"href":"https:\/\/chtnature.com\/it\/wp-json\/wp\/v2\/comments?post=1106"}],"wp:featuredmedia":[{"embeddable":true,"href":"https:\/\/chtnature.com\/it\/wp-json\/wp\/v2\/media\/1107"}],"wp:attachment":[{"href":"https:\/\/chtnature.com\/it\/wp-json\/wp\/v2\/media?parent=1106"}],"wp:term":[{"taxonomy":"product_brand","embeddable":true,"href":"https:\/\/chtnature.com\/it\/wp-json\/wp\/v2\/product_brand?post=1106"},{"taxonomy":"product_cat","embeddable":true,"href":"https:\/\/chtnature.com\/it\/wp-json\/wp\/v2\/product_cat?post=1106"},{"taxonomy":"product_tag","embeddable":true,"href":"https:\/\/chtnature.com\/it\/wp-json\/wp\/v2\/product_tag?post=1106"}],"curies":[{"name":"wp","href":"https:\/\/api.w.org\/{rel}","templated":true}]}}