{"id":292,"date":"2025-07-25T05:54:32","date_gmt":"2025-07-25T05:54:32","guid":{"rendered":"https:\/\/chtnature.com\/?post_type=product&#038;p=292"},"modified":"2025-08-04T04:00:13","modified_gmt":"2025-08-04T04:00:13","slug":"capsule-di-glucosamina-e-condroitina","status":"publish","type":"product","link":"https:\/\/chtnature.com\/it\/product\/capsule-di-glucosamina-e-condroitina\/","title":{"rendered":"Capsule di glucosamina e condroitina"},"content":{"rendered":"<p><span class=\"selected\">Le nostre capsule di glucosamina e condroitina sono un integratore alimentare sapientemente realizzato per mantenere la salute delle articolazioni e migliorare la mobilit\u00e0. Come leader <\/span><strong><span class=\"selected\">produttore<\/span><\/strong><span class=\"selected\"> e <\/span><strong><span class=\"selected\">esportatore<\/span><\/strong><span class=\"selected\"> di integratori alimentari, il nostro <\/span><strong><span class=\"selected\">fabbrica<\/span><\/strong><span class=\"selected\"> si impegna a fornire un metodo sicuro ed efficace per aiutarvi a mantenere uno stile di vita attivo. Questa formula avanzata combina i mattoni fondamentali della cartilagine - la glucosamina e la condroitina - con una potente miscela di estratti di erbe e composti come la boswellia, la curcuma e l'MSM per offrire un supporto completo.<\/span><\/p>\n<p><span class=\"selected\">Questo prodotto \u00e8 particolarmente indicato per gli sportivi, gli anziani e i lavoratori d'ufficio. Con l'et\u00e0 o l'attivit\u00e0 sportiva, la cartilagine articolare pu\u00f2 usurarsi, causando disagio e riduzione della flessibilit\u00e0. Questo prodotto fornisce un supporto nutrizionale completo per le articolazioni grazie a una miscela scientifica di molteplici nutrienti sinergici.<\/span><\/p>","protected":false},"excerpt":{"rendered":"<ul>\n<li><span class=\"selected\">Formulato scientificamente per un sostegno multi-azione alle articolazioni<\/span><\/li>\n<li><span class=\"selected\">Aiuta a lenire i disturbi articolari e a migliorare la flessibilit\u00e0<\/span><\/li>\n<li><span class=\"selected\">Favorisce la salute della cartilagine e ne rallenta la degenerazione<\/span><\/li>\n<li><span class=\"selected\">Ingredienti di alta qualit\u00e0 per un migliore assorbimento<\/span><\/li>\n<\/ul>","protected":false},"featured_media":293,"comment_status":"open","ping_status":"closed","template":"","meta":{"_acf_changed":false},"product_brand":[],"product_cat":[15],"product_tag":[],"class_list":{"0":"post-292","1":"product","2":"type-product","3":"status-publish","4":"has-post-thumbnail","6":"product_cat-liquid-supplements","8":"first","9":"instock","10":"shipping-taxable","11":"product-type-simple"},"acf":[],"_links":{"self":[{"href":"https:\/\/chtnature.com\/it\/wp-json\/wp\/v2\/product\/292","targetHints":{"allow":["GET"]}}],"collection":[{"href":"https:\/\/chtnature.com\/it\/wp-json\/wp\/v2\/product"}],"about":[{"href":"https:\/\/chtnature.com\/it\/wp-json\/wp\/v2\/types\/product"}],"replies":[{"embeddable":true,"href":"https:\/\/chtnature.com\/it\/wp-json\/wp\/v2\/comments?post=292"}],"wp:featuredmedia":[{"embeddable":true,"href":"https:\/\/chtnature.com\/it\/wp-json\/wp\/v2\/media\/293"}],"wp:attachment":[{"href":"https:\/\/chtnature.com\/it\/wp-json\/wp\/v2\/media?parent=292"}],"wp:term":[{"taxonomy":"product_brand","embeddable":true,"href":"https:\/\/chtnature.com\/it\/wp-json\/wp\/v2\/product_brand?post=292"},{"taxonomy":"product_cat","embeddable":true,"href":"https:\/\/chtnature.com\/it\/wp-json\/wp\/v2\/product_cat?post=292"},{"taxonomy":"product_tag","embeddable":true,"href":"https:\/\/chtnature.com\/it\/wp-json\/wp\/v2\/product_tag?post=292"}],"curies":[{"name":"wp","href":"https:\/\/api.w.org\/{rel}","templated":true}]}}