{"id":682,"date":"2025-08-04T06:07:27","date_gmt":"2025-08-04T06:07:27","guid":{"rendered":"https:\/\/chtnature.com\/?post_type=product&#038;p=682"},"modified":"2025-08-04T06:13:46","modified_gmt":"2025-08-04T06:13:46","slug":"produttore-di-caffe-a-fungo-oem","status":"publish","type":"product","link":"https:\/\/chtnature.com\/it\/product\/produttore-di-caffe-a-fungo-oem\/","title":{"rendered":"Caff\u00e8 ai funghi 6 in 1"},"content":{"rendered":"<p>Il caff\u00e8 ai funghi \u00e8 un caff\u00e8 unico nel suo genere, ottenuto da una miscela di funghi opportunamente macinati e polvere di caff\u00e8 per creare un infuso con una tostatura liscia e scura e un sapore di nocciola. I funghi funzionali vengono sottoposti a un processo di essiccazione ed estrazione per estrarre i composti benefici che vengono poi aggiunti alla normale polvere di caff\u00e8. I funghi pi\u00f9 comunemente utilizzati nel caff\u00e8 ai funghi sono il fungo testa di scimmia, il fungo di betulla, il reishi, il cordyceps e altri funghi.<\/p>\n<p><span class=\"selected\">Elevate l'esperienza quotidiana del caff\u00e8 con il nostro Mushroom Coffee, una bevanda funzionale di qualit\u00e0 superiore pensata per il consumatore moderno. Come bevanda specializzata <\/span><strong><span class=\"selected\">produttore<\/span><\/strong><span class=\"selected\"> e <\/span><strong><span class=\"selected\">esportatore<\/span><\/strong><span class=\"selected\"> di prodotti innovativi per il benessere, il nostro <\/span><strong><span class=\"selected\">fabbrica<\/span><\/strong><span class=\"selected\"> miscela sapientemente caff\u00e8 arabico di alta qualit\u00e0 con una potente miscela di funghi adattogeni biologici come Reishi, Chaga e Lion's Mane. Questo non \u00e8 un semplice caff\u00e8, ma uno strumento di produttivit\u00e0 e benessere in una tazza.<\/span><\/p>\n<p><span class=\"selected\">Questo prodotto \u00e8 perfetto per i marchi che si rivolgono al mercato delle bevande funzionali, compresi i professionisti impegnati, gli appassionati di salute e gli amanti del caff\u00e8 in cerca di un aggiornamento. Offriamo un prodotto delizioso, efficace e altamente commerciabile che favorisce la concentrazione, riduce lo stress e rafforza l'immunit\u00e0, il tutto senza il tipico nervosismo del caff\u00e8.<\/span><\/p>","protected":false},"excerpt":{"rendered":"<ul>\n<li><span class=\"selected\">Favorisce la concentrazione, l'immunit\u00e0 e l'attenuazione dello stress, senza il nervosismo.<\/span><\/li>\n<li><span class=\"selected\">Delizioso e ricco aroma di caff\u00e8 con note terrose e adattogene<\/span><\/li>\n<li><span class=\"selected\">Gusto e miscela di funghi completamente personalizzabili per il vostro marchio<\/span><\/li>\n<\/ul>","protected":false},"featured_media":683,"comment_status":"open","ping_status":"closed","template":"","meta":{"_acf_changed":false},"product_brand":[],"product_cat":[20],"product_tag":[],"class_list":{"0":"post-682","1":"product","2":"type-product","3":"status-publish","4":"has-post-thumbnail","6":"product_cat-botanical-extract-powders","8":"first","9":"instock","10":"shipping-taxable","11":"product-type-simple"},"acf":[],"_links":{"self":[{"href":"https:\/\/chtnature.com\/it\/wp-json\/wp\/v2\/product\/682","targetHints":{"allow":["GET"]}}],"collection":[{"href":"https:\/\/chtnature.com\/it\/wp-json\/wp\/v2\/product"}],"about":[{"href":"https:\/\/chtnature.com\/it\/wp-json\/wp\/v2\/types\/product"}],"replies":[{"embeddable":true,"href":"https:\/\/chtnature.com\/it\/wp-json\/wp\/v2\/comments?post=682"}],"wp:featuredmedia":[{"embeddable":true,"href":"https:\/\/chtnature.com\/it\/wp-json\/wp\/v2\/media\/683"}],"wp:attachment":[{"href":"https:\/\/chtnature.com\/it\/wp-json\/wp\/v2\/media?parent=682"}],"wp:term":[{"taxonomy":"product_brand","embeddable":true,"href":"https:\/\/chtnature.com\/it\/wp-json\/wp\/v2\/product_brand?post=682"},{"taxonomy":"product_cat","embeddable":true,"href":"https:\/\/chtnature.com\/it\/wp-json\/wp\/v2\/product_cat?post=682"},{"taxonomy":"product_tag","embeddable":true,"href":"https:\/\/chtnature.com\/it\/wp-json\/wp\/v2\/product_tag?post=682"}],"curies":[{"name":"wp","href":"https:\/\/api.w.org\/{rel}","templated":true}]}}