{"id":765,"date":"2025-08-06T05:58:21","date_gmt":"2025-08-06T05:58:21","guid":{"rendered":"https:\/\/chtnature.com\/?post_type=product&#038;p=765"},"modified":"2025-08-06T06:07:18","modified_gmt":"2025-08-06T06:07:18","slug":"polvere-di-matcha-biologica","status":"publish","type":"product","link":"https:\/\/chtnature.com\/it\/product\/polvere-di-matcha-biologica\/","title":{"rendered":"Polvere di Matcha biologico"},"content":{"rendered":"<h2>Panoramica del prodotto: Polvere di Matcha<\/h2>\n<p><strong>Polvere di Matcha<\/strong>, noto anche come <strong>T\u00e8 verde Matcha in polvere<\/strong> o <strong>Polvere di Matcha biologico<\/strong>\u00e8 finemente macinato da piante coltivate all'ombra. <em>Camellia sinensis<\/em> utilizzando la tradizionale macinazione a pietra o le moderne tecniche di micronizzazione. Il nostro matcha puro 100% conserva il colore verde vibrante, la dolcezza naturale e l'elevato contenuto di antiossidanti.<\/p>\n<p><img fetchpriority=\"high\" decoding=\"async\" class=\"aligncenter size-full wp-image-766\" src=\"https:\/\/chtnature.com\/wp-content\/uploads\/2025\/08\/3-7.webp\" alt=\"\" width=\"800\" height=\"800\" title=\"\" srcset=\"https:\/\/chtnature.com\/wp-content\/uploads\/2025\/08\/3-7.webp 800w, https:\/\/chtnature.com\/wp-content\/uploads\/2025\/08\/3-7-300x300.webp 300w, https:\/\/chtnature.com\/wp-content\/uploads\/2025\/08\/3-7-150x150.webp 150w, https:\/\/chtnature.com\/wp-content\/uploads\/2025\/08\/3-7-768x768.webp 768w, https:\/\/chtnature.com\/wp-content\/uploads\/2025\/08\/3-7-600x600.webp 600w, https:\/\/chtnature.com\/wp-content\/uploads\/2025\/08\/3-7-100x100.webp 100w\" sizes=\"(max-width: 800px) 100vw, 800px\" \/><\/p>\n<ul>\n<li><strong>Altri nomi<\/strong>: Polvere di t\u00e8 verde Matcha, polvere di Matcha biologico<\/li>\n<li><strong>Specifiche<\/strong>: 100% Puro, senza riempitivi<\/li>\n<li><strong>Gradi disponibili<\/strong>: A, AA, AAA, AAAA, AAAAA, AAAAAA (in base all'origine, alla coltivazione e al contenuto di clorofilla)<\/li>\n<li><strong>Aspetto<\/strong>: Verde brillante, polvere finissima<\/li>\n<li><strong>Dimensione delle particelle<\/strong>Da 800 a 2000 maglie (ultra micronizzate per una consistenza omogenea)<\/li>\n<\/ul>\n<p>Prodotto da un team dedicato <strong>produttore ed esportatore di matcha<\/strong>Il nostro matcha \u00e8 sottoposto a un rigoroso controllo di qualit\u00e0 dall'azienda agricola alla confezione, ideale per i marchi di bevande, integratori e ingredienti alimentari di alta qualit\u00e0.<\/p>\n<h2>Specifiche tecniche<\/h2>\n<div>\n<div tabindex=\"-1\">\n<table>\n<thead>\n<tr>\n<th>Articolo<\/th>\n<th>Specifiche<\/th>\n<\/tr>\n<\/thead>\n<tbody>\n<tr>\n<td>Nome del prodotto<\/td>\n<td>Polvere di Matcha<\/td>\n<\/tr>\n<tr>\n<td>Altri nomi<\/td>\n<td>T\u00e8 verde Matcha in polvere \/ T\u00e8 verde Matcha biologico in polvere<\/td>\n<\/tr>\n<tr>\n<td>Disponibilit\u00e0 del grado<\/td>\n<td>A, AA, AAA, AAAA, AAAAA, AAAAAA<\/td>\n<\/tr>\n<tr>\n<td>Dimensione delle particelle<\/td>\n<td>800 mesh - 2000 mesh<\/td>\n<\/tr>\n<tr>\n<td>Specifiche<\/td>\n<td>100% Puro Matcha, senza riempitivi o sostanze di supporto<\/td>\n<\/tr>\n<tr>\n<td>Colore<\/td>\n<td>Verde vibrante<\/td>\n<\/tr>\n<tr>\n<td>Solubilit\u00e0<\/td>\n<td>Altamente disperdibile in acqua<\/td>\n<\/tr>\n<tr>\n<td>Profilo aromatico<\/td>\n<td>Dolce, vegetale, leggermente umami<\/td>\n<\/tr>\n<tr>\n<td>Opzioni di imballaggio<\/td>\n<td>sacchetto da 100g\/200g o confezione personalizzata<\/td>\n<\/tr>\n<tr>\n<td>Durata di conservazione<\/td>\n<td>12-24 mesi se conservato correttamente<\/td>\n<\/tr>\n<tr>\n<td>Immagazzinamento<\/td>\n<td>Contenitore ermetico e resistente alla luce; luogo fresco e asciutto.<\/td>\n<\/tr>\n<tr>\n<td>Disponibilit\u00e0 del campione<\/td>\n<td>Campione gratuito disponibile per la valutazione<\/td>\n<\/tr>\n<tr>\n<td>Origine<\/td>\n<td>Fornito da uno stabilimento certificato ISO\/HACCP<\/td>\n<\/tr>\n<\/tbody>\n<\/table>\n<div>\n<div><\/div>\n<\/div>\n<\/div>\n<\/div>\n<div style=\"width: 800px;\" class=\"wp-video\"><!--[if lt IE 9]><script>document.createElement('video');<\/script><![endif]-->\n<video class=\"wp-video-shortcode\" id=\"video-765-1\" width=\"800\" height=\"563\" preload=\"metadata\" controls=\"controls\"><source type=\"video\/mp4\" src=\"https:\/\/chtnature.com\/wp-content\/uploads\/2025\/08\/rzb3sl-h264-hd.mp4?_=1\" \/><a href=\"https:\/\/chtnature.com\/wp-content\/uploads\/2025\/08\/rzb3sl-h264-hd.mp4\">https:\/\/chtnature.com\/wp-content\/uploads\/2025\/08\/rzb3sl-h264-hd.mp4<\/a><\/video><\/div>\n<h2>Profilo del produttore e capacit\u00e0 di esportazione<\/h2>\n<p>Come professionista <strong>Fabbrica di polvere di Matcha e fornitore OEM<\/strong>Ci riforniamo di foglie di t\u00e8 pregiate da piantagioni certificate, applichiamo moderne tecniche di macinazione e garantiamo la piena tracciabilit\u00e0.<\/p>\n<ul>\n<li>Certificato per <strong>ISO22000<\/strong>, <strong>HACCP<\/strong>, e <strong>Organico<\/strong> standard<\/li>\n<li>Team interno di QA\/QC con test di colore, aroma, umidit\u00e0 e microbi.<\/li>\n<li>Servizio di esportazione che copre il Nord America, l'UE, l'Asia e il Medio Oriente<\/li>\n<li>Supporto per il confezionamento a marchio privato e a contratto per marchi di integratori, bevande e alimenti<\/li>\n<\/ul>\n<p>La nostra fabbrica consente <strong>dimensioni flessibili dei lotti<\/strong>, documentazione completa e consegna rapida per i clienti aziendali.<\/p>\n<p><img decoding=\"async\" class=\"aligncenter size-full wp-image-767\" src=\"https:\/\/chtnature.com\/wp-content\/uploads\/2025\/08\/4-7.webp\" alt=\"\" width=\"800\" height=\"800\" title=\"\" srcset=\"https:\/\/chtnature.com\/wp-content\/uploads\/2025\/08\/4-7.webp 800w, https:\/\/chtnature.com\/wp-content\/uploads\/2025\/08\/4-7-300x300.webp 300w, https:\/\/chtnature.com\/wp-content\/uploads\/2025\/08\/4-7-150x150.webp 150w, https:\/\/chtnature.com\/wp-content\/uploads\/2025\/08\/4-7-768x768.webp 768w, https:\/\/chtnature.com\/wp-content\/uploads\/2025\/08\/4-7-600x600.webp 600w, https:\/\/chtnature.com\/wp-content\/uploads\/2025\/08\/4-7-100x100.webp 100w\" sizes=\"(max-width: 800px) 100vw, 800px\" \/><\/p>\n<h2>Applicazioni della polvere di Matcha<\/h2>\n<p>La polvere di Matcha \u00e8 molto versatile e viene utilizzata in diverse categorie di prodotti:<\/p>\n<p><strong>Bevande e usi culinari<\/strong><\/p>\n<ul>\n<li>Latte al t\u00e8 matcha e bevande cerimoniali tradizionali<\/li>\n<li>Miscele di frullati, frapp\u00e9 al matcha e t\u00e8 freddi<\/li>\n<li>Cucinare: torte, biscotti, macarons, gelati e dessert gastronomici<\/li>\n<\/ul>\n<p><strong>Integratori e alimenti funzionali<\/strong><\/p>\n<ul>\n<li>Capsule e compresse di t\u00e8 verde<\/li>\n<li>Miscele di superalimenti e polveri antiossidanti<\/li>\n<li>Bastoncini di matcha monodose per l'uso in movimento<\/li>\n<\/ul>\n<p><strong>Kit cosmetici, benessere e t\u00e8<\/strong><\/p>\n<ul>\n<li>Ciotole per frullati disintossicanti<\/li>\n<li>Formulazioni per la cura della pelle (maschere per il viso, esfolianti) che sfruttano i benefici del matcha<\/li>\n<li>Kit regalo e cerimonia del t\u00e8<\/li>\n<\/ul>\n<h2>Servizi di imballaggio, fornitura e OEM<\/h2>\n<p>Forniamo piani di fornitura su misura e soluzioni a marchio privato:<\/p>\n<p><strong>MOQ:<\/strong><\/p>\n<ul>\n<li>1 kg per le qualit\u00e0 standard, scalabile per ordini di grandi quantit\u00e0 secondo le necessit\u00e0<\/li>\n<\/ul>\n<p><strong>Opzioni di confezionamento:<\/strong><\/p>\n<ul>\n<li>Sacchetti da 100g\/200g (foglio di alluminio, busta stand-up, lattina)<\/li>\n<li>Secchi da 1 kg sfusi per uso alimentare<\/li>\n<li>Etichette ed estetica dell'imballaggio progettate su misura<\/li>\n<\/ul>\n<p><strong>Tempi di consegna:<\/strong><\/p>\n<ul>\n<li>3-7 giorni per i gradi standard e lo stock<\/li>\n<li>10-15 giorni per la classificazione o l'imballaggio personalizzati<\/li>\n<\/ul>\n<p><strong>Esportazione e distribuzione:<\/strong><\/p>\n<ul>\n<li>Consegne aeree, marittime ed espresse in tutto il mondo<\/li>\n<li>Documentazione comprendente COA, MSDS, certificato biologico, certificato di origine.<\/li>\n<\/ul>\n<h2>Garanzia di qualit\u00e0 e certificazioni<\/h2>\n<p>Manteniamo rigorosi protocolli di qualit\u00e0 e sicurezza nella nostra <strong>Fabbrica di matcha certificata ISO<\/strong>:<\/p>\n<ul>\n<li>Analisi di umidit\u00e0, colore, piombo e residui di pesticidi<\/li>\n<li>Conta totale delle piastre e assenza di microbi confermata<\/li>\n<li>Analisi del contenuto di clorofilla, catechine e caffeina<\/li>\n<li>Non OGM, vegan-friendly, senza additivi<\/li>\n<\/ul>\n<p><strong>Certificazioni:<\/strong><\/p>\n<ul>\n<li>ISO22000, HACCP, Biologico (USDA \/ UE), KOSHER, HALAL (opzionale)<\/li>\n<\/ul>","protected":false},"excerpt":{"rendered":"<ul>\n<li><strong>Specifiche<\/strong>: 100% Puro, senza riempitivi<\/li>\n<li><strong>Gradi disponibili<\/strong>: A, AA, AAA, AAAA, AAAAA, AAAAAA (in base all'origine, alla coltivazione e al contenuto di clorofilla)<\/li>\n<li><strong>Aspetto<\/strong>: Verde brillante, polvere finissima<\/li>\n<li><strong>Dimensione delle particelle<\/strong>Da 800 a 2000 maglie (ultra micronizzate per una consistenza omogenea)<\/li>\n<\/ul>","protected":false},"featured_media":768,"comment_status":"open","ping_status":"closed","template":"","meta":{"_acf_changed":false},"product_brand":[],"product_cat":[20],"product_tag":[],"class_list":{"0":"post-765","1":"product","2":"type-product","3":"status-publish","4":"has-post-thumbnail","6":"product_cat-botanical-extract-powders","8":"first","9":"instock","10":"shipping-taxable","11":"product-type-simple"},"acf":[],"_links":{"self":[{"href":"https:\/\/chtnature.com\/it\/wp-json\/wp\/v2\/product\/765","targetHints":{"allow":["GET"]}}],"collection":[{"href":"https:\/\/chtnature.com\/it\/wp-json\/wp\/v2\/product"}],"about":[{"href":"https:\/\/chtnature.com\/it\/wp-json\/wp\/v2\/types\/product"}],"replies":[{"embeddable":true,"href":"https:\/\/chtnature.com\/it\/wp-json\/wp\/v2\/comments?post=765"}],"wp:featuredmedia":[{"embeddable":true,"href":"https:\/\/chtnature.com\/it\/wp-json\/wp\/v2\/media\/768"}],"wp:attachment":[{"href":"https:\/\/chtnature.com\/it\/wp-json\/wp\/v2\/media?parent=765"}],"wp:term":[{"taxonomy":"product_brand","embeddable":true,"href":"https:\/\/chtnature.com\/it\/wp-json\/wp\/v2\/product_brand?post=765"},{"taxonomy":"product_cat","embeddable":true,"href":"https:\/\/chtnature.com\/it\/wp-json\/wp\/v2\/product_cat?post=765"},{"taxonomy":"product_tag","embeddable":true,"href":"https:\/\/chtnature.com\/it\/wp-json\/wp\/v2\/product_tag?post=765"}],"curies":[{"name":"wp","href":"https:\/\/api.w.org\/{rel}","templated":true}]}}