{"id":676,"date":"2025-08-04T05:59:09","date_gmt":"2025-08-04T05:59:09","guid":{"rendered":"https:\/\/chtnature.com\/?post_type=product&#038;p=676"},"modified":"2025-08-04T05:59:09","modified_gmt":"2025-08-04T05:59:09","slug":"leeuwen-manen-capsules","status":"publish","type":"product","link":"https:\/\/chtnature.com\/nl\/product\/leeuwen-manen-capsules\/","title":{"rendered":"Capsules van leeuwenmanen"},"content":{"rendered":"<p><span class=\"selected\">Onze Lion's Mane Capsules zijn een hoogwaardig nootropisch supplement dat is ontworpen om cognitieve topprestaties te ondersteunen. Als gespecialiseerd <\/span><strong><span class=\"selected\">fabrikant<\/span><\/strong><span class=\"selected\"> en <\/span><strong><span class=\"selected\">exporteur<\/span><\/strong><span class=\"selected\"> van kruidensupplementen, onze <\/span><strong><span class=\"selected\">fabriek<\/span><\/strong><span class=\"selected\"> maakt gebruik van een krachtig extract van pure Lion's Mane paddenstoelen (Hericium erinaceus) voor een krachtige dosis hersenversterkende voordelen in elke capsule. Deze krachtpatser uit \u00e9\u00e9n ingredi\u00ebnt staat bekend om zijn vermogen om de zenuwgroeifactor (NGF), het geheugen en de concentratie te ondersteunen.<\/span><\/p>\n<p><span class=\"selected\">Dit product is perfect geschikt voor merken die zich richten op de snelgroeiende nootropische markt, waaronder professionals, studenten, senioren en biohackers. Door een schoon, effectief en zeer gewild supplement aan te bieden, kun je je klanten een natuurlijke manier bieden om hun mentale scherpte en algehele gezondheid van de hersenen te verbeteren.<\/span><\/p>","protected":false},"excerpt":{"rendered":"<ul>\n<li><span class=\"selected\">Ondersteunt geheugen, focus en zenuwgezondheid<\/span><\/li>\n<li><span class=\"selected\">Bevordert mentale helderheid en cognitieve functie<\/span><\/li>\n<li><span class=\"selected\">Krachtig, zuiver extract van de Lion's Mane paddenstoel<\/span><\/li>\n<li><span class=\"selected\">Ideaal voor nootropische en wellnessmerken<\/span><\/li>\n<\/ul>","protected":false},"featured_media":678,"comment_status":"open","ping_status":"closed","template":"","meta":{"_acf_changed":false},"product_brand":[],"product_cat":[19,20],"product_tag":[],"class_list":{"0":"post-676","1":"product","2":"type-product","3":"status-publish","4":"has-post-thumbnail","6":"product_cat-capsules-softgels","7":"product_cat-botanical-extract-powders","9":"first","10":"instock","11":"shipping-taxable","12":"product-type-simple"},"acf":[],"_links":{"self":[{"href":"https:\/\/chtnature.com\/nl\/wp-json\/wp\/v2\/product\/676","targetHints":{"allow":["GET"]}}],"collection":[{"href":"https:\/\/chtnature.com\/nl\/wp-json\/wp\/v2\/product"}],"about":[{"href":"https:\/\/chtnature.com\/nl\/wp-json\/wp\/v2\/types\/product"}],"replies":[{"embeddable":true,"href":"https:\/\/chtnature.com\/nl\/wp-json\/wp\/v2\/comments?post=676"}],"wp:featuredmedia":[{"embeddable":true,"href":"https:\/\/chtnature.com\/nl\/wp-json\/wp\/v2\/media\/678"}],"wp:attachment":[{"href":"https:\/\/chtnature.com\/nl\/wp-json\/wp\/v2\/media?parent=676"}],"wp:term":[{"taxonomy":"product_brand","embeddable":true,"href":"https:\/\/chtnature.com\/nl\/wp-json\/wp\/v2\/product_brand?post=676"},{"taxonomy":"product_cat","embeddable":true,"href":"https:\/\/chtnature.com\/nl\/wp-json\/wp\/v2\/product_cat?post=676"},{"taxonomy":"product_tag","embeddable":true,"href":"https:\/\/chtnature.com\/nl\/wp-json\/wp\/v2\/product_tag?post=676"}],"curies":[{"name":"wp","href":"https:\/\/api.w.org\/{rel}","templated":true}]}}