{"id":689,"date":"2025-08-03T19:14:35","date_gmt":"2025-08-03T19:14:35","guid":{"rendered":"https:\/\/chtnature.com\/?post_type=product&#038;p=689"},"modified":"2025-08-04T06:20:20","modified_gmt":"2025-08-04T06:20:20","slug":"reishi-paddestoel-capsules-oem-fabrikant","status":"publish","type":"product","link":"https:\/\/chtnature.com\/nl\/product\/reishi-paddestoel-capsules-oem-fabrikant\/","title":{"rendered":"Reishi Paddenstoel Capsules"},"content":{"rendered":"<p>Reishi Mushroom Capsule is gemaakt van Reishi (Ganoderma lucidum). De hoofdbestanddelen van Reishi Mushroom Capsule zijn triterpeno\u00efden, polysachariden en \u03b2-glucaan. Triterpeno\u00efden in Reishi paddenstoel zijn voornamelijk verspreid in het perifere deel van het vruchtlichaam, en de inhoud neemt toe met de toename van de rijpheid van het vruchtlichaam. Sommige triterpeno\u00efden zijn bitter en sommige hebben geen bittere smaak. Hun inhoud varieert afhankelijk van de vari\u00ebteit, kweekomstandigheden en verschillende groeistadia. Het gehalte aan triterpeno\u00efden in bittere Reishi paddenstoelen is over het algemeen hoog.<\/p>\n<p><span class=\"selected\">Onze Reishi Capsules benutten de kracht van een van de meest vereerde adaptogenen in traditionele wellness, Ganoderma lucidum. Als vooraanstaand <\/span><strong><span class=\"selected\">fabrikant<\/span><\/strong><span class=\"selected\"> en <\/span><strong><span class=\"selected\">exporteur<\/span><\/strong><span class=\"selected\"> van kruidensupplementen, onze <\/span><strong><span class=\"selected\">fabriek<\/span><\/strong><span class=\"selected\"> heeft een krachtig extract van de Reishi paddenstoel gevonden om uitgebreide ondersteuning te bieden voor stressmanagement en immuunfunctie in een handige capsulevorm.<\/span><\/p>\n<p><span class=\"selected\">Dit product is perfect geschikt voor merken in de wellness-, stressverlichtings- en natuurlijke gezondheidsmarkten. Door een puur en krachtig Reishi-supplement aan te bieden, bied je klanten een beproefd, natuurlijk hulpmiddel waarmee ze de druk van het moderne leven kunnen weerstaan, de afweer van hun lichaam kunnen ondersteunen en een gevoel van algeheel welzijn kunnen bevorderen.<\/span><\/p>","protected":false},"excerpt":{"rendered":"<ul>\n<li><span class=\"selected\">Bevordert stressvermindering, ontspanning en een betere slaap<\/span><\/li>\n<li><span class=\"selected\">Ondersteunt een gezond en evenwichtig immuunsysteem<\/span><\/li>\n<li><span class=\"selected\">Rijk aan antioxidanten om vrije radicalen te bestrijden<\/span><\/li>\n<li><span class=\"selected\">Krachtig, zuiver extract van Reishi paddenstoelen<\/span><\/li>\n<\/ul>","protected":false},"featured_media":691,"comment_status":"open","ping_status":"closed","template":"","meta":{"_acf_changed":false},"product_brand":[],"product_cat":[19],"product_tag":[],"class_list":{"0":"post-689","1":"product","2":"type-product","3":"status-publish","4":"has-post-thumbnail","6":"product_cat-capsules-softgels","8":"first","9":"instock","10":"shipping-taxable","11":"product-type-simple"},"acf":[],"_links":{"self":[{"href":"https:\/\/chtnature.com\/nl\/wp-json\/wp\/v2\/product\/689","targetHints":{"allow":["GET"]}}],"collection":[{"href":"https:\/\/chtnature.com\/nl\/wp-json\/wp\/v2\/product"}],"about":[{"href":"https:\/\/chtnature.com\/nl\/wp-json\/wp\/v2\/types\/product"}],"replies":[{"embeddable":true,"href":"https:\/\/chtnature.com\/nl\/wp-json\/wp\/v2\/comments?post=689"}],"wp:featuredmedia":[{"embeddable":true,"href":"https:\/\/chtnature.com\/nl\/wp-json\/wp\/v2\/media\/691"}],"wp:attachment":[{"href":"https:\/\/chtnature.com\/nl\/wp-json\/wp\/v2\/media?parent=689"}],"wp:term":[{"taxonomy":"product_brand","embeddable":true,"href":"https:\/\/chtnature.com\/nl\/wp-json\/wp\/v2\/product_brand?post=689"},{"taxonomy":"product_cat","embeddable":true,"href":"https:\/\/chtnature.com\/nl\/wp-json\/wp\/v2\/product_cat?post=689"},{"taxonomy":"product_tag","embeddable":true,"href":"https:\/\/chtnature.com\/nl\/wp-json\/wp\/v2\/product_tag?post=689"}],"curies":[{"name":"wp","href":"https:\/\/api.w.org\/{rel}","templated":true}]}}